{"id":5101,"date":"2025-01-30T04:33:45","date_gmt":"2025-01-30T03:33:45","guid":{"rendered":"https:\/\/shop.lenez.com\/eine-franzoesische-herstellung\/"},"modified":"2025-10-21T10:36:47","modified_gmt":"2025-10-21T08:36:47","slug":"eine-franzoesische-herstellung","status":"publish","type":"page","link":"https:\/\/www.lenez.com\/de\/eine-franzoesische-herstellung\/","title":{"rendered":"Eine franz\u00f6sische Herstellung"},"content":{"rendered":"\n<div class=\"container-fluid\">\n<div class=\"banner\" style=\"background: url('https:\/\/www.lenez.com\/wp-content\/uploads\/2025\/07\/9_20250717-RBassenne-EditionsJeanLenoir-1713-1.jpg'); background-size: cover; background-position: center;\" data-darkreader-inline-bgcolor=\"\">\n<div class=\"content-inn\">\n<div class=\"text-container\">\n<h1 class=\"h2 gtdjdvJjks\" style=\"background-image: url('https:\/\/www.lenez.com\/wp-content\/uploads\/2025\/07\/9_20250717-RBassenne-EditionsJeanLenoir-1713-1.jpg'); -webkit-background-clip: text; background-clip: text; -webkit-text-fill-color: transparent; background-position: bottom; background-repeat: no-repeat; background-size: cover;\">Eine franz\u00f6sische Herstellung<\/h1>\n<\/div><br\/><\/div><br\/><\/div><br\/><\/div><br\/>\n\n<div style=\"height:50px\" aria-hidden=\"true\" class=\"wp-block-spacer\"><\/div>\n\n<div class=\"wp-block-media-text has-media-on-the-right is-stacked-on-mobile team-member animate__animated animate__fadeInUp\" style=\"grid-template-columns:auto 35%\"><div class=\"wp-block-media-text__content\">\n<h2 class=\"wp-block-heading\" id=\"p0\">Made in France<\/h2>\n\n\n\n<div class=\"wp-block-buttons lire_plus_btn is-layout-flex wp-block-buttons-is-layout-flex\">\n<div class=\"wp-block-button custom-btn team-read-more-btn\"><a class=\"wp-block-button__link wp-element-button\">Mehr lesen<\/a><\/div>\n<\/div>\n\n\n\n<p>Die Werke der \u00c9ditions Jean Lenoir werden in Frankreich gefertigt \u2013 mit einem Qualit\u00e4tsanspruch und einer Liebe zum Detail, die das Haus seit 1981 auszeichnen.<\/p>\n\n\n\n<p>Glaswaren, Papier, Siebdruck oder Druckarbeiten \u2013 \u00fcberall in Frankreich bringen talentierte Handwerker ihr K\u00f6nnen ein. Alle Bestandteile werden in der Provence, in der Werkstatt in Cassis, von Hand zusammengesetzt.<\/p>\n\n\n\n<p>Jedes \u201eNez\u201c entsteht nur einen Steinwurf vom Meer entfernt, in einem modernen Geb\u00e4ude, eingebettet in die H\u00fcgel zwischen Pinienw\u00e4ldern und Weinbergen. Eine au\u00dfergew\u00f6hnliche nat\u00fcrliche Umgebung, die <a href=\"https:\/\/www.lenez.com\/de\/das-team\/\">das Team<\/a> \u2013 seit langem Teil des Familienunternehmens mit menschlicher Gr\u00f6\u00dfe \u2013 t\u00e4glich inspiriert.<\/p>\n\n\n\n<p>Vom kleinen Mittelmeerfischerhafen aus werden die Werke in \u00fcber 70 L\u00e4nder verschickt und landen in H\u00e4nden und unter Nasen auf der ganzen Welt.<\/p>\n<\/div><figure class=\"wp-block-media-text__media\"><img loading=\"lazy\" decoding=\"async\" width=\"1024\" height=\"683\" src=\"https:\/\/www.lenez.com\/wp-content\/uploads\/2025\/07\/19_20250716-RBassenne-EditionsJeanLenoir-0446-1024x683.jpg\" alt=\"19 20250716 RBassenne EditionsJeanLenoir 0446\" class=\"wp-image-5216 size-full\" srcset=\"https:\/\/www.lenez.com\/wp-content\/uploads\/2025\/07\/19_20250716-RBassenne-EditionsJeanLenoir-0446-1024x683.jpg 1024w, https:\/\/www.lenez.com\/wp-content\/uploads\/2025\/07\/19_20250716-RBassenne-EditionsJeanLenoir-0446-800x534.jpg 800w, https:\/\/www.lenez.com\/wp-content\/uploads\/2025\/07\/19_20250716-RBassenne-EditionsJeanLenoir-0446-768x512.jpg 768w, https:\/\/www.lenez.com\/wp-content\/uploads\/2025\/07\/19_20250716-RBassenne-EditionsJeanLenoir-0446-1536x1025.jpg 1536w, https:\/\/www.lenez.com\/wp-content\/uploads\/2025\/07\/19_20250716-RBassenne-EditionsJeanLenoir-0446-1000x667.jpg 1000w\" sizes=\"auto, (max-width: 1024px) 100vw, 1024px\" \/><\/figure><\/div>\n\n<div class=\"wp-block-media-text is-stacked-on-mobile team-member animate__animated animate__fadeInUp\" style=\"grid-template-columns:35% auto\"><figure class=\"wp-block-media-text__media\"><img decoding=\"async\" src=\"https:\/\/www.lenez.com\/wp-content\/uploads\/2025\/07\/test-premiere-photo-acceuil-1024x683-1.jpg\" alt=\"test premiere photo acceuil 1024x683\" class=\"wp-image-4029 size-full\"\/><\/figure><div class=\"wp-block-media-text__content\">\n<h2 class=\"wp-block-heading\" id=\"p1\">Hausgemachte Aromen<\/h2>\n\n\n\n<div class=\"wp-block-buttons lire_plus_btn is-layout-flex wp-block-buttons-is-layout-flex\">\n<div class=\"wp-block-button custom-btn team-read-more-btn\"><a class=\"wp-block-button__link wp-element-button\">Mehr lesen<\/a><\/div>\n<\/div>\n\n\n\n<p>Ebenfalls in Cassis \u2013 in einem hochmodernen Labor \u2013 entstehen t\u00e4glich die Aromenkreationen, die die Fl\u00e4schchen f\u00fcllen.<\/p>\n\n\n\n<p>Ob Frucht, Bl\u00fcte oder Gew\u00fcrz \u2013 jedes Aroma hat sein eigenes Rezept. Gemeinsam mit Aromatikerinnen entwickelt und von Viva Lenoir \u00fcberpr\u00fcft, verlangt jedes einzelne eine Auswahl an Komponenten, eine fein abgestimmte Dosierung und viele Versuche, um zu einem stabilen und verbl\u00fcffend realistischen Ergebnis zu gelangen. Die Haltbarkeit ist auf f\u00fcnf Jahre garantiert.<\/p>\n\n\n\n<p>Jedes Aroma wird zudem exakt auf das Getr\u00e4nk abgestimmt, aus dem es stammt. So unterscheidet sich die Zitrusnote im <em>Nez du Vin<\/em> deutlich von jener im <em>Nez du Whisky<\/em>, das gr\u00fcner, pikanter und tiefer wirkt und an kandierte Zitrusfr\u00fcchte erinnert. Ebenso entwickelt die ger\u00f6stete Haselnuss im <em>Nez du Caf\u00e9<\/em> eine rauchige, holzige Nuance \u2013 fast wie eine Frucht auf Glut \u2013 w\u00e4hrend sie im <em>Nez du Vin<\/em> eher an Nuss-Nougat-Creme erinnert.<\/p>\n<\/div><\/div>\n\n<div class=\"wp-block-media-text has-media-on-the-right is-stacked-on-mobile team-member animate__animated animate__fadeInUp\" style=\"grid-template-columns:auto 40%\"><div class=\"wp-block-media-text__content\">\n<h2 class=\"wp-block-heading\" id=\"p1\">Designobjekte mit Nase<\/h2>\n\n\n\n<div class=\"wp-block-buttons lire_plus_btn is-layout-flex wp-block-buttons-is-layout-flex\">\n<div class=\"wp-block-button custom-btn team-read-more-btn\"><a class=\"wp-block-button__link wp-element-button\">Mehr lesen<\/a><\/div>\n<\/div>\n\n\n\n<p>Die Werke der \u00c9ditions Jean Lenoir bieten ein multisensorisches Erlebnis und hinterfragen den herk\u00f6mmlichen Umgang mit B\u00fcchern. Dieser Ansatz ist kein Zufall. 1980 war es der Objektk\u00fcnstler Daniel Spoerri, der Jean Lenoir zur Idee des \u201eBuch-Objekts\u201c inspirierte. Der Sch\u00f6pfer der ber\u00fchmten \u201eFallenbilder\u201c, bei denen Essensreste senkrecht fixiert werden, liebte es, mit den Sinnen zu verwirren und zu reizen \u2013 er er\u00f6ffnete sogar mehrere Restaurants.<\/p>\n\n\n\n<p>Jean Lenoir selbst hat das enzyklop\u00e4dische Format und die Fl\u00e4schchen gew\u00e4hlt, die bis heute das Markenzeichen des Nez du Vin sind. Das Design jeder Kollektion \u00fcberlie\u00df er hingegen namhaften Grafikdesigner:innen.<\/p>\n\n\n\n<p>2006 gestaltet das <a href=\"https:\/\/terbekke-behage.com\/\">Atelier ter Bekke &amp; Behage<\/a> die gesamte Reihe der Nez du Vin neu \u2013 farbenfroh und anl\u00e4sslich des 25-j\u00e4hrigen Jubil\u00e4ums. 2013 verleiht das niederl\u00e4ndische Duo mit Sitz in Paris dem Nez du Whisky eine ebenso reiche aromatische Pers\u00f6nlichkeit in Form und Material. Das Werk gewinnt 2014 den 1. Preis in der Kategorie \u201eEdition\u201c bei der 10. Nuit des Troph\u00e9es der franz\u00f6sischen Druckindustrie.<\/p>\n\n\n\n<p>Viva Lenoir f\u00fchrt diesen Anspruch an zeitgen\u00f6ssisches Design fort. Die Gestaltung des 2025 erschienenen <em>Nez du Caf\u00e9 mit 60 Aromen<\/em> stammt vom Pariser Grafikstudio <a href=\"https:\/\/www.atelier-marge.com\/\">Marge Design<\/a>. F\u00fcr diese neue Edition haben die Designer:innen die 60 Aromen auf drei unabh\u00e4ngige Boxen verteilt, die in einer leichten, transportablen H\u00fclle vereint sind. Mit seinem erl\u00e4uternden Begleitbuch im Stil eines Reisetagebuchs erinnert das Set an die Utensilien der Malerei \u201eunter freiem Himmel\u201c \u2013 spontan, lebendig, griffbereit.<\/p>\n\n\n\n<p> <\/p>\n<\/div><figure class=\"wp-block-media-text__media\"><img loading=\"lazy\" decoding=\"async\" width=\"1024\" height=\"683\" src=\"https:\/\/www.lenez.com\/wp-content\/uploads\/2025\/07\/21_20250717-RBassenne-EditionsJeanLenoir-2298-1024x683.jpg\" alt=\"21 20250717 RBassenne EditionsJeanLenoir 2298\" class=\"wp-image-5221 size-full\" srcset=\"https:\/\/www.lenez.com\/wp-content\/uploads\/2025\/07\/21_20250717-RBassenne-EditionsJeanLenoir-2298-1024x683.jpg 1024w, https:\/\/www.lenez.com\/wp-content\/uploads\/2025\/07\/21_20250717-RBassenne-EditionsJeanLenoir-2298-800x534.jpg 800w, https:\/\/www.lenez.com\/wp-content\/uploads\/2025\/07\/21_20250717-RBassenne-EditionsJeanLenoir-2298-768x512.jpg 768w, https:\/\/www.lenez.com\/wp-content\/uploads\/2025\/07\/21_20250717-RBassenne-EditionsJeanLenoir-2298-1536x1024.jpg 1536w, https:\/\/www.lenez.com\/wp-content\/uploads\/2025\/07\/21_20250717-RBassenne-EditionsJeanLenoir-2298-2048x1366.jpg 2048w, https:\/\/www.lenez.com\/wp-content\/uploads\/2025\/07\/21_20250717-RBassenne-EditionsJeanLenoir-2298-1000x667.jpg 1000w\" sizes=\"auto, (max-width: 1024px) 100vw, 1024px\" \/><\/figure><\/div>\n\n<div style=\"height:50px\" aria-hidden=\"true\" class=\"wp-block-spacer\"><\/div>\n","protected":false},"excerpt":{"rendered":"<p>Eine franz\u00f6sische Herstellung<\/p>\n","protected":false},"author":1,"featured_media":0,"parent":0,"menu_order":0,"comment_status":"closed","ping_status":"closed","template":"","meta":{"_acf_changed":false,"footnotes":""},"class_list":["post-5101","page","type-page","status-publish","hentry"],"acf":[],"yoast_head":"<!-- This site is optimized with the Yoast SEO plugin v27.4 - https:\/\/yoast.com\/product\/yoast-seo-wordpress\/ -->\n<title>Eine franz\u00f6sische Herstellung - Le Nez du Vin<\/title>\n<meta name=\"description\" content=\"Entdecken Sie den in Frankreich hergestellten Wein von Jean Lenoir \u2013 ein authentisches und raffiniertes Erlebnis. Aus den besten franz\u00f6sischen Terroirs stammend, verk\u00f6rpert dieser Wein die franz\u00f6sische Lebenskunst. Perfekt f\u00fcr Liebhaber gro\u00dfer Weine und au\u00dfergew\u00f6hnlicher Momente\" \/>\n<meta name=\"robots\" content=\"index, follow, max-snippet:-1, max-image-preview:large, max-video-preview:-1\" \/>\n<link rel=\"canonical\" href=\"https:\/\/www.lenez.com\/de\/eine-franzoesische-herstellung\/\" \/>\n<meta property=\"og:locale\" content=\"de_DE\" \/>\n<meta property=\"og:type\" content=\"article\" \/>\n<meta property=\"og:title\" content=\"Eine franz\u00f6sische Herstellung - Le Nez du Vin\" \/>\n<meta property=\"og:description\" content=\"Entdecken Sie den in Frankreich hergestellten Wein von Jean Lenoir \u2013 ein authentisches und raffiniertes Erlebnis. Aus den besten franz\u00f6sischen Terroirs stammend, verk\u00f6rpert dieser Wein die franz\u00f6sische Lebenskunst. Perfekt f\u00fcr Liebhaber gro\u00dfer Weine und au\u00dfergew\u00f6hnlicher Momente\" \/>\n<meta property=\"og:url\" content=\"https:\/\/www.lenez.com\/de\/eine-franzoesische-herstellung\/\" \/>\n<meta property=\"og:site_name\" content=\"Le Nez du Vin\" \/>\n<meta property=\"article:modified_time\" content=\"2025-10-21T08:36:47+00:00\" \/>\n<meta property=\"og:image\" content=\"https:\/\/www.lenez.com\/wp-content\/uploads\/2025\/07\/19_20250716-RBassenne-EditionsJeanLenoir-0446-1024x683.jpg\" \/>\n\t<meta property=\"og:image:width\" content=\"1024\" \/>\n\t<meta property=\"og:image:height\" content=\"683\" \/>\n\t<meta property=\"og:image:type\" content=\"image\/jpeg\" \/>\n<meta name=\"twitter:card\" content=\"summary_large_image\" \/>\n<meta name=\"twitter:label1\" content=\"Gesch\u00e4tzte Lesezeit\" \/>\n\t<meta name=\"twitter:data1\" content=\"4\u00a0Minute\" \/>\n<script type=\"application\/ld+json\" class=\"yoast-schema-graph\">{\"@context\":\"https:\\\/\\\/schema.org\",\"@graph\":[{\"@type\":\"WebPage\",\"@id\":\"https:\\\/\\\/www.lenez.com\\\/de\\\/eine-franzoesische-herstellung\\\/\",\"url\":\"https:\\\/\\\/www.lenez.com\\\/de\\\/eine-franzoesische-herstellung\\\/\",\"name\":\"Eine franz\u00f6sische Herstellung - Le Nez du Vin\",\"isPartOf\":{\"@id\":\"https:\\\/\\\/www.lenez.com\\\/en\\\/#website\"},\"primaryImageOfPage\":{\"@id\":\"https:\\\/\\\/www.lenez.com\\\/de\\\/eine-franzoesische-herstellung\\\/#primaryimage\"},\"image\":{\"@id\":\"https:\\\/\\\/www.lenez.com\\\/de\\\/eine-franzoesische-herstellung\\\/#primaryimage\"},\"thumbnailUrl\":\"https:\\\/\\\/www.lenez.com\\\/wp-content\\\/uploads\\\/2025\\\/07\\\/19_20250716-RBassenne-EditionsJeanLenoir-0446-1024x683.jpg\",\"datePublished\":\"2025-01-30T03:33:45+00:00\",\"dateModified\":\"2025-10-21T08:36:47+00:00\",\"description\":\"Entdecken Sie den in Frankreich hergestellten Wein von Jean Lenoir \u2013 ein authentisches und raffiniertes Erlebnis. Aus den besten franz\u00f6sischen Terroirs stammend, verk\u00f6rpert dieser Wein die franz\u00f6sische Lebenskunst. Perfekt f\u00fcr Liebhaber gro\u00dfer Weine und au\u00dfergew\u00f6hnlicher Momente\",\"breadcrumb\":{\"@id\":\"https:\\\/\\\/www.lenez.com\\\/de\\\/eine-franzoesische-herstellung\\\/#breadcrumb\"},\"inLanguage\":\"de\",\"potentialAction\":[{\"@type\":\"ReadAction\",\"target\":[\"https:\\\/\\\/www.lenez.com\\\/de\\\/eine-franzoesische-herstellung\\\/\"]}]},{\"@type\":\"ImageObject\",\"inLanguage\":\"de\",\"@id\":\"https:\\\/\\\/www.lenez.com\\\/de\\\/eine-franzoesische-herstellung\\\/#primaryimage\",\"url\":\"https:\\\/\\\/www.lenez.com\\\/wp-content\\\/uploads\\\/2025\\\/07\\\/19_20250716-RBassenne-EditionsJeanLenoir-0446-1024x683.jpg\",\"contentUrl\":\"https:\\\/\\\/www.lenez.com\\\/wp-content\\\/uploads\\\/2025\\\/07\\\/19_20250716-RBassenne-EditionsJeanLenoir-0446-1024x683.jpg\"},{\"@type\":\"BreadcrumbList\",\"@id\":\"https:\\\/\\\/www.lenez.com\\\/de\\\/eine-franzoesische-herstellung\\\/#breadcrumb\",\"itemListElement\":[{\"@type\":\"ListItem\",\"position\":1,\"name\":\"Accueil\",\"item\":\"https:\\\/\\\/www.lenez.com\\\/\"},{\"@type\":\"ListItem\",\"position\":2,\"name\":\"Odorama\",\"item\":\"https:\\\/\\\/www.lenez.com\\\/de\\\/odorama\\\/\"},{\"@type\":\"ListItem\",\"position\":3,\"name\":\"Eine franz\u00f6sische Herstellung\"}]},{\"@type\":\"WebSite\",\"@id\":\"https:\\\/\\\/www.lenez.com\\\/en\\\/#website\",\"url\":\"https:\\\/\\\/www.lenez.com\\\/en\\\/\",\"name\":\"Le Nez du Vin\",\"description\":\"Site officiel des marques Le Nez du Vin, Le Nez du Caf\u00e9 et Le Nez du Whisky\",\"publisher\":{\"@id\":\"https:\\\/\\\/www.lenez.com\\\/en\\\/#organization\"},\"potentialAction\":[{\"@type\":\"SearchAction\",\"target\":{\"@type\":\"EntryPoint\",\"urlTemplate\":\"https:\\\/\\\/www.lenez.com\\\/en\\\/?s={search_term_string}\"},\"query-input\":{\"@type\":\"PropertyValueSpecification\",\"valueRequired\":true,\"valueName\":\"search_term_string\"}}],\"inLanguage\":\"de\"},{\"@type\":\"Organization\",\"@id\":\"https:\\\/\\\/www.lenez.com\\\/en\\\/#organization\",\"name\":\"Le Nez du Vin\",\"url\":\"https:\\\/\\\/www.lenez.com\\\/en\\\/\",\"logo\":{\"@type\":\"ImageObject\",\"inLanguage\":\"de\",\"@id\":\"https:\\\/\\\/www.lenez.com\\\/en\\\/#\\\/schema\\\/logo\\\/image\\\/\",\"url\":\"https:\\\/\\\/www.lenez.com\\\/wp-content\\\/uploads\\\/2025\\\/05\\\/EJL_LOGO_2019.jpg\",\"contentUrl\":\"https:\\\/\\\/www.lenez.com\\\/wp-content\\\/uploads\\\/2025\\\/05\\\/EJL_LOGO_2019.jpg\",\"width\":2362,\"height\":2362,\"caption\":\"Le Nez du Vin\"},\"image\":{\"@id\":\"https:\\\/\\\/www.lenez.com\\\/en\\\/#\\\/schema\\\/logo\\\/image\\\/\"}}]}<\/script>\n<!-- \/ Yoast SEO plugin. -->","yoast_head_json":{"title":"Eine franz\u00f6sische Herstellung - Le Nez du Vin","description":"Entdecken Sie den in Frankreich hergestellten Wein von Jean Lenoir \u2013 ein authentisches und raffiniertes Erlebnis. Aus den besten franz\u00f6sischen Terroirs stammend, verk\u00f6rpert dieser Wein die franz\u00f6sische Lebenskunst. Perfekt f\u00fcr Liebhaber gro\u00dfer Weine und au\u00dfergew\u00f6hnlicher Momente","robots":{"index":"index","follow":"follow","max-snippet":"max-snippet:-1","max-image-preview":"max-image-preview:large","max-video-preview":"max-video-preview:-1"},"canonical":"https:\/\/www.lenez.com\/de\/eine-franzoesische-herstellung\/","og_locale":"de_DE","og_type":"article","og_title":"Eine franz\u00f6sische Herstellung - Le Nez du Vin","og_description":"Entdecken Sie den in Frankreich hergestellten Wein von Jean Lenoir \u2013 ein authentisches und raffiniertes Erlebnis. Aus den besten franz\u00f6sischen Terroirs stammend, verk\u00f6rpert dieser Wein die franz\u00f6sische Lebenskunst. Perfekt f\u00fcr Liebhaber gro\u00dfer Weine und au\u00dfergew\u00f6hnlicher Momente","og_url":"https:\/\/www.lenez.com\/de\/eine-franzoesische-herstellung\/","og_site_name":"Le Nez du Vin","article_modified_time":"2025-10-21T08:36:47+00:00","og_image":[{"width":1024,"height":683,"url":"https:\/\/www.lenez.com\/wp-content\/uploads\/2025\/07\/19_20250716-RBassenne-EditionsJeanLenoir-0446-1024x683.jpg","type":"image\/jpeg"}],"twitter_card":"summary_large_image","twitter_misc":{"Gesch\u00e4tzte Lesezeit":"4\u00a0Minute"},"schema":{"@context":"https:\/\/schema.org","@graph":[{"@type":"WebPage","@id":"https:\/\/www.lenez.com\/de\/eine-franzoesische-herstellung\/","url":"https:\/\/www.lenez.com\/de\/eine-franzoesische-herstellung\/","name":"Eine franz\u00f6sische Herstellung - Le Nez du Vin","isPartOf":{"@id":"https:\/\/www.lenez.com\/en\/#website"},"primaryImageOfPage":{"@id":"https:\/\/www.lenez.com\/de\/eine-franzoesische-herstellung\/#primaryimage"},"image":{"@id":"https:\/\/www.lenez.com\/de\/eine-franzoesische-herstellung\/#primaryimage"},"thumbnailUrl":"https:\/\/www.lenez.com\/wp-content\/uploads\/2025\/07\/19_20250716-RBassenne-EditionsJeanLenoir-0446-1024x683.jpg","datePublished":"2025-01-30T03:33:45+00:00","dateModified":"2025-10-21T08:36:47+00:00","description":"Entdecken Sie den in Frankreich hergestellten Wein von Jean Lenoir \u2013 ein authentisches und raffiniertes Erlebnis. Aus den besten franz\u00f6sischen Terroirs stammend, verk\u00f6rpert dieser Wein die franz\u00f6sische Lebenskunst. Perfekt f\u00fcr Liebhaber gro\u00dfer Weine und au\u00dfergew\u00f6hnlicher Momente","breadcrumb":{"@id":"https:\/\/www.lenez.com\/de\/eine-franzoesische-herstellung\/#breadcrumb"},"inLanguage":"de","potentialAction":[{"@type":"ReadAction","target":["https:\/\/www.lenez.com\/de\/eine-franzoesische-herstellung\/"]}]},{"@type":"ImageObject","inLanguage":"de","@id":"https:\/\/www.lenez.com\/de\/eine-franzoesische-herstellung\/#primaryimage","url":"https:\/\/www.lenez.com\/wp-content\/uploads\/2025\/07\/19_20250716-RBassenne-EditionsJeanLenoir-0446-1024x683.jpg","contentUrl":"https:\/\/www.lenez.com\/wp-content\/uploads\/2025\/07\/19_20250716-RBassenne-EditionsJeanLenoir-0446-1024x683.jpg"},{"@type":"BreadcrumbList","@id":"https:\/\/www.lenez.com\/de\/eine-franzoesische-herstellung\/#breadcrumb","itemListElement":[{"@type":"ListItem","position":1,"name":"Accueil","item":"https:\/\/www.lenez.com\/"},{"@type":"ListItem","position":2,"name":"Odorama","item":"https:\/\/www.lenez.com\/de\/odorama\/"},{"@type":"ListItem","position":3,"name":"Eine franz\u00f6sische Herstellung"}]},{"@type":"WebSite","@id":"https:\/\/www.lenez.com\/en\/#website","url":"https:\/\/www.lenez.com\/en\/","name":"Le Nez du Vin","description":"Site officiel des marques Le Nez du Vin, Le Nez du Caf\u00e9 et Le Nez du Whisky","publisher":{"@id":"https:\/\/www.lenez.com\/en\/#organization"},"potentialAction":[{"@type":"SearchAction","target":{"@type":"EntryPoint","urlTemplate":"https:\/\/www.lenez.com\/en\/?s={search_term_string}"},"query-input":{"@type":"PropertyValueSpecification","valueRequired":true,"valueName":"search_term_string"}}],"inLanguage":"de"},{"@type":"Organization","@id":"https:\/\/www.lenez.com\/en\/#organization","name":"Le Nez du Vin","url":"https:\/\/www.lenez.com\/en\/","logo":{"@type":"ImageObject","inLanguage":"de","@id":"https:\/\/www.lenez.com\/en\/#\/schema\/logo\/image\/","url":"https:\/\/www.lenez.com\/wp-content\/uploads\/2025\/05\/EJL_LOGO_2019.jpg","contentUrl":"https:\/\/www.lenez.com\/wp-content\/uploads\/2025\/05\/EJL_LOGO_2019.jpg","width":2362,"height":2362,"caption":"Le Nez du Vin"},"image":{"@id":"https:\/\/www.lenez.com\/en\/#\/schema\/logo\/image\/"}}]}},"_links":{"self":[{"href":"https:\/\/www.lenez.com\/de\/wp-json\/wp\/v2\/pages\/5101","targetHints":{"allow":["GET"]}}],"collection":[{"href":"https:\/\/www.lenez.com\/de\/wp-json\/wp\/v2\/pages"}],"about":[{"href":"https:\/\/www.lenez.com\/de\/wp-json\/wp\/v2\/types\/page"}],"author":[{"embeddable":true,"href":"https:\/\/www.lenez.com\/de\/wp-json\/wp\/v2\/users\/1"}],"replies":[{"embeddable":true,"href":"https:\/\/www.lenez.com\/de\/wp-json\/wp\/v2\/comments?post=5101"}],"version-history":[{"count":5,"href":"https:\/\/www.lenez.com\/de\/wp-json\/wp\/v2\/pages\/5101\/revisions"}],"predecessor-version":[{"id":6921,"href":"https:\/\/www.lenez.com\/de\/wp-json\/wp\/v2\/pages\/5101\/revisions\/6921"}],"wp:attachment":[{"href":"https:\/\/www.lenez.com\/de\/wp-json\/wp\/v2\/media?parent=5101"}],"curies":[{"name":"wp","href":"https:\/\/api.w.org\/{rel}","templated":true}]}}