{"id":5257,"date":"2025-06-04T18:00:20","date_gmt":"2025-06-04T16:00:20","guid":{"rendered":"https:\/\/shop.lenez.com\/gebrauchsanleitung-le-nez-du-whisky\/"},"modified":"2025-10-21T14:09:07","modified_gmt":"2025-10-21T12:09:07","slug":"gebrauchsanleitung-le-nez-du-whisky","status":"publish","type":"page","link":"https:\/\/www.lenez.com\/de\/gebrauchsanleitung-le-nez-du-whisky\/","title":{"rendered":"Gebrauchsanleitung &#8211; Le Nez du Whisky"},"content":{"rendered":"\n<div class=\"container-fluid\">\n<div class=\"banner\" style=\"background: url('https:\/\/www.lenez.com\/wp-content\/uploads\/2025\/07\/7_LNDV_2023_00164-scaled.jpeg'); background-size: cover; background-position: center;\" data-darkreader-inline-bgcolor=\"\">\n<div class=\"content-inn\">\n<div class=\"text-container\">\n<h1 class=\"h2 gtdjdvJjks\" style=\"background-image: url('https:\/\/www.lenez.com\/wp-content\/uploads\/2025\/07\/7_LNDV_2023_00164-scaled.jpeg'); -webkit-background-clip: text; background-clip: text; -webkit-text-fill-color: transparent; background-position: bottom; background-repeat: no-repeat; background-size: cover;\">Gebrauchsanleitung &#8211; Le Nez du Whisky<\/h1>\n<\/div>\n<\/div>\n<\/div>\n<\/div>\n\n<div class=\"wp-block-columns UijHGD tab-empile is-layout-flex wp-container-core-columns-is-layout-9d6595d7 wp-block-columns-is-layout-flex\">\n<div class=\"wp-block-column is-layout-flow wp-block-column-is-layout-flow\">\n<h2 class=\"wp-block-heading\">Trainieren Sie mit Ihrer Nase<\/h2>\n\n\n\n<p>W\u00e4hlen Sie ein Fl\u00e4schchen zuf\u00e4llig aus, ohne den Namen des Aromas zu lesen. Riechen Sie am Fl\u00e4schchen oder am Verschluss. Sie nehmen einen Duft wahr, aber erkennen Sie ihn auch? So einfach ist es nicht! Lassen Sie die Bilder und Erinnerungen aufsteigen, die Ihnen beim Riechen durch den Kopf gehen \u2013 sie sind mal \u00e4lter, mal j\u00fcnger, oft emotional aufgeladen.<\/p>\n\n\n\n<p>Wenn Sie das Aroma nicht benennen k\u00f6nnen (obwohl Ihnen das Wort schon auf der Zunge liegt!), versuchen Sie herauszufinden, zu welcher Familie es geh\u00f6rt: fruchtig, blumig, pflanzlich, holzig, w\u00fcrzig, animalisch oder ger\u00f6stet? Diese pers\u00f6nliche Suche l\u00e4sst sich auch gemeinsam mit anderen durchf\u00fchren. Der Austausch \u00fcber Geruchswahrnehmungen ist emotional und weckt ein geteiltes, spielerisches Vergn\u00fcgen. Indem man einander zuh\u00f6rt, findet man oft die richtige Antwort. Doch Vorsicht \u2013 lassen Sie sich nicht zu sehr beeinflussen!<\/p>\n\n\n\n<p>Schauen Sie anschlie\u00dfend die Nummer des Fl\u00e4schchens nach und vergleichen Sie sie mit der Antwortliste. Sobald der Name des Dufts genannt ist, ist alles klar! Nehmen Sie dann ein neues Fl\u00e4schchen. Wiederholen Sie dieses Training regelm\u00e4\u00dfig, jeweils mit etwa zehn D\u00fcften pro Sitzung, einschlie\u00dflich jener, die Sie zuvor nicht erkannt haben.<\/p>\n\n\n\n<p>Nach nur wenigen Wochen werden Sie diese Aromen sicher identifizieren \u2013 und vor allem benennen k\u00f6nnen. Sie sind wertvolle Hinweise auf die Weine, die Sie verkosten. Um mehr zu erfahren, folgen Sie den Verkostungstipps und &#8211; anweisungen in den B\u00fcchern von <em>Le Nez du Whisky<\/em>.<\/p>\n\n\n\n<h2 class=\"wp-block-heading\">Stellen Sie sich der Herausforderung \u2013 wie ein Master of the Quaich<\/h2>\n\n\n\n<p>Der Titel \u201eMaster of the Quaich\u201c wird Pers\u00f6nlichkeiten verliehen, die durch ihre Publikationen, Vortr\u00e4ge oder berufliche T\u00e4tigkeit zur Weiterentwicklung der Whiskyindustrie beigetragen haben. Zwei der Autor:innen von <a href=\"https:\/\/lenez.pp.search-factory.eu\/de\/coffret\/spirituosen\/le-nez-du-whisky-54-aromen\/\"><em>Le Nez du Whisky \u2013 54 Aromen<\/em><\/a>, Martine Nouet und Charles MacLean, wurden mit dieser prestigetr\u00e4chtigen Auszeichnung geehrt.<\/p>\n\n\n\n<p>Hier einige typische Fragen, wie sie diese Verkostungsexpert:innen beantworten k\u00f6nnen:<\/p>\n\n\n\n<ul class=\"wp-block-list\">\n<li>Frage 1 : Vier Whiskys werden blind serviert (ohne Etikett). Sie stammen aus einer der folgenden sechs Regionen bzw. L\u00e4nder: Highlands (Schottland), Insel Islay (Schottland), Irland, Japan, Kentucky (USA) und Indien. Ordnen Sie jedem Whisky seine Herkunft zu. Hinweis: Eine Herkunft kann mehrfach vorkommen.<\/li>\n\n\n\n<li>Frage 2 : Vier Whiskys wurden in unterschiedlichen F\u00e4ssern gereift: Bourbonfass, Sherryfass, Portweinfass oder frisches amerikanisches Eichenfass (getoastet). Ordnen Sie jedem Glas eine Fassart zu, anhand der wahrgenommenen Aromen: Vanille, rote Fr\u00fcchte, Gew\u00fcrze, N\u00fcsse, Karamell, ger\u00f6stetes Holz \u2026<\/li>\n\n\n\n<li>Frage 3 : Drei Whiskys stammen von der Insel Islay. Jeder weist einen unterschiedlich intensiven Torfduft auf: schwach, mittel, sehr stark. Ordnen Sie sie nach aufsteigender Intensit\u00e4t. Bonusfrage: Erraten Sie die Herkunftsdestillerie \u2013 zur Auswahl stehen: Laphroaig, Caol Ila, Bunnahabhain, Ardbeg.<\/li>\n\n\n\n<li>Frage 4 : Ein Whisky wird blind serviert. Er weist eines oder mehrere der folgenden Merkmale auf: hohe Salinit\u00e4t, medizinische Noten (Jod, Krankenhaus, Gummi), dichte Rauchigkeit, feuchter Torf, 48\u202f% vol., teilweise Reifung im Sherryfass. Welche der folgenden Destillerien ist am wahrscheinlichsten?\n<ul class=\"wp-block-list\">\n<li>a) Glenfiddich<\/li>\n\n\n\n<li>b) Ardbeg<\/li>\n\n\n\n<li>c) Yamazaki<\/li>\n\n\n\n<li>d) Bushmills<\/li>\n<\/ul>\n<\/li>\n<\/ul>\n\n\n\n<p>Versuchen Sie, solche Verkostungen nachzustellen \u2013 angepasst an Ihre Lieblingsregionen und Ihr Budget. Ganz gleich, welche Flaschen Sie w\u00e4hlen: Mit <em>Le Nez du Whisky<\/em> entwickeln Sie ein feines Gesp\u00fcr f\u00fcr die typischen Aromenprofile.<\/p>\n<\/div>\n<\/div>\n","protected":false},"excerpt":{"rendered":"<p>Gebrauchsanleitung &#8211; Le Nez du Whisky Trainieren Sie mit Ihrer Nase W\u00e4hlen Sie ein Fl\u00e4schchen zuf\u00e4llig aus, ohne den Namen des Aromas zu lesen. Riechen Sie am Fl\u00e4schchen oder am Verschluss. Sie nehmen einen Duft wahr, aber erkennen Sie ihn auch? So einfach ist es nicht! Lassen Sie die Bilder und Erinnerungen aufsteigen, die Ihnen [&hellip;]<\/p>\n","protected":false},"author":1,"featured_media":0,"parent":0,"menu_order":0,"comment_status":"closed","ping_status":"closed","template":"","meta":{"_acf_changed":false,"footnotes":""},"class_list":["post-5257","page","type-page","status-publish","hentry"],"acf":[],"yoast_head":"<!-- This site is optimized with the Yoast SEO plugin v27.4 - https:\/\/yoast.com\/product\/yoast-seo-wordpress\/ -->\n<title>Gebrauchsanleitung - Le Nez du Whisky - Le Nez du Vin<\/title>\n<meta name=\"robots\" content=\"index, follow, max-snippet:-1, max-image-preview:large, max-video-preview:-1\" \/>\n<link rel=\"canonical\" href=\"https:\/\/www.lenez.com\/de\/gebrauchsanleitung-le-nez-du-whisky\/\" \/>\n<meta property=\"og:locale\" content=\"de_DE\" \/>\n<meta property=\"og:type\" content=\"article\" \/>\n<meta property=\"og:title\" content=\"Gebrauchsanleitung - Le Nez du Whisky - Le Nez du Vin\" \/>\n<meta property=\"og:description\" content=\"Gebrauchsanleitung &#8211; Le Nez du Whisky Trainieren Sie mit Ihrer Nase W\u00e4hlen Sie ein Fl\u00e4schchen zuf\u00e4llig aus, ohne den Namen des Aromas zu lesen. Riechen Sie am Fl\u00e4schchen oder am Verschluss. Sie nehmen einen Duft wahr, aber erkennen Sie ihn auch? So einfach ist es nicht! Lassen Sie die Bilder und Erinnerungen aufsteigen, die Ihnen [&hellip;]\" \/>\n<meta property=\"og:url\" content=\"https:\/\/www.lenez.com\/de\/gebrauchsanleitung-le-nez-du-whisky\/\" \/>\n<meta property=\"og:site_name\" content=\"Le Nez du Vin\" \/>\n<meta property=\"article:modified_time\" content=\"2025-10-21T12:09:07+00:00\" \/>\n<meta name=\"twitter:card\" content=\"summary_large_image\" \/>\n<meta name=\"twitter:label1\" content=\"Gesch\u00e4tzte Lesezeit\" \/>\n\t<meta name=\"twitter:data1\" content=\"3\u00a0Minute\" \/>\n<script type=\"application\/ld+json\" class=\"yoast-schema-graph\">{\"@context\":\"https:\\\/\\\/schema.org\",\"@graph\":[{\"@type\":\"WebPage\",\"@id\":\"https:\\\/\\\/www.lenez.com\\\/de\\\/gebrauchsanleitung-le-nez-du-whisky\\\/\",\"url\":\"https:\\\/\\\/www.lenez.com\\\/de\\\/gebrauchsanleitung-le-nez-du-whisky\\\/\",\"name\":\"Gebrauchsanleitung - Le Nez du Whisky - Le Nez du Vin\",\"isPartOf\":{\"@id\":\"https:\\\/\\\/www.lenez.com\\\/en\\\/#website\"},\"datePublished\":\"2025-06-04T16:00:20+00:00\",\"dateModified\":\"2025-10-21T12:09:07+00:00\",\"breadcrumb\":{\"@id\":\"https:\\\/\\\/www.lenez.com\\\/de\\\/gebrauchsanleitung-le-nez-du-whisky\\\/#breadcrumb\"},\"inLanguage\":\"de\",\"potentialAction\":[{\"@type\":\"ReadAction\",\"target\":[\"https:\\\/\\\/www.lenez.com\\\/de\\\/gebrauchsanleitung-le-nez-du-whisky\\\/\"]}]},{\"@type\":\"BreadcrumbList\",\"@id\":\"https:\\\/\\\/www.lenez.com\\\/de\\\/gebrauchsanleitung-le-nez-du-whisky\\\/#breadcrumb\",\"itemListElement\":[{\"@type\":\"ListItem\",\"position\":1,\"name\":\"Accueil\",\"item\":\"https:\\\/\\\/www.lenez.com\\\/\"},{\"@type\":\"ListItem\",\"position\":2,\"name\":\"Odorama\",\"item\":\"https:\\\/\\\/www.lenez.com\\\/de\\\/odorama\\\/\"},{\"@type\":\"ListItem\",\"position\":3,\"name\":\"Gebrauchsanleitung &#8211; Le Nez du Whisky\"}]},{\"@type\":\"WebSite\",\"@id\":\"https:\\\/\\\/www.lenez.com\\\/en\\\/#website\",\"url\":\"https:\\\/\\\/www.lenez.com\\\/en\\\/\",\"name\":\"Le Nez du Vin\",\"description\":\"Site officiel des marques Le Nez du Vin, Le Nez du Caf\u00e9 et Le Nez du Whisky\",\"publisher\":{\"@id\":\"https:\\\/\\\/www.lenez.com\\\/en\\\/#organization\"},\"potentialAction\":[{\"@type\":\"SearchAction\",\"target\":{\"@type\":\"EntryPoint\",\"urlTemplate\":\"https:\\\/\\\/www.lenez.com\\\/en\\\/?s={search_term_string}\"},\"query-input\":{\"@type\":\"PropertyValueSpecification\",\"valueRequired\":true,\"valueName\":\"search_term_string\"}}],\"inLanguage\":\"de\"},{\"@type\":\"Organization\",\"@id\":\"https:\\\/\\\/www.lenez.com\\\/en\\\/#organization\",\"name\":\"Le Nez du Vin\",\"url\":\"https:\\\/\\\/www.lenez.com\\\/en\\\/\",\"logo\":{\"@type\":\"ImageObject\",\"inLanguage\":\"de\",\"@id\":\"https:\\\/\\\/www.lenez.com\\\/en\\\/#\\\/schema\\\/logo\\\/image\\\/\",\"url\":\"https:\\\/\\\/www.lenez.com\\\/wp-content\\\/uploads\\\/2025\\\/05\\\/EJL_LOGO_2019.jpg\",\"contentUrl\":\"https:\\\/\\\/www.lenez.com\\\/wp-content\\\/uploads\\\/2025\\\/05\\\/EJL_LOGO_2019.jpg\",\"width\":2362,\"height\":2362,\"caption\":\"Le Nez du Vin\"},\"image\":{\"@id\":\"https:\\\/\\\/www.lenez.com\\\/en\\\/#\\\/schema\\\/logo\\\/image\\\/\"}}]}<\/script>\n<!-- \/ Yoast SEO plugin. -->","yoast_head_json":{"title":"Gebrauchsanleitung - Le Nez du Whisky - Le Nez du Vin","robots":{"index":"index","follow":"follow","max-snippet":"max-snippet:-1","max-image-preview":"max-image-preview:large","max-video-preview":"max-video-preview:-1"},"canonical":"https:\/\/www.lenez.com\/de\/gebrauchsanleitung-le-nez-du-whisky\/","og_locale":"de_DE","og_type":"article","og_title":"Gebrauchsanleitung - Le Nez du Whisky - Le Nez du Vin","og_description":"Gebrauchsanleitung &#8211; Le Nez du Whisky Trainieren Sie mit Ihrer Nase W\u00e4hlen Sie ein Fl\u00e4schchen zuf\u00e4llig aus, ohne den Namen des Aromas zu lesen. Riechen Sie am Fl\u00e4schchen oder am Verschluss. Sie nehmen einen Duft wahr, aber erkennen Sie ihn auch? So einfach ist es nicht! Lassen Sie die Bilder und Erinnerungen aufsteigen, die Ihnen [&hellip;]","og_url":"https:\/\/www.lenez.com\/de\/gebrauchsanleitung-le-nez-du-whisky\/","og_site_name":"Le Nez du Vin","article_modified_time":"2025-10-21T12:09:07+00:00","twitter_card":"summary_large_image","twitter_misc":{"Gesch\u00e4tzte Lesezeit":"3\u00a0Minute"},"schema":{"@context":"https:\/\/schema.org","@graph":[{"@type":"WebPage","@id":"https:\/\/www.lenez.com\/de\/gebrauchsanleitung-le-nez-du-whisky\/","url":"https:\/\/www.lenez.com\/de\/gebrauchsanleitung-le-nez-du-whisky\/","name":"Gebrauchsanleitung - Le Nez du Whisky - Le Nez du Vin","isPartOf":{"@id":"https:\/\/www.lenez.com\/en\/#website"},"datePublished":"2025-06-04T16:00:20+00:00","dateModified":"2025-10-21T12:09:07+00:00","breadcrumb":{"@id":"https:\/\/www.lenez.com\/de\/gebrauchsanleitung-le-nez-du-whisky\/#breadcrumb"},"inLanguage":"de","potentialAction":[{"@type":"ReadAction","target":["https:\/\/www.lenez.com\/de\/gebrauchsanleitung-le-nez-du-whisky\/"]}]},{"@type":"BreadcrumbList","@id":"https:\/\/www.lenez.com\/de\/gebrauchsanleitung-le-nez-du-whisky\/#breadcrumb","itemListElement":[{"@type":"ListItem","position":1,"name":"Accueil","item":"https:\/\/www.lenez.com\/"},{"@type":"ListItem","position":2,"name":"Odorama","item":"https:\/\/www.lenez.com\/de\/odorama\/"},{"@type":"ListItem","position":3,"name":"Gebrauchsanleitung &#8211; Le Nez du Whisky"}]},{"@type":"WebSite","@id":"https:\/\/www.lenez.com\/en\/#website","url":"https:\/\/www.lenez.com\/en\/","name":"Le Nez du Vin","description":"Site officiel des marques Le Nez du Vin, Le Nez du Caf\u00e9 et Le Nez du Whisky","publisher":{"@id":"https:\/\/www.lenez.com\/en\/#organization"},"potentialAction":[{"@type":"SearchAction","target":{"@type":"EntryPoint","urlTemplate":"https:\/\/www.lenez.com\/en\/?s={search_term_string}"},"query-input":{"@type":"PropertyValueSpecification","valueRequired":true,"valueName":"search_term_string"}}],"inLanguage":"de"},{"@type":"Organization","@id":"https:\/\/www.lenez.com\/en\/#organization","name":"Le Nez du Vin","url":"https:\/\/www.lenez.com\/en\/","logo":{"@type":"ImageObject","inLanguage":"de","@id":"https:\/\/www.lenez.com\/en\/#\/schema\/logo\/image\/","url":"https:\/\/www.lenez.com\/wp-content\/uploads\/2025\/05\/EJL_LOGO_2019.jpg","contentUrl":"https:\/\/www.lenez.com\/wp-content\/uploads\/2025\/05\/EJL_LOGO_2019.jpg","width":2362,"height":2362,"caption":"Le Nez du Vin"},"image":{"@id":"https:\/\/www.lenez.com\/en\/#\/schema\/logo\/image\/"}}]}},"_links":{"self":[{"href":"https:\/\/www.lenez.com\/de\/wp-json\/wp\/v2\/pages\/5257","targetHints":{"allow":["GET"]}}],"collection":[{"href":"https:\/\/www.lenez.com\/de\/wp-json\/wp\/v2\/pages"}],"about":[{"href":"https:\/\/www.lenez.com\/de\/wp-json\/wp\/v2\/types\/page"}],"author":[{"embeddable":true,"href":"https:\/\/www.lenez.com\/de\/wp-json\/wp\/v2\/users\/1"}],"replies":[{"embeddable":true,"href":"https:\/\/www.lenez.com\/de\/wp-json\/wp\/v2\/comments?post=5257"}],"version-history":[{"count":10,"href":"https:\/\/www.lenez.com\/de\/wp-json\/wp\/v2\/pages\/5257\/revisions"}],"predecessor-version":[{"id":6987,"href":"https:\/\/www.lenez.com\/de\/wp-json\/wp\/v2\/pages\/5257\/revisions\/6987"}],"wp:attachment":[{"href":"https:\/\/www.lenez.com\/de\/wp-json\/wp\/v2\/media?parent=5257"}],"curies":[{"name":"wp","href":"https:\/\/api.w.org\/{rel}","templated":true}]}}