{"id":5263,"date":"2025-01-14T11:52:21","date_gmt":"2025-01-14T10:52:21","guid":{"rendered":"https:\/\/shop.lenez.com\/lieferung-und-ruecksendungen\/"},"modified":"2025-10-23T15:47:21","modified_gmt":"2025-10-23T13:47:21","slug":"lieferung-und-ruecksendungen","status":"publish","type":"page","link":"https:\/\/www.lenez.com\/de\/lieferung-und-ruecksendungen\/","title":{"rendered":"Lieferung und R\u00fccksendungen"},"content":{"rendered":"\n<div class=\"container-fluid\">\r\n<div class=\"banner\" style=\"background: url('https:\/\/shop.lenez.com\/wp-content\/uploads\/2024\/11\/uOToijVMUm_img_id-scaled.jpg'); background-size: cover; background-position: center;\">\r\n<div class=\"content-inn\">\r\n<div class=\"text-container\">\r\n<h1 class=\"h2 gtdjdvJjks\" style=\"background-image: url('https:\/\/shop.lenez.com\/wp-content\/uploads\/2024\/11\/uOToijVMUm_img_id-scaled.jpg'); -webkit-background-clip: text; background-clip: text; -webkit-text-fill-color: transparent; background-position: bottom; background-repeat: no-repeat; background-size: cover;\">Lieferung und R\u00fccksendungen<\/h1>\r\n<\/div><br\/><div class=\"bread__\"><\/div><br\/><\/div><br\/><\/div><br\/><\/div><br\/>\n\n\n\n<div style=\"height:30px\" aria-hidden=\"true\" class=\"wp-block-spacer\"><\/div>\n\n\n\n<div class=\"wp-block-columns UijHGD tab-empile is-layout-flex wp-container-core-columns-is-layout-9d6595d7 wp-block-columns-is-layout-flex\">\n<div class=\"wp-block-column is-layout-flow wp-block-column-is-layout-flow\">\n<p>Alle unsere Werke werden in Frankreich handgefertigt und in unserer Werkstatt in Cassis gelagert.<\/p>\n\n\n\n<p>Wir haben uns entschieden, mit Colissimo zusammenzuarbeiten. Jedes Paket erh\u00e4lt eine Sendungsnummer, die Ihnen beim Versand der Bestellung per E Mail mitgeteilt wird, damit Sie den Verlauf Ihres Pakets auf der Website des jeweiligen Versanddienstleisters verfolgen k\u00f6nnen. Bitte beachten Sie, dass wir bei Sendungen au\u00dferhalb der Europ\u00e4ischen Union keine Verantwortung f\u00fcr eventuelle Verz\u00f6gerungen durch Zollabfertigungen \u00fcbernehmen k\u00f6nnen.<\/p>\n\n\n\n<p><em><strong>Lieferung mit Colissimo<\/strong><\/em><br>Der Versand nach Hause ist kostenlos (0,01 Euro) f\u00fcr alle Bestellungen \u00fcber 35\u202f\u20ac innerhalb des franz\u00f6sischen Festlands.<\/p>\n\n\n\n<p>Ab dem Versanddatum betr\u00e4gt die (angegebene, aber nicht garantierte) Lieferzeit mit Colissimo 2 Werktage innerhalb Frankreichs und 3 bis 8 Werktage f\u00fcr internationale Sendungen.<\/p>\n\n\n\n<figure class=\"wp-block-table\"><table class=\"has-fixed-layout\"><tbody><tr><th>L\u00e4nder<\/th><th>Lieferzeit<\/th><\/tr><tr><td><strong>Festland-Frankreich<\/strong><\/td><td><strong>2 Werktage<\/strong><\/td><\/tr><tr><td>S\u00fcdafrika<\/td><td>6 bis 8 Werktage<\/td><\/tr><tr><td>Deutschland<\/td><td>3 bis 4 Werktage<\/td><\/tr><tr><td><\/td><td><\/td><\/tr><tr><td>\u00d6sterreich<\/td><td>3 bis 4 Werktage<\/td><\/tr><tr><td>Belgien<\/td><td>2 bis 3 Werktage<\/td><\/tr><tr><td>Bulgarien<\/td><td>5 bis 7 Werktage<\/td><\/tr><tr><td>Kanada<\/td><td>6 bis 10 Werktage<\/td><\/tr><tr><td>Zypern<\/td><td>5 bis 9 Werktage<\/td><\/tr><tr><td>Kroatien<\/td><td>4 bis 7 Werktage<\/td><\/tr><tr><td>D\u00e4nemark<\/td><td>4 bis 5 Werktage<\/td><\/tr><tr><td><\/td><td><\/td><\/tr><tr><td>Spanien<\/td><td>3 bis 4 Werktage<\/td><\/tr><tr><td>Estland<\/td><td>6 bis 7 Werktage<\/td><\/tr><tr><td>Finnland<\/td><td>4 bis 5 Werktage<\/td><\/tr><tr><td><\/td><td><\/td><\/tr><tr><td>Griechenland<\/td><td>5 bis 6 Werktage<\/td><\/tr><tr><td>Franz\u00f6sisch-Guayana<\/td><td>5 bis 7 Werktage<\/td><\/tr><tr><td>Hongkong<\/td><td>5 bis 7 Werktage<\/td><\/tr><tr><td>Ungarn<\/td><td>5 bis 6 Werktage<\/td><\/tr><tr><td>Indien<\/td><td>4 bis 8 Werktage<\/td><\/tr><tr><td>Irland<\/td><td>4 bis 5 Werktage<\/td><\/tr><tr><td>Italien<\/td><td>3 bis 5 Werktage<\/td><\/tr><tr><td>Japan<\/td><td>5 bis 6 Werktage<\/td><\/tr><tr><td>Lettland<\/td><td>6 bis 7 Werktage<\/td><\/tr><tr><td>Luxemburg<\/td><td>2 bis 3 Werktage<\/td><\/tr><tr><td>Malaysia<\/td><td>7 bis 9 Werktage<\/td><\/tr><tr><td>Malta<\/td><td>4 bis 5 Werktage<\/td><\/tr><tr><td><\/td><td><\/td><\/tr><tr><td>Norwegen<\/td><td>6 bis 7 Werktage<\/td><\/tr><tr><td>Neukaledonien<\/td><td>7 bis 10 Werktage<\/td><\/tr><tr><td>Neuseeland<\/td><td>6 bis 8 Werktage<\/td><\/tr><tr><td>Niederlande<\/td><td>3 Werktage<\/td><\/tr><tr><td>Polen<\/td><td>5 bis 6 Werktage<\/td><\/tr><tr><td>Portugal (DPD)<\/td><td>4 bis 9 Werktage<\/td><\/tr><tr><td>Tschechische Republik<\/td><td>4 bis 5 Werktage<\/td><\/tr><tr><td>Rum\u00e4nien<\/td><td>4 bis 5 Werktage<\/td><\/tr><tr><td>Vereinigtes K\u00f6nigreich<\/td><td>3 Werktage<\/td><\/tr><tr><td>Singapur<\/td><td>5 bis 6 Werktage<\/td><\/tr><tr><td>Slowakei<\/td><td>5 bis 6 Werktage<\/td><\/tr><tr><td>Slowenien<\/td><td>5 bis 6 Werktage<\/td><\/tr><tr><td>Schweden<\/td><td>4 bis 7 Werktage<\/td><\/tr><tr><td>Schweiz<\/td><td>3 bis 4 Werktage<\/td><\/tr><tr><td>Taiwan<\/td><td>6 bis 7 Werktage<\/td><\/tr><tr><td>Thailand<\/td><td>5 bis 8 Werktage<\/td><\/tr><tr><td>Ukraine<\/td><td>6 bis 7 Werktage<\/td><\/tr><tr><td>Vietnam<\/td><td>5 bis 8 Werktage<\/td><\/tr><\/tbody><\/table><\/figure>\n\n\n\n<p><em><strong>Sichere Zahlung<\/strong><\/em><br>Die Website unserer Bank, der Soci\u00e9t\u00e9 G\u00e9n\u00e9rale, ist verschl\u00fcsselt und gesichert. Bitte beachten Sie, dass uns die Bank keine Bankdaten \u00fcbermittelt \u2013 nur ob die Zahlung erfolgreich war oder nicht.<br><br>Sie k\u00f6nnen auch \u00fcber die sichere Plattform PayPal bezahlen, mit der Sie nach Erstellung eines Kontos Zahlungen vornehmen k\u00f6nnen, ohne Ihre Bankdaten erneut eingeben zu m\u00fcssen.<\/p>\n\n\n\n<p><em><strong>Kundendienst\r\n<\/strong><\/em>Wenn Sie Ihr Land nicht in der Liste finden, wenden Sie sich bitte an unseren Kundenservice.<br><br><em><strong>&nbsp;<\/strong><\/em><\/p>\n\n\n\n<p>Per <em><strong>E-Mail<\/strong><\/em>: clients@lenez.com<br>Per <em><strong>Telefon<\/strong><\/em>: 04 42 73 59 55 (zum Ortstarif). Erreichbar von Montag bis Freitag, 8:00\u201312:30 Uhr und 13:00\u201316:30 Uhr<br>Per <em><strong>Post<\/strong><\/em>: Kundenservice Les \u00c9ditions Jean Lenoir, 1600 chemin du plan d\u2019olive<br>13260 Cassis \u2013 Frankreich<\/p>\n\n\n\n<p><em><strong>R\u00fccksendungen<\/strong><\/em><br>Wenn ein Produkt nicht Ihren Erwartungen entspricht, k\u00f6nnen Sie es innerhalb von 14 Tagen nach Erhalt der Bestellung auf eigene Kosten an uns zur\u00fccksenden.<br>Den R\u00fccksendeformular finden Sie in Ihrem Kundenbereich und legen ihn bitte dem Paket bei.<\/p>\n\n\n\n<p>Wir bitten Sie, den Artikel in der Originalverpackung und unbesch\u00e4digt zur\u00fcckzugeben.<\/p>\n<\/div>\n<\/div>\n","protected":false},"excerpt":{"rendered":"<p>Lieferung und R\u00fccksendungen Alle unsere Werke werden in Frankreich handgefertigt und in unserer Werkstatt in Cassis gelagert. Wir haben uns entschieden, mit Colissimo zusammenzuarbeiten. Jedes Paket erh\u00e4lt eine Sendungsnummer, die Ihnen beim Versand der Bestellung per E Mail mitgeteilt wird, damit Sie den Verlauf Ihres Pakets auf der Website des jeweiligen Versanddienstleisters verfolgen k\u00f6nnen. Bitte [&hellip;]<\/p>\n","protected":false},"author":1,"featured_media":0,"parent":0,"menu_order":0,"comment_status":"closed","ping_status":"closed","template":"","meta":{"_acf_changed":false,"footnotes":""},"class_list":["post-5263","page","type-page","status-publish","hentry"],"acf":[],"yoast_head":"<!-- This site is optimized with the Yoast SEO plugin v27.4 - https:\/\/yoast.com\/product\/yoast-seo-wordpress\/ -->\n<title>Lieferung und R\u00fccksendungen - Le Nez du Vin<\/title>\n<meta name=\"robots\" content=\"index, follow, max-snippet:-1, max-image-preview:large, max-video-preview:-1\" \/>\n<link rel=\"canonical\" href=\"https:\/\/www.lenez.com\/de\/lieferung-und-ruecksendungen\/\" \/>\n<meta property=\"og:locale\" content=\"de_DE\" \/>\n<meta property=\"og:type\" content=\"article\" \/>\n<meta property=\"og:title\" content=\"Lieferung und R\u00fccksendungen - Le Nez du Vin\" \/>\n<meta property=\"og:description\" content=\"Lieferung und R\u00fccksendungen Alle unsere Werke werden in Frankreich handgefertigt und in unserer Werkstatt in Cassis gelagert. Wir haben uns entschieden, mit Colissimo zusammenzuarbeiten. Jedes Paket erh\u00e4lt eine Sendungsnummer, die Ihnen beim Versand der Bestellung per E Mail mitgeteilt wird, damit Sie den Verlauf Ihres Pakets auf der Website des jeweiligen Versanddienstleisters verfolgen k\u00f6nnen. Bitte [&hellip;]\" \/>\n<meta property=\"og:url\" content=\"https:\/\/www.lenez.com\/de\/lieferung-und-ruecksendungen\/\" \/>\n<meta property=\"og:site_name\" content=\"Le Nez du Vin\" \/>\n<meta property=\"article:modified_time\" content=\"2025-10-23T13:47:21+00:00\" \/>\n<meta name=\"twitter:card\" content=\"summary_large_image\" \/>\n<meta name=\"twitter:label1\" content=\"Gesch\u00e4tzte Lesezeit\" \/>\n\t<meta name=\"twitter:data1\" content=\"3\u00a0Minute\" \/>\n<script type=\"application\/ld+json\" class=\"yoast-schema-graph\">{\"@context\":\"https:\\\/\\\/schema.org\",\"@graph\":[{\"@type\":\"WebPage\",\"@id\":\"https:\\\/\\\/www.lenez.com\\\/de\\\/lieferung-und-ruecksendungen\\\/\",\"url\":\"https:\\\/\\\/www.lenez.com\\\/de\\\/lieferung-und-ruecksendungen\\\/\",\"name\":\"Lieferung und R\u00fccksendungen - Le Nez du Vin\",\"isPartOf\":{\"@id\":\"https:\\\/\\\/www.lenez.com\\\/en\\\/#website\"},\"datePublished\":\"2025-01-14T10:52:21+00:00\",\"dateModified\":\"2025-10-23T13:47:21+00:00\",\"breadcrumb\":{\"@id\":\"https:\\\/\\\/www.lenez.com\\\/de\\\/lieferung-und-ruecksendungen\\\/#breadcrumb\"},\"inLanguage\":\"de\",\"potentialAction\":[{\"@type\":\"ReadAction\",\"target\":[\"https:\\\/\\\/www.lenez.com\\\/de\\\/lieferung-und-ruecksendungen\\\/\"]}]},{\"@type\":\"BreadcrumbList\",\"@id\":\"https:\\\/\\\/www.lenez.com\\\/de\\\/lieferung-und-ruecksendungen\\\/#breadcrumb\",\"itemListElement\":[{\"@type\":\"ListItem\",\"position\":1,\"name\":\"Accueil\",\"item\":\"https:\\\/\\\/www.lenez.com\\\/\"},{\"@type\":\"ListItem\",\"position\":2,\"name\":\"Odorama\",\"item\":\"https:\\\/\\\/www.lenez.com\\\/de\\\/odorama\\\/\"},{\"@type\":\"ListItem\",\"position\":3,\"name\":\"Lieferung und R\u00fccksendungen\"}]},{\"@type\":\"WebSite\",\"@id\":\"https:\\\/\\\/www.lenez.com\\\/en\\\/#website\",\"url\":\"https:\\\/\\\/www.lenez.com\\\/en\\\/\",\"name\":\"Le Nez du Vin\",\"description\":\"Site officiel des marques Le Nez du Vin, Le Nez du Caf\u00e9 et Le Nez du Whisky\",\"publisher\":{\"@id\":\"https:\\\/\\\/www.lenez.com\\\/en\\\/#organization\"},\"potentialAction\":[{\"@type\":\"SearchAction\",\"target\":{\"@type\":\"EntryPoint\",\"urlTemplate\":\"https:\\\/\\\/www.lenez.com\\\/en\\\/?s={search_term_string}\"},\"query-input\":{\"@type\":\"PropertyValueSpecification\",\"valueRequired\":true,\"valueName\":\"search_term_string\"}}],\"inLanguage\":\"de\"},{\"@type\":\"Organization\",\"@id\":\"https:\\\/\\\/www.lenez.com\\\/en\\\/#organization\",\"name\":\"Le Nez du Vin\",\"url\":\"https:\\\/\\\/www.lenez.com\\\/en\\\/\",\"logo\":{\"@type\":\"ImageObject\",\"inLanguage\":\"de\",\"@id\":\"https:\\\/\\\/www.lenez.com\\\/en\\\/#\\\/schema\\\/logo\\\/image\\\/\",\"url\":\"https:\\\/\\\/www.lenez.com\\\/wp-content\\\/uploads\\\/2025\\\/05\\\/EJL_LOGO_2019.jpg\",\"contentUrl\":\"https:\\\/\\\/www.lenez.com\\\/wp-content\\\/uploads\\\/2025\\\/05\\\/EJL_LOGO_2019.jpg\",\"width\":2362,\"height\":2362,\"caption\":\"Le Nez du Vin\"},\"image\":{\"@id\":\"https:\\\/\\\/www.lenez.com\\\/en\\\/#\\\/schema\\\/logo\\\/image\\\/\"}}]}<\/script>\n<!-- \/ Yoast SEO plugin. -->","yoast_head_json":{"title":"Lieferung und R\u00fccksendungen - Le Nez du Vin","robots":{"index":"index","follow":"follow","max-snippet":"max-snippet:-1","max-image-preview":"max-image-preview:large","max-video-preview":"max-video-preview:-1"},"canonical":"https:\/\/www.lenez.com\/de\/lieferung-und-ruecksendungen\/","og_locale":"de_DE","og_type":"article","og_title":"Lieferung und R\u00fccksendungen - Le Nez du Vin","og_description":"Lieferung und R\u00fccksendungen Alle unsere Werke werden in Frankreich handgefertigt und in unserer Werkstatt in Cassis gelagert. Wir haben uns entschieden, mit Colissimo zusammenzuarbeiten. Jedes Paket erh\u00e4lt eine Sendungsnummer, die Ihnen beim Versand der Bestellung per E Mail mitgeteilt wird, damit Sie den Verlauf Ihres Pakets auf der Website des jeweiligen Versanddienstleisters verfolgen k\u00f6nnen. Bitte [&hellip;]","og_url":"https:\/\/www.lenez.com\/de\/lieferung-und-ruecksendungen\/","og_site_name":"Le Nez du Vin","article_modified_time":"2025-10-23T13:47:21+00:00","twitter_card":"summary_large_image","twitter_misc":{"Gesch\u00e4tzte Lesezeit":"3\u00a0Minute"},"schema":{"@context":"https:\/\/schema.org","@graph":[{"@type":"WebPage","@id":"https:\/\/www.lenez.com\/de\/lieferung-und-ruecksendungen\/","url":"https:\/\/www.lenez.com\/de\/lieferung-und-ruecksendungen\/","name":"Lieferung und R\u00fccksendungen - Le Nez du Vin","isPartOf":{"@id":"https:\/\/www.lenez.com\/en\/#website"},"datePublished":"2025-01-14T10:52:21+00:00","dateModified":"2025-10-23T13:47:21+00:00","breadcrumb":{"@id":"https:\/\/www.lenez.com\/de\/lieferung-und-ruecksendungen\/#breadcrumb"},"inLanguage":"de","potentialAction":[{"@type":"ReadAction","target":["https:\/\/www.lenez.com\/de\/lieferung-und-ruecksendungen\/"]}]},{"@type":"BreadcrumbList","@id":"https:\/\/www.lenez.com\/de\/lieferung-und-ruecksendungen\/#breadcrumb","itemListElement":[{"@type":"ListItem","position":1,"name":"Accueil","item":"https:\/\/www.lenez.com\/"},{"@type":"ListItem","position":2,"name":"Odorama","item":"https:\/\/www.lenez.com\/de\/odorama\/"},{"@type":"ListItem","position":3,"name":"Lieferung und R\u00fccksendungen"}]},{"@type":"WebSite","@id":"https:\/\/www.lenez.com\/en\/#website","url":"https:\/\/www.lenez.com\/en\/","name":"Le Nez du Vin","description":"Site officiel des marques Le Nez du Vin, Le Nez du Caf\u00e9 et Le Nez du Whisky","publisher":{"@id":"https:\/\/www.lenez.com\/en\/#organization"},"potentialAction":[{"@type":"SearchAction","target":{"@type":"EntryPoint","urlTemplate":"https:\/\/www.lenez.com\/en\/?s={search_term_string}"},"query-input":{"@type":"PropertyValueSpecification","valueRequired":true,"valueName":"search_term_string"}}],"inLanguage":"de"},{"@type":"Organization","@id":"https:\/\/www.lenez.com\/en\/#organization","name":"Le Nez du Vin","url":"https:\/\/www.lenez.com\/en\/","logo":{"@type":"ImageObject","inLanguage":"de","@id":"https:\/\/www.lenez.com\/en\/#\/schema\/logo\/image\/","url":"https:\/\/www.lenez.com\/wp-content\/uploads\/2025\/05\/EJL_LOGO_2019.jpg","contentUrl":"https:\/\/www.lenez.com\/wp-content\/uploads\/2025\/05\/EJL_LOGO_2019.jpg","width":2362,"height":2362,"caption":"Le Nez du Vin"},"image":{"@id":"https:\/\/www.lenez.com\/en\/#\/schema\/logo\/image\/"}}]}},"_links":{"self":[{"href":"https:\/\/www.lenez.com\/de\/wp-json\/wp\/v2\/pages\/5263","targetHints":{"allow":["GET"]}}],"collection":[{"href":"https:\/\/www.lenez.com\/de\/wp-json\/wp\/v2\/pages"}],"about":[{"href":"https:\/\/www.lenez.com\/de\/wp-json\/wp\/v2\/types\/page"}],"author":[{"embeddable":true,"href":"https:\/\/www.lenez.com\/de\/wp-json\/wp\/v2\/users\/1"}],"replies":[{"embeddable":true,"href":"https:\/\/www.lenez.com\/de\/wp-json\/wp\/v2\/comments?post=5263"}],"version-history":[{"count":6,"href":"https:\/\/www.lenez.com\/de\/wp-json\/wp\/v2\/pages\/5263\/revisions"}],"predecessor-version":[{"id":7038,"href":"https:\/\/www.lenez.com\/de\/wp-json\/wp\/v2\/pages\/5263\/revisions\/7038"}],"wp:attachment":[{"href":"https:\/\/www.lenez.com\/de\/wp-json\/wp\/v2\/media?parent=5263"}],"curies":[{"name":"wp","href":"https:\/\/api.w.org\/{rel}","templated":true}]}}