{"id":5265,"date":"2025-01-13T18:14:43","date_gmt":"2025-01-13T17:14:43","guid":{"rendered":"https:\/\/shop.lenez.com\/rechtliche-hinweise\/"},"modified":"2025-10-21T11:26:29","modified_gmt":"2025-10-21T09:26:29","slug":"rechtliche-hinweise","status":"publish","type":"page","link":"https:\/\/www.lenez.com\/de\/rechtliche-hinweise\/","title":{"rendered":"Rechtliche Hinweise"},"content":{"rendered":"\n<div style=\"height:50px\" aria-hidden=\"true\" class=\"wp-block-spacer\"><\/div>\n\n<h1 class=\"wp-block-heading\">Impressum<\/h1>\n\n<p><strong>Letzte Aktualisierung: September 2025<\/strong><\/p>\n\n<p><strong>Website Publisher<\/strong><br\/>\u00c9ditions Jean Lenoir  <br\/>1600 chemin du plan d\u2019olive  <br\/>13260 Cassis \u2013 Frankreich  <br\/>Tel.: +33 (0)4 42 73 59 55  <br\/>E-Mail: communication@lenez.com  <br\/>Unternehmen mit einem Stammkapital von 78.770 \u20ac  <br\/>Handels- und Gesellschaftsregister Marseille \u2013 Nr. 327 763 959 00043  <br\/>USt-IdNr.: FR76 327 763 959  <br\/>Verlagsleiterin: Marie-Viva Lenoir \u2013 Vorstandsvorsitzende und Gesch\u00e4ftsf\u00fchrerin<\/p>\n\n<p><strong>Website Host<\/strong><br\/>OVH \u2013 SAS mit einem Stammkapital von 10 Millionen Euro<\/p>\n\n<p>2 rue Kellerman, 59100 Roubaix  <br\/>Handels- und Gesellschaftsregister Roubaix-Tourcoing B424 761 419  <br\/>Telefon: 1007<\/p>\n\n<p><strong>Geistiges Eigentum<\/strong><br\/>Der gesamte Inhalt der Website (Texte, Bilder, Grafiken, Logo, Symbole, Videos, T\u00f6ne, Software usw.) ist das ausschlie\u00dfliche Eigentum von \u00c9ditions Jean Lenoir oder seinen Partnern und durch das Urheberrecht und die Gesetze zum geistigen Eigentum gesch\u00fctzt.<br\/>Jede Vervielf\u00e4ltigung, Darstellung, \u00c4nderung, Ver\u00f6ffentlichung, \u00dcbermittlung oder Verf\u00e4lschung der Website oder ihres Inhalts, ganz oder teilweise, mit welchem Verfahren und auf welchem Medium auch immer, ist ohne vorherige schriftliche Genehmigung des Herausgebers untersagt.<\/p>\n\n<p><strong>Schutz personenbezogener Daten<\/strong><br\/>Gem\u00e4\u00df der Datenschutz-Grundverordnung (DSGVO) und dem franz\u00f6sischen Datenschutzgesetz werden die auf dieser Website erhobenen Daten ausschlie\u00dflich von \u00c9ditions Jean Lenoir verwendet.<br\/>Sie haben das Recht auf Zugang, Berichtigung, L\u00f6schung, Widerspruch und \u00dcbertragbarkeit Ihrer personenbezogenen Daten.<br\/>Zur Aus\u00fcbung dieses Rechts kontaktieren Sie uns bitte unter: communication@lenez.com.<br\/>Im Falle eines Streitfalls k\u00f6nnen Sie die CNIL kontaktieren (www.cnil.fr).<\/p>\n\n<p><strong>Datenschutzrichtlinie &amp; L\u00f6schung von Nutzerdaten<br\/><\/strong><br\/>Wir erfassen Ihre \u00f6ffentlichen Profildaten nur mit Ihrer Zustimmung, die Sie vor dem Start des sozialen Logins \u00fcber das soziale Netzwerk erteilen, das f\u00fcr die Anmeldung auf unserer Website verwendet wird. Diese Daten umfassen Ihren Vornamen, Nachnamen, Ihre E-Mail-Adresse, den Link zu Ihrem sozialen Profil, eine eindeutige Kennung sowie den Link zum Avatar Ihres Social-Media-Profils oder den Avatar selbst bei der Anmeldung \u00fcber Facebook und LinkedIn. Diese Daten werden zur Erstellung Ihres Benutzerprofils auf unserer Website verwendet. Sie k\u00f6nnen diese Zustimmung jederzeit auf Ihrer Profilseite auf unserer Website oder per E-Mail widerrufen.<\/p>\n\n<p><strong>Cookies<\/strong><br\/>Die Website kann Cookies und Tracker zu Zwecken der Reichweitenmessung, Inhaltsanpassung oder Werbung verwenden.<br\/>Bei Ihrem ersten Besuch k\u00f6nnen Sie \u00fcber ein Informationsbanner diese Cookies akzeptieren oder ablehnen. Sie k\u00f6nnen Ihre Auswahl jederzeit \u00fcber [Link zur Cookie-Verwaltung] \u00e4ndern.<\/p>\n\n<p><strong>Haftung<\/strong><br\/>\u00c9ditions Jean Lenoir bem\u00fcht sich, genaue und aktuelle Informationen auf der Website bereitzustellen, \u00fcbernimmt jedoch keine Haftung f\u00fcr Fehler, Auslassungen oder eventuelle Nichtverf\u00fcgbarkeit.<br\/>Der Nutzer erkennt an, dass er diese Informationen auf eigene Verantwortung verwendet.<\/p>\n\n<p><strong>Anwendbares Recht und zust\u00e4ndiges Gericht<\/strong><br\/>Diese rechtlichen Hinweise unterliegen dem franz\u00f6sischen Recht. Alle Streitigkeiten im Zusammenhang mit ihrer Auslegung oder Umsetzung fallen in die Zust\u00e4ndigkeit der zust\u00e4ndigen Gerichte in Marseille.<\/p>\n\n<p><strong>Website erstellt von <\/strong>:<\/p>\n\n<ul class=\"wp-block-list\">\n<li>Search-Factory &#8211; <a href=\"https:\/\/www.search-factory.fr\/\">www.search-factory.fr<\/a><\/li>\n<\/ul>\n","protected":false},"excerpt":{"rendered":"<p>Impressum Letzte Aktualisierung: September 2025 Website Publisher\u00c9ditions Jean Lenoir 1600 chemin du plan d\u2019olive 13260 Cassis \u2013 Frankreich Tel.: +33 (0)4 42 73 59 55 E-Mail: communication@lenez.com Unternehmen mit einem Stammkapital von 78.770 \u20ac Handels- und Gesellschaftsregister Marseille \u2013 Nr. 327 763 959 00043 USt-IdNr.: FR76 327 763 959 Verlagsleiterin: Marie-Viva Lenoir \u2013 Vorstandsvorsitzende und [&hellip;]<\/p>\n","protected":false},"author":1,"featured_media":0,"parent":0,"menu_order":0,"comment_status":"closed","ping_status":"closed","template":"","meta":{"_acf_changed":false,"footnotes":""},"class_list":["post-5265","page","type-page","status-publish","hentry"],"acf":[],"yoast_head":"<!-- This site is optimized with the Yoast SEO plugin v27.4 - https:\/\/yoast.com\/product\/yoast-seo-wordpress\/ -->\n<title>Rechtliche Hinweise - Le Nez du Vin<\/title>\n<meta name=\"robots\" content=\"index, follow, max-snippet:-1, max-image-preview:large, max-video-preview:-1\" \/>\n<link rel=\"canonical\" href=\"https:\/\/www.lenez.com\/de\/rechtliche-hinweise\/\" \/>\n<meta property=\"og:locale\" content=\"de_DE\" \/>\n<meta property=\"og:type\" content=\"article\" \/>\n<meta property=\"og:title\" content=\"Rechtliche Hinweise - Le Nez du Vin\" \/>\n<meta property=\"og:description\" content=\"Impressum Letzte Aktualisierung: September 2025 Website Publisher\u00c9ditions Jean Lenoir 1600 chemin du plan d\u2019olive 13260 Cassis \u2013 Frankreich Tel.: +33 (0)4 42 73 59 55 E-Mail: communication@lenez.com Unternehmen mit einem Stammkapital von 78.770 \u20ac Handels- und Gesellschaftsregister Marseille \u2013 Nr. 327 763 959 00043 USt-IdNr.: FR76 327 763 959 Verlagsleiterin: Marie-Viva Lenoir \u2013 Vorstandsvorsitzende und [&hellip;]\" \/>\n<meta property=\"og:url\" content=\"https:\/\/www.lenez.com\/de\/rechtliche-hinweise\/\" \/>\n<meta property=\"og:site_name\" content=\"Le Nez du Vin\" \/>\n<meta property=\"article:modified_time\" content=\"2025-10-21T09:26:29+00:00\" \/>\n<meta name=\"twitter:card\" content=\"summary_large_image\" \/>\n<meta name=\"twitter:label1\" content=\"Gesch\u00e4tzte Lesezeit\" \/>\n\t<meta name=\"twitter:data1\" content=\"2\u00a0Minute\" \/>\n<script type=\"application\/ld+json\" class=\"yoast-schema-graph\">{\"@context\":\"https:\\\/\\\/schema.org\",\"@graph\":[{\"@type\":\"WebPage\",\"@id\":\"https:\\\/\\\/www.lenez.com\\\/de\\\/rechtliche-hinweise\\\/\",\"url\":\"https:\\\/\\\/www.lenez.com\\\/de\\\/rechtliche-hinweise\\\/\",\"name\":\"Rechtliche Hinweise - Le Nez du Vin\",\"isPartOf\":{\"@id\":\"https:\\\/\\\/www.lenez.com\\\/en\\\/#website\"},\"datePublished\":\"2025-01-13T17:14:43+00:00\",\"dateModified\":\"2025-10-21T09:26:29+00:00\",\"breadcrumb\":{\"@id\":\"https:\\\/\\\/www.lenez.com\\\/de\\\/rechtliche-hinweise\\\/#breadcrumb\"},\"inLanguage\":\"de\",\"potentialAction\":[{\"@type\":\"ReadAction\",\"target\":[\"https:\\\/\\\/www.lenez.com\\\/de\\\/rechtliche-hinweise\\\/\"]}]},{\"@type\":\"BreadcrumbList\",\"@id\":\"https:\\\/\\\/www.lenez.com\\\/de\\\/rechtliche-hinweise\\\/#breadcrumb\",\"itemListElement\":[{\"@type\":\"ListItem\",\"position\":1,\"name\":\"Accueil\",\"item\":\"https:\\\/\\\/www.lenez.com\\\/\"},{\"@type\":\"ListItem\",\"position\":2,\"name\":\"Odorama\",\"item\":\"https:\\\/\\\/www.lenez.com\\\/de\\\/odorama\\\/\"},{\"@type\":\"ListItem\",\"position\":3,\"name\":\"Rechtliche Hinweise\"}]},{\"@type\":\"WebSite\",\"@id\":\"https:\\\/\\\/www.lenez.com\\\/en\\\/#website\",\"url\":\"https:\\\/\\\/www.lenez.com\\\/en\\\/\",\"name\":\"Le Nez du Vin\",\"description\":\"Site officiel des marques Le Nez du Vin, Le Nez du Caf\u00e9 et Le Nez du Whisky\",\"publisher\":{\"@id\":\"https:\\\/\\\/www.lenez.com\\\/en\\\/#organization\"},\"potentialAction\":[{\"@type\":\"SearchAction\",\"target\":{\"@type\":\"EntryPoint\",\"urlTemplate\":\"https:\\\/\\\/www.lenez.com\\\/en\\\/?s={search_term_string}\"},\"query-input\":{\"@type\":\"PropertyValueSpecification\",\"valueRequired\":true,\"valueName\":\"search_term_string\"}}],\"inLanguage\":\"de\"},{\"@type\":\"Organization\",\"@id\":\"https:\\\/\\\/www.lenez.com\\\/en\\\/#organization\",\"name\":\"Le Nez du Vin\",\"url\":\"https:\\\/\\\/www.lenez.com\\\/en\\\/\",\"logo\":{\"@type\":\"ImageObject\",\"inLanguage\":\"de\",\"@id\":\"https:\\\/\\\/www.lenez.com\\\/en\\\/#\\\/schema\\\/logo\\\/image\\\/\",\"url\":\"https:\\\/\\\/www.lenez.com\\\/wp-content\\\/uploads\\\/2025\\\/05\\\/EJL_LOGO_2019.jpg\",\"contentUrl\":\"https:\\\/\\\/www.lenez.com\\\/wp-content\\\/uploads\\\/2025\\\/05\\\/EJL_LOGO_2019.jpg\",\"width\":2362,\"height\":2362,\"caption\":\"Le Nez du Vin\"},\"image\":{\"@id\":\"https:\\\/\\\/www.lenez.com\\\/en\\\/#\\\/schema\\\/logo\\\/image\\\/\"}}]}<\/script>\n<!-- \/ Yoast SEO plugin. -->","yoast_head_json":{"title":"Rechtliche Hinweise - Le Nez du Vin","robots":{"index":"index","follow":"follow","max-snippet":"max-snippet:-1","max-image-preview":"max-image-preview:large","max-video-preview":"max-video-preview:-1"},"canonical":"https:\/\/www.lenez.com\/de\/rechtliche-hinweise\/","og_locale":"de_DE","og_type":"article","og_title":"Rechtliche Hinweise - Le Nez du Vin","og_description":"Impressum Letzte Aktualisierung: September 2025 Website Publisher\u00c9ditions Jean Lenoir 1600 chemin du plan d\u2019olive 13260 Cassis \u2013 Frankreich Tel.: +33 (0)4 42 73 59 55 E-Mail: communication@lenez.com Unternehmen mit einem Stammkapital von 78.770 \u20ac Handels- und Gesellschaftsregister Marseille \u2013 Nr. 327 763 959 00043 USt-IdNr.: FR76 327 763 959 Verlagsleiterin: Marie-Viva Lenoir \u2013 Vorstandsvorsitzende und [&hellip;]","og_url":"https:\/\/www.lenez.com\/de\/rechtliche-hinweise\/","og_site_name":"Le Nez du Vin","article_modified_time":"2025-10-21T09:26:29+00:00","twitter_card":"summary_large_image","twitter_misc":{"Gesch\u00e4tzte Lesezeit":"2\u00a0Minute"},"schema":{"@context":"https:\/\/schema.org","@graph":[{"@type":"WebPage","@id":"https:\/\/www.lenez.com\/de\/rechtliche-hinweise\/","url":"https:\/\/www.lenez.com\/de\/rechtliche-hinweise\/","name":"Rechtliche Hinweise - Le Nez du Vin","isPartOf":{"@id":"https:\/\/www.lenez.com\/en\/#website"},"datePublished":"2025-01-13T17:14:43+00:00","dateModified":"2025-10-21T09:26:29+00:00","breadcrumb":{"@id":"https:\/\/www.lenez.com\/de\/rechtliche-hinweise\/#breadcrumb"},"inLanguage":"de","potentialAction":[{"@type":"ReadAction","target":["https:\/\/www.lenez.com\/de\/rechtliche-hinweise\/"]}]},{"@type":"BreadcrumbList","@id":"https:\/\/www.lenez.com\/de\/rechtliche-hinweise\/#breadcrumb","itemListElement":[{"@type":"ListItem","position":1,"name":"Accueil","item":"https:\/\/www.lenez.com\/"},{"@type":"ListItem","position":2,"name":"Odorama","item":"https:\/\/www.lenez.com\/de\/odorama\/"},{"@type":"ListItem","position":3,"name":"Rechtliche Hinweise"}]},{"@type":"WebSite","@id":"https:\/\/www.lenez.com\/en\/#website","url":"https:\/\/www.lenez.com\/en\/","name":"Le Nez du Vin","description":"Site officiel des marques Le Nez du Vin, Le Nez du Caf\u00e9 et Le Nez du Whisky","publisher":{"@id":"https:\/\/www.lenez.com\/en\/#organization"},"potentialAction":[{"@type":"SearchAction","target":{"@type":"EntryPoint","urlTemplate":"https:\/\/www.lenez.com\/en\/?s={search_term_string}"},"query-input":{"@type":"PropertyValueSpecification","valueRequired":true,"valueName":"search_term_string"}}],"inLanguage":"de"},{"@type":"Organization","@id":"https:\/\/www.lenez.com\/en\/#organization","name":"Le Nez du Vin","url":"https:\/\/www.lenez.com\/en\/","logo":{"@type":"ImageObject","inLanguage":"de","@id":"https:\/\/www.lenez.com\/en\/#\/schema\/logo\/image\/","url":"https:\/\/www.lenez.com\/wp-content\/uploads\/2025\/05\/EJL_LOGO_2019.jpg","contentUrl":"https:\/\/www.lenez.com\/wp-content\/uploads\/2025\/05\/EJL_LOGO_2019.jpg","width":2362,"height":2362,"caption":"Le Nez du Vin"},"image":{"@id":"https:\/\/www.lenez.com\/en\/#\/schema\/logo\/image\/"}}]}},"_links":{"self":[{"href":"https:\/\/www.lenez.com\/de\/wp-json\/wp\/v2\/pages\/5265","targetHints":{"allow":["GET"]}}],"collection":[{"href":"https:\/\/www.lenez.com\/de\/wp-json\/wp\/v2\/pages"}],"about":[{"href":"https:\/\/www.lenez.com\/de\/wp-json\/wp\/v2\/types\/page"}],"author":[{"embeddable":true,"href":"https:\/\/www.lenez.com\/de\/wp-json\/wp\/v2\/users\/1"}],"replies":[{"embeddable":true,"href":"https:\/\/www.lenez.com\/de\/wp-json\/wp\/v2\/comments?post=5265"}],"version-history":[{"count":5,"href":"https:\/\/www.lenez.com\/de\/wp-json\/wp\/v2\/pages\/5265\/revisions"}],"predecessor-version":[{"id":6954,"href":"https:\/\/www.lenez.com\/de\/wp-json\/wp\/v2\/pages\/5265\/revisions\/6954"}],"wp:attachment":[{"href":"https:\/\/www.lenez.com\/de\/wp-json\/wp\/v2\/media?parent=5265"}],"curies":[{"name":"wp","href":"https:\/\/api.w.org\/{rel}","templated":true}]}}