{"id":5702,"date":"2025-06-04T17:48:21","date_gmt":"2025-06-04T15:48:21","guid":{"rendered":"https:\/\/shop.lenez.com\/ein-training-fuer-alle-le-nez-du-vin\/"},"modified":"2025-10-21T14:08:02","modified_gmt":"2025-10-21T12:08:02","slug":"ein-training-fuer-alle-le-nez-du-vin","status":"publish","type":"page","link":"https:\/\/www.lenez.com\/de\/ein-training-fuer-alle-le-nez-du-vin\/","title":{"rendered":"Ein Training f\u00fcr alle &#8211; Le Nez du Vin"},"content":{"rendered":"\n<div class=\"container-fluid\">\n<div class=\"banner\" style=\"background: url('https:\/\/www.lenez.com\/wp-content\/uploads\/2025\/07\/6_LNDV_2023_00011-scaled.jpeg'); background-size: cover; background-position: top;\" data-darkreader-inline-bgcolor=\"\">\n<div class=\"content-inn\">\n<div class=\"text-container\">\n<h1 class=\"h2 gtdjdvJjks\" style=\"background-image: url('https:\/\/www.lenez.com\/wp-content\/uploads\/2025\/07\/6_LNDV_2023_00011-scaled.jpeg'); -webkit-background-clip: text; background-clip: text; -webkit-text-fill-color: #00000063; background-position: bottom; background-repeat: no-repeat; background-size: cover;\">Ein Training f\u00fcr alle &#8211; Le Nez du Vin<\/h1>\n<\/div><br\/><\/div><br\/><\/div><br\/><\/div><br\/>\n\n<div class=\"wp-block-columns UijHGD tab-empile is-layout-flex wp-container-core-columns-is-layout-9d6595d7 wp-block-columns-is-layout-flex\">\n<div class=\"wp-block-column is-layout-flow wp-block-column-is-layout-flow\">\n<h2 class=\"wp-block-heading\">Ein Werkzeug f\u00fcr alle \u2013 Spezialist:innen und Einsteiger:innen<\/h2>\n\n\n\n<ul class=\"wp-block-list\">\n<li>Sie trinken gerne Wein, aber haben das Gef\u00fchl, sich \u201enicht wirklich auszukennen\u201c? Sie w\u00fcnschen sich eine einfache und verst\u00e4ndliche Methode, um Ihre Vorlieben besser zu erkennen \u2013 und beim Kauf nicht mehr ins Blaue zu greifen.<\/li>\n\n\n\n<li>Als Gelegenheitsgenie\u00dfer:in oder passionierter Weinliebhaber:in m\u00f6chten Sie ein Werk, das Ihnen hilft, Weine pr\u00e4ziser zu beschreiben und ihre Herkunft oder ihr Alter einzusch\u00e4tzen.<\/li>\n\n\n\n<li>Sie sind Student:in oder arbeiten professionell mit Wein \u2013 als Sommelier oder \u00d6nologe:in \u2013 und ben\u00f6tigen ein Werkzeug, um Ihren Geruchssinn regelm\u00e4\u00dfig zu trainieren und Ihr olfaktorisches Ged\u00e4chtnis zu erweitern.<\/li>\n\n\n\n<li>Der elit\u00e4re und kodierte Fachjargon der Weinszene schreckt Sie ab oder langweilt Sie? Sie suchen einen sinnlichen, spielerischen Zugang.<\/li>\n\n\n\n<li>Sie m\u00f6chten einem erfahrenen Kenner ein Geschenk machen? Was k\u00f6nnte origineller sein als eine Flasche \u2013 und kl\u00fcger als ein Korkenzieher?<\/li>\n<\/ul>\n\n\n\n<p class=\"has-text-align-center\"><strong>Erkennen Sie sich in einem dieser Punkte wieder? Dann ist <em>Le Nez du Vin<\/em> genau das Richtige f\u00fcr Sie!<\/strong><\/p>\n\n\n\n<p>Ob als Arbeitsmittel oder als Spiel \u2013 die Aromen-Sets stehen allen Verkoster:innen zur Verf\u00fcgung, vom Profi bis zum Amateur.<\/p>\n\n\n\n<h2 class=\"wp-block-heading\">Trainieren Sie Ihren Geruchssinn<\/h2>\n\n\n\n<p>Als zentrale Komponente des Geschmacks spielt der Geruchssinn eine entscheidende Rolle bei der Weinverkostung.<\/p>\n\n\n\n<p>Und doch ist es oft schwierig, die Aromen zu benennen, die aus dem Weinglas aufsteigen. Kennen Sie das Gef\u00fchl, einen Duft zu kennen, ohne ihn wiederzuerkennen? V\u00f6llig normal! So wie wir das Lesen, Schreiben und Rechnen gelernt haben, muss auch das Riechen ge\u00fcbt<br\/>werden.<\/p>\n\n\n\n<p><em>Le Nez du Vin<\/em> ist ein von Fachleuten anerkanntes Arbeitsmittel \u2013 und zugleich ein Spiel, das allen zug\u00e4nglich ist. Schon nach wenigen Wochen werden Sie in der Lage sein, Aromen sicher zu unterscheiden, zu benennen und sich einzupr\u00e4gen.<\/p>\n\n\n\n<p>Doch wozu das Ganze?<\/p>\n\n\n\n<h2 class=\"wp-block-heading\">Machen Sie schnelle Fortschritte bei der Verkostung<\/h2>\n\n\n\n<p>Zun\u00e4chst einmal: Das Erkennen von Weinaromen erweitert das Verkostungsvokabular. <\/p>\n\n\n\n<p>Eindr\u00fccke in Worte zu fassen steigert den Trinkgenuss und erleichtert den Austausch mit anderen.<\/p>\n\n\n\n<p>Dar\u00fcber hinaus liefern die Aromen eines Weins wertvolle Hinweise \u2013 auf seine Rebsorte, seine geografische Herkunft, die Art der Vinifikation und Reifung sowie auf sein Alter.<\/p>\n\n\n\n<p>Im Wein wurden zwischen 700 und 1.000 fl\u00fcchtige Aromastoffe identifiziert. <em>Le Nez du Vin<\/em> unterscheidet fruchtige, blumige, pflanzliche, w\u00fcrzige, tierische und ger\u00f6stete Noten. Die Aromen lassen sich auch nach ihrem Entstehungszeitpunkt gliedern: Die sogenannten prim\u00e4ren Aromen (oder Rebsortenaromen) stammen direkt aus der Traube und ihrem Umfeld. Sie h\u00e4ngen vom Rebsortentyp, dem Terroir oder dem Jahrgang ab. Ein Beispiel: Methoxypyrazine, die an gr\u00fcne Paprika erinnern, kommen typischerweise bei Cabernet-Rebsorten (franc und sauvignon) vor und deuten auf eine Ernte in leichter Unreife hin.<\/p>\n\n\n\n<p>Sekund\u00e4re Aromen entstehen im Laufe der Vinifikation. Sie h\u00e4ngen von den verwendeten Hefen, Bakterien und den G\u00e4rbedingungen ab. So entsteht Isoamylacetat, ein Duft nach Banane, bei der Hefeaktivit\u00e4t zu Beginn der G\u00e4rung. Auch die Kohlens\u00e4uremaischung, wie sie beim Beaujolais Nouveau angewendet wird, beg\u00fcnstigt seine Bildung.<\/p>\n\n\n\n<p>Terti\u00e4re Aromen schlie\u00dflich entwickeln sich w\u00e4hrend der Reifung und Lagerung in der Flasche. Ein Beispiel: Eugenol, das an Nelken erinnert, z\u00e4hlt zu den Substanzen, die beim Ausbau i<a href=\"https:\/\/www.lenez.com\/de\/coffret\/weinaroma-koffer\/das-eichenfass-12-aromen\/\">m Eichenfass<\/a> an den Wein \u00fcbergehen.<\/p>\n\n\n\n<h2 class=\"wp-block-heading\">Werden Sie zum Sherlock Holmes des Weins<\/h2>\n\n\n\n<p>In <em>Le Nez du Vin<\/em> dienen Ihnen die Begleitmaterialien \u2013 Buch, Karten und\/oder<br\/>Aromakarteien \u2013 als Leitfaden. F\u00fcr jede Rebsorte und jede Weinregion in Frankreich und der Welt geben sie charakteristische Duftnoten an. So schlagen sie eine Br\u00fccke zwischen den Aromen und den Flaschen, die Sie \u00f6ffnen. Perfekt, um bei der n\u00e4chsten Verkostung den richtigen Riecher zu haben \u2013 und spannende olfaktorische Ermittlungen durchzuf\u00fchren, ganz locker aus \u2026 der Nase!<\/p>\n\n\n\n<p>Stellen Sie sich vor: Man reicht Ihnen ein Glas Wei\u00dfwein. <a href=\"https:\/\/www.lenez.com\/de\/gebrauchsanleitung-le-nez-du-vin\/\">Dank regelm\u00e4\u00dfigem Training mit unseren kleinen Fl\u00e4schchen<\/a> erkennen Sie darin Noten von Lindenbl\u00fcte, ger\u00f6steter Haselnuss, Butter und Vanille. So viele wertvolle Hinweise! Im Buch lesen Sie, dass dieses Aromaprofil typisch f\u00fcr Chardonnay ist, dass der Buttereindruck vom Diacetyl stammt \u2013 einem Molek\u00fcl, das bei der malolaktischen G\u00e4rung entsteht \u2013 und dass die Vanille auf einen Ausbau im Holzfass hinweist. Handelt es sich wom\u00f6glich um einen Wein aus dem Burgund? Elementar, mein lieber Watson!<\/p>\n\n\n\n<h2 class=\"wp-block-heading\">Verfeinern Sie Ihren Geschmack<\/h2>\n\n\n\n<p>Sie sind Einsteiger:in und m\u00f6gen gerne sehr aromatische Wei\u00dfweine? Mit <em>Le Nez du Vin<\/em> erfahren Sie, dass Sie bedenkenlos zu Gew\u00fcrztraminer oder Muskateller greifen k\u00f6nnen. Was diese Rebsorten gemeinsam haben? Ihren Reichtum an Monoterpenen \u2013 hochduftenden Verbindungen, die schon in der Beere vorhanden sind und an Rose, Litschi, Maigl\u00f6ckchen oder Zitronengras erinnern.<\/p>\n\n\n\n<p>Wer sein Geruchsspektrum beherrscht, kann auch Speisen und Weine gezielt und stimmig kombinieren. Aromen k\u00f6nnen n\u00e4mlich als roter Faden zwischen Glas und Teller dienen \u2013 idealerweise sollte man vom Wein ausgehen, um das Men\u00fc zu gestalten, nicht umgekehrt. Wichtig: Es muss nicht immer die dominante Note sein, die das Pairing bestimmt \u2013 oft reicht ein deutlich identifizierbares Aroma. Einige Beispiele finden Sie hier.<\/p>\n\n\n\n<h2 class=\"wp-block-heading\">Geschmack und Geruch<\/h2>\n\n\n\n<p><a href=\"https:\/\/www.lenez.com\/de\/coffret\/weinaroma-koffer\/le-nez-du-vin-das-grosse-modell-mit-54-aromen\/\">54 Aromen<\/a>, <a href=\"https:\/\/www.lenez.com\/de\/coffret\/weinaroma-koffer\/die-rotweine-12-aromen\/\">12 Rotweinaromen<\/a>, <a href=\"https:\/\/www.lenez.com\/de\/coffret\/weinaroma-koffer\/das-eichenfass-12-aromen\/\">12 Holznoten<\/a>, <a href=\"https:\/\/www.lenez.com\/de\/coffret\/weinaroma-koffer\/die-weinfehler-12-aromen\/\">12 Weinfehler<\/a> \u2013 die \u00c9ditions Jean Lenoir bieten Aromasets f\u00fcr jeden Geschmack und jedes Niveau.<\/p>\n\n\n\n<p>Um das Set zu finden, das am besten zu Ihren Bed\u00fcrfnissen und W\u00fcnschen passt, entdecken Sie <a href=\"https:\/\/www.lenez.com\/de\/boxen\/weinaroma-koffer\/\">die gesamte Kollektion<\/a> von <em>Le Nez du Vin<\/em>.<\/p>\n<\/div>\n<\/div>\n","protected":false},"excerpt":{"rendered":"<p>Ein Training f\u00fcr alle &#8211; Le Nez du Vin Ein Werkzeug f\u00fcr alle \u2013 Spezialist:innen und Einsteiger:innen Erkennen Sie sich in einem dieser Punkte wieder? Dann ist Le Nez du Vin genau das Richtige f\u00fcr Sie! Ob als Arbeitsmittel oder als Spiel \u2013 die Aromen-Sets stehen allen Verkoster:innen zur Verf\u00fcgung, vom Profi bis zum Amateur. [&hellip;]<\/p>\n","protected":false},"author":1,"featured_media":0,"parent":0,"menu_order":0,"comment_status":"closed","ping_status":"closed","template":"","meta":{"_acf_changed":false,"footnotes":""},"class_list":["post-5702","page","type-page","status-publish","hentry"],"acf":[],"yoast_head":"<!-- This site is optimized with the Yoast SEO plugin v27.4 - https:\/\/yoast.com\/product\/yoast-seo-wordpress\/ -->\n<title>Ein Training f\u00fcr alle - Le Nez du Vin - Le Nez du Vin<\/title>\n<meta name=\"robots\" content=\"index, follow, max-snippet:-1, max-image-preview:large, max-video-preview:-1\" \/>\n<link rel=\"canonical\" href=\"https:\/\/www.lenez.com\/de\/ein-training-fuer-alle-le-nez-du-vin\/\" \/>\n<meta property=\"og:locale\" content=\"de_DE\" \/>\n<meta property=\"og:type\" content=\"article\" \/>\n<meta property=\"og:title\" content=\"Ein Training f\u00fcr alle - Le Nez du Vin - Le Nez du Vin\" \/>\n<meta property=\"og:description\" content=\"Ein Training f\u00fcr alle &#8211; Le Nez du Vin Ein Werkzeug f\u00fcr alle \u2013 Spezialist:innen und Einsteiger:innen Erkennen Sie sich in einem dieser Punkte wieder? Dann ist Le Nez du Vin genau das Richtige f\u00fcr Sie! Ob als Arbeitsmittel oder als Spiel \u2013 die Aromen-Sets stehen allen Verkoster:innen zur Verf\u00fcgung, vom Profi bis zum Amateur. [&hellip;]\" \/>\n<meta property=\"og:url\" content=\"https:\/\/www.lenez.com\/de\/ein-training-fuer-alle-le-nez-du-vin\/\" \/>\n<meta property=\"og:site_name\" content=\"Le Nez du Vin\" \/>\n<meta property=\"article:modified_time\" content=\"2025-10-21T12:08:02+00:00\" \/>\n<meta name=\"twitter:card\" content=\"summary_large_image\" \/>\n<meta name=\"twitter:label1\" content=\"Gesch\u00e4tzte Lesezeit\" \/>\n\t<meta name=\"twitter:data1\" content=\"5\u00a0Minute\" \/>\n<script type=\"application\/ld+json\" class=\"yoast-schema-graph\">{\"@context\":\"https:\\\/\\\/schema.org\",\"@graph\":[{\"@type\":\"WebPage\",\"@id\":\"https:\\\/\\\/www.lenez.com\\\/de\\\/ein-training-fuer-alle-le-nez-du-vin\\\/\",\"url\":\"https:\\\/\\\/www.lenez.com\\\/de\\\/ein-training-fuer-alle-le-nez-du-vin\\\/\",\"name\":\"Ein Training f\u00fcr alle - Le Nez du Vin - Le Nez du Vin\",\"isPartOf\":{\"@id\":\"https:\\\/\\\/www.lenez.com\\\/en\\\/#website\"},\"datePublished\":\"2025-06-04T15:48:21+00:00\",\"dateModified\":\"2025-10-21T12:08:02+00:00\",\"breadcrumb\":{\"@id\":\"https:\\\/\\\/www.lenez.com\\\/de\\\/ein-training-fuer-alle-le-nez-du-vin\\\/#breadcrumb\"},\"inLanguage\":\"de\",\"potentialAction\":[{\"@type\":\"ReadAction\",\"target\":[\"https:\\\/\\\/www.lenez.com\\\/de\\\/ein-training-fuer-alle-le-nez-du-vin\\\/\"]}]},{\"@type\":\"BreadcrumbList\",\"@id\":\"https:\\\/\\\/www.lenez.com\\\/de\\\/ein-training-fuer-alle-le-nez-du-vin\\\/#breadcrumb\",\"itemListElement\":[{\"@type\":\"ListItem\",\"position\":1,\"name\":\"Accueil\",\"item\":\"https:\\\/\\\/www.lenez.com\\\/\"},{\"@type\":\"ListItem\",\"position\":2,\"name\":\"Odorama\",\"item\":\"https:\\\/\\\/www.lenez.com\\\/de\\\/odorama\\\/\"},{\"@type\":\"ListItem\",\"position\":3,\"name\":\"Ein Training f\u00fcr alle &#8211; Le Nez du Vin\"}]},{\"@type\":\"WebSite\",\"@id\":\"https:\\\/\\\/www.lenez.com\\\/en\\\/#website\",\"url\":\"https:\\\/\\\/www.lenez.com\\\/en\\\/\",\"name\":\"Le Nez du Vin\",\"description\":\"Site officiel des marques Le Nez du Vin, Le Nez du Caf\u00e9 et Le Nez du Whisky\",\"publisher\":{\"@id\":\"https:\\\/\\\/www.lenez.com\\\/en\\\/#organization\"},\"potentialAction\":[{\"@type\":\"SearchAction\",\"target\":{\"@type\":\"EntryPoint\",\"urlTemplate\":\"https:\\\/\\\/www.lenez.com\\\/en\\\/?s={search_term_string}\"},\"query-input\":{\"@type\":\"PropertyValueSpecification\",\"valueRequired\":true,\"valueName\":\"search_term_string\"}}],\"inLanguage\":\"de\"},{\"@type\":\"Organization\",\"@id\":\"https:\\\/\\\/www.lenez.com\\\/en\\\/#organization\",\"name\":\"Le Nez du Vin\",\"url\":\"https:\\\/\\\/www.lenez.com\\\/en\\\/\",\"logo\":{\"@type\":\"ImageObject\",\"inLanguage\":\"de\",\"@id\":\"https:\\\/\\\/www.lenez.com\\\/en\\\/#\\\/schema\\\/logo\\\/image\\\/\",\"url\":\"https:\\\/\\\/www.lenez.com\\\/wp-content\\\/uploads\\\/2025\\\/05\\\/EJL_LOGO_2019.jpg\",\"contentUrl\":\"https:\\\/\\\/www.lenez.com\\\/wp-content\\\/uploads\\\/2025\\\/05\\\/EJL_LOGO_2019.jpg\",\"width\":2362,\"height\":2362,\"caption\":\"Le Nez du Vin\"},\"image\":{\"@id\":\"https:\\\/\\\/www.lenez.com\\\/en\\\/#\\\/schema\\\/logo\\\/image\\\/\"}}]}<\/script>\n<!-- \/ Yoast SEO plugin. -->","yoast_head_json":{"title":"Ein Training f\u00fcr alle - Le Nez du Vin - Le Nez du Vin","robots":{"index":"index","follow":"follow","max-snippet":"max-snippet:-1","max-image-preview":"max-image-preview:large","max-video-preview":"max-video-preview:-1"},"canonical":"https:\/\/www.lenez.com\/de\/ein-training-fuer-alle-le-nez-du-vin\/","og_locale":"de_DE","og_type":"article","og_title":"Ein Training f\u00fcr alle - Le Nez du Vin - Le Nez du Vin","og_description":"Ein Training f\u00fcr alle &#8211; Le Nez du Vin Ein Werkzeug f\u00fcr alle \u2013 Spezialist:innen und Einsteiger:innen Erkennen Sie sich in einem dieser Punkte wieder? Dann ist Le Nez du Vin genau das Richtige f\u00fcr Sie! Ob als Arbeitsmittel oder als Spiel \u2013 die Aromen-Sets stehen allen Verkoster:innen zur Verf\u00fcgung, vom Profi bis zum Amateur. [&hellip;]","og_url":"https:\/\/www.lenez.com\/de\/ein-training-fuer-alle-le-nez-du-vin\/","og_site_name":"Le Nez du Vin","article_modified_time":"2025-10-21T12:08:02+00:00","twitter_card":"summary_large_image","twitter_misc":{"Gesch\u00e4tzte Lesezeit":"5\u00a0Minute"},"schema":{"@context":"https:\/\/schema.org","@graph":[{"@type":"WebPage","@id":"https:\/\/www.lenez.com\/de\/ein-training-fuer-alle-le-nez-du-vin\/","url":"https:\/\/www.lenez.com\/de\/ein-training-fuer-alle-le-nez-du-vin\/","name":"Ein Training f\u00fcr alle - Le Nez du Vin - Le Nez du Vin","isPartOf":{"@id":"https:\/\/www.lenez.com\/en\/#website"},"datePublished":"2025-06-04T15:48:21+00:00","dateModified":"2025-10-21T12:08:02+00:00","breadcrumb":{"@id":"https:\/\/www.lenez.com\/de\/ein-training-fuer-alle-le-nez-du-vin\/#breadcrumb"},"inLanguage":"de","potentialAction":[{"@type":"ReadAction","target":["https:\/\/www.lenez.com\/de\/ein-training-fuer-alle-le-nez-du-vin\/"]}]},{"@type":"BreadcrumbList","@id":"https:\/\/www.lenez.com\/de\/ein-training-fuer-alle-le-nez-du-vin\/#breadcrumb","itemListElement":[{"@type":"ListItem","position":1,"name":"Accueil","item":"https:\/\/www.lenez.com\/"},{"@type":"ListItem","position":2,"name":"Odorama","item":"https:\/\/www.lenez.com\/de\/odorama\/"},{"@type":"ListItem","position":3,"name":"Ein Training f\u00fcr alle &#8211; Le Nez du Vin"}]},{"@type":"WebSite","@id":"https:\/\/www.lenez.com\/en\/#website","url":"https:\/\/www.lenez.com\/en\/","name":"Le Nez du Vin","description":"Site officiel des marques Le Nez du Vin, Le Nez du Caf\u00e9 et Le Nez du Whisky","publisher":{"@id":"https:\/\/www.lenez.com\/en\/#organization"},"potentialAction":[{"@type":"SearchAction","target":{"@type":"EntryPoint","urlTemplate":"https:\/\/www.lenez.com\/en\/?s={search_term_string}"},"query-input":{"@type":"PropertyValueSpecification","valueRequired":true,"valueName":"search_term_string"}}],"inLanguage":"de"},{"@type":"Organization","@id":"https:\/\/www.lenez.com\/en\/#organization","name":"Le Nez du Vin","url":"https:\/\/www.lenez.com\/en\/","logo":{"@type":"ImageObject","inLanguage":"de","@id":"https:\/\/www.lenez.com\/en\/#\/schema\/logo\/image\/","url":"https:\/\/www.lenez.com\/wp-content\/uploads\/2025\/05\/EJL_LOGO_2019.jpg","contentUrl":"https:\/\/www.lenez.com\/wp-content\/uploads\/2025\/05\/EJL_LOGO_2019.jpg","width":2362,"height":2362,"caption":"Le Nez du Vin"},"image":{"@id":"https:\/\/www.lenez.com\/en\/#\/schema\/logo\/image\/"}}]}},"_links":{"self":[{"href":"https:\/\/www.lenez.com\/de\/wp-json\/wp\/v2\/pages\/5702","targetHints":{"allow":["GET"]}}],"collection":[{"href":"https:\/\/www.lenez.com\/de\/wp-json\/wp\/v2\/pages"}],"about":[{"href":"https:\/\/www.lenez.com\/de\/wp-json\/wp\/v2\/types\/page"}],"author":[{"embeddable":true,"href":"https:\/\/www.lenez.com\/de\/wp-json\/wp\/v2\/users\/1"}],"replies":[{"embeddable":true,"href":"https:\/\/www.lenez.com\/de\/wp-json\/wp\/v2\/comments?post=5702"}],"version-history":[{"count":20,"href":"https:\/\/www.lenez.com\/de\/wp-json\/wp\/v2\/pages\/5702\/revisions"}],"predecessor-version":[{"id":6984,"href":"https:\/\/www.lenez.com\/de\/wp-json\/wp\/v2\/pages\/5702\/revisions\/6984"}],"wp:attachment":[{"href":"https:\/\/www.lenez.com\/de\/wp-json\/wp\/v2\/media?parent=5702"}],"curies":[{"name":"wp","href":"https:\/\/api.w.org\/{rel}","templated":true}]}}