{"id":5704,"date":"2025-06-04T17:38:11","date_gmt":"2025-06-04T15:38:11","guid":{"rendered":"https:\/\/shop.lenez.com\/ein-training-fuer-alle-le-nez-du-cafe\/"},"modified":"2025-10-21T14:08:21","modified_gmt":"2025-10-21T12:08:21","slug":"ein-training-fuer-alle-le-nez-du-cafe","status":"publish","type":"page","link":"https:\/\/www.lenez.com\/de\/ein-training-fuer-alle-le-nez-du-cafe\/","title":{"rendered":"Ein Training f\u00fcr alle &#8211; Le Nez du Caf\u00e9"},"content":{"rendered":"\n<div class=\"container-fluid\">\n<div class=\"banner\" style=\"background: url('https:\/\/www.lenez.com\/wp-content\/uploads\/2025\/07\/8_20250717-RBassenne-EditionsJeanLenoir-2468.jpg'); background-size: cover; background-position: center;\" data-darkreader-inline-bgcolor=\"\">\n<div class=\"content-inn\">\n<div class=\"text-container\">\n<h1 class=\"h2 gtdjdvJjks\" style=\"background-image: url('https:\/\/www.lenez.com\/wp-content\/uploads\/2025\/07\/8_20250717-RBassenne-EditionsJeanLenoir-2468.jpg'); -webkit-background-clip: text; background-clip: text; -webkit-text-fill-color: transparent; background-position: bottom; background-repeat: no-repeat; background-size: cover;\">Ein Training f\u00fcr alle &#8211; Le Nez du Caf\u00e9<\/h1>\n<\/div><br\/><\/div><br\/><\/div><br\/><\/div><br\/>\n\n<div style=\"height:25px\" aria-hidden=\"true\" class=\"wp-block-spacer\"><\/div>\n\n<div class=\"wp-block-columns UijHGD tab-empile is-layout-flex wp-container-core-columns-is-layout-9d6595d7 wp-block-columns-is-layout-flex\">\n<div class=\"wp-block-column is-layout-flow wp-block-column-is-layout-flow\">\n<h2 class=\"wp-block-heading\">Ein Werkzeug f\u00fcr alle \u2013 Profis wie Genie\u00dfer<\/h2>\n\n\n\n<ul class=\"wp-block-list\">\n<li>Sie sind Student:in oder Fachkraft im Kaffeesektor, Barista oder R\u00f6ster:in: Sie brauchen ein Arbeitsmittel, um Ihren Geruchssinn regelm\u00e4\u00dfig zu trainieren und Ihr Duftged\u00e4chtnis zu erweitern.<\/li>\n\n\n\n<li>Sie sind Kaffee-Liebhaber:in \u2013 ob Gelegenheitsgenie\u00dfer:in oder passioniert seit Jahren \u2013 und suchen ein Werk, das Ihnen hilft, Spezialit\u00e4tenkaffees pr\u00e4zise zu beschreiben.<\/li>\n\n\n\n<li>Der elit\u00e4re, codierte Jargon der Expert:innen schreckt Sie ab oder langweilt Sie? Sie w\u00fcnschen sich einen sinnlichen, spielerischen Zugang.<\/li>\n\n\n\n<li>Sie m\u00f6chten einem wahren Kenner ein originelles Geschenk machen? Was k\u00f6nnte ausgefallener sein als eine Packung Kaffee \u2013 und kl\u00fcger als eine Maschine?<\/li>\n\n\n\n<li>Sie trinken gerne Kaffee, haben aber \u201ekeine Ahnung\u201c? Sie tr\u00e4umen von einer einfachen, verst\u00e4ndlichen Methode, um Ihren Geschmack besser einzuordnen \u2013 und nicht mehr nach dem Zufallsprinzip zu kaufen?<\/li>\n<\/ul>\n\n\n\n<p class=\"has-text-align-center\"><em><strong>Erkennen Sie sich in einem dieser Punkte wieder? Dann ist Le Nez du Caf\u00e9 genau das Richtige f\u00fcr Sie!<\/strong><\/em><\/p>\n\n\n\n<p>Ob als Arbeitsmittel oder als Spiel \u2013 die Aromen-Sets stehen allen Verkoster:innen zur Verf\u00fcgung, ob beruflich oder privat.<\/p>\n\n\n\n<h2 class=\"wp-block-heading\">Trainieren Sie Ihren Geruchssinn<\/h2>\n\n\n\n<p><a href=\"https:\/\/www.lenez.com\/de\/odorama-de\/die-olfaktion\/der-geruch\/\">Als zentrale Komponente des Geschmacks<\/a> spielt der Geruchssinn eine entscheidende Rolle bei der Verkostung.<\/p>\n\n\n\n<p>Dennoch f\u00e4llt es oft schwer, die Aromen aus der Kaffeetasse genau zu erkennen. Kennen Sie das Gef\u00fchl, einen Duft zu kennen, ohne ihn wiederzuerkennen? Ganz normal! So wie wir Lesen, Schreiben und Rechnen gelernt haben, muss auch das Riechen ge\u00fcbt werden.<\/p>\n\n\n\n<p><em>Le Nez du Caf\u00e9<\/em> ist seit 1996 eine anerkannte Referenz in der Kaffeebranche und wurde 2025 vollst\u00e4ndig \u00fcberarbeitet. Es ist Pflichtbestandteil f\u00fcr den Q Grader sowie f\u00fcr das Modul \u201eFlavours and Aromas\u201c der Specialty Coffee Association (SCA), die heute zusammengef\u00fchrt sind.<\/p>\n\n\n\n<p>Als viel genutztes Arbeitsinstrument von Profis l\u00e4sst sich <em>Le Nez du Caf\u00e9<\/em> auch spielerisch einsetzen \u2013 f\u00fcr jede und jeden. Schon nach wenigen Wochen werden Sie Aromen sicher unterscheiden, benennen und sich merken k\u00f6nnen.<\/p>\n\n\n\n<p>Aber\u2026 wozu das Ganze?<\/p>\n\n\n\n<h2 class=\"wp-block-heading\">Bewerten und beschreiben Sie die Qualit\u00e4t eines Kaffees<\/h2>\n\n\n\n<p>Zun\u00e4chst einmal: Das Erkennen von Kaffeearomen erweitert das Verkostungsvokabular. Wenn wir unseren Eindr\u00fccken Worte geben, verst\u00e4rkt das den Trinkgenuss \u2013 und f\u00f6rdert den Austausch mit anderen.<\/p>\n\n\n\n<p>Dar\u00fcber hinaus geh\u00f6ren Kaffeearomen zu den aussagekr\u00e4ftigsten Indikatoren seines Potenzials. Ohne sie w\u00e4re ein Kaffee flach, ausdruckslos \u2013 schlichtweg langweilig. In den letzten zwei Jahrzehnten haben sich die Grenzen zwischen Arten, Variet\u00e4ten und Aufbereitungsverfahren je nach Herkunftsregion zunehmend verwischt. Das hat eine neue Entdeckungsreise er\u00f6ffnet \u2013 f\u00fcr Profis wie f\u00fcr Liebhaber:innen von Spezialit\u00e4tenkaffee. Diese Entwicklung hat ein Universum an M\u00f6glichkeiten sichtbar gemacht, das uns mit jeder Tasse aufs Neue \u00fcberrascht und begeistert.<\/p>\n\n\n\n<p>Als Fachperson kann die F\u00e4higkeit, Aromen zu erkennen und zu benennen, auch im Arbeitsalltag hilfreich sein. Betrachten Sie Ihre Nase \u2013 und Ihr Gehirn \u2013 als Muskeln, die regelm\u00e4\u00dfiges Training brauchen. Je st\u00e4rker Sie Ihren Geruchssinn bei der Kaffeeanalyse entwickeln, desto mehr w\u00e4chst Ihr Selbstvertrauen. So k\u00f6nnen Sie Ihre Produkte treffender beschreiben, eine Getr\u00e4nkekarte gestalten, Mischungen und Rezepturen planen \u2013 oder gezielter auf Kundenw\u00fcnsche eingehen.<\/p>\n\n\n\n<h2 class=\"wp-block-heading\">Ein gemeinsames Vokabular<\/h2>\n\n\n\n<p>Um sich in der komplexen und vielf\u00e4ltigen Welt des Kaffees zurechtzufinden, ist eine gemeinsame, sachliche Sprache unerl\u00e4sslich. Die Aromafl\u00e4schchen von <em>Le Nez du Caf\u00e9<\/em> bilden ein Alphabet \u2013 eine weltweit geteilte Sprache des Kaffees. Diese universelle Verst\u00e4ndigung ist innerhalb einer Industrie, die auf allen Kontinenten pr\u00e4sent ist, unverzichtbar geworden.<\/p>\n\n\n\n<p>Kaffee wird oft mehrfach gekauft und verkauft, bevor er den Endverbraucher erreicht. Bei jeder dieser Transaktionen entsteht ein Gespr\u00e4ch \u00fcber seinen Wert \u2013 ein Wert, der unter anderem von seiner sensorischen Qualit\u00e4t abh\u00e4ngt. Ihre F\u00e4higkeit, die Aromen eines Kaffees pr\u00e4zise zu beschreiben, ist ein entscheidender Schritt im Beschaffungsprozess. Sie kann den Unterschied ausmachen \u2013 zwischen Gewinn und Verlust, zwischen Erfolg und Misserfolg.<\/p>\n<\/div>\n<\/div>\n","protected":false},"excerpt":{"rendered":"<p>Ein Training f\u00fcr alle &#8211; Le Nez du Caf\u00e9 Ein Werkzeug f\u00fcr alle \u2013 Profis wie Genie\u00dfer Erkennen Sie sich in einem dieser Punkte wieder? Dann ist Le Nez du Caf\u00e9 genau das Richtige f\u00fcr Sie! Ob als Arbeitsmittel oder als Spiel \u2013 die Aromen-Sets stehen allen Verkoster:innen zur Verf\u00fcgung, ob beruflich oder privat. Trainieren [&hellip;]<\/p>\n","protected":false},"author":1,"featured_media":0,"parent":0,"menu_order":0,"comment_status":"closed","ping_status":"closed","template":"","meta":{"_acf_changed":false,"footnotes":""},"class_list":["post-5704","page","type-page","status-publish","hentry"],"acf":[],"yoast_head":"<!-- This site is optimized with the Yoast SEO plugin v27.4 - https:\/\/yoast.com\/product\/yoast-seo-wordpress\/ -->\n<title>Ein Training f\u00fcr alle - Le Nez du Caf\u00e9 - Le Nez du Vin<\/title>\n<meta name=\"robots\" content=\"index, follow, max-snippet:-1, max-image-preview:large, max-video-preview:-1\" \/>\n<link rel=\"canonical\" href=\"https:\/\/www.lenez.com\/de\/ein-training-fuer-alle-le-nez-du-cafe\/\" \/>\n<meta property=\"og:locale\" content=\"de_DE\" \/>\n<meta property=\"og:type\" content=\"article\" \/>\n<meta property=\"og:title\" content=\"Ein Training f\u00fcr alle - Le Nez du Caf\u00e9 - Le Nez du Vin\" \/>\n<meta property=\"og:description\" content=\"Ein Training f\u00fcr alle &#8211; Le Nez du Caf\u00e9 Ein Werkzeug f\u00fcr alle \u2013 Profis wie Genie\u00dfer Erkennen Sie sich in einem dieser Punkte wieder? Dann ist Le Nez du Caf\u00e9 genau das Richtige f\u00fcr Sie! Ob als Arbeitsmittel oder als Spiel \u2013 die Aromen-Sets stehen allen Verkoster:innen zur Verf\u00fcgung, ob beruflich oder privat. Trainieren [&hellip;]\" \/>\n<meta property=\"og:url\" content=\"https:\/\/www.lenez.com\/de\/ein-training-fuer-alle-le-nez-du-cafe\/\" \/>\n<meta property=\"og:site_name\" content=\"Le Nez du Vin\" \/>\n<meta property=\"article:modified_time\" content=\"2025-10-21T12:08:21+00:00\" \/>\n<meta name=\"twitter:card\" content=\"summary_large_image\" \/>\n<meta name=\"twitter:label1\" content=\"Gesch\u00e4tzte Lesezeit\" \/>\n\t<meta name=\"twitter:data1\" content=\"3\u00a0Minute\" \/>\n<script type=\"application\/ld+json\" class=\"yoast-schema-graph\">{\"@context\":\"https:\\\/\\\/schema.org\",\"@graph\":[{\"@type\":\"WebPage\",\"@id\":\"https:\\\/\\\/www.lenez.com\\\/de\\\/ein-training-fuer-alle-le-nez-du-cafe\\\/\",\"url\":\"https:\\\/\\\/www.lenez.com\\\/de\\\/ein-training-fuer-alle-le-nez-du-cafe\\\/\",\"name\":\"Ein Training f\u00fcr alle - Le Nez du Caf\u00e9 - Le Nez du Vin\",\"isPartOf\":{\"@id\":\"https:\\\/\\\/www.lenez.com\\\/en\\\/#website\"},\"datePublished\":\"2025-06-04T15:38:11+00:00\",\"dateModified\":\"2025-10-21T12:08:21+00:00\",\"breadcrumb\":{\"@id\":\"https:\\\/\\\/www.lenez.com\\\/de\\\/ein-training-fuer-alle-le-nez-du-cafe\\\/#breadcrumb\"},\"inLanguage\":\"de\",\"potentialAction\":[{\"@type\":\"ReadAction\",\"target\":[\"https:\\\/\\\/www.lenez.com\\\/de\\\/ein-training-fuer-alle-le-nez-du-cafe\\\/\"]}]},{\"@type\":\"BreadcrumbList\",\"@id\":\"https:\\\/\\\/www.lenez.com\\\/de\\\/ein-training-fuer-alle-le-nez-du-cafe\\\/#breadcrumb\",\"itemListElement\":[{\"@type\":\"ListItem\",\"position\":1,\"name\":\"Accueil\",\"item\":\"https:\\\/\\\/www.lenez.com\\\/\"},{\"@type\":\"ListItem\",\"position\":2,\"name\":\"Odorama\",\"item\":\"https:\\\/\\\/www.lenez.com\\\/de\\\/odorama\\\/\"},{\"@type\":\"ListItem\",\"position\":3,\"name\":\"Ein Training f\u00fcr alle &#8211; Le Nez du Caf\u00e9\"}]},{\"@type\":\"WebSite\",\"@id\":\"https:\\\/\\\/www.lenez.com\\\/en\\\/#website\",\"url\":\"https:\\\/\\\/www.lenez.com\\\/en\\\/\",\"name\":\"Le Nez du Vin\",\"description\":\"Site officiel des marques Le Nez du Vin, Le Nez du Caf\u00e9 et Le Nez du Whisky\",\"publisher\":{\"@id\":\"https:\\\/\\\/www.lenez.com\\\/en\\\/#organization\"},\"potentialAction\":[{\"@type\":\"SearchAction\",\"target\":{\"@type\":\"EntryPoint\",\"urlTemplate\":\"https:\\\/\\\/www.lenez.com\\\/en\\\/?s={search_term_string}\"},\"query-input\":{\"@type\":\"PropertyValueSpecification\",\"valueRequired\":true,\"valueName\":\"search_term_string\"}}],\"inLanguage\":\"de\"},{\"@type\":\"Organization\",\"@id\":\"https:\\\/\\\/www.lenez.com\\\/en\\\/#organization\",\"name\":\"Le Nez du Vin\",\"url\":\"https:\\\/\\\/www.lenez.com\\\/en\\\/\",\"logo\":{\"@type\":\"ImageObject\",\"inLanguage\":\"de\",\"@id\":\"https:\\\/\\\/www.lenez.com\\\/en\\\/#\\\/schema\\\/logo\\\/image\\\/\",\"url\":\"https:\\\/\\\/www.lenez.com\\\/wp-content\\\/uploads\\\/2025\\\/05\\\/EJL_LOGO_2019.jpg\",\"contentUrl\":\"https:\\\/\\\/www.lenez.com\\\/wp-content\\\/uploads\\\/2025\\\/05\\\/EJL_LOGO_2019.jpg\",\"width\":2362,\"height\":2362,\"caption\":\"Le Nez du Vin\"},\"image\":{\"@id\":\"https:\\\/\\\/www.lenez.com\\\/en\\\/#\\\/schema\\\/logo\\\/image\\\/\"}}]}<\/script>\n<!-- \/ Yoast SEO plugin. -->","yoast_head_json":{"title":"Ein Training f\u00fcr alle - Le Nez du Caf\u00e9 - Le Nez du Vin","robots":{"index":"index","follow":"follow","max-snippet":"max-snippet:-1","max-image-preview":"max-image-preview:large","max-video-preview":"max-video-preview:-1"},"canonical":"https:\/\/www.lenez.com\/de\/ein-training-fuer-alle-le-nez-du-cafe\/","og_locale":"de_DE","og_type":"article","og_title":"Ein Training f\u00fcr alle - Le Nez du Caf\u00e9 - Le Nez du Vin","og_description":"Ein Training f\u00fcr alle &#8211; Le Nez du Caf\u00e9 Ein Werkzeug f\u00fcr alle \u2013 Profis wie Genie\u00dfer Erkennen Sie sich in einem dieser Punkte wieder? Dann ist Le Nez du Caf\u00e9 genau das Richtige f\u00fcr Sie! Ob als Arbeitsmittel oder als Spiel \u2013 die Aromen-Sets stehen allen Verkoster:innen zur Verf\u00fcgung, ob beruflich oder privat. Trainieren [&hellip;]","og_url":"https:\/\/www.lenez.com\/de\/ein-training-fuer-alle-le-nez-du-cafe\/","og_site_name":"Le Nez du Vin","article_modified_time":"2025-10-21T12:08:21+00:00","twitter_card":"summary_large_image","twitter_misc":{"Gesch\u00e4tzte Lesezeit":"3\u00a0Minute"},"schema":{"@context":"https:\/\/schema.org","@graph":[{"@type":"WebPage","@id":"https:\/\/www.lenez.com\/de\/ein-training-fuer-alle-le-nez-du-cafe\/","url":"https:\/\/www.lenez.com\/de\/ein-training-fuer-alle-le-nez-du-cafe\/","name":"Ein Training f\u00fcr alle - Le Nez du Caf\u00e9 - Le Nez du Vin","isPartOf":{"@id":"https:\/\/www.lenez.com\/en\/#website"},"datePublished":"2025-06-04T15:38:11+00:00","dateModified":"2025-10-21T12:08:21+00:00","breadcrumb":{"@id":"https:\/\/www.lenez.com\/de\/ein-training-fuer-alle-le-nez-du-cafe\/#breadcrumb"},"inLanguage":"de","potentialAction":[{"@type":"ReadAction","target":["https:\/\/www.lenez.com\/de\/ein-training-fuer-alle-le-nez-du-cafe\/"]}]},{"@type":"BreadcrumbList","@id":"https:\/\/www.lenez.com\/de\/ein-training-fuer-alle-le-nez-du-cafe\/#breadcrumb","itemListElement":[{"@type":"ListItem","position":1,"name":"Accueil","item":"https:\/\/www.lenez.com\/"},{"@type":"ListItem","position":2,"name":"Odorama","item":"https:\/\/www.lenez.com\/de\/odorama\/"},{"@type":"ListItem","position":3,"name":"Ein Training f\u00fcr alle &#8211; Le Nez du Caf\u00e9"}]},{"@type":"WebSite","@id":"https:\/\/www.lenez.com\/en\/#website","url":"https:\/\/www.lenez.com\/en\/","name":"Le Nez du Vin","description":"Site officiel des marques Le Nez du Vin, Le Nez du Caf\u00e9 et Le Nez du Whisky","publisher":{"@id":"https:\/\/www.lenez.com\/en\/#organization"},"potentialAction":[{"@type":"SearchAction","target":{"@type":"EntryPoint","urlTemplate":"https:\/\/www.lenez.com\/en\/?s={search_term_string}"},"query-input":{"@type":"PropertyValueSpecification","valueRequired":true,"valueName":"search_term_string"}}],"inLanguage":"de"},{"@type":"Organization","@id":"https:\/\/www.lenez.com\/en\/#organization","name":"Le Nez du Vin","url":"https:\/\/www.lenez.com\/en\/","logo":{"@type":"ImageObject","inLanguage":"de","@id":"https:\/\/www.lenez.com\/en\/#\/schema\/logo\/image\/","url":"https:\/\/www.lenez.com\/wp-content\/uploads\/2025\/05\/EJL_LOGO_2019.jpg","contentUrl":"https:\/\/www.lenez.com\/wp-content\/uploads\/2025\/05\/EJL_LOGO_2019.jpg","width":2362,"height":2362,"caption":"Le Nez du Vin"},"image":{"@id":"https:\/\/www.lenez.com\/en\/#\/schema\/logo\/image\/"}}]}},"_links":{"self":[{"href":"https:\/\/www.lenez.com\/de\/wp-json\/wp\/v2\/pages\/5704","targetHints":{"allow":["GET"]}}],"collection":[{"href":"https:\/\/www.lenez.com\/de\/wp-json\/wp\/v2\/pages"}],"about":[{"href":"https:\/\/www.lenez.com\/de\/wp-json\/wp\/v2\/types\/page"}],"author":[{"embeddable":true,"href":"https:\/\/www.lenez.com\/de\/wp-json\/wp\/v2\/users\/1"}],"replies":[{"embeddable":true,"href":"https:\/\/www.lenez.com\/de\/wp-json\/wp\/v2\/comments?post=5704"}],"version-history":[{"count":13,"href":"https:\/\/www.lenez.com\/de\/wp-json\/wp\/v2\/pages\/5704\/revisions"}],"predecessor-version":[{"id":6985,"href":"https:\/\/www.lenez.com\/de\/wp-json\/wp\/v2\/pages\/5704\/revisions\/6985"}],"wp:attachment":[{"href":"https:\/\/www.lenez.com\/de\/wp-json\/wp\/v2\/media?parent=5704"}],"curies":[{"name":"wp","href":"https:\/\/api.w.org\/{rel}","templated":true}]}}