{"id":5706,"date":"2025-06-04T17:52:26","date_gmt":"2025-06-04T15:52:26","guid":{"rendered":"https:\/\/shop.lenez.com\/ein-training-fuer-alle-le-nez-du-whisky\/"},"modified":"2025-10-21T14:08:40","modified_gmt":"2025-10-21T12:08:40","slug":"ein-training-fuer-alle-le-nez-du-whisky","status":"publish","type":"page","link":"https:\/\/www.lenez.com\/de\/ein-training-fuer-alle-le-nez-du-whisky\/","title":{"rendered":"Ein Training f\u00fcr alle &#8211; Le Nez du Whisky"},"content":{"rendered":"\n<div class=\"container-fluid\">\n<div class=\"banner\" style=\"background: url('https:\/\/www.lenez.com\/wp-content\/uploads\/2025\/07\/7_LNDV_2023_00164-scaled.jpeg'); background-size: cover; background-position: center;\" data-darkreader-inline-bgcolor=\"\">\n<div class=\"content-inn\">\n<div class=\"text-container\">\n<h1 class=\"h2 gtdjdvJjks\" style=\"background-image: url('https:\/\/www.lenez.com\/wp-content\/uploads\/2025\/07\/7_LNDV_2023_00164-scaled.jpeg'); -webkit-background-clip: text; background-clip: text; -webkit-text-fill-color: transparent; background-position: bottom; background-repeat: no-repeat; background-size: cover;\">Ein Training f\u00fcr alle &#8211; Le Nez du Whisky<\/h1>\n<\/div><br\/><\/div><br\/><\/div><br\/><\/div><br\/>\n\n<div style=\"height:25px\" aria-hidden=\"true\" class=\"wp-block-spacer\"><\/div>\n\n<div class=\"wp-block-columns UijHGD tab-empile is-layout-flex wp-container-core-columns-is-layout-9d6595d7 wp-block-columns-is-layout-flex\">\n<div class=\"wp-block-column is-layout-flow wp-block-column-is-layout-flow\">\n<h2 class=\"wp-block-heading\">Ein Werkzeug f\u00fcr alle \u2013 Spezialist:innen und Einsteiger:innen<\/h2>\n\n\n\n<ul class=\"wp-block-list\">\n<li>Sie trinken gerne Whisky \u2013 oder seine amerikanischen und irischen Varianten, Whiskey \u2013 aber Sie \u201ekennen sich nicht wirklich aus\u201c? Sie w\u00fcnschen sich eine einfache, verst\u00e4ndliche Methode, um Ihren Geschmack besser einzuordnen \u2013 und nicht mehr auf gut Gl\u00fcck zu kaufen.<\/li>\n\n\n\n<li>Ob Gelegenheitsgenie\u00dfer:in oder leidenschaftlicher Fan von Single Malt oder Bourbon: Sie suchen ein Werk, das Ihnen hilft, Whisky pr\u00e4zise zu beschreiben und seine Herkunft oder sein Alter einzusch\u00e4tzen.<\/li>\n\n\n\n<li>Sie sind Student:in oder arbeiten professionell mit Spirituosen \u2013 als Mixolog:in oder Destillateur:in \u2013 und brauchen ein Instrument, um Ihren Geruchssinn regelm\u00e4\u00dfig zu trainieren und Ihr olfaktorisches Ged\u00e4chtnis zu erweitern.<\/li>\n\n\n\n<li>Der elit\u00e4re und verschl\u00fcsselte Fachjargon schreckt Sie ab oder langweilt Sie? Sie m\u00f6chten eine sinnliche, spielerische Herangehensweise.<\/li>\n\n\n\n<li>Sie m\u00f6chten einem wahren Kenner ein Geschenk machen? Was k\u00f6nnte origineller sein als eine Flasche \u2013 und kl\u00fcger als ein Glas?<\/li>\n<\/ul>\n\n\n\n<p class=\"has-text-align-center\">Erkennen Sie sich in einem dieser Punkte wieder? Dann ist <em>Le Nez du Whisky<\/em> genau das Richtige f\u00fcr Sie!<\/p>\n\n\n\n<p>Ob als Arbeitsmittel oder als Spiel \u2013 die Aromen-Sets stehen allen Verkoster:innen zur Verf\u00fcgung, ob beruflich oder privat.<\/p>\n\n\n\n<h2 class=\"wp-block-heading\">Trainieren Sie Ihren Geruchssinn<\/h2>\n\n\n\n<p><a href=\"https:\/\/www.lenez.com\/de\/odorama-de\/die-olfaktion\/der-geruch\/\">Als zentrale Komponente des Geschmacks<\/a> spielt der Geruchssinn eine entscheidende Rolle bei der Whiskyverkostung.<\/p>\n\n\n\n<p>Und doch ist es oft schwierig, die Aromen zu benennen, die aus dem Glas aufsteigen. Haben Sie schon einmal das Gef\u00fchl gehabt, einen Duft zu kennen, ohne ihn wiederzuerkennen? V\u00f6llig normal! So wie wir Lesen, Schreiben und Rechnen gelernt haben, muss auch das Riechen gelernt und ge\u00fcbt werden.<\/p>\n\n\n\n<p><em>Le Nez du Whisky<\/em> ist ein von Fachleuten anerkanntes Arbeitsmittel \u2013 und zugleich ein Spiel, das allen offensteht. Schon nach wenigen Wochen werden Sie in der Lage sein, Aromen sicher zu unterscheiden, zu benennen und sich zu merken.<\/p>\n\n\n\n<p>Doch wozu das Ganze?<\/p>\n\n\n\n<h2 class=\"wp-block-heading\">Machen Sie schnelle Fortschritte bei der Verkostung<\/h2>\n\n\n\n<p>Zun\u00e4chst einmal: Das Erkennen von Whiskyaromen erweitert das Vokabular der Verkostung. Seine Eindr\u00fccke in Worte zu fassen, steigert den Genuss und erm\u00f6glicht den Austausch mit anderen.<\/p>\n\n\n\n<p>Dar\u00fcber hinaus liefern die Aromen eines Whiskys wertvolle Hinweise \u2013 auf seine geografische Herkunft und die verschiedenen Etappen seiner Herstellung.<\/p>\n\n\n\n<p><span style=\"font-weight: 400;\">In Single Malt Whiskys wurden rund 200 fl\u00fcchtige Aromastoffe identifiziert. <\/span><i><span style=\"font-weight: 400;\">Le Nez du Whisky<\/span><\/i><span style=\"font-weight: 400;\"> unterscheidet florale, fruchtige, holzige, phenolische und weitere Noten. Die Aromen lassen sich auch danach einordnen, zu welchem Zeitpunkt sie entstehen: w\u00e4hrend der M\u00e4lzung, im Zuge der G\u00e4rung oder Destillation, w\u00e4hrend der Fassreifung \u2013 und schlie\u00dflich durch das verwendete Wasser.<\/span><\/p>\n\n\n\n<p>Ein Beispiel? Beim Darren \u2013 also dem Trocknen des Malzes \u2013 entstehen Molek\u00fcle, die R\u00f6staromen und Rauchnoten mit sich bringen. Wird Torf als Brennstoff eingesetzt, bildet sich ein ganzes Spektrum an torftypischen Molek\u00fclen, darunter zahlreiche phenolische Verbindungen: Aromen von Rauch, Nelken, getrockneter Alge oder sogar Gummi.<\/p>\n\n\n\n<h2 class=\"wp-block-heading\">Werden Sie zum Sherlock Holmes des Whiskys<\/h2>\n\n\n\n<p>In <em>Le Nez du Whisky<\/em> dient Ihnen das Buch, das die Aromafl\u00e4schchen begleitet, als Ihr pers\u00f6nlicher Leitfaden. F\u00fcr jedes Aroma wird eine Liste von Whiskys angegeben, in denen sich diese Note wiederfinden l\u00e4sst. So entsteht eine direkte Verbindung zwischen den Aromen und den Flaschen, die Sie \u00f6ffnen \u2013 ideal, um bei der n\u00e4chsten Verkostung den richtigen Riecher zu haben und spannende olfaktorische Ermittlungen anzustellen, ganz locker aus \u2026 der Nase!<\/p>\n\n\n\n<p>Stellen Sie sich vor: Man reicht Ihnen ein Glas Whisky. Dank regelm\u00e4\u00dfigem Training mit unseren kleinen Fl\u00e4schchen nehmen Sie darin Nuancen von Kirsche und ger\u00f6steter Mandel wahr. So viele wertvolle Hinweise! Im Buch erfahren Sie, dass dieses Aromaprofil typisch f\u00fcr japanischen Whisky ist, dass sein fruchtig-s\u00fc\u00dfes, zartes Bouquet vom Benzaldehyd stammt \u2013 einer Verbindung, die bei der G\u00e4rung entsteht \u2013 und dass die ger\u00f6stete Mandel ein Hinweis auf den Ausbau im Holzfass ist, insbesondere in ehemaligen Portweinf\u00e4ssern. Handelt es sich wom\u00f6glich um einen Whisky der Brennerei Hakushu? Elementar, mein lieber Watson!<\/p>\n\n\n\n<h2 class=\"wp-block-heading\">Verfeinern Sie Ihren Geschmack<\/h2>\n\n\n\n<p>Sie sind Einsteiger:in und haben eine Vorliebe f\u00fcr \u201eklassische\u201c Whiskys \u2013 eher rund, wenig torfig, aber mit rauchigen, floralen und fruchtigen Noten? Mit <em>Le Nez du Whisky<\/em> lernen Sie, dass Sie bedenkenlos zum sogenannten Speyside-Stil greifen k\u00f6nnen. Diese Region Schottlands, oft als das \u201egoldene Rechteck\u201c des Whiskys bezeichnet, bringt teils sehr elegante Tropfen hervor \u2013 mit einer kraftvollen, zugleich sanften Pers\u00f6nlichkeit und einer harmonischen Aromatik.<\/p>\n\n\n\n<p>Wer sein Geruchsspektrum beherrscht, kann au\u00dferdem Speisen und Whiskys besonders stimmig kombinieren. Aromen k\u00f6nnen dabei als roter Faden zwischen Glas und Teller dienen \u2013 idealerweise gestaltet man sein Men\u00fc ausgehend vom Whisky, nicht umgekehrt. Wichtig: Nicht unbedingt das dominante Aroma bestimmt das Pairing, sondern eine markante, klar erkennbare Note. Einige Beispiele finden Sie <a href=\"https:\/\/www.lenez.com\/de\/odorama-de\/die-spirituosen\/whisky-und-speisenharmonien\/\">hier<\/a>.<\/p>\n\n\n\n<p>Martine Nouet, Autorin und Journalistin, spezialisiert auf Kulinarik und Spirituosen und heute auf der Insel Islay ans\u00e4ssig, beherrscht die Kunst, das Wesen eines Gerichts mit dem Geist eines Malts in feine Harmonie zu bringen. Im April 2012 wurde sie als erste Franz\u00f6sin zur Master of the Quaich ernannt. In <em>Le Nez du Whisky<\/em> gibt sie ihr Wissen und ihre Erfahrung weiter. Sie empfiehlt beispielsweise, ein Gericht gezielt mit einem Gew\u00fcrz (z.\u202fB. Kardamom, Nelke), einem Kraut (z.\u202fB. gr\u00fcner Anis, Basilikum) oder einer Trocken- bzw. Schalenfrucht (z.\u202fB. Backpflaume, getrocknete Aprikose, Haselnuss) zu verfeinern \u2013 als aromatische Spiegelung des Whiskys im Teller. Vom Aperitif \u00fcber K\u00e4se bis zum Dessert schl\u00e4gt sie perfekte Paarungen vor. Einige finden Sie <a href=\"https:\/\/www.lenez.com\/de\/odorama-de\/die-spirituosen\/whisky-und-speisenharmonien\/\">hier<\/a> .<\/p>\n\n\n\n<h2 class=\"wp-block-heading\">Geschmack und Geruch<\/h2>\n\n\n\n<p><a href=\"https:\/\/www.lenez.com\/de\/coffret\/spirituosen\/le-nez-du-whisky-54-aromen\/\">54 Aromen der Single Malts<\/a>, <a href=\"https:\/\/www.lenez.com\/de\/coffret\/spirituosen\/le-nez-du-bourbon-american-whiskey-12-aromen\/\">12 Aromen amerikanischer Whiskeys<\/a> oder<a href=\"https:\/\/www.lenez.com\/de\/coffret\/weinaroma-koffer\/das-eichenfass-12-aromen\/\"> 12 Holznoten<\/a> \u2013 die \u00c9ditions Jean Lenoir bieten Aromasets f\u00fcr jeden Geschmack und jedes Niveau.<\/p>\n<\/div>\n<\/div>\n","protected":false},"excerpt":{"rendered":"<p>Ein Training f\u00fcr alle &#8211; Le Nez du Whisky Ein Werkzeug f\u00fcr alle \u2013 Spezialist:innen und Einsteiger:innen Erkennen Sie sich in einem dieser Punkte wieder? Dann ist Le Nez du Whisky genau das Richtige f\u00fcr Sie! Ob als Arbeitsmittel oder als Spiel \u2013 die Aromen-Sets stehen allen Verkoster:innen zur Verf\u00fcgung, ob beruflich oder privat. Trainieren [&hellip;]<\/p>\n","protected":false},"author":1,"featured_media":0,"parent":0,"menu_order":0,"comment_status":"closed","ping_status":"closed","template":"","meta":{"_acf_changed":false,"footnotes":""},"class_list":["post-5706","page","type-page","status-publish","hentry"],"acf":[],"yoast_head":"<!-- This site is optimized with the Yoast SEO plugin v27.4 - https:\/\/yoast.com\/product\/yoast-seo-wordpress\/ -->\n<title>Ein Training f\u00fcr alle - Le Nez du Whisky - Le Nez du Vin<\/title>\n<meta name=\"robots\" content=\"index, follow, max-snippet:-1, max-image-preview:large, max-video-preview:-1\" \/>\n<link rel=\"canonical\" href=\"https:\/\/www.lenez.com\/de\/ein-training-fuer-alle-le-nez-du-whisky\/\" \/>\n<meta property=\"og:locale\" content=\"de_DE\" \/>\n<meta property=\"og:type\" content=\"article\" \/>\n<meta property=\"og:title\" content=\"Ein Training f\u00fcr alle - Le Nez du Whisky - Le Nez du Vin\" \/>\n<meta property=\"og:description\" content=\"Ein Training f\u00fcr alle &#8211; Le Nez du Whisky Ein Werkzeug f\u00fcr alle \u2013 Spezialist:innen und Einsteiger:innen Erkennen Sie sich in einem dieser Punkte wieder? Dann ist Le Nez du Whisky genau das Richtige f\u00fcr Sie! Ob als Arbeitsmittel oder als Spiel \u2013 die Aromen-Sets stehen allen Verkoster:innen zur Verf\u00fcgung, ob beruflich oder privat. Trainieren [&hellip;]\" \/>\n<meta property=\"og:url\" content=\"https:\/\/www.lenez.com\/de\/ein-training-fuer-alle-le-nez-du-whisky\/\" \/>\n<meta property=\"og:site_name\" content=\"Le Nez du Vin\" \/>\n<meta property=\"article:modified_time\" content=\"2025-10-21T12:08:40+00:00\" \/>\n<meta name=\"twitter:card\" content=\"summary_large_image\" \/>\n<meta name=\"twitter:label1\" content=\"Gesch\u00e4tzte Lesezeit\" \/>\n\t<meta name=\"twitter:data1\" content=\"5\u00a0Minute\" \/>\n<script type=\"application\/ld+json\" class=\"yoast-schema-graph\">{\"@context\":\"https:\\\/\\\/schema.org\",\"@graph\":[{\"@type\":\"WebPage\",\"@id\":\"https:\\\/\\\/www.lenez.com\\\/de\\\/ein-training-fuer-alle-le-nez-du-whisky\\\/\",\"url\":\"https:\\\/\\\/www.lenez.com\\\/de\\\/ein-training-fuer-alle-le-nez-du-whisky\\\/\",\"name\":\"Ein Training f\u00fcr alle - Le Nez du Whisky - Le Nez du Vin\",\"isPartOf\":{\"@id\":\"https:\\\/\\\/www.lenez.com\\\/en\\\/#website\"},\"datePublished\":\"2025-06-04T15:52:26+00:00\",\"dateModified\":\"2025-10-21T12:08:40+00:00\",\"breadcrumb\":{\"@id\":\"https:\\\/\\\/www.lenez.com\\\/de\\\/ein-training-fuer-alle-le-nez-du-whisky\\\/#breadcrumb\"},\"inLanguage\":\"de\",\"potentialAction\":[{\"@type\":\"ReadAction\",\"target\":[\"https:\\\/\\\/www.lenez.com\\\/de\\\/ein-training-fuer-alle-le-nez-du-whisky\\\/\"]}]},{\"@type\":\"BreadcrumbList\",\"@id\":\"https:\\\/\\\/www.lenez.com\\\/de\\\/ein-training-fuer-alle-le-nez-du-whisky\\\/#breadcrumb\",\"itemListElement\":[{\"@type\":\"ListItem\",\"position\":1,\"name\":\"Accueil\",\"item\":\"https:\\\/\\\/www.lenez.com\\\/\"},{\"@type\":\"ListItem\",\"position\":2,\"name\":\"Odorama\",\"item\":\"https:\\\/\\\/www.lenez.com\\\/de\\\/odorama\\\/\"},{\"@type\":\"ListItem\",\"position\":3,\"name\":\"Ein Training f\u00fcr alle &#8211; Le Nez du Whisky\"}]},{\"@type\":\"WebSite\",\"@id\":\"https:\\\/\\\/www.lenez.com\\\/en\\\/#website\",\"url\":\"https:\\\/\\\/www.lenez.com\\\/en\\\/\",\"name\":\"Le Nez du Vin\",\"description\":\"Site officiel des marques Le Nez du Vin, Le Nez du Caf\u00e9 et Le Nez du Whisky\",\"publisher\":{\"@id\":\"https:\\\/\\\/www.lenez.com\\\/en\\\/#organization\"},\"potentialAction\":[{\"@type\":\"SearchAction\",\"target\":{\"@type\":\"EntryPoint\",\"urlTemplate\":\"https:\\\/\\\/www.lenez.com\\\/en\\\/?s={search_term_string}\"},\"query-input\":{\"@type\":\"PropertyValueSpecification\",\"valueRequired\":true,\"valueName\":\"search_term_string\"}}],\"inLanguage\":\"de\"},{\"@type\":\"Organization\",\"@id\":\"https:\\\/\\\/www.lenez.com\\\/en\\\/#organization\",\"name\":\"Le Nez du Vin\",\"url\":\"https:\\\/\\\/www.lenez.com\\\/en\\\/\",\"logo\":{\"@type\":\"ImageObject\",\"inLanguage\":\"de\",\"@id\":\"https:\\\/\\\/www.lenez.com\\\/en\\\/#\\\/schema\\\/logo\\\/image\\\/\",\"url\":\"https:\\\/\\\/www.lenez.com\\\/wp-content\\\/uploads\\\/2025\\\/05\\\/EJL_LOGO_2019.jpg\",\"contentUrl\":\"https:\\\/\\\/www.lenez.com\\\/wp-content\\\/uploads\\\/2025\\\/05\\\/EJL_LOGO_2019.jpg\",\"width\":2362,\"height\":2362,\"caption\":\"Le Nez du Vin\"},\"image\":{\"@id\":\"https:\\\/\\\/www.lenez.com\\\/en\\\/#\\\/schema\\\/logo\\\/image\\\/\"}}]}<\/script>\n<!-- \/ Yoast SEO plugin. -->","yoast_head_json":{"title":"Ein Training f\u00fcr alle - Le Nez du Whisky - Le Nez du Vin","robots":{"index":"index","follow":"follow","max-snippet":"max-snippet:-1","max-image-preview":"max-image-preview:large","max-video-preview":"max-video-preview:-1"},"canonical":"https:\/\/www.lenez.com\/de\/ein-training-fuer-alle-le-nez-du-whisky\/","og_locale":"de_DE","og_type":"article","og_title":"Ein Training f\u00fcr alle - Le Nez du Whisky - Le Nez du Vin","og_description":"Ein Training f\u00fcr alle &#8211; Le Nez du Whisky Ein Werkzeug f\u00fcr alle \u2013 Spezialist:innen und Einsteiger:innen Erkennen Sie sich in einem dieser Punkte wieder? Dann ist Le Nez du Whisky genau das Richtige f\u00fcr Sie! Ob als Arbeitsmittel oder als Spiel \u2013 die Aromen-Sets stehen allen Verkoster:innen zur Verf\u00fcgung, ob beruflich oder privat. Trainieren [&hellip;]","og_url":"https:\/\/www.lenez.com\/de\/ein-training-fuer-alle-le-nez-du-whisky\/","og_site_name":"Le Nez du Vin","article_modified_time":"2025-10-21T12:08:40+00:00","twitter_card":"summary_large_image","twitter_misc":{"Gesch\u00e4tzte Lesezeit":"5\u00a0Minute"},"schema":{"@context":"https:\/\/schema.org","@graph":[{"@type":"WebPage","@id":"https:\/\/www.lenez.com\/de\/ein-training-fuer-alle-le-nez-du-whisky\/","url":"https:\/\/www.lenez.com\/de\/ein-training-fuer-alle-le-nez-du-whisky\/","name":"Ein Training f\u00fcr alle - Le Nez du Whisky - Le Nez du Vin","isPartOf":{"@id":"https:\/\/www.lenez.com\/en\/#website"},"datePublished":"2025-06-04T15:52:26+00:00","dateModified":"2025-10-21T12:08:40+00:00","breadcrumb":{"@id":"https:\/\/www.lenez.com\/de\/ein-training-fuer-alle-le-nez-du-whisky\/#breadcrumb"},"inLanguage":"de","potentialAction":[{"@type":"ReadAction","target":["https:\/\/www.lenez.com\/de\/ein-training-fuer-alle-le-nez-du-whisky\/"]}]},{"@type":"BreadcrumbList","@id":"https:\/\/www.lenez.com\/de\/ein-training-fuer-alle-le-nez-du-whisky\/#breadcrumb","itemListElement":[{"@type":"ListItem","position":1,"name":"Accueil","item":"https:\/\/www.lenez.com\/"},{"@type":"ListItem","position":2,"name":"Odorama","item":"https:\/\/www.lenez.com\/de\/odorama\/"},{"@type":"ListItem","position":3,"name":"Ein Training f\u00fcr alle &#8211; Le Nez du Whisky"}]},{"@type":"WebSite","@id":"https:\/\/www.lenez.com\/en\/#website","url":"https:\/\/www.lenez.com\/en\/","name":"Le Nez du Vin","description":"Site officiel des marques Le Nez du Vin, Le Nez du Caf\u00e9 et Le Nez du Whisky","publisher":{"@id":"https:\/\/www.lenez.com\/en\/#organization"},"potentialAction":[{"@type":"SearchAction","target":{"@type":"EntryPoint","urlTemplate":"https:\/\/www.lenez.com\/en\/?s={search_term_string}"},"query-input":{"@type":"PropertyValueSpecification","valueRequired":true,"valueName":"search_term_string"}}],"inLanguage":"de"},{"@type":"Organization","@id":"https:\/\/www.lenez.com\/en\/#organization","name":"Le Nez du Vin","url":"https:\/\/www.lenez.com\/en\/","logo":{"@type":"ImageObject","inLanguage":"de","@id":"https:\/\/www.lenez.com\/en\/#\/schema\/logo\/image\/","url":"https:\/\/www.lenez.com\/wp-content\/uploads\/2025\/05\/EJL_LOGO_2019.jpg","contentUrl":"https:\/\/www.lenez.com\/wp-content\/uploads\/2025\/05\/EJL_LOGO_2019.jpg","width":2362,"height":2362,"caption":"Le Nez du Vin"},"image":{"@id":"https:\/\/www.lenez.com\/en\/#\/schema\/logo\/image\/"}}]}},"_links":{"self":[{"href":"https:\/\/www.lenez.com\/de\/wp-json\/wp\/v2\/pages\/5706","targetHints":{"allow":["GET"]}}],"collection":[{"href":"https:\/\/www.lenez.com\/de\/wp-json\/wp\/v2\/pages"}],"about":[{"href":"https:\/\/www.lenez.com\/de\/wp-json\/wp\/v2\/types\/page"}],"author":[{"embeddable":true,"href":"https:\/\/www.lenez.com\/de\/wp-json\/wp\/v2\/users\/1"}],"replies":[{"embeddable":true,"href":"https:\/\/www.lenez.com\/de\/wp-json\/wp\/v2\/comments?post=5706"}],"version-history":[{"count":18,"href":"https:\/\/www.lenez.com\/de\/wp-json\/wp\/v2\/pages\/5706\/revisions"}],"predecessor-version":[{"id":6986,"href":"https:\/\/www.lenez.com\/de\/wp-json\/wp\/v2\/pages\/5706\/revisions\/6986"}],"wp:attachment":[{"href":"https:\/\/www.lenez.com\/de\/wp-json\/wp\/v2\/media?parent=5706"}],"curies":[{"name":"wp","href":"https:\/\/api.w.org\/{rel}","templated":true}]}}