{"id":5018,"date":"2024-11-14T14:10:53","date_gmt":"2024-11-14T13:10:53","guid":{"rendered":"https:\/\/shop.lenez.com\/coffret\/unkategorisiert\/le-nez-du-vin-das-grosse-modell-mit-54-aromen\/"},"modified":"2025-09-22T14:01:58","modified_gmt":"2025-09-22T12:01:58","slug":"le-nez-du-vin-das-grosse-modell-mit-54-aromen","status":"publish","type":"product","link":"https:\/\/www.lenez.com\/de\/coffret\/weinaroma-koffer\/le-nez-du-vin-das-grosse-modell-mit-54-aromen\/","title":{"rendered":"Das gro\u00dfe Modell 54 Aromen"},"content":{"rendered":"<h3>Jean Lenoirs Referenz seit 1981.<\/h3>\n<hr \/>\n<div class=\"col-md-6\">\n<h3>Die aromen<\/h3>\n<p>54 Aromen, die den ganzen Reichtum und die Vielfalt der Weinaromen widerspiegeln:<\/p>\n<ul>\n<li><strong><span style=\"text-decoration: underline;\">Fruchtige Aromen<\/span><\/strong>:1 Zitrone, 2 Grapefruit, 3 Orange, 4 Ananas, 5 Banane, 6 Litschi, 7 Honigmelone, 8 Muskat, 9 Apfel, 10 Birne, 11 Quitte, 12 Erdbeere, 13 Himbeere, 14 Johannisbeere, 15 Schwarze Johannisbeere, 16 Heidelbeere, 17 Brombeere, 18 Kirsche, 19 Aprikose, 20 Pfirsich, 21 Mandelkern, 22 D\u00f6rrpflaume, 23 Walnuss.<\/li>\n<li><strong><span style=\"text-decoration: underline;\">Blu\u0308tenaromen<\/span><\/strong>: 24 Wei\u00dfdorn, 25 Akazienblu\u0308te, 26 Lindenblu\u0308te, 27 Honig, 28 Rose, 29 Veilchen.<\/li>\n<li><strong><span style=\"text-decoration: underline;\">Vegetalische und wu\u0308rzige Aromen<\/span><\/strong>: 30 Gru\u0308ne Paprika, 31 Champignon, 32 Tru\u0308ffel, 33 Weinhefe, 34 Zeder, 35 Kiefer, 36 Su\u0308ssholz (Lakritz), 37 Schwarze Johannisbeer-Knospe, 38 Gem\u00e4htes Heu, 39 Thymian, 40 Vanille, 41 Zimt, 42 Gewu\u0308rznelke, 43 Pfeffer, 44 Safran.<\/li>\n<li><strong><span style=\"text-decoration: underline;\">Tierische Aromen<\/span><\/strong>: 45 Leder, 46 Moschus, 47 Butter<\/li>\n<li><strong><span style=\"text-decoration: underline;\">R\u00f6staromen<\/span><\/strong>: 48 Ger\u00f6stetes Wei\u00dfbrot, 49 Ger\u00f6stete Mandel, 50 Ger\u00f6stete Haselnuss, 51 Karamell, 52 Kaffee, 53 Schokolade, 54 Rauchnote.<\/li>\n<\/ul>\n<hr \/>\n<\/div>\n<div class=\"col-md-6\">\n<h3>Das Buch<\/h3>\n<p>&#8222;Das Buch wird regelm\u00e4\u00dfig aktualisiert und erweitert \u2013 mit Beitr\u00e4gen von Wissenschaftler:innen, Neurobiolog:innen und \u00d6nolog:innen. Es erkl\u00e4rt die Herkunft und Systematik der Aromen im Wein: Woher stammen die Aromen? Was verraten sie \u00fcber Rebsorten, Vinifikation, Ausbau oder Reifegrad des Weins? \u2026<br \/>\nEs veranschaulicht auf verst\u00e4ndliche Weise die Funktionsweise des Geruchssinns: Auf welchen zwei Wegen nehmen wir Ger\u00fcche wahr? Was geschieht in Nase und Gehirn? \u2026<\/p>\n<p>Es bietet wertvolle Hinweise, wie man mit Hilfe der Fl\u00e4schchen Aromen erkennen, sich merken und im Wein wiederentdecken kann: Wie oft und wie sollte man trainieren? Wie beschreibt man das Bouquet eines Weins? \u2026<\/p>\n<p>Als unverzichtbares Werkzeug f\u00fcr Einsteiger:innen wie Fortgeschrittene beschreibt es die Aromaprofile der wichtigsten Rebsorten und Weinregionen in Frankreich und weltweit: Was ist die olfaktorische Signatur eines Merlot oder Riesling? Welche Noten kennzeichnen die Weine aus dem Burgund oder dem Rhonetal? \u2026<\/p>\n<p>Ein unverzichtbares Nachschlagewerk f\u00fcr Profis und passionierte Weinliebhaber:innen. &#8220;<\/p>\n<\/div>\n","protected":false},"excerpt":{"rendered":"<ul>\n<li>54 hochwertige, realistische und langanhaltende Aromen.<\/li>\n<li>54 Spielkarten veranschaulichen die tats\u00e4chlichen Verbindungen zwischen den Aromen und den Weinen.<\/li>\n<li>Ein illustriertes Lehrbuch (120 Seiten) dient als umfassender Leitfaden.<\/li>\n<\/ul>\n","protected":false},"featured_media":2288,"comment_status":"closed","ping_status":"closed","template":"","meta":{"_acf_changed":false},"product_brand":[],"product_cat":[150],"product_tag":[],"class_list":{"0":"post-5018","1":"product","2":"type-product","3":"status-publish","4":"has-post-thumbnail","6":"product_cat-weinaroma-koffer","8":"first","9":"instock","10":"taxable","11":"shipping-taxable","12":"purchasable","13":"product-type-variable"},"acf":[],"yoast_head":"<!-- This site is optimized with the Yoast SEO plugin v27.4 - https:\/\/yoast.com\/product\/yoast-seo-wordpress\/ -->\n<title>Das gro\u00dfe Modell 54 Aromen - Le Nez du Vin<\/title>\n<meta name=\"robots\" content=\"index, follow, max-snippet:-1, max-image-preview:large, max-video-preview:-1\" \/>\n<link rel=\"canonical\" href=\"https:\/\/www.lenez.com\/de\/coffret\/weinaroma-koffer\/le-nez-du-vin-das-grosse-modell-mit-54-aromen\/\" \/>\n<meta property=\"og:locale\" content=\"de_DE\" \/>\n<meta property=\"og:type\" content=\"article\" \/>\n<meta property=\"og:title\" content=\"Das gro\u00dfe Modell 54 Aromen - Le Nez du Vin\" \/>\n<meta property=\"og:description\" content=\"54 hochwertige, realistische und langanhaltende Aromen.  54 Spielkarten veranschaulichen die tats\u00e4chlichen Verbindungen zwischen den Aromen und den Weinen.  Ein illustriertes Lehrbuch (120 Seiten) dient als umfassender Leitfaden.\" \/>\n<meta property=\"og:url\" content=\"https:\/\/www.lenez.com\/de\/coffret\/weinaroma-koffer\/le-nez-du-vin-das-grosse-modell-mit-54-aromen\/\" \/>\n<meta property=\"og:site_name\" content=\"Le Nez du Vin\" \/>\n<meta property=\"article:modified_time\" content=\"2025-09-22T12:01:58+00:00\" \/>\n<meta property=\"og:image\" content=\"https:\/\/www.lenez.com\/wp-content\/uploads\/2024\/11\/HCEDtfZJCY_img_id.jpg\" \/>\n\t<meta property=\"og:image:width\" content=\"1154\" \/>\n\t<meta property=\"og:image:height\" content=\"1000\" \/>\n\t<meta property=\"og:image:type\" content=\"image\/jpeg\" \/>\n<meta name=\"twitter:card\" content=\"summary_large_image\" \/>\n<meta name=\"twitter:label1\" content=\"Gesch\u00e4tzte Lesezeit\" \/>\n\t<meta name=\"twitter:data1\" content=\"1\u00a0Minute\" \/>\n<script type=\"application\/ld+json\" class=\"yoast-schema-graph\">{\"@context\":\"https:\\\/\\\/schema.org\",\"@graph\":[{\"@type\":\"WebPage\",\"@id\":\"https:\\\/\\\/www.lenez.com\\\/de\\\/coffret\\\/weinaroma-koffer\\\/le-nez-du-vin-das-grosse-modell-mit-54-aromen\\\/\",\"url\":\"https:\\\/\\\/www.lenez.com\\\/de\\\/coffret\\\/weinaroma-koffer\\\/le-nez-du-vin-das-grosse-modell-mit-54-aromen\\\/\",\"name\":\"Das gro\u00dfe Modell 54 Aromen - Le Nez du Vin\",\"isPartOf\":{\"@id\":\"https:\\\/\\\/www.lenez.com\\\/en\\\/#website\"},\"primaryImageOfPage\":{\"@id\":\"https:\\\/\\\/www.lenez.com\\\/de\\\/coffret\\\/weinaroma-koffer\\\/le-nez-du-vin-das-grosse-modell-mit-54-aromen\\\/#primaryimage\"},\"image\":{\"@id\":\"https:\\\/\\\/www.lenez.com\\\/de\\\/coffret\\\/weinaroma-koffer\\\/le-nez-du-vin-das-grosse-modell-mit-54-aromen\\\/#primaryimage\"},\"thumbnailUrl\":\"https:\\\/\\\/www.lenez.com\\\/wp-content\\\/uploads\\\/2024\\\/11\\\/HCEDtfZJCY_img_id.jpg\",\"datePublished\":\"2024-11-14T13:10:53+00:00\",\"dateModified\":\"2025-09-22T12:01:58+00:00\",\"breadcrumb\":{\"@id\":\"https:\\\/\\\/www.lenez.com\\\/de\\\/coffret\\\/weinaroma-koffer\\\/le-nez-du-vin-das-grosse-modell-mit-54-aromen\\\/#breadcrumb\"},\"inLanguage\":\"de\",\"potentialAction\":[{\"@type\":\"ReadAction\",\"target\":[\"https:\\\/\\\/www.lenez.com\\\/de\\\/coffret\\\/weinaroma-koffer\\\/le-nez-du-vin-das-grosse-modell-mit-54-aromen\\\/\"]}]},{\"@type\":\"ImageObject\",\"inLanguage\":\"de\",\"@id\":\"https:\\\/\\\/www.lenez.com\\\/de\\\/coffret\\\/weinaroma-koffer\\\/le-nez-du-vin-das-grosse-modell-mit-54-aromen\\\/#primaryimage\",\"url\":\"https:\\\/\\\/www.lenez.com\\\/wp-content\\\/uploads\\\/2024\\\/11\\\/HCEDtfZJCY_img_id.jpg\",\"contentUrl\":\"https:\\\/\\\/www.lenez.com\\\/wp-content\\\/uploads\\\/2024\\\/11\\\/HCEDtfZJCY_img_id.jpg\",\"width\":1154,\"height\":1000,\"caption\":\"HCEDtfZJCY img id\"},{\"@type\":\"BreadcrumbList\",\"@id\":\"https:\\\/\\\/www.lenez.com\\\/de\\\/coffret\\\/weinaroma-koffer\\\/le-nez-du-vin-das-grosse-modell-mit-54-aromen\\\/#breadcrumb\",\"itemListElement\":[{\"@type\":\"ListItem\",\"position\":1,\"name\":\"Accueil\",\"item\":\"https:\\\/\\\/www.lenez.com\\\/\"},{\"@type\":\"ListItem\",\"position\":2,\"name\":\"Odorama\",\"item\":\"https:\\\/\\\/www.lenez.com\\\/de\\\/odorama\\\/\"},{\"@type\":\"ListItem\",\"position\":3,\"name\":\"Weinaroma-Koffer\",\"item\":\"https:\\\/\\\/www.lenez.com\\\/de\\\/boxen\\\/weinaroma-koffer\\\/\"},{\"@type\":\"ListItem\",\"position\":4,\"name\":\"Das gro\u00dfe Modell 54 Aromen\"}]},{\"@type\":\"WebSite\",\"@id\":\"https:\\\/\\\/www.lenez.com\\\/en\\\/#website\",\"url\":\"https:\\\/\\\/www.lenez.com\\\/en\\\/\",\"name\":\"Le Nez du Vin\",\"description\":\"Site officiel des marques Le Nez du Vin, Le Nez du Caf\u00e9 et Le Nez du Whisky\",\"publisher\":{\"@id\":\"https:\\\/\\\/www.lenez.com\\\/en\\\/#organization\"},\"potentialAction\":[{\"@type\":\"SearchAction\",\"target\":{\"@type\":\"EntryPoint\",\"urlTemplate\":\"https:\\\/\\\/www.lenez.com\\\/en\\\/?s={search_term_string}\"},\"query-input\":{\"@type\":\"PropertyValueSpecification\",\"valueRequired\":true,\"valueName\":\"search_term_string\"}}],\"inLanguage\":\"de\"},{\"@type\":\"Organization\",\"@id\":\"https:\\\/\\\/www.lenez.com\\\/en\\\/#organization\",\"name\":\"Le Nez du Vin\",\"url\":\"https:\\\/\\\/www.lenez.com\\\/en\\\/\",\"logo\":{\"@type\":\"ImageObject\",\"inLanguage\":\"de\",\"@id\":\"https:\\\/\\\/www.lenez.com\\\/en\\\/#\\\/schema\\\/logo\\\/image\\\/\",\"url\":\"https:\\\/\\\/www.lenez.com\\\/wp-content\\\/uploads\\\/2025\\\/05\\\/EJL_LOGO_2019.jpg\",\"contentUrl\":\"https:\\\/\\\/www.lenez.com\\\/wp-content\\\/uploads\\\/2025\\\/05\\\/EJL_LOGO_2019.jpg\",\"width\":2362,\"height\":2362,\"caption\":\"Le Nez du Vin\"},\"image\":{\"@id\":\"https:\\\/\\\/www.lenez.com\\\/en\\\/#\\\/schema\\\/logo\\\/image\\\/\"}}]}<\/script>\n<!-- \/ Yoast SEO plugin. -->","yoast_head_json":{"title":"Das gro\u00dfe Modell 54 Aromen - Le Nez du Vin","robots":{"index":"index","follow":"follow","max-snippet":"max-snippet:-1","max-image-preview":"max-image-preview:large","max-video-preview":"max-video-preview:-1"},"canonical":"https:\/\/www.lenez.com\/de\/coffret\/weinaroma-koffer\/le-nez-du-vin-das-grosse-modell-mit-54-aromen\/","og_locale":"de_DE","og_type":"article","og_title":"Das gro\u00dfe Modell 54 Aromen - Le Nez du Vin","og_description":"54 hochwertige, realistische und langanhaltende Aromen.  54 Spielkarten veranschaulichen die tats\u00e4chlichen Verbindungen zwischen den Aromen und den Weinen.  Ein illustriertes Lehrbuch (120 Seiten) dient als umfassender Leitfaden.","og_url":"https:\/\/www.lenez.com\/de\/coffret\/weinaroma-koffer\/le-nez-du-vin-das-grosse-modell-mit-54-aromen\/","og_site_name":"Le Nez du Vin","article_modified_time":"2025-09-22T12:01:58+00:00","og_image":[{"width":1154,"height":1000,"url":"https:\/\/www.lenez.com\/wp-content\/uploads\/2024\/11\/HCEDtfZJCY_img_id.jpg","type":"image\/jpeg"}],"twitter_card":"summary_large_image","twitter_misc":{"Gesch\u00e4tzte Lesezeit":"1\u00a0Minute"},"schema":{"@context":"https:\/\/schema.org","@graph":[{"@type":"WebPage","@id":"https:\/\/www.lenez.com\/de\/coffret\/weinaroma-koffer\/le-nez-du-vin-das-grosse-modell-mit-54-aromen\/","url":"https:\/\/www.lenez.com\/de\/coffret\/weinaroma-koffer\/le-nez-du-vin-das-grosse-modell-mit-54-aromen\/","name":"Das gro\u00dfe Modell 54 Aromen - Le Nez du Vin","isPartOf":{"@id":"https:\/\/www.lenez.com\/en\/#website"},"primaryImageOfPage":{"@id":"https:\/\/www.lenez.com\/de\/coffret\/weinaroma-koffer\/le-nez-du-vin-das-grosse-modell-mit-54-aromen\/#primaryimage"},"image":{"@id":"https:\/\/www.lenez.com\/de\/coffret\/weinaroma-koffer\/le-nez-du-vin-das-grosse-modell-mit-54-aromen\/#primaryimage"},"thumbnailUrl":"https:\/\/www.lenez.com\/wp-content\/uploads\/2024\/11\/HCEDtfZJCY_img_id.jpg","datePublished":"2024-11-14T13:10:53+00:00","dateModified":"2025-09-22T12:01:58+00:00","breadcrumb":{"@id":"https:\/\/www.lenez.com\/de\/coffret\/weinaroma-koffer\/le-nez-du-vin-das-grosse-modell-mit-54-aromen\/#breadcrumb"},"inLanguage":"de","potentialAction":[{"@type":"ReadAction","target":["https:\/\/www.lenez.com\/de\/coffret\/weinaroma-koffer\/le-nez-du-vin-das-grosse-modell-mit-54-aromen\/"]}]},{"@type":"ImageObject","inLanguage":"de","@id":"https:\/\/www.lenez.com\/de\/coffret\/weinaroma-koffer\/le-nez-du-vin-das-grosse-modell-mit-54-aromen\/#primaryimage","url":"https:\/\/www.lenez.com\/wp-content\/uploads\/2024\/11\/HCEDtfZJCY_img_id.jpg","contentUrl":"https:\/\/www.lenez.com\/wp-content\/uploads\/2024\/11\/HCEDtfZJCY_img_id.jpg","width":1154,"height":1000,"caption":"HCEDtfZJCY img id"},{"@type":"BreadcrumbList","@id":"https:\/\/www.lenez.com\/de\/coffret\/weinaroma-koffer\/le-nez-du-vin-das-grosse-modell-mit-54-aromen\/#breadcrumb","itemListElement":[{"@type":"ListItem","position":1,"name":"Accueil","item":"https:\/\/www.lenez.com\/"},{"@type":"ListItem","position":2,"name":"Odorama","item":"https:\/\/www.lenez.com\/de\/odorama\/"},{"@type":"ListItem","position":3,"name":"Weinaroma-Koffer","item":"https:\/\/www.lenez.com\/de\/boxen\/weinaroma-koffer\/"},{"@type":"ListItem","position":4,"name":"Das gro\u00dfe Modell 54 Aromen"}]},{"@type":"WebSite","@id":"https:\/\/www.lenez.com\/en\/#website","url":"https:\/\/www.lenez.com\/en\/","name":"Le Nez du Vin","description":"Site officiel des marques Le Nez du Vin, Le Nez du Caf\u00e9 et Le Nez du Whisky","publisher":{"@id":"https:\/\/www.lenez.com\/en\/#organization"},"potentialAction":[{"@type":"SearchAction","target":{"@type":"EntryPoint","urlTemplate":"https:\/\/www.lenez.com\/en\/?s={search_term_string}"},"query-input":{"@type":"PropertyValueSpecification","valueRequired":true,"valueName":"search_term_string"}}],"inLanguage":"de"},{"@type":"Organization","@id":"https:\/\/www.lenez.com\/en\/#organization","name":"Le Nez du Vin","url":"https:\/\/www.lenez.com\/en\/","logo":{"@type":"ImageObject","inLanguage":"de","@id":"https:\/\/www.lenez.com\/en\/#\/schema\/logo\/image\/","url":"https:\/\/www.lenez.com\/wp-content\/uploads\/2025\/05\/EJL_LOGO_2019.jpg","contentUrl":"https:\/\/www.lenez.com\/wp-content\/uploads\/2025\/05\/EJL_LOGO_2019.jpg","width":2362,"height":2362,"caption":"Le Nez du Vin"},"image":{"@id":"https:\/\/www.lenez.com\/en\/#\/schema\/logo\/image\/"}}]}},"_links":{"self":[{"href":"https:\/\/www.lenez.com\/de\/wp-json\/wp\/v2\/product\/5018","targetHints":{"allow":["GET"]}}],"collection":[{"href":"https:\/\/www.lenez.com\/de\/wp-json\/wp\/v2\/product"}],"about":[{"href":"https:\/\/www.lenez.com\/de\/wp-json\/wp\/v2\/types\/product"}],"replies":[{"embeddable":true,"href":"https:\/\/www.lenez.com\/de\/wp-json\/wp\/v2\/comments?post=5018"}],"wp:featuredmedia":[{"embeddable":true,"href":"https:\/\/www.lenez.com\/de\/wp-json\/wp\/v2\/media\/2288"}],"wp:attachment":[{"href":"https:\/\/www.lenez.com\/de\/wp-json\/wp\/v2\/media?parent=5018"}],"wp:term":[{"taxonomy":"product_brand","embeddable":true,"href":"https:\/\/www.lenez.com\/de\/wp-json\/wp\/v2\/product_brand?post=5018"},{"taxonomy":"product_cat","embeddable":true,"href":"https:\/\/www.lenez.com\/de\/wp-json\/wp\/v2\/product_cat?post=5018"},{"taxonomy":"product_tag","embeddable":true,"href":"https:\/\/www.lenez.com\/de\/wp-json\/wp\/v2\/product_tag?post=5018"}],"curies":[{"name":"wp","href":"https:\/\/api.w.org\/{rel}","templated":true}]}}