{"id":5031,"date":"2024-11-14T14:54:36","date_gmt":"2024-11-14T13:54:36","guid":{"rendered":"https:\/\/shop.lenez.com\/coffret\/unkategorisiert\/das-duo-24-aromen\/"},"modified":"2025-09-22T12:17:31","modified_gmt":"2025-09-22T10:17:31","slug":"das-duo-24-aromen","status":"publish","type":"product","link":"https:\/\/www.lenez.com\/de\/coffret\/weinaroma-koffer\/das-duo-24-aromen\/","title":{"rendered":"Das Duo 24 Aromen"},"content":{"rendered":"<h2 style=\"text-align: left;\">Das Wichtigste \u00fcber die Aromen der Rot- und Wei\u00dfweine<\/h2>\n<hr \/>\n<div class=\"col-md-6\">\n<h3>Die Aromen<\/h3>\n<p>24 der wichtigsten Aromen wei\u00dfer Weine (einschlie\u00dflich Champagner) und roter Weine, ausgew\u00e4hlt aus den Aromen des gro\u00dfen Modells mit 54 Aromen:<\/p>\n<p>12 Aromen wei\u00dfer Weine :<\/p>\n<ul>\n<li><strong><span style=\"text-decoration: underline;\">Fruchtige Aromen<\/span><\/strong>: 1 Zitrone, 2 Grapefruit, 4 Ananas, 6 Litschi, 8 Muskat, 10 Birne.<\/li>\n<li><strong><span style=\"text-decoration: underline;\">Blu\u0308tenaromen<\/span><\/strong>: 24 Wei\u00dfdorn, 27 Honig.<\/li>\n<li><strong><span style=\"text-decoration: underline;\">Vegetalische Aromen<\/span><\/strong>: 37 Schwarze-Johannisbeerknospe (Buchsbaum).<\/li>\n<li><strong><span style=\"text-decoration: underline;\">Tierische Aromen<\/span><\/strong>: 47 Butter.<\/li>\n<li><strong><span style=\"text-decoration: underline;\">R\u00f6staromen<\/span><\/strong>: 48 Ger\u00f6stetes Wei\u00dfbrot, 50 Ger\u00f6stete Haselnuss.<\/li>\n<\/ul>\n<p>12 Aromen roter Weine :<\/p>\n<ul>\n<li><strong><span style=\"text-decoration: underline;\">Fruchtige Aromen<\/span><\/strong>: 12 Erdbeere, 13 Himbeere, 15 schwarze Johannisbeere, 17 Brombeere, 18 Kirsche.<\/li>\n<li><strong><span style=\"text-decoration: underline;\">Blu\u0308tenaromen<\/span><\/strong>: 29 Veilchen.<\/li>\n<li><strong><span style=\"text-decoration: underline;\">Vegetalische und wu\u0308rzige Aromen<\/span><\/strong>: 30 gr\u00fcner Paprika, 32 Tr\u00fcffel, 36 Lakritz, 40 Vanille, 43 Pfeffer.<\/li>\n<li><strong><span style=\"text-decoration: underline;\">R\u00f6staromen<\/span><\/strong>: 54 Rauchnote.<\/li>\n<\/ul>\n<\/div>\n<div class=\"col-md-6\">\n<h3>Das Buch<\/h3>\n<p>Dieses Set enth\u00e4lt drei Begleithefte:<\/p>\n<ul>\n<li>Ein allgemeines Heft, das die Herkunft der Weinaromen, die Funktionsweise des Geruchssinns erkl\u00e4rt und Tipps gibt, wie man besser verkostet und sein Geruchsged\u00e4chtnis schult: Was versteht man unter prim\u00e4ren, sekund\u00e4ren und terti\u00e4ren Aromen? Was ist der Unterschied zwischen einem Aroma und einem Geruch? Wie trainiert man mit Le Nez du Vin? \u2026<\/li>\n<li>Ein spezifisches Heft zu Rotweinen, das erkl\u00e4rt, wie sich die 12 Schl\u00fcsselaromen je nach Rebsorte und Anbaugebiet in Frankreich und weltweit zeigen: Welche Aromen sind typisch f\u00fcr Pinot Noir? F\u00fcr die Rotweine aus Saint-\u00c9milion? In welchen Appellationen in Frankreich und weltweit k\u00f6nnte ich das Veilchenaroma erkennen? \u2026<\/li>\n<li>Ein spezifisches Heft zu Wei\u00dfweinen, das ebenfalls die Verbindung zwischen Aromen und Weinen herstellt: Welche Rebsorte entwickelt bei der Vinifikation typischerweise die schwarze Johannisbeerknospen-Note? Welche Rebsorte ist traditionell f\u00fcr die Montagne de Reims? \u2026<\/li>\n<\/ul>\n<\/div>\n","protected":false},"excerpt":{"rendered":"<ul>\n<li>24 hochwertige, realistische und langanhaltende Aromen.<\/li>\n<li>Drei Begleithefte dienen als Leitfaden.<\/li>\n<\/ul>\n","protected":false},"featured_media":2336,"comment_status":"closed","ping_status":"closed","template":"","meta":{"_acf_changed":false},"product_brand":[],"product_cat":[150],"product_tag":[],"class_list":{"0":"post-5031","1":"product","2":"type-product","3":"status-publish","4":"has-post-thumbnail","6":"product_cat-weinaroma-koffer","8":"first","9":"instock","10":"taxable","11":"shipping-taxable","12":"purchasable","13":"product-type-variable"},"acf":[],"yoast_head":"<!-- This site is optimized with the Yoast SEO plugin v27.4 - https:\/\/yoast.com\/product\/yoast-seo-wordpress\/ -->\n<title>Das Duo 24 Aromen - Le Nez du Vin<\/title>\n<meta name=\"robots\" content=\"index, follow, max-snippet:-1, max-image-preview:large, max-video-preview:-1\" \/>\n<link rel=\"canonical\" href=\"https:\/\/www.lenez.com\/de\/coffret\/weinaroma-koffer\/das-duo-24-aromen\/\" \/>\n<meta property=\"og:locale\" content=\"de_DE\" \/>\n<meta property=\"og:type\" content=\"article\" \/>\n<meta property=\"og:title\" content=\"Das Duo 24 Aromen - Le Nez du Vin\" \/>\n<meta property=\"og:description\" content=\"24 hochwertige, realistische und langanhaltende Aromen.  Drei Begleithefte dienen als Leitfaden.\" \/>\n<meta property=\"og:url\" content=\"https:\/\/www.lenez.com\/de\/coffret\/weinaroma-koffer\/das-duo-24-aromen\/\" \/>\n<meta property=\"og:site_name\" content=\"Le Nez du Vin\" \/>\n<meta property=\"article:modified_time\" content=\"2025-09-22T10:17:31+00:00\" \/>\n<meta property=\"og:image\" content=\"https:\/\/www.lenez.com\/wp-content\/uploads\/2025\/08\/DE_NEZVIN24ES_DSC_4279.png\" \/>\n\t<meta property=\"og:image:width\" content=\"1181\" \/>\n\t<meta property=\"og:image:height\" content=\"720\" \/>\n\t<meta property=\"og:image:type\" content=\"image\/png\" \/>\n<meta name=\"twitter:card\" content=\"summary_large_image\" \/>\n<meta name=\"twitter:label1\" content=\"Gesch\u00e4tzte Lesezeit\" \/>\n\t<meta name=\"twitter:data1\" content=\"1\u00a0Minute\" \/>\n<script type=\"application\/ld+json\" class=\"yoast-schema-graph\">{\"@context\":\"https:\\\/\\\/schema.org\",\"@graph\":[{\"@type\":\"WebPage\",\"@id\":\"https:\\\/\\\/www.lenez.com\\\/de\\\/coffret\\\/weinaroma-koffer\\\/das-duo-24-aromen\\\/\",\"url\":\"https:\\\/\\\/www.lenez.com\\\/de\\\/coffret\\\/weinaroma-koffer\\\/das-duo-24-aromen\\\/\",\"name\":\"Das Duo 24 Aromen - Le Nez du Vin\",\"isPartOf\":{\"@id\":\"https:\\\/\\\/www.lenez.com\\\/en\\\/#website\"},\"primaryImageOfPage\":{\"@id\":\"https:\\\/\\\/www.lenez.com\\\/de\\\/coffret\\\/weinaroma-koffer\\\/das-duo-24-aromen\\\/#primaryimage\"},\"image\":{\"@id\":\"https:\\\/\\\/www.lenez.com\\\/de\\\/coffret\\\/weinaroma-koffer\\\/das-duo-24-aromen\\\/#primaryimage\"},\"thumbnailUrl\":\"https:\\\/\\\/www.lenez.com\\\/wp-content\\\/uploads\\\/2025\\\/08\\\/DE_NEZVIN24ES_DSC_4279.png\",\"datePublished\":\"2024-11-14T13:54:36+00:00\",\"dateModified\":\"2025-09-22T10:17:31+00:00\",\"breadcrumb\":{\"@id\":\"https:\\\/\\\/www.lenez.com\\\/de\\\/coffret\\\/weinaroma-koffer\\\/das-duo-24-aromen\\\/#breadcrumb\"},\"inLanguage\":\"de\",\"potentialAction\":[{\"@type\":\"ReadAction\",\"target\":[\"https:\\\/\\\/www.lenez.com\\\/de\\\/coffret\\\/weinaroma-koffer\\\/das-duo-24-aromen\\\/\"]}]},{\"@type\":\"ImageObject\",\"inLanguage\":\"de\",\"@id\":\"https:\\\/\\\/www.lenez.com\\\/de\\\/coffret\\\/weinaroma-koffer\\\/das-duo-24-aromen\\\/#primaryimage\",\"url\":\"https:\\\/\\\/www.lenez.com\\\/wp-content\\\/uploads\\\/2025\\\/08\\\/DE_NEZVIN24ES_DSC_4279.png\",\"contentUrl\":\"https:\\\/\\\/www.lenez.com\\\/wp-content\\\/uploads\\\/2025\\\/08\\\/DE_NEZVIN24ES_DSC_4279.png\",\"width\":1181,\"height\":720,\"caption\":\"ofWUIgVmXH img id\"},{\"@type\":\"BreadcrumbList\",\"@id\":\"https:\\\/\\\/www.lenez.com\\\/de\\\/coffret\\\/weinaroma-koffer\\\/das-duo-24-aromen\\\/#breadcrumb\",\"itemListElement\":[{\"@type\":\"ListItem\",\"position\":1,\"name\":\"Accueil\",\"item\":\"https:\\\/\\\/www.lenez.com\\\/\"},{\"@type\":\"ListItem\",\"position\":2,\"name\":\"Odorama\",\"item\":\"https:\\\/\\\/www.lenez.com\\\/de\\\/odorama\\\/\"},{\"@type\":\"ListItem\",\"position\":3,\"name\":\"Weinaroma-Koffer\",\"item\":\"https:\\\/\\\/www.lenez.com\\\/de\\\/boxen\\\/weinaroma-koffer\\\/\"},{\"@type\":\"ListItem\",\"position\":4,\"name\":\"Das Duo 24 Aromen\"}]},{\"@type\":\"WebSite\",\"@id\":\"https:\\\/\\\/www.lenez.com\\\/en\\\/#website\",\"url\":\"https:\\\/\\\/www.lenez.com\\\/en\\\/\",\"name\":\"Le Nez du Vin\",\"description\":\"Site officiel des marques Le Nez du Vin, Le Nez du Caf\u00e9 et Le Nez du Whisky\",\"publisher\":{\"@id\":\"https:\\\/\\\/www.lenez.com\\\/en\\\/#organization\"},\"potentialAction\":[{\"@type\":\"SearchAction\",\"target\":{\"@type\":\"EntryPoint\",\"urlTemplate\":\"https:\\\/\\\/www.lenez.com\\\/en\\\/?s={search_term_string}\"},\"query-input\":{\"@type\":\"PropertyValueSpecification\",\"valueRequired\":true,\"valueName\":\"search_term_string\"}}],\"inLanguage\":\"de\"},{\"@type\":\"Organization\",\"@id\":\"https:\\\/\\\/www.lenez.com\\\/en\\\/#organization\",\"name\":\"Le Nez du Vin\",\"url\":\"https:\\\/\\\/www.lenez.com\\\/en\\\/\",\"logo\":{\"@type\":\"ImageObject\",\"inLanguage\":\"de\",\"@id\":\"https:\\\/\\\/www.lenez.com\\\/en\\\/#\\\/schema\\\/logo\\\/image\\\/\",\"url\":\"https:\\\/\\\/www.lenez.com\\\/wp-content\\\/uploads\\\/2025\\\/05\\\/EJL_LOGO_2019.jpg\",\"contentUrl\":\"https:\\\/\\\/www.lenez.com\\\/wp-content\\\/uploads\\\/2025\\\/05\\\/EJL_LOGO_2019.jpg\",\"width\":2362,\"height\":2362,\"caption\":\"Le Nez du Vin\"},\"image\":{\"@id\":\"https:\\\/\\\/www.lenez.com\\\/en\\\/#\\\/schema\\\/logo\\\/image\\\/\"}}]}<\/script>\n<!-- \/ Yoast SEO plugin. -->","yoast_head_json":{"title":"Das Duo 24 Aromen - Le Nez du Vin","robots":{"index":"index","follow":"follow","max-snippet":"max-snippet:-1","max-image-preview":"max-image-preview:large","max-video-preview":"max-video-preview:-1"},"canonical":"https:\/\/www.lenez.com\/de\/coffret\/weinaroma-koffer\/das-duo-24-aromen\/","og_locale":"de_DE","og_type":"article","og_title":"Das Duo 24 Aromen - Le Nez du Vin","og_description":"24 hochwertige, realistische und langanhaltende Aromen.  Drei Begleithefte dienen als Leitfaden.","og_url":"https:\/\/www.lenez.com\/de\/coffret\/weinaroma-koffer\/das-duo-24-aromen\/","og_site_name":"Le Nez du Vin","article_modified_time":"2025-09-22T10:17:31+00:00","og_image":[{"width":1181,"height":720,"url":"https:\/\/www.lenez.com\/wp-content\/uploads\/2025\/08\/DE_NEZVIN24ES_DSC_4279.png","type":"image\/png"}],"twitter_card":"summary_large_image","twitter_misc":{"Gesch\u00e4tzte Lesezeit":"1\u00a0Minute"},"schema":{"@context":"https:\/\/schema.org","@graph":[{"@type":"WebPage","@id":"https:\/\/www.lenez.com\/de\/coffret\/weinaroma-koffer\/das-duo-24-aromen\/","url":"https:\/\/www.lenez.com\/de\/coffret\/weinaroma-koffer\/das-duo-24-aromen\/","name":"Das Duo 24 Aromen - Le Nez du Vin","isPartOf":{"@id":"https:\/\/www.lenez.com\/en\/#website"},"primaryImageOfPage":{"@id":"https:\/\/www.lenez.com\/de\/coffret\/weinaroma-koffer\/das-duo-24-aromen\/#primaryimage"},"image":{"@id":"https:\/\/www.lenez.com\/de\/coffret\/weinaroma-koffer\/das-duo-24-aromen\/#primaryimage"},"thumbnailUrl":"https:\/\/www.lenez.com\/wp-content\/uploads\/2025\/08\/DE_NEZVIN24ES_DSC_4279.png","datePublished":"2024-11-14T13:54:36+00:00","dateModified":"2025-09-22T10:17:31+00:00","breadcrumb":{"@id":"https:\/\/www.lenez.com\/de\/coffret\/weinaroma-koffer\/das-duo-24-aromen\/#breadcrumb"},"inLanguage":"de","potentialAction":[{"@type":"ReadAction","target":["https:\/\/www.lenez.com\/de\/coffret\/weinaroma-koffer\/das-duo-24-aromen\/"]}]},{"@type":"ImageObject","inLanguage":"de","@id":"https:\/\/www.lenez.com\/de\/coffret\/weinaroma-koffer\/das-duo-24-aromen\/#primaryimage","url":"https:\/\/www.lenez.com\/wp-content\/uploads\/2025\/08\/DE_NEZVIN24ES_DSC_4279.png","contentUrl":"https:\/\/www.lenez.com\/wp-content\/uploads\/2025\/08\/DE_NEZVIN24ES_DSC_4279.png","width":1181,"height":720,"caption":"ofWUIgVmXH img id"},{"@type":"BreadcrumbList","@id":"https:\/\/www.lenez.com\/de\/coffret\/weinaroma-koffer\/das-duo-24-aromen\/#breadcrumb","itemListElement":[{"@type":"ListItem","position":1,"name":"Accueil","item":"https:\/\/www.lenez.com\/"},{"@type":"ListItem","position":2,"name":"Odorama","item":"https:\/\/www.lenez.com\/de\/odorama\/"},{"@type":"ListItem","position":3,"name":"Weinaroma-Koffer","item":"https:\/\/www.lenez.com\/de\/boxen\/weinaroma-koffer\/"},{"@type":"ListItem","position":4,"name":"Das Duo 24 Aromen"}]},{"@type":"WebSite","@id":"https:\/\/www.lenez.com\/en\/#website","url":"https:\/\/www.lenez.com\/en\/","name":"Le Nez du Vin","description":"Site officiel des marques Le Nez du Vin, Le Nez du Caf\u00e9 et Le Nez du Whisky","publisher":{"@id":"https:\/\/www.lenez.com\/en\/#organization"},"potentialAction":[{"@type":"SearchAction","target":{"@type":"EntryPoint","urlTemplate":"https:\/\/www.lenez.com\/en\/?s={search_term_string}"},"query-input":{"@type":"PropertyValueSpecification","valueRequired":true,"valueName":"search_term_string"}}],"inLanguage":"de"},{"@type":"Organization","@id":"https:\/\/www.lenez.com\/en\/#organization","name":"Le Nez du Vin","url":"https:\/\/www.lenez.com\/en\/","logo":{"@type":"ImageObject","inLanguage":"de","@id":"https:\/\/www.lenez.com\/en\/#\/schema\/logo\/image\/","url":"https:\/\/www.lenez.com\/wp-content\/uploads\/2025\/05\/EJL_LOGO_2019.jpg","contentUrl":"https:\/\/www.lenez.com\/wp-content\/uploads\/2025\/05\/EJL_LOGO_2019.jpg","width":2362,"height":2362,"caption":"Le Nez du Vin"},"image":{"@id":"https:\/\/www.lenez.com\/en\/#\/schema\/logo\/image\/"}}]}},"_links":{"self":[{"href":"https:\/\/www.lenez.com\/de\/wp-json\/wp\/v2\/product\/5031","targetHints":{"allow":["GET"]}}],"collection":[{"href":"https:\/\/www.lenez.com\/de\/wp-json\/wp\/v2\/product"}],"about":[{"href":"https:\/\/www.lenez.com\/de\/wp-json\/wp\/v2\/types\/product"}],"replies":[{"embeddable":true,"href":"https:\/\/www.lenez.com\/de\/wp-json\/wp\/v2\/comments?post=5031"}],"wp:featuredmedia":[{"embeddable":true,"href":"https:\/\/www.lenez.com\/de\/wp-json\/wp\/v2\/media\/2336"}],"wp:attachment":[{"href":"https:\/\/www.lenez.com\/de\/wp-json\/wp\/v2\/media?parent=5031"}],"wp:term":[{"taxonomy":"product_brand","embeddable":true,"href":"https:\/\/www.lenez.com\/de\/wp-json\/wp\/v2\/product_brand?post=5031"},{"taxonomy":"product_cat","embeddable":true,"href":"https:\/\/www.lenez.com\/de\/wp-json\/wp\/v2\/product_cat?post=5031"},{"taxonomy":"product_tag","embeddable":true,"href":"https:\/\/www.lenez.com\/de\/wp-json\/wp\/v2\/product_tag?post=5031"}],"curies":[{"name":"wp","href":"https:\/\/api.w.org\/{rel}","templated":true}]}}