{"id":5052,"date":"2024-11-14T15:21:24","date_gmt":"2024-11-14T14:21:24","guid":{"rendered":"https:\/\/shop.lenez.com\/coffret\/unkategorisiert\/die-weinfehler-12-aromen\/"},"modified":"2025-09-22T12:14:31","modified_gmt":"2025-09-22T10:14:31","slug":"die-weinfehler-12-aromen","status":"publish","type":"product","link":"https:\/\/www.lenez.com\/de\/coffret\/weinaroma-koffer\/die-weinfehler-12-aromen\/","title":{"rendered":"Die Weinfehler 12 Aromen"},"content":{"rendered":"<h3>Eine unverzichtbare Erg\u00e4nzung zum Standardwerk Le Nez du Vin \u2013 Das gro\u00dfe Modell mit 54 Aromen<\/h3>\n<hr \/>\n<div class=\"col-md-6\">\n<h3>Die Aromen<\/h3>\n<p>12 Aromen, geordnet nach ihrer Erscheinung im Verlauf der Weinherstellung:<\/p>\n<ul>\n<li>1 Gr\u00fcne Paprika*<\/li>\n<li>2 Muffig-erdig<\/li>\n<li>3 Schwefelverbindungen<\/li>\n<li>4 Zwiebel<\/li>\n<li>5 Blumenkohl<\/li>\n<li>6 Ranzige Butter*<\/li>\n<li>7 \u00dcberreifer Apfel<\/li>\n<li>8 Bohnerwachs*<\/li>\n<li>9 Essig<\/li>\n<li>10 Lack<\/li>\n<li>11 Stall<\/li>\n<li>12 Korkton<\/li>\n<\/ul>\n<p>* neue Aromen im Vergleich zur Originalausgabe von 1997<\/p>\n<\/div>\n<div class=\"col-md-6\">\n<h3>Das Buch<\/h3>\n<p>Ob Winzer, \u00d6nologen, Lehrkr\u00e4fte, Studierende, Gastronomen, Weineink\u00e4ufer und nicht zuletzt Weinliebhaber \u2013 sie alle sind von Le Nez du Vin \u2013 Die Weinfehler angesprochen. F\u00fcr Fachleute ist dieses Set ebenso unverzichtbar wie ein wertvolles Schulungsinstrument \u2013 in jeder Phase von der Herstellung \u00fcber den Service bis hin zum Verkauf. Es entspricht auch den Erwartungen eines immer besser informierten und anspruchsvolleren Publikums.<\/p>\n<p>Diese Auswahl von 12 Weinfehlern ist zugleich einf\u00fchrend, spielerisch und vor allem didaktisch \u2013 sie erweitert und erg\u00e4nzt Le Nez du Vin \u2013 Das gro\u00dfe Modell mit 54 Aromen, das die positiven Eigenschaften der Weine Frankreichs und der Welt veranschaulicht.<\/p>\n<p>Das Buch wurde 2024 vollst\u00e4ndig \u00fcberarbeitet und beantwortet folgende Fragen:<br \/>\nWas sind die wichtigsten Geruchsfehler beim Wein? Wie erkennt und beschreibt man sie? Warum entstehen sie? Wann und wie kann man sie vermeiden? Lassen sie sich beheben oder zumindest abschw\u00e4chen?<\/p>\n<\/div>\n","protected":false},"excerpt":{"rendered":"<ul>\n<li>12 hochwertige, realistische und langanhaltende Aromen.<\/li>\n<li>Ein Begleiheft (36 Seiten) um die Herkunft der Weinfehler zu verstehen, zu erfahren, wann und wie man sie vermeiden kann oder \u2013 wenn sie vorhanden sind \u2013 wie man sie beseitigt oder abmildert.<\/li>\n<\/ul>\n","protected":false},"featured_media":6609,"comment_status":"closed","ping_status":"closed","template":"","meta":{"_acf_changed":false},"product_brand":[],"product_cat":[150],"product_tag":[],"class_list":{"0":"post-5052","1":"product","2":"type-product","3":"status-publish","4":"has-post-thumbnail","6":"product_cat-weinaroma-koffer","8":"first","9":"instock","10":"taxable","11":"shipping-taxable","12":"purchasable","13":"product-type-variable"},"acf":[],"yoast_head":"<!-- This site is optimized with the Yoast SEO plugin v27.4 - https:\/\/yoast.com\/product\/yoast-seo-wordpress\/ -->\n<title>Die Weinfehler 12 Aromen - Le Nez du Vin<\/title>\n<meta name=\"robots\" content=\"index, follow, max-snippet:-1, max-image-preview:large, max-video-preview:-1\" \/>\n<link rel=\"canonical\" href=\"https:\/\/www.lenez.com\/de\/coffret\/weinaroma-koffer\/die-weinfehler-12-aromen\/\" \/>\n<meta property=\"og:locale\" content=\"de_DE\" \/>\n<meta property=\"og:type\" content=\"article\" \/>\n<meta property=\"og:title\" content=\"Die Weinfehler 12 Aromen - Le Nez du Vin\" \/>\n<meta property=\"og:description\" content=\"12 hochwertige, realistische und langanhaltende Aromen.  Ein Begleiheft (36 Seiten) um die Herkunft der Weinfehler zu verstehen, zu erfahren, wann und wie man sie vermeiden kann oder \u2013 wenn sie vorhanden sind \u2013 wie man sie beseitigt oder abmildert.\" \/>\n<meta property=\"og:url\" content=\"https:\/\/www.lenez.com\/de\/coffret\/weinaroma-koffer\/die-weinfehler-12-aromen\/\" \/>\n<meta property=\"og:site_name\" content=\"Le Nez du Vin\" \/>\n<meta property=\"article:modified_time\" content=\"2025-09-22T10:14:31+00:00\" \/>\n<meta property=\"og:image\" content=\"https:\/\/www.lenez.com\/wp-content\/uploads\/2025\/09\/Le-Nez-Du-Vin-Les-Defauts-Detourage-Benoit-Diacre-VDE-1024x683.png\" \/>\n\t<meta property=\"og:image:width\" content=\"1024\" \/>\n\t<meta property=\"og:image:height\" content=\"683\" \/>\n\t<meta property=\"og:image:type\" content=\"image\/png\" \/>\n<meta name=\"twitter:card\" content=\"summary_large_image\" \/>\n<meta name=\"twitter:label1\" content=\"Gesch\u00e4tzte Lesezeit\" \/>\n\t<meta name=\"twitter:data1\" content=\"1\u00a0Minute\" \/>\n<script type=\"application\/ld+json\" class=\"yoast-schema-graph\">{\"@context\":\"https:\\\/\\\/schema.org\",\"@graph\":[{\"@type\":\"WebPage\",\"@id\":\"https:\\\/\\\/www.lenez.com\\\/de\\\/coffret\\\/weinaroma-koffer\\\/die-weinfehler-12-aromen\\\/\",\"url\":\"https:\\\/\\\/www.lenez.com\\\/de\\\/coffret\\\/weinaroma-koffer\\\/die-weinfehler-12-aromen\\\/\",\"name\":\"Die Weinfehler 12 Aromen - Le Nez du Vin\",\"isPartOf\":{\"@id\":\"https:\\\/\\\/www.lenez.com\\\/en\\\/#website\"},\"primaryImageOfPage\":{\"@id\":\"https:\\\/\\\/www.lenez.com\\\/de\\\/coffret\\\/weinaroma-koffer\\\/die-weinfehler-12-aromen\\\/#primaryimage\"},\"image\":{\"@id\":\"https:\\\/\\\/www.lenez.com\\\/de\\\/coffret\\\/weinaroma-koffer\\\/die-weinfehler-12-aromen\\\/#primaryimage\"},\"thumbnailUrl\":\"https:\\\/\\\/www.lenez.com\\\/wp-content\\\/uploads\\\/2025\\\/09\\\/Le-Nez-Du-Vin-Les-Defauts-Detourage-Benoit-Diacre-VDE-scaled.png\",\"datePublished\":\"2024-11-14T14:21:24+00:00\",\"dateModified\":\"2025-09-22T10:14:31+00:00\",\"breadcrumb\":{\"@id\":\"https:\\\/\\\/www.lenez.com\\\/de\\\/coffret\\\/weinaroma-koffer\\\/die-weinfehler-12-aromen\\\/#breadcrumb\"},\"inLanguage\":\"de\",\"potentialAction\":[{\"@type\":\"ReadAction\",\"target\":[\"https:\\\/\\\/www.lenez.com\\\/de\\\/coffret\\\/weinaroma-koffer\\\/die-weinfehler-12-aromen\\\/\"]}]},{\"@type\":\"ImageObject\",\"inLanguage\":\"de\",\"@id\":\"https:\\\/\\\/www.lenez.com\\\/de\\\/coffret\\\/weinaroma-koffer\\\/die-weinfehler-12-aromen\\\/#primaryimage\",\"url\":\"https:\\\/\\\/www.lenez.com\\\/wp-content\\\/uploads\\\/2025\\\/09\\\/Le-Nez-Du-Vin-Les-Defauts-Detourage-Benoit-Diacre-VDE-scaled.png\",\"contentUrl\":\"https:\\\/\\\/www.lenez.com\\\/wp-content\\\/uploads\\\/2025\\\/09\\\/Le-Nez-Du-Vin-Les-Defauts-Detourage-Benoit-Diacre-VDE-scaled.png\",\"width\":2560,\"height\":1707},{\"@type\":\"BreadcrumbList\",\"@id\":\"https:\\\/\\\/www.lenez.com\\\/de\\\/coffret\\\/weinaroma-koffer\\\/die-weinfehler-12-aromen\\\/#breadcrumb\",\"itemListElement\":[{\"@type\":\"ListItem\",\"position\":1,\"name\":\"Accueil\",\"item\":\"https:\\\/\\\/www.lenez.com\\\/\"},{\"@type\":\"ListItem\",\"position\":2,\"name\":\"Odorama\",\"item\":\"https:\\\/\\\/www.lenez.com\\\/de\\\/odorama\\\/\"},{\"@type\":\"ListItem\",\"position\":3,\"name\":\"Weinaroma-Koffer\",\"item\":\"https:\\\/\\\/www.lenez.com\\\/de\\\/boxen\\\/weinaroma-koffer\\\/\"},{\"@type\":\"ListItem\",\"position\":4,\"name\":\"Die Weinfehler 12 Aromen\"}]},{\"@type\":\"WebSite\",\"@id\":\"https:\\\/\\\/www.lenez.com\\\/en\\\/#website\",\"url\":\"https:\\\/\\\/www.lenez.com\\\/en\\\/\",\"name\":\"Le Nez du Vin\",\"description\":\"Site officiel des marques Le Nez du Vin, Le Nez du Caf\u00e9 et Le Nez du Whisky\",\"publisher\":{\"@id\":\"https:\\\/\\\/www.lenez.com\\\/en\\\/#organization\"},\"potentialAction\":[{\"@type\":\"SearchAction\",\"target\":{\"@type\":\"EntryPoint\",\"urlTemplate\":\"https:\\\/\\\/www.lenez.com\\\/en\\\/?s={search_term_string}\"},\"query-input\":{\"@type\":\"PropertyValueSpecification\",\"valueRequired\":true,\"valueName\":\"search_term_string\"}}],\"inLanguage\":\"de\"},{\"@type\":\"Organization\",\"@id\":\"https:\\\/\\\/www.lenez.com\\\/en\\\/#organization\",\"name\":\"Le Nez du Vin\",\"url\":\"https:\\\/\\\/www.lenez.com\\\/en\\\/\",\"logo\":{\"@type\":\"ImageObject\",\"inLanguage\":\"de\",\"@id\":\"https:\\\/\\\/www.lenez.com\\\/en\\\/#\\\/schema\\\/logo\\\/image\\\/\",\"url\":\"https:\\\/\\\/www.lenez.com\\\/wp-content\\\/uploads\\\/2025\\\/05\\\/EJL_LOGO_2019.jpg\",\"contentUrl\":\"https:\\\/\\\/www.lenez.com\\\/wp-content\\\/uploads\\\/2025\\\/05\\\/EJL_LOGO_2019.jpg\",\"width\":2362,\"height\":2362,\"caption\":\"Le Nez du Vin\"},\"image\":{\"@id\":\"https:\\\/\\\/www.lenez.com\\\/en\\\/#\\\/schema\\\/logo\\\/image\\\/\"}}]}<\/script>\n<!-- \/ Yoast SEO plugin. -->","yoast_head_json":{"title":"Die Weinfehler 12 Aromen - Le Nez du Vin","robots":{"index":"index","follow":"follow","max-snippet":"max-snippet:-1","max-image-preview":"max-image-preview:large","max-video-preview":"max-video-preview:-1"},"canonical":"https:\/\/www.lenez.com\/de\/coffret\/weinaroma-koffer\/die-weinfehler-12-aromen\/","og_locale":"de_DE","og_type":"article","og_title":"Die Weinfehler 12 Aromen - Le Nez du Vin","og_description":"12 hochwertige, realistische und langanhaltende Aromen.  Ein Begleiheft (36 Seiten) um die Herkunft der Weinfehler zu verstehen, zu erfahren, wann und wie man sie vermeiden kann oder \u2013 wenn sie vorhanden sind \u2013 wie man sie beseitigt oder abmildert.","og_url":"https:\/\/www.lenez.com\/de\/coffret\/weinaroma-koffer\/die-weinfehler-12-aromen\/","og_site_name":"Le Nez du Vin","article_modified_time":"2025-09-22T10:14:31+00:00","og_image":[{"width":1024,"height":683,"url":"https:\/\/www.lenez.com\/wp-content\/uploads\/2025\/09\/Le-Nez-Du-Vin-Les-Defauts-Detourage-Benoit-Diacre-VDE-1024x683.png","type":"image\/png"}],"twitter_card":"summary_large_image","twitter_misc":{"Gesch\u00e4tzte Lesezeit":"1\u00a0Minute"},"schema":{"@context":"https:\/\/schema.org","@graph":[{"@type":"WebPage","@id":"https:\/\/www.lenez.com\/de\/coffret\/weinaroma-koffer\/die-weinfehler-12-aromen\/","url":"https:\/\/www.lenez.com\/de\/coffret\/weinaroma-koffer\/die-weinfehler-12-aromen\/","name":"Die Weinfehler 12 Aromen - Le Nez du Vin","isPartOf":{"@id":"https:\/\/www.lenez.com\/en\/#website"},"primaryImageOfPage":{"@id":"https:\/\/www.lenez.com\/de\/coffret\/weinaroma-koffer\/die-weinfehler-12-aromen\/#primaryimage"},"image":{"@id":"https:\/\/www.lenez.com\/de\/coffret\/weinaroma-koffer\/die-weinfehler-12-aromen\/#primaryimage"},"thumbnailUrl":"https:\/\/www.lenez.com\/wp-content\/uploads\/2025\/09\/Le-Nez-Du-Vin-Les-Defauts-Detourage-Benoit-Diacre-VDE-scaled.png","datePublished":"2024-11-14T14:21:24+00:00","dateModified":"2025-09-22T10:14:31+00:00","breadcrumb":{"@id":"https:\/\/www.lenez.com\/de\/coffret\/weinaroma-koffer\/die-weinfehler-12-aromen\/#breadcrumb"},"inLanguage":"de","potentialAction":[{"@type":"ReadAction","target":["https:\/\/www.lenez.com\/de\/coffret\/weinaroma-koffer\/die-weinfehler-12-aromen\/"]}]},{"@type":"ImageObject","inLanguage":"de","@id":"https:\/\/www.lenez.com\/de\/coffret\/weinaroma-koffer\/die-weinfehler-12-aromen\/#primaryimage","url":"https:\/\/www.lenez.com\/wp-content\/uploads\/2025\/09\/Le-Nez-Du-Vin-Les-Defauts-Detourage-Benoit-Diacre-VDE-scaled.png","contentUrl":"https:\/\/www.lenez.com\/wp-content\/uploads\/2025\/09\/Le-Nez-Du-Vin-Les-Defauts-Detourage-Benoit-Diacre-VDE-scaled.png","width":2560,"height":1707},{"@type":"BreadcrumbList","@id":"https:\/\/www.lenez.com\/de\/coffret\/weinaroma-koffer\/die-weinfehler-12-aromen\/#breadcrumb","itemListElement":[{"@type":"ListItem","position":1,"name":"Accueil","item":"https:\/\/www.lenez.com\/"},{"@type":"ListItem","position":2,"name":"Odorama","item":"https:\/\/www.lenez.com\/de\/odorama\/"},{"@type":"ListItem","position":3,"name":"Weinaroma-Koffer","item":"https:\/\/www.lenez.com\/de\/boxen\/weinaroma-koffer\/"},{"@type":"ListItem","position":4,"name":"Die Weinfehler 12 Aromen"}]},{"@type":"WebSite","@id":"https:\/\/www.lenez.com\/en\/#website","url":"https:\/\/www.lenez.com\/en\/","name":"Le Nez du Vin","description":"Site officiel des marques Le Nez du Vin, Le Nez du Caf\u00e9 et Le Nez du Whisky","publisher":{"@id":"https:\/\/www.lenez.com\/en\/#organization"},"potentialAction":[{"@type":"SearchAction","target":{"@type":"EntryPoint","urlTemplate":"https:\/\/www.lenez.com\/en\/?s={search_term_string}"},"query-input":{"@type":"PropertyValueSpecification","valueRequired":true,"valueName":"search_term_string"}}],"inLanguage":"de"},{"@type":"Organization","@id":"https:\/\/www.lenez.com\/en\/#organization","name":"Le Nez du Vin","url":"https:\/\/www.lenez.com\/en\/","logo":{"@type":"ImageObject","inLanguage":"de","@id":"https:\/\/www.lenez.com\/en\/#\/schema\/logo\/image\/","url":"https:\/\/www.lenez.com\/wp-content\/uploads\/2025\/05\/EJL_LOGO_2019.jpg","contentUrl":"https:\/\/www.lenez.com\/wp-content\/uploads\/2025\/05\/EJL_LOGO_2019.jpg","width":2362,"height":2362,"caption":"Le Nez du Vin"},"image":{"@id":"https:\/\/www.lenez.com\/en\/#\/schema\/logo\/image\/"}}]}},"_links":{"self":[{"href":"https:\/\/www.lenez.com\/de\/wp-json\/wp\/v2\/product\/5052","targetHints":{"allow":["GET"]}}],"collection":[{"href":"https:\/\/www.lenez.com\/de\/wp-json\/wp\/v2\/product"}],"about":[{"href":"https:\/\/www.lenez.com\/de\/wp-json\/wp\/v2\/types\/product"}],"replies":[{"embeddable":true,"href":"https:\/\/www.lenez.com\/de\/wp-json\/wp\/v2\/comments?post=5052"}],"wp:featuredmedia":[{"embeddable":true,"href":"https:\/\/www.lenez.com\/de\/wp-json\/wp\/v2\/media\/6609"}],"wp:attachment":[{"href":"https:\/\/www.lenez.com\/de\/wp-json\/wp\/v2\/media?parent=5052"}],"wp:term":[{"taxonomy":"product_brand","embeddable":true,"href":"https:\/\/www.lenez.com\/de\/wp-json\/wp\/v2\/product_brand?post=5052"},{"taxonomy":"product_cat","embeddable":true,"href":"https:\/\/www.lenez.com\/de\/wp-json\/wp\/v2\/product_cat?post=5052"},{"taxonomy":"product_tag","embeddable":true,"href":"https:\/\/www.lenez.com\/de\/wp-json\/wp\/v2\/product_tag?post=5052"}],"curies":[{"name":"wp","href":"https:\/\/api.w.org\/{rel}","templated":true}]}}