{"id":5057,"date":"2024-11-14T15:33:32","date_gmt":"2024-11-14T14:33:32","guid":{"rendered":"https:\/\/shop.lenez.com\/coffret\/unkategorisiert\/das-eichenfass-12-aromen\/"},"modified":"2025-09-22T12:13:31","modified_gmt":"2025-09-22T10:13:31","slug":"das-eichenfass-12-aromen","status":"publish","type":"product","link":"https:\/\/www.lenez.com\/de\/coffret\/weinaroma-koffer\/das-eichenfass-12-aromen\/","title":{"rendered":"Das Eichenfass 12 Aromen"},"content":{"rendered":"<h3>Ein unverzichtbares Werkzeug f\u00fcr Fachleute.<\/h3>\n<hr \/>\n<div class=\"col-md-6\">\n<h3>Die Aromen<\/h3>\n<p>Im Gegensatz zu Beton und Edelstahl, die aus aromatischer Sicht \u201estumm\u201c sind, ver\u00e4ndert Holz das Bouquet des Weins. In diesem Set entdecken Sie die zw\u00f6lf charakteristischsten Duftnoten des Holzeinflusses im Wein:<\/p>\n<ul>\n<li>1 Eiche<\/li>\n<li>2 Gr\u00fcnes Holz (Fehlton)<\/li>\n<li>3 Kokosnuss<\/li>\n<li>4 Vanilleschote<\/li>\n<li>5 W\u00fcrzig-holzige Note<\/li>\n<li>6 Gew\u00fcrznelke<\/li>\n<li>7 Rauchiger Ton<\/li>\n<li>8 Medizinischer Ton<\/li>\n<li>9 Frisches Leder<\/li>\n<li>10 Ger\u00f6steter Kaffee<\/li>\n<li>11 Karamellisierter Zucker<\/li>\n<li>12 Kandierte Orange<\/li>\n<\/ul>\n<hr \/>\n<\/div>\n<div class=\"col-md-6\">\n<h3>Das Buch<\/h3>\n<p>Ein unverzichtbares Werkzeug f\u00fcr Fachleute (Winzer, K\u00fcfer, \u00d6nologen, Sommeliers usw.) sowie f\u00fcr Weinliebhaber, die \u201etiefer eintauchen\u201c m\u00f6chten, denn ast alle gro\u00dfen Weine und Spirituosen reifen in Eichenf\u00e4ssern.<\/p>\n<p>Das Buch wurde 2020 vollst\u00e4ndig \u00fcberarbeitet und st\u00fctzt sich auf die neuesten Erkenntnisse aus der Geschichtswissenschaft, Forstwirtschaft und Chemie, um besser zu erkl\u00e4ren und gezielter zu steuern, wie das Eichenfass die sensorische Qualit\u00e4t des Weins beeinflusst. Von der Eichenart bis zu den Entscheidungen des Kellermeisters beschreibt es s\u00e4mtliche Parameter, die Intensit\u00e4t und Qualit\u00e4t des Holzeinflusses ver\u00e4ndern k\u00f6nnen.<\/p>\n<p>Die Texte stammen von L\u00e9a Desportes, Weinjournalistin und Expertin in der Verkostung, die auch diese Neuauflage betreut hat. Das Vorwort schrieb Philippe Darriet, Leiter der Forschungseinheit f\u00fcr \u00d6nologie am Institut des Wein- und Rebenwissenschaften in Bordeaux.<\/p>\n<p>Ein Heft beschreibt die Herstellung und das Vokabular des Fasses (4 Seiten).<\/p>\n<p>Neu in dieser Ausgabe: Jedes Fl\u00e4schchen wird von einer gro\u00dfformatigen Karte (16 \u00d7 23 cm) begleitet, die den Ursprung der jeweiligen Duftnote im Wein erkl\u00e4rt.<\/p>\n<\/div>\n","protected":false},"excerpt":{"rendered":"<ul>\n<li>12 hochwertige, realistische und langanhaltende Aromen.<\/li>\n<li>Ein illustriertes und didaktisch aufgebautes Begleitbuch, erkl\u00e4rt, wie das Eichenfass die sensorische Qualit\u00e4t des Weins beeinflusst (56 Seiten).<\/li>\n<li>Ein Heft beschreibt die Herstellung und das Vokabular des Weinfasses (4 Seiten).<\/li>\n<li>Zw\u00f6lf Karten erl\u00e4utern den Ursprung der holztypischen Duftnoten.<\/li>\n<\/ul>\n","protected":false},"featured_media":6685,"comment_status":"closed","ping_status":"closed","template":"","meta":{"_acf_changed":false},"product_brand":[],"product_cat":[150],"product_tag":[],"class_list":{"0":"post-5057","1":"product","2":"type-product","3":"status-publish","4":"has-post-thumbnail","6":"product_cat-weinaroma-koffer","8":"first","9":"instock","10":"taxable","11":"shipping-taxable","12":"purchasable","13":"product-type-variable","14":"has-default-attributes"},"acf":[],"yoast_head":"<!-- This site is optimized with the Yoast SEO plugin v27.4 - https:\/\/yoast.com\/product\/yoast-seo-wordpress\/ -->\n<title>Das Eichenfass 12 Aromen - Le Nez du Vin<\/title>\n<meta name=\"robots\" content=\"index, follow, max-snippet:-1, max-image-preview:large, max-video-preview:-1\" \/>\n<link rel=\"canonical\" href=\"https:\/\/www.lenez.com\/de\/coffret\/weinaroma-koffer\/das-eichenfass-12-aromen\/\" \/>\n<meta property=\"og:locale\" content=\"de_DE\" \/>\n<meta property=\"og:type\" content=\"article\" \/>\n<meta property=\"og:title\" content=\"Das Eichenfass 12 Aromen - Le Nez du Vin\" \/>\n<meta property=\"og:description\" content=\"12 hochwertige, realistische und langanhaltende Aromen.  Ein illustriertes und didaktisch aufgebautes Begleitbuch, erkl\u00e4rt, wie das Eichenfass die sensorische Qualit\u00e4t des Weins beeinflusst (56 Seiten).  Ein Heft beschreibt die Herstellung und das Vokabular des Weinfasses (4 Seiten).  Zw\u00f6lf Karten erl\u00e4utern den Ursprung der holztypischen Duftnoten.\" \/>\n<meta property=\"og:url\" content=\"https:\/\/www.lenez.com\/de\/coffret\/weinaroma-koffer\/das-eichenfass-12-aromen\/\" \/>\n<meta property=\"og:site_name\" content=\"Le Nez du Vin\" \/>\n<meta property=\"article:modified_time\" content=\"2025-09-22T10:13:31+00:00\" \/>\n<meta property=\"og:image\" content=\"https:\/\/www.lenez.com\/wp-content\/uploads\/2024\/11\/LNDV_FDC_Coffret.png\" \/>\n\t<meta property=\"og:image:width\" content=\"1000\" \/>\n\t<meta property=\"og:image:height\" content=\"670\" \/>\n\t<meta property=\"og:image:type\" content=\"image\/png\" \/>\n<meta name=\"twitter:card\" content=\"summary_large_image\" \/>\n<meta name=\"twitter:label1\" content=\"Gesch\u00e4tzte Lesezeit\" \/>\n\t<meta name=\"twitter:data1\" content=\"1\u00a0Minute\" \/>\n<script type=\"application\/ld+json\" class=\"yoast-schema-graph\">{\"@context\":\"https:\\\/\\\/schema.org\",\"@graph\":[{\"@type\":\"WebPage\",\"@id\":\"https:\\\/\\\/www.lenez.com\\\/de\\\/coffret\\\/weinaroma-koffer\\\/das-eichenfass-12-aromen\\\/\",\"url\":\"https:\\\/\\\/www.lenez.com\\\/de\\\/coffret\\\/weinaroma-koffer\\\/das-eichenfass-12-aromen\\\/\",\"name\":\"Das Eichenfass 12 Aromen - Le Nez du Vin\",\"isPartOf\":{\"@id\":\"https:\\\/\\\/www.lenez.com\\\/en\\\/#website\"},\"primaryImageOfPage\":{\"@id\":\"https:\\\/\\\/www.lenez.com\\\/de\\\/coffret\\\/weinaroma-koffer\\\/das-eichenfass-12-aromen\\\/#primaryimage\"},\"image\":{\"@id\":\"https:\\\/\\\/www.lenez.com\\\/de\\\/coffret\\\/weinaroma-koffer\\\/das-eichenfass-12-aromen\\\/#primaryimage\"},\"thumbnailUrl\":\"https:\\\/\\\/www.lenez.com\\\/wp-content\\\/uploads\\\/2024\\\/11\\\/LNDV_FDC_Coffret.png\",\"datePublished\":\"2024-11-14T14:33:32+00:00\",\"dateModified\":\"2025-09-22T10:13:31+00:00\",\"breadcrumb\":{\"@id\":\"https:\\\/\\\/www.lenez.com\\\/de\\\/coffret\\\/weinaroma-koffer\\\/das-eichenfass-12-aromen\\\/#breadcrumb\"},\"inLanguage\":\"de\",\"potentialAction\":[{\"@type\":\"ReadAction\",\"target\":[\"https:\\\/\\\/www.lenez.com\\\/de\\\/coffret\\\/weinaroma-koffer\\\/das-eichenfass-12-aromen\\\/\"]}]},{\"@type\":\"ImageObject\",\"inLanguage\":\"de\",\"@id\":\"https:\\\/\\\/www.lenez.com\\\/de\\\/coffret\\\/weinaroma-koffer\\\/das-eichenfass-12-aromen\\\/#primaryimage\",\"url\":\"https:\\\/\\\/www.lenez.com\\\/wp-content\\\/uploads\\\/2024\\\/11\\\/LNDV_FDC_Coffret.png\",\"contentUrl\":\"https:\\\/\\\/www.lenez.com\\\/wp-content\\\/uploads\\\/2024\\\/11\\\/LNDV_FDC_Coffret.png\",\"width\":1000,\"height\":670},{\"@type\":\"BreadcrumbList\",\"@id\":\"https:\\\/\\\/www.lenez.com\\\/de\\\/coffret\\\/weinaroma-koffer\\\/das-eichenfass-12-aromen\\\/#breadcrumb\",\"itemListElement\":[{\"@type\":\"ListItem\",\"position\":1,\"name\":\"Accueil\",\"item\":\"https:\\\/\\\/www.lenez.com\\\/\"},{\"@type\":\"ListItem\",\"position\":2,\"name\":\"Odorama\",\"item\":\"https:\\\/\\\/www.lenez.com\\\/de\\\/odorama\\\/\"},{\"@type\":\"ListItem\",\"position\":3,\"name\":\"Weinaroma-Koffer\",\"item\":\"https:\\\/\\\/www.lenez.com\\\/de\\\/boxen\\\/weinaroma-koffer\\\/\"},{\"@type\":\"ListItem\",\"position\":4,\"name\":\"Das Eichenfass 12 Aromen\"}]},{\"@type\":\"WebSite\",\"@id\":\"https:\\\/\\\/www.lenez.com\\\/en\\\/#website\",\"url\":\"https:\\\/\\\/www.lenez.com\\\/en\\\/\",\"name\":\"Le Nez du Vin\",\"description\":\"Site officiel des marques Le Nez du Vin, Le Nez du Caf\u00e9 et Le Nez du Whisky\",\"publisher\":{\"@id\":\"https:\\\/\\\/www.lenez.com\\\/en\\\/#organization\"},\"potentialAction\":[{\"@type\":\"SearchAction\",\"target\":{\"@type\":\"EntryPoint\",\"urlTemplate\":\"https:\\\/\\\/www.lenez.com\\\/en\\\/?s={search_term_string}\"},\"query-input\":{\"@type\":\"PropertyValueSpecification\",\"valueRequired\":true,\"valueName\":\"search_term_string\"}}],\"inLanguage\":\"de\"},{\"@type\":\"Organization\",\"@id\":\"https:\\\/\\\/www.lenez.com\\\/en\\\/#organization\",\"name\":\"Le Nez du Vin\",\"url\":\"https:\\\/\\\/www.lenez.com\\\/en\\\/\",\"logo\":{\"@type\":\"ImageObject\",\"inLanguage\":\"de\",\"@id\":\"https:\\\/\\\/www.lenez.com\\\/en\\\/#\\\/schema\\\/logo\\\/image\\\/\",\"url\":\"https:\\\/\\\/www.lenez.com\\\/wp-content\\\/uploads\\\/2025\\\/05\\\/EJL_LOGO_2019.jpg\",\"contentUrl\":\"https:\\\/\\\/www.lenez.com\\\/wp-content\\\/uploads\\\/2025\\\/05\\\/EJL_LOGO_2019.jpg\",\"width\":2362,\"height\":2362,\"caption\":\"Le Nez du Vin\"},\"image\":{\"@id\":\"https:\\\/\\\/www.lenez.com\\\/en\\\/#\\\/schema\\\/logo\\\/image\\\/\"}}]}<\/script>\n<!-- \/ Yoast SEO plugin. -->","yoast_head_json":{"title":"Das Eichenfass 12 Aromen - Le Nez du Vin","robots":{"index":"index","follow":"follow","max-snippet":"max-snippet:-1","max-image-preview":"max-image-preview:large","max-video-preview":"max-video-preview:-1"},"canonical":"https:\/\/www.lenez.com\/de\/coffret\/weinaroma-koffer\/das-eichenfass-12-aromen\/","og_locale":"de_DE","og_type":"article","og_title":"Das Eichenfass 12 Aromen - Le Nez du Vin","og_description":"12 hochwertige, realistische und langanhaltende Aromen.  Ein illustriertes und didaktisch aufgebautes Begleitbuch, erkl\u00e4rt, wie das Eichenfass die sensorische Qualit\u00e4t des Weins beeinflusst (56 Seiten).  Ein Heft beschreibt die Herstellung und das Vokabular des Weinfasses (4 Seiten).  Zw\u00f6lf Karten erl\u00e4utern den Ursprung der holztypischen Duftnoten.","og_url":"https:\/\/www.lenez.com\/de\/coffret\/weinaroma-koffer\/das-eichenfass-12-aromen\/","og_site_name":"Le Nez du Vin","article_modified_time":"2025-09-22T10:13:31+00:00","og_image":[{"width":1000,"height":670,"url":"https:\/\/www.lenez.com\/wp-content\/uploads\/2024\/11\/LNDV_FDC_Coffret.png","type":"image\/png"}],"twitter_card":"summary_large_image","twitter_misc":{"Gesch\u00e4tzte Lesezeit":"1\u00a0Minute"},"schema":{"@context":"https:\/\/schema.org","@graph":[{"@type":"WebPage","@id":"https:\/\/www.lenez.com\/de\/coffret\/weinaroma-koffer\/das-eichenfass-12-aromen\/","url":"https:\/\/www.lenez.com\/de\/coffret\/weinaroma-koffer\/das-eichenfass-12-aromen\/","name":"Das Eichenfass 12 Aromen - Le Nez du Vin","isPartOf":{"@id":"https:\/\/www.lenez.com\/en\/#website"},"primaryImageOfPage":{"@id":"https:\/\/www.lenez.com\/de\/coffret\/weinaroma-koffer\/das-eichenfass-12-aromen\/#primaryimage"},"image":{"@id":"https:\/\/www.lenez.com\/de\/coffret\/weinaroma-koffer\/das-eichenfass-12-aromen\/#primaryimage"},"thumbnailUrl":"https:\/\/www.lenez.com\/wp-content\/uploads\/2024\/11\/LNDV_FDC_Coffret.png","datePublished":"2024-11-14T14:33:32+00:00","dateModified":"2025-09-22T10:13:31+00:00","breadcrumb":{"@id":"https:\/\/www.lenez.com\/de\/coffret\/weinaroma-koffer\/das-eichenfass-12-aromen\/#breadcrumb"},"inLanguage":"de","potentialAction":[{"@type":"ReadAction","target":["https:\/\/www.lenez.com\/de\/coffret\/weinaroma-koffer\/das-eichenfass-12-aromen\/"]}]},{"@type":"ImageObject","inLanguage":"de","@id":"https:\/\/www.lenez.com\/de\/coffret\/weinaroma-koffer\/das-eichenfass-12-aromen\/#primaryimage","url":"https:\/\/www.lenez.com\/wp-content\/uploads\/2024\/11\/LNDV_FDC_Coffret.png","contentUrl":"https:\/\/www.lenez.com\/wp-content\/uploads\/2024\/11\/LNDV_FDC_Coffret.png","width":1000,"height":670},{"@type":"BreadcrumbList","@id":"https:\/\/www.lenez.com\/de\/coffret\/weinaroma-koffer\/das-eichenfass-12-aromen\/#breadcrumb","itemListElement":[{"@type":"ListItem","position":1,"name":"Accueil","item":"https:\/\/www.lenez.com\/"},{"@type":"ListItem","position":2,"name":"Odorama","item":"https:\/\/www.lenez.com\/de\/odorama\/"},{"@type":"ListItem","position":3,"name":"Weinaroma-Koffer","item":"https:\/\/www.lenez.com\/de\/boxen\/weinaroma-koffer\/"},{"@type":"ListItem","position":4,"name":"Das Eichenfass 12 Aromen"}]},{"@type":"WebSite","@id":"https:\/\/www.lenez.com\/en\/#website","url":"https:\/\/www.lenez.com\/en\/","name":"Le Nez du Vin","description":"Site officiel des marques Le Nez du Vin, Le Nez du Caf\u00e9 et Le Nez du Whisky","publisher":{"@id":"https:\/\/www.lenez.com\/en\/#organization"},"potentialAction":[{"@type":"SearchAction","target":{"@type":"EntryPoint","urlTemplate":"https:\/\/www.lenez.com\/en\/?s={search_term_string}"},"query-input":{"@type":"PropertyValueSpecification","valueRequired":true,"valueName":"search_term_string"}}],"inLanguage":"de"},{"@type":"Organization","@id":"https:\/\/www.lenez.com\/en\/#organization","name":"Le Nez du Vin","url":"https:\/\/www.lenez.com\/en\/","logo":{"@type":"ImageObject","inLanguage":"de","@id":"https:\/\/www.lenez.com\/en\/#\/schema\/logo\/image\/","url":"https:\/\/www.lenez.com\/wp-content\/uploads\/2025\/05\/EJL_LOGO_2019.jpg","contentUrl":"https:\/\/www.lenez.com\/wp-content\/uploads\/2025\/05\/EJL_LOGO_2019.jpg","width":2362,"height":2362,"caption":"Le Nez du Vin"},"image":{"@id":"https:\/\/www.lenez.com\/en\/#\/schema\/logo\/image\/"}}]}},"_links":{"self":[{"href":"https:\/\/www.lenez.com\/de\/wp-json\/wp\/v2\/product\/5057","targetHints":{"allow":["GET"]}}],"collection":[{"href":"https:\/\/www.lenez.com\/de\/wp-json\/wp\/v2\/product"}],"about":[{"href":"https:\/\/www.lenez.com\/de\/wp-json\/wp\/v2\/types\/product"}],"replies":[{"embeddable":true,"href":"https:\/\/www.lenez.com\/de\/wp-json\/wp\/v2\/comments?post=5057"}],"wp:featuredmedia":[{"embeddable":true,"href":"https:\/\/www.lenez.com\/de\/wp-json\/wp\/v2\/media\/6685"}],"wp:attachment":[{"href":"https:\/\/www.lenez.com\/de\/wp-json\/wp\/v2\/media?parent=5057"}],"wp:term":[{"taxonomy":"product_brand","embeddable":true,"href":"https:\/\/www.lenez.com\/de\/wp-json\/wp\/v2\/product_brand?post=5057"},{"taxonomy":"product_cat","embeddable":true,"href":"https:\/\/www.lenez.com\/de\/wp-json\/wp\/v2\/product_cat?post=5057"},{"taxonomy":"product_tag","embeddable":true,"href":"https:\/\/www.lenez.com\/de\/wp-json\/wp\/v2\/product_tag?post=5057"}],"curies":[{"name":"wp","href":"https:\/\/api.w.org\/{rel}","templated":true}]}}