{"id":5067,"date":"2024-11-14T16:03:48","date_gmt":"2024-11-14T15:03:48","guid":{"rendered":"https:\/\/shop.lenez.com\/coffret\/unkategorisiert\/le-nez-du-whisky-54-aromen\/"},"modified":"2025-09-19T11:35:54","modified_gmt":"2025-09-19T09:35:54","slug":"le-nez-du-whisky-54-aromen","status":"publish","type":"product","link":"https:\/\/www.lenez.com\/de\/coffret\/spirituosen\/le-nez-du-whisky-54-aromen\/","title":{"rendered":"Le Nez du Whisky 54 Aromen"},"content":{"rendered":"<h3>Die Referenz seit 2013<\/h3>\n<hr \/>\n<div class=\"col-md-6\">\n<h3>Die Aromen<\/h3>\n<p>54 der charakteristischsten Aromen des Whiskys \u2013 zum Verst\u00e4ndnis des wunderbaren olfaktorischen Erbes Ihrer Lieblingsflaschen:<\/p>\n<ul>\n<li><strong><span style=\"text-decoration: underline;\">Blu\u0308tenaromen<\/span><\/strong>: 1 Schwarze-Johannisbeerknospe, 2 Geranie, 3 Honig, 4 Rose, 5 Tabakblatt, 6 Heu, 7 Gr\u00fcnes Gras.<\/li>\n<li><strong><span style=\"text-decoration: underline;\">Fruchtige Aromen<\/span><\/strong>: 8 Ananas, 9 Kirsche, 10 Pfirsich, 11 Birne, 12 Apfel, 13 Zitrone, 14 Mandarine, 15 Orange, 16 Grapefruit, 17 Getrocknete Feige, 18 Walnuss, 19 D\u00f6rrpflaume.<\/li>\n<li><strong><span style=\"text-decoration: underline;\">Holzaromen<\/span><\/strong>: 20 Eiche, 21 Nadelh\u00f6lzer, 22 Sherry, 23 Ger\u00f6stete Mandel, 24 Ger\u00f6stete Haselnuss, 25 Kokosnuss, 26 Karamell, 27 Schokolade, 28 Vanilleso\u00dfe, 29 Vanille, 30 Anis, 31 Zimt, 32 Ingwer, 33 Kr\u00e4uter, 34 Minze, 35 Muskatnuss, 36 Piment, 37 Schwarzer Pfeffer, 38 Lakritz, 39 Erdig.<\/li>\n<li><strong><span style=\"text-decoration: underline;\">Andere Noten<\/span><\/strong> : 40 Keks, 41 Kaffee, 42 Ger\u00f6stetes Wei\u00dfbrot, 43 Malz, 44 Butter, 45 Leder, 46 Gegrilltes Fleisch.<\/li>\n<li><strong><span style=\"text-decoration: underline;\">Phenolische Noten<\/span><\/strong> : 47 Raucharoma, 48 Torf, 49 Alge, 50 Muscheln, 51 Medizin, 52 Kautschuk, 53 Teer, 54 Schwefelig.<\/li>\n<\/ul>\n<hr \/>\n<\/div>\n<div class=\"col-md-6\">\n<h3>Das Buch<\/h3>\n<p>Beim Aufschlagen des Buchs, tauchen Sie gleich ein \u201ein die Brennblase\u201c der Whiskys aus Schottland sowie der ganzen Welt \u2013 mit Texten namhafter Fachleute und prachtvollen Illustrationen.<\/p>\n<p>Der Schotte Charles MacLean, einer der bedeutendsten Whisky-Autoren unserer Zeit, erz\u00e4hlt hundert Jahre Geschichte des Single Malt anhand von zw\u00f6lf Verkostungserinnerungen.<\/p>\n<p>Die Franz\u00f6sin Martine Nouet, Autorin und Journalistin mit Spezialisierung auf Kulinarik und Spirituosen, zugleich Wahl-Schottin, widmet sich der Kunst, die Seele eines Gerichts mit dem Geist des Malzes in Einklang zu bringen.<\/p>\n<p>Die Aromen sind nach Familien geordnet und auf einem Aromarad dargestellt.<\/p>\n<\/div>\n","protected":false},"excerpt":{"rendered":"<ul>\n<li>54 hochwertige, realistische und langanhaltende Aromen.<\/li>\n<li>Ein Aromarad f\u00fcr Whisky<\/li>\n<li>Ein wundersch\u00f6n illustriertes Buch (144 Seiten) dient als Leitfaden.<\/li>\n<\/ul>\n","protected":false},"featured_media":5546,"comment_status":"closed","ping_status":"closed","template":"","meta":{"_acf_changed":false},"product_brand":[],"product_cat":[151],"product_tag":[],"class_list":{"0":"post-5067","1":"product","2":"type-product","3":"status-publish","4":"has-post-thumbnail","6":"product_cat-spirituosen","8":"first","9":"instock","10":"taxable","11":"shipping-taxable","12":"purchasable","13":"product-type-variable"},"acf":[],"yoast_head":"<!-- This site is optimized with the Yoast SEO plugin v27.4 - https:\/\/yoast.com\/product\/yoast-seo-wordpress\/ -->\n<title>Le Nez du Whisky 54 Aromen - Le Nez du Vin<\/title>\n<meta name=\"robots\" content=\"index, follow, max-snippet:-1, max-image-preview:large, max-video-preview:-1\" \/>\n<link rel=\"canonical\" href=\"https:\/\/www.lenez.com\/de\/coffret\/spirituosen\/le-nez-du-whisky-54-aromen\/\" \/>\n<meta property=\"og:locale\" content=\"de_DE\" \/>\n<meta property=\"og:type\" content=\"article\" \/>\n<meta property=\"og:title\" content=\"Le Nez du Whisky 54 Aromen - Le Nez du Vin\" \/>\n<meta property=\"og:description\" content=\"54 hochwertige, realistische und langanhaltende Aromen.  Ein Aromarad f\u00fcr Whisky  Ein wundersch\u00f6n illustriertes Buch (144 Seiten) dient als Leitfaden.\" \/>\n<meta property=\"og:url\" content=\"https:\/\/www.lenez.com\/de\/coffret\/spirituosen\/le-nez-du-whisky-54-aromen\/\" \/>\n<meta property=\"og:site_name\" content=\"Le Nez du Vin\" \/>\n<meta property=\"article:modified_time\" content=\"2025-09-19T09:35:54+00:00\" \/>\n<meta property=\"og:image\" content=\"https:\/\/www.lenez.com\/wp-content\/uploads\/2024\/11\/LNDW-1.png\" \/>\n\t<meta property=\"og:image:width\" content=\"1181\" \/>\n\t<meta property=\"og:image:height\" content=\"720\" \/>\n\t<meta property=\"og:image:type\" content=\"image\/png\" \/>\n<meta name=\"twitter:card\" content=\"summary_large_image\" \/>\n<meta name=\"twitter:label1\" content=\"Gesch\u00e4tzte Lesezeit\" \/>\n\t<meta name=\"twitter:data1\" content=\"1\u00a0Minute\" \/>\n<script type=\"application\/ld+json\" class=\"yoast-schema-graph\">{\"@context\":\"https:\\\/\\\/schema.org\",\"@graph\":[{\"@type\":\"WebPage\",\"@id\":\"https:\\\/\\\/www.lenez.com\\\/de\\\/coffret\\\/spirituosen\\\/le-nez-du-whisky-54-aromen\\\/\",\"url\":\"https:\\\/\\\/www.lenez.com\\\/de\\\/coffret\\\/spirituosen\\\/le-nez-du-whisky-54-aromen\\\/\",\"name\":\"Le Nez du Whisky 54 Aromen - Le Nez du Vin\",\"isPartOf\":{\"@id\":\"https:\\\/\\\/www.lenez.com\\\/en\\\/#website\"},\"primaryImageOfPage\":{\"@id\":\"https:\\\/\\\/www.lenez.com\\\/de\\\/coffret\\\/spirituosen\\\/le-nez-du-whisky-54-aromen\\\/#primaryimage\"},\"image\":{\"@id\":\"https:\\\/\\\/www.lenez.com\\\/de\\\/coffret\\\/spirituosen\\\/le-nez-du-whisky-54-aromen\\\/#primaryimage\"},\"thumbnailUrl\":\"https:\\\/\\\/www.lenez.com\\\/wp-content\\\/uploads\\\/2024\\\/11\\\/LNDW-1.png\",\"datePublished\":\"2024-11-14T15:03:48+00:00\",\"dateModified\":\"2025-09-19T09:35:54+00:00\",\"breadcrumb\":{\"@id\":\"https:\\\/\\\/www.lenez.com\\\/de\\\/coffret\\\/spirituosen\\\/le-nez-du-whisky-54-aromen\\\/#breadcrumb\"},\"inLanguage\":\"de\",\"potentialAction\":[{\"@type\":\"ReadAction\",\"target\":[\"https:\\\/\\\/www.lenez.com\\\/de\\\/coffret\\\/spirituosen\\\/le-nez-du-whisky-54-aromen\\\/\"]}]},{\"@type\":\"ImageObject\",\"inLanguage\":\"de\",\"@id\":\"https:\\\/\\\/www.lenez.com\\\/de\\\/coffret\\\/spirituosen\\\/le-nez-du-whisky-54-aromen\\\/#primaryimage\",\"url\":\"https:\\\/\\\/www.lenez.com\\\/wp-content\\\/uploads\\\/2024\\\/11\\\/LNDW-1.png\",\"contentUrl\":\"https:\\\/\\\/www.lenez.com\\\/wp-content\\\/uploads\\\/2024\\\/11\\\/LNDW-1.png\",\"width\":1181,\"height\":720},{\"@type\":\"BreadcrumbList\",\"@id\":\"https:\\\/\\\/www.lenez.com\\\/de\\\/coffret\\\/spirituosen\\\/le-nez-du-whisky-54-aromen\\\/#breadcrumb\",\"itemListElement\":[{\"@type\":\"ListItem\",\"position\":1,\"name\":\"Accueil\",\"item\":\"https:\\\/\\\/www.lenez.com\\\/\"},{\"@type\":\"ListItem\",\"position\":2,\"name\":\"Odorama\",\"item\":\"https:\\\/\\\/www.lenez.com\\\/de\\\/odorama\\\/\"},{\"@type\":\"ListItem\",\"position\":3,\"name\":\"Aromakoffer f\u00fcr Spirituosen\",\"item\":\"https:\\\/\\\/www.lenez.com\\\/de\\\/boxen\\\/spirituosen\\\/\"},{\"@type\":\"ListItem\",\"position\":4,\"name\":\"Le Nez du Whisky 54 Aromen\"}]},{\"@type\":\"WebSite\",\"@id\":\"https:\\\/\\\/www.lenez.com\\\/en\\\/#website\",\"url\":\"https:\\\/\\\/www.lenez.com\\\/en\\\/\",\"name\":\"Le Nez du Vin\",\"description\":\"Site officiel des marques Le Nez du Vin, Le Nez du Caf\u00e9 et Le Nez du Whisky\",\"publisher\":{\"@id\":\"https:\\\/\\\/www.lenez.com\\\/en\\\/#organization\"},\"potentialAction\":[{\"@type\":\"SearchAction\",\"target\":{\"@type\":\"EntryPoint\",\"urlTemplate\":\"https:\\\/\\\/www.lenez.com\\\/en\\\/?s={search_term_string}\"},\"query-input\":{\"@type\":\"PropertyValueSpecification\",\"valueRequired\":true,\"valueName\":\"search_term_string\"}}],\"inLanguage\":\"de\"},{\"@type\":\"Organization\",\"@id\":\"https:\\\/\\\/www.lenez.com\\\/en\\\/#organization\",\"name\":\"Le Nez du Vin\",\"url\":\"https:\\\/\\\/www.lenez.com\\\/en\\\/\",\"logo\":{\"@type\":\"ImageObject\",\"inLanguage\":\"de\",\"@id\":\"https:\\\/\\\/www.lenez.com\\\/en\\\/#\\\/schema\\\/logo\\\/image\\\/\",\"url\":\"https:\\\/\\\/www.lenez.com\\\/wp-content\\\/uploads\\\/2025\\\/05\\\/EJL_LOGO_2019.jpg\",\"contentUrl\":\"https:\\\/\\\/www.lenez.com\\\/wp-content\\\/uploads\\\/2025\\\/05\\\/EJL_LOGO_2019.jpg\",\"width\":2362,\"height\":2362,\"caption\":\"Le Nez du Vin\"},\"image\":{\"@id\":\"https:\\\/\\\/www.lenez.com\\\/en\\\/#\\\/schema\\\/logo\\\/image\\\/\"}}]}<\/script>\n<!-- \/ Yoast SEO plugin. -->","yoast_head_json":{"title":"Le Nez du Whisky 54 Aromen - Le Nez du Vin","robots":{"index":"index","follow":"follow","max-snippet":"max-snippet:-1","max-image-preview":"max-image-preview:large","max-video-preview":"max-video-preview:-1"},"canonical":"https:\/\/www.lenez.com\/de\/coffret\/spirituosen\/le-nez-du-whisky-54-aromen\/","og_locale":"de_DE","og_type":"article","og_title":"Le Nez du Whisky 54 Aromen - Le Nez du Vin","og_description":"54 hochwertige, realistische und langanhaltende Aromen.  Ein Aromarad f\u00fcr Whisky  Ein wundersch\u00f6n illustriertes Buch (144 Seiten) dient als Leitfaden.","og_url":"https:\/\/www.lenez.com\/de\/coffret\/spirituosen\/le-nez-du-whisky-54-aromen\/","og_site_name":"Le Nez du Vin","article_modified_time":"2025-09-19T09:35:54+00:00","og_image":[{"width":1181,"height":720,"url":"https:\/\/www.lenez.com\/wp-content\/uploads\/2024\/11\/LNDW-1.png","type":"image\/png"}],"twitter_card":"summary_large_image","twitter_misc":{"Gesch\u00e4tzte Lesezeit":"1\u00a0Minute"},"schema":{"@context":"https:\/\/schema.org","@graph":[{"@type":"WebPage","@id":"https:\/\/www.lenez.com\/de\/coffret\/spirituosen\/le-nez-du-whisky-54-aromen\/","url":"https:\/\/www.lenez.com\/de\/coffret\/spirituosen\/le-nez-du-whisky-54-aromen\/","name":"Le Nez du Whisky 54 Aromen - Le Nez du Vin","isPartOf":{"@id":"https:\/\/www.lenez.com\/en\/#website"},"primaryImageOfPage":{"@id":"https:\/\/www.lenez.com\/de\/coffret\/spirituosen\/le-nez-du-whisky-54-aromen\/#primaryimage"},"image":{"@id":"https:\/\/www.lenez.com\/de\/coffret\/spirituosen\/le-nez-du-whisky-54-aromen\/#primaryimage"},"thumbnailUrl":"https:\/\/www.lenez.com\/wp-content\/uploads\/2024\/11\/LNDW-1.png","datePublished":"2024-11-14T15:03:48+00:00","dateModified":"2025-09-19T09:35:54+00:00","breadcrumb":{"@id":"https:\/\/www.lenez.com\/de\/coffret\/spirituosen\/le-nez-du-whisky-54-aromen\/#breadcrumb"},"inLanguage":"de","potentialAction":[{"@type":"ReadAction","target":["https:\/\/www.lenez.com\/de\/coffret\/spirituosen\/le-nez-du-whisky-54-aromen\/"]}]},{"@type":"ImageObject","inLanguage":"de","@id":"https:\/\/www.lenez.com\/de\/coffret\/spirituosen\/le-nez-du-whisky-54-aromen\/#primaryimage","url":"https:\/\/www.lenez.com\/wp-content\/uploads\/2024\/11\/LNDW-1.png","contentUrl":"https:\/\/www.lenez.com\/wp-content\/uploads\/2024\/11\/LNDW-1.png","width":1181,"height":720},{"@type":"BreadcrumbList","@id":"https:\/\/www.lenez.com\/de\/coffret\/spirituosen\/le-nez-du-whisky-54-aromen\/#breadcrumb","itemListElement":[{"@type":"ListItem","position":1,"name":"Accueil","item":"https:\/\/www.lenez.com\/"},{"@type":"ListItem","position":2,"name":"Odorama","item":"https:\/\/www.lenez.com\/de\/odorama\/"},{"@type":"ListItem","position":3,"name":"Aromakoffer f\u00fcr Spirituosen","item":"https:\/\/www.lenez.com\/de\/boxen\/spirituosen\/"},{"@type":"ListItem","position":4,"name":"Le Nez du Whisky 54 Aromen"}]},{"@type":"WebSite","@id":"https:\/\/www.lenez.com\/en\/#website","url":"https:\/\/www.lenez.com\/en\/","name":"Le Nez du Vin","description":"Site officiel des marques Le Nez du Vin, Le Nez du Caf\u00e9 et Le Nez du Whisky","publisher":{"@id":"https:\/\/www.lenez.com\/en\/#organization"},"potentialAction":[{"@type":"SearchAction","target":{"@type":"EntryPoint","urlTemplate":"https:\/\/www.lenez.com\/en\/?s={search_term_string}"},"query-input":{"@type":"PropertyValueSpecification","valueRequired":true,"valueName":"search_term_string"}}],"inLanguage":"de"},{"@type":"Organization","@id":"https:\/\/www.lenez.com\/en\/#organization","name":"Le Nez du Vin","url":"https:\/\/www.lenez.com\/en\/","logo":{"@type":"ImageObject","inLanguage":"de","@id":"https:\/\/www.lenez.com\/en\/#\/schema\/logo\/image\/","url":"https:\/\/www.lenez.com\/wp-content\/uploads\/2025\/05\/EJL_LOGO_2019.jpg","contentUrl":"https:\/\/www.lenez.com\/wp-content\/uploads\/2025\/05\/EJL_LOGO_2019.jpg","width":2362,"height":2362,"caption":"Le Nez du Vin"},"image":{"@id":"https:\/\/www.lenez.com\/en\/#\/schema\/logo\/image\/"}}]}},"_links":{"self":[{"href":"https:\/\/www.lenez.com\/de\/wp-json\/wp\/v2\/product\/5067","targetHints":{"allow":["GET"]}}],"collection":[{"href":"https:\/\/www.lenez.com\/de\/wp-json\/wp\/v2\/product"}],"about":[{"href":"https:\/\/www.lenez.com\/de\/wp-json\/wp\/v2\/types\/product"}],"replies":[{"embeddable":true,"href":"https:\/\/www.lenez.com\/de\/wp-json\/wp\/v2\/comments?post=5067"}],"wp:featuredmedia":[{"embeddable":true,"href":"https:\/\/www.lenez.com\/de\/wp-json\/wp\/v2\/media\/5546"}],"wp:attachment":[{"href":"https:\/\/www.lenez.com\/de\/wp-json\/wp\/v2\/media?parent=5067"}],"wp:term":[{"taxonomy":"product_brand","embeddable":true,"href":"https:\/\/www.lenez.com\/de\/wp-json\/wp\/v2\/product_brand?post=5067"},{"taxonomy":"product_cat","embeddable":true,"href":"https:\/\/www.lenez.com\/de\/wp-json\/wp\/v2\/product_cat?post=5067"},{"taxonomy":"product_tag","embeddable":true,"href":"https:\/\/www.lenez.com\/de\/wp-json\/wp\/v2\/product_tag?post=5067"}],"curies":[{"name":"wp","href":"https:\/\/api.w.org\/{rel}","templated":true}]}}