{"id":5071,"date":"2024-11-14T16:13:48","date_gmt":"2024-11-14T15:13:48","guid":{"rendered":"https:\/\/shop.lenez.com\/coffret\/unkategorisiert\/le-nez-du-bourbon-american-whiskey-12-aromen\/"},"modified":"2025-10-01T14:49:02","modified_gmt":"2025-10-01T12:49:02","slug":"le-nez-du-bourbon-american-whiskey-12-aromen","status":"publish","type":"product","link":"https:\/\/www.lenez.com\/de\/coffret\/spirituosen\/le-nez-du-bourbon-american-whiskey-12-aromen\/","title":{"rendered":"Le Nez du Bourbon &#038; American Whiskey 12 Aromen"},"content":{"rendered":"<h3>Eine olfaktorische Reise zur Entdeckung der amerikanischen Whiskeys \u2013 allen voran des weltber\u00fchmten Bourbons.<\/h3>\n<hr \/>\n<div class=\"col-md-6\">\n<h3>Die Aromen<\/h3>\n<p>12 Aromafl\u00e4schchen beschreiben die Aromenwelt des amerikanischen Nationalgetr\u00e4nks:<\/p>\n<ul>\n<li>1 Honig<\/li>\n<li>2 Rose<\/li>\n<li>3 Tabakblatt<\/li>\n<li>4 Kirsche<\/li>\n<li>5 Orange<\/li>\n<li>6 Eiche<\/li>\n<li>7 Ger\u00f6stete Mandel<\/li>\n<li>8 Karamell<\/li>\n<li>9 Vanille<\/li>\n<li>10 Zimt<\/li>\n<li>11 Minze<\/li>\n<li>12 Schwarzer Pfeffer<\/li>\n<\/ul>\n<hr \/>\n<\/div>\n<div class=\"col-md-6\">\n<h3>Das Buch<\/h3>\n<p>Das Buch enth\u00fcllt die Besonderheiten der amerikanischen Whiskeys, die au\u00dferhalb ihres Ursprungslandes noch weitgehend unbekannt sind. Was sind ihre Herstellungsgeheimnisse? Was genau ist ein Straight American Whiskey? Was versteht man unter Sour Mash? Und welchen Einfluss hat das Fass aus amerikanischer Wei\u00dfeiche (Quercus alba)?<\/p>\n<p>Chris Morris, Master Distiller bei Woodford Reserve, pr\u00e4gende Pers\u00f6nlichkeit der Bourbon-Industrie und Sch\u00f6pfer des Aromarads f\u00fcr American Whiskey vor \u00fcber zwanzig Jahren, verfasste das Vorwort.<\/p>\n<p>Die renommierten Journalisten und Autoren Hans und Becky Offringa, bekannt als \u201eThe Whisky Couple\u201c, erz\u00e4hlen die bewegte Geschichte der amerikanischen Whiskeys \u2013 von der Ankunft der ersten europ\u00e4ischen Siedler \u00fcber die d\u00fcsteren Zeiten der Prohibition bis hin zum heutigen Boom der handwerklichen Produktion.<\/p>\n<p>Eine wundersch\u00f6ne Karte der Vereinigten Staaten listet 122 Destillerien, deren Bourbons und Whiskeys im letzten Kapitel des Buches nach Aromen geordnet vorgestellt werden<\/p>\n<\/div>\n","protected":false},"excerpt":{"rendered":"<ul>\n<li>12 hochwertige, realistische und langanhaltende Aromen.<\/li>\n<li>Ein Aromarad des Whiskeys<\/li>\n<li>Ein lehrreiches und illustriertes Buch (72 Seiten) dient als Leitfaden.<\/li>\n<\/ul>\n","protected":false},"featured_media":6671,"comment_status":"closed","ping_status":"closed","template":"","meta":{"_acf_changed":false},"product_brand":[],"product_cat":[151],"product_tag":[],"class_list":{"0":"post-5071","1":"product","2":"type-product","3":"status-publish","4":"has-post-thumbnail","6":"product_cat-spirituosen","8":"first","9":"instock","10":"taxable","11":"shipping-taxable","12":"purchasable","13":"product-type-variable"},"acf":[],"yoast_head":"<!-- This site is optimized with the Yoast SEO plugin v27.4 - https:\/\/yoast.com\/product\/yoast-seo-wordpress\/ -->\n<title>Le Nez du Bourbon &amp; American Whiskey 12 Aromen - Le Nez du Vin<\/title>\n<meta name=\"robots\" content=\"index, follow, max-snippet:-1, max-image-preview:large, max-video-preview:-1\" \/>\n<link rel=\"canonical\" href=\"https:\/\/www.lenez.com\/de\/coffret\/spirituosen\/le-nez-du-bourbon-american-whiskey-12-aromen\/\" \/>\n<meta property=\"og:locale\" content=\"de_DE\" \/>\n<meta property=\"og:type\" content=\"article\" \/>\n<meta property=\"og:title\" content=\"Le Nez du Bourbon &amp; American Whiskey 12 Aromen - Le Nez du Vin\" \/>\n<meta property=\"og:description\" content=\"12 hochwertige, realistische und langanhaltende Aromen.  Ein Aromarad des Whiskeys  Ein lehrreiches und illustriertes Buch (72 Seiten) dient als Leitfaden.\" \/>\n<meta property=\"og:url\" content=\"https:\/\/www.lenez.com\/de\/coffret\/spirituosen\/le-nez-du-bourbon-american-whiskey-12-aromen\/\" \/>\n<meta property=\"og:site_name\" content=\"Le Nez du Vin\" \/>\n<meta property=\"article:modified_time\" content=\"2025-10-01T12:49:02+00:00\" \/>\n<meta property=\"og:image\" content=\"https:\/\/www.lenez.com\/wp-content\/uploads\/2024\/11\/Boxset_LNDB_FR.png\" \/>\n\t<meta property=\"og:image:width\" content=\"1000\" \/>\n\t<meta property=\"og:image:height\" content=\"670\" \/>\n\t<meta property=\"og:image:type\" content=\"image\/png\" \/>\n<meta name=\"twitter:card\" content=\"summary_large_image\" \/>\n<meta name=\"twitter:label1\" content=\"Gesch\u00e4tzte Lesezeit\" \/>\n\t<meta name=\"twitter:data1\" content=\"1\u00a0Minute\" \/>\n<script type=\"application\/ld+json\" class=\"yoast-schema-graph\">{\"@context\":\"https:\\\/\\\/schema.org\",\"@graph\":[{\"@type\":\"WebPage\",\"@id\":\"https:\\\/\\\/www.lenez.com\\\/de\\\/coffret\\\/spirituosen\\\/le-nez-du-bourbon-american-whiskey-12-aromen\\\/\",\"url\":\"https:\\\/\\\/www.lenez.com\\\/de\\\/coffret\\\/spirituosen\\\/le-nez-du-bourbon-american-whiskey-12-aromen\\\/\",\"name\":\"Le Nez du Bourbon & American Whiskey 12 Aromen - Le Nez du Vin\",\"isPartOf\":{\"@id\":\"https:\\\/\\\/www.lenez.com\\\/en\\\/#website\"},\"primaryImageOfPage\":{\"@id\":\"https:\\\/\\\/www.lenez.com\\\/de\\\/coffret\\\/spirituosen\\\/le-nez-du-bourbon-american-whiskey-12-aromen\\\/#primaryimage\"},\"image\":{\"@id\":\"https:\\\/\\\/www.lenez.com\\\/de\\\/coffret\\\/spirituosen\\\/le-nez-du-bourbon-american-whiskey-12-aromen\\\/#primaryimage\"},\"thumbnailUrl\":\"https:\\\/\\\/www.lenez.com\\\/wp-content\\\/uploads\\\/2024\\\/11\\\/Boxset_LNDB_FR.png\",\"datePublished\":\"2024-11-14T15:13:48+00:00\",\"dateModified\":\"2025-10-01T12:49:02+00:00\",\"breadcrumb\":{\"@id\":\"https:\\\/\\\/www.lenez.com\\\/de\\\/coffret\\\/spirituosen\\\/le-nez-du-bourbon-american-whiskey-12-aromen\\\/#breadcrumb\"},\"inLanguage\":\"de\",\"potentialAction\":[{\"@type\":\"ReadAction\",\"target\":[\"https:\\\/\\\/www.lenez.com\\\/de\\\/coffret\\\/spirituosen\\\/le-nez-du-bourbon-american-whiskey-12-aromen\\\/\"]}]},{\"@type\":\"ImageObject\",\"inLanguage\":\"de\",\"@id\":\"https:\\\/\\\/www.lenez.com\\\/de\\\/coffret\\\/spirituosen\\\/le-nez-du-bourbon-american-whiskey-12-aromen\\\/#primaryimage\",\"url\":\"https:\\\/\\\/www.lenez.com\\\/wp-content\\\/uploads\\\/2024\\\/11\\\/Boxset_LNDB_FR.png\",\"contentUrl\":\"https:\\\/\\\/www.lenez.com\\\/wp-content\\\/uploads\\\/2024\\\/11\\\/Boxset_LNDB_FR.png\",\"width\":1000,\"height\":670},{\"@type\":\"BreadcrumbList\",\"@id\":\"https:\\\/\\\/www.lenez.com\\\/de\\\/coffret\\\/spirituosen\\\/le-nez-du-bourbon-american-whiskey-12-aromen\\\/#breadcrumb\",\"itemListElement\":[{\"@type\":\"ListItem\",\"position\":1,\"name\":\"Accueil\",\"item\":\"https:\\\/\\\/www.lenez.com\\\/\"},{\"@type\":\"ListItem\",\"position\":2,\"name\":\"Odorama\",\"item\":\"https:\\\/\\\/www.lenez.com\\\/de\\\/odorama\\\/\"},{\"@type\":\"ListItem\",\"position\":3,\"name\":\"Aromakoffer f\u00fcr Spirituosen\",\"item\":\"https:\\\/\\\/www.lenez.com\\\/de\\\/boxen\\\/spirituosen\\\/\"},{\"@type\":\"ListItem\",\"position\":4,\"name\":\"Le Nez du Bourbon &#038; American Whiskey 12 Aromen\"}]},{\"@type\":\"WebSite\",\"@id\":\"https:\\\/\\\/www.lenez.com\\\/en\\\/#website\",\"url\":\"https:\\\/\\\/www.lenez.com\\\/en\\\/\",\"name\":\"Le Nez du Vin\",\"description\":\"Site officiel des marques Le Nez du Vin, Le Nez du Caf\u00e9 et Le Nez du Whisky\",\"publisher\":{\"@id\":\"https:\\\/\\\/www.lenez.com\\\/en\\\/#organization\"},\"potentialAction\":[{\"@type\":\"SearchAction\",\"target\":{\"@type\":\"EntryPoint\",\"urlTemplate\":\"https:\\\/\\\/www.lenez.com\\\/en\\\/?s={search_term_string}\"},\"query-input\":{\"@type\":\"PropertyValueSpecification\",\"valueRequired\":true,\"valueName\":\"search_term_string\"}}],\"inLanguage\":\"de\"},{\"@type\":\"Organization\",\"@id\":\"https:\\\/\\\/www.lenez.com\\\/en\\\/#organization\",\"name\":\"Le Nez du Vin\",\"url\":\"https:\\\/\\\/www.lenez.com\\\/en\\\/\",\"logo\":{\"@type\":\"ImageObject\",\"inLanguage\":\"de\",\"@id\":\"https:\\\/\\\/www.lenez.com\\\/en\\\/#\\\/schema\\\/logo\\\/image\\\/\",\"url\":\"https:\\\/\\\/www.lenez.com\\\/wp-content\\\/uploads\\\/2025\\\/05\\\/EJL_LOGO_2019.jpg\",\"contentUrl\":\"https:\\\/\\\/www.lenez.com\\\/wp-content\\\/uploads\\\/2025\\\/05\\\/EJL_LOGO_2019.jpg\",\"width\":2362,\"height\":2362,\"caption\":\"Le Nez du Vin\"},\"image\":{\"@id\":\"https:\\\/\\\/www.lenez.com\\\/en\\\/#\\\/schema\\\/logo\\\/image\\\/\"}}]}<\/script>\n<!-- \/ Yoast SEO plugin. -->","yoast_head_json":{"title":"Le Nez du Bourbon & American Whiskey 12 Aromen - Le Nez du Vin","robots":{"index":"index","follow":"follow","max-snippet":"max-snippet:-1","max-image-preview":"max-image-preview:large","max-video-preview":"max-video-preview:-1"},"canonical":"https:\/\/www.lenez.com\/de\/coffret\/spirituosen\/le-nez-du-bourbon-american-whiskey-12-aromen\/","og_locale":"de_DE","og_type":"article","og_title":"Le Nez du Bourbon & American Whiskey 12 Aromen - Le Nez du Vin","og_description":"12 hochwertige, realistische und langanhaltende Aromen.  Ein Aromarad des Whiskeys  Ein lehrreiches und illustriertes Buch (72 Seiten) dient als Leitfaden.","og_url":"https:\/\/www.lenez.com\/de\/coffret\/spirituosen\/le-nez-du-bourbon-american-whiskey-12-aromen\/","og_site_name":"Le Nez du Vin","article_modified_time":"2025-10-01T12:49:02+00:00","og_image":[{"width":1000,"height":670,"url":"https:\/\/www.lenez.com\/wp-content\/uploads\/2024\/11\/Boxset_LNDB_FR.png","type":"image\/png"}],"twitter_card":"summary_large_image","twitter_misc":{"Gesch\u00e4tzte Lesezeit":"1\u00a0Minute"},"schema":{"@context":"https:\/\/schema.org","@graph":[{"@type":"WebPage","@id":"https:\/\/www.lenez.com\/de\/coffret\/spirituosen\/le-nez-du-bourbon-american-whiskey-12-aromen\/","url":"https:\/\/www.lenez.com\/de\/coffret\/spirituosen\/le-nez-du-bourbon-american-whiskey-12-aromen\/","name":"Le Nez du Bourbon & American Whiskey 12 Aromen - Le Nez du Vin","isPartOf":{"@id":"https:\/\/www.lenez.com\/en\/#website"},"primaryImageOfPage":{"@id":"https:\/\/www.lenez.com\/de\/coffret\/spirituosen\/le-nez-du-bourbon-american-whiskey-12-aromen\/#primaryimage"},"image":{"@id":"https:\/\/www.lenez.com\/de\/coffret\/spirituosen\/le-nez-du-bourbon-american-whiskey-12-aromen\/#primaryimage"},"thumbnailUrl":"https:\/\/www.lenez.com\/wp-content\/uploads\/2024\/11\/Boxset_LNDB_FR.png","datePublished":"2024-11-14T15:13:48+00:00","dateModified":"2025-10-01T12:49:02+00:00","breadcrumb":{"@id":"https:\/\/www.lenez.com\/de\/coffret\/spirituosen\/le-nez-du-bourbon-american-whiskey-12-aromen\/#breadcrumb"},"inLanguage":"de","potentialAction":[{"@type":"ReadAction","target":["https:\/\/www.lenez.com\/de\/coffret\/spirituosen\/le-nez-du-bourbon-american-whiskey-12-aromen\/"]}]},{"@type":"ImageObject","inLanguage":"de","@id":"https:\/\/www.lenez.com\/de\/coffret\/spirituosen\/le-nez-du-bourbon-american-whiskey-12-aromen\/#primaryimage","url":"https:\/\/www.lenez.com\/wp-content\/uploads\/2024\/11\/Boxset_LNDB_FR.png","contentUrl":"https:\/\/www.lenez.com\/wp-content\/uploads\/2024\/11\/Boxset_LNDB_FR.png","width":1000,"height":670},{"@type":"BreadcrumbList","@id":"https:\/\/www.lenez.com\/de\/coffret\/spirituosen\/le-nez-du-bourbon-american-whiskey-12-aromen\/#breadcrumb","itemListElement":[{"@type":"ListItem","position":1,"name":"Accueil","item":"https:\/\/www.lenez.com\/"},{"@type":"ListItem","position":2,"name":"Odorama","item":"https:\/\/www.lenez.com\/de\/odorama\/"},{"@type":"ListItem","position":3,"name":"Aromakoffer f\u00fcr Spirituosen","item":"https:\/\/www.lenez.com\/de\/boxen\/spirituosen\/"},{"@type":"ListItem","position":4,"name":"Le Nez du Bourbon &#038; American Whiskey 12 Aromen"}]},{"@type":"WebSite","@id":"https:\/\/www.lenez.com\/en\/#website","url":"https:\/\/www.lenez.com\/en\/","name":"Le Nez du Vin","description":"Site officiel des marques Le Nez du Vin, Le Nez du Caf\u00e9 et Le Nez du Whisky","publisher":{"@id":"https:\/\/www.lenez.com\/en\/#organization"},"potentialAction":[{"@type":"SearchAction","target":{"@type":"EntryPoint","urlTemplate":"https:\/\/www.lenez.com\/en\/?s={search_term_string}"},"query-input":{"@type":"PropertyValueSpecification","valueRequired":true,"valueName":"search_term_string"}}],"inLanguage":"de"},{"@type":"Organization","@id":"https:\/\/www.lenez.com\/en\/#organization","name":"Le Nez du Vin","url":"https:\/\/www.lenez.com\/en\/","logo":{"@type":"ImageObject","inLanguage":"de","@id":"https:\/\/www.lenez.com\/en\/#\/schema\/logo\/image\/","url":"https:\/\/www.lenez.com\/wp-content\/uploads\/2025\/05\/EJL_LOGO_2019.jpg","contentUrl":"https:\/\/www.lenez.com\/wp-content\/uploads\/2025\/05\/EJL_LOGO_2019.jpg","width":2362,"height":2362,"caption":"Le Nez du Vin"},"image":{"@id":"https:\/\/www.lenez.com\/en\/#\/schema\/logo\/image\/"}}]}},"_links":{"self":[{"href":"https:\/\/www.lenez.com\/de\/wp-json\/wp\/v2\/product\/5071","targetHints":{"allow":["GET"]}}],"collection":[{"href":"https:\/\/www.lenez.com\/de\/wp-json\/wp\/v2\/product"}],"about":[{"href":"https:\/\/www.lenez.com\/de\/wp-json\/wp\/v2\/types\/product"}],"replies":[{"embeddable":true,"href":"https:\/\/www.lenez.com\/de\/wp-json\/wp\/v2\/comments?post=5071"}],"wp:featuredmedia":[{"embeddable":true,"href":"https:\/\/www.lenez.com\/de\/wp-json\/wp\/v2\/media\/6671"}],"wp:attachment":[{"href":"https:\/\/www.lenez.com\/de\/wp-json\/wp\/v2\/media?parent=5071"}],"wp:term":[{"taxonomy":"product_brand","embeddable":true,"href":"https:\/\/www.lenez.com\/de\/wp-json\/wp\/v2\/product_brand?post=5071"},{"taxonomy":"product_cat","embeddable":true,"href":"https:\/\/www.lenez.com\/de\/wp-json\/wp\/v2\/product_cat?post=5071"},{"taxonomy":"product_tag","embeddable":true,"href":"https:\/\/www.lenez.com\/de\/wp-json\/wp\/v2\/product_tag?post=5071"}],"curies":[{"name":"wp","href":"https:\/\/api.w.org\/{rel}","templated":true}]}}