{"id":5074,"date":"2024-11-14T16:08:03","date_gmt":"2024-11-14T15:08:03","guid":{"rendered":"https:\/\/shop.lenez.com\/coffret\/unkategorisiert\/le-nez-de-larmagnac-12-aromen\/"},"modified":"2025-09-30T17:32:11","modified_gmt":"2025-09-30T15:32:11","slug":"le-nez-de-larmagnac-12-aromen","status":"publish","type":"product","link":"https:\/\/www.lenez.com\/de\/coffret\/spirituosen\/le-nez-de-larmagnac-12-aromen\/","title":{"rendered":"Le Nez de l&#8217;Armagnac 12 Aromen"},"content":{"rendered":"<h3>Die Welt des \u00e4ltesten Weinbrands Frankreichs \u2013 \u00fcber 700 Jahre Tradition!<\/h3>\n<hr \/>\n<h3>Die Aromen<\/h3>\n<p>Die 12 Aromen des Nez de l\u2019Armagnac :<\/p>\n<ul>\n<li>Linde<\/li>\n<li>Honig<\/li>\n<li>Birne<\/li>\n<li>Quitte<\/li>\n<li>Backpflaume<\/li>\n<li>Kandierte Orange<\/li>\n<li>Nuss<\/li>\n<li>Leder<\/li>\n<li>Eiche<\/li>\n<li>Vanille<\/li>\n<li>Pfeffer<\/li>\n<li>Kakao<\/li>\n<\/ul>\n<p>Sch\u00e4rfen Sie Ihre Sinne f\u00fcr die Geheimnisse des Armagnacs: vom subtilen Duft der Linde, der die klare, frisch aus dem Alambic flie\u00dfende Eau-de-Vie kennzeichnet, bis zum vielschichtigen Aromenspektrum, das durch die lange Reifung im Holzfass entsteht \u2013 12 Noten markieren und erz\u00e4hlen die Entwicklungsphasen dieser Br\u00e4nde, von ihrer Jugend bis zur vollendeten Reife.<\/p>\n<p>Eine Einladung, in die Welt des \u00e4ltesten Weinbrands Frankreichs einzutauchen \u2013 \u00fcber 700 Jahre Tradition!<\/p>\n","protected":false},"excerpt":{"rendered":"<ul>\n<li>12 hochwertige, realistische und langanhaltende Aromen.<\/li>\n<li>Ein lehrreiches und illustriertes Buch (51 Seiten) dient als Leitfaden.<\/li>\n<\/ul>\n","protected":false},"featured_media":5530,"comment_status":"closed","ping_status":"closed","template":"","meta":{"_acf_changed":false},"product_brand":[],"product_cat":[151],"product_tag":[],"class_list":{"0":"post-5074","1":"product","2":"type-product","3":"status-publish","4":"has-post-thumbnail","6":"product_cat-spirituosen","8":"first","9":"instock","10":"taxable","11":"shipping-taxable","12":"purchasable","13":"product-type-variable"},"acf":[],"yoast_head":"<!-- This site is optimized with the Yoast SEO plugin v27.4 - https:\/\/yoast.com\/product\/yoast-seo-wordpress\/ -->\n<title>Le Nez de l&#039;Armagnac 12 Aromen - Le Nez du Vin<\/title>\n<meta name=\"robots\" content=\"index, follow, max-snippet:-1, max-image-preview:large, max-video-preview:-1\" \/>\n<link rel=\"canonical\" href=\"https:\/\/www.lenez.com\/de\/coffret\/spirituosen\/le-nez-de-larmagnac-12-aromen\/\" \/>\n<meta property=\"og:locale\" content=\"de_DE\" \/>\n<meta property=\"og:type\" content=\"article\" \/>\n<meta property=\"og:title\" content=\"Le Nez de l&#039;Armagnac 12 Aromen - Le Nez du Vin\" \/>\n<meta property=\"og:description\" content=\"12 hochwertige, realistische und langanhaltende Aromen.  Ein lehrreiches und illustriertes Buch (51 Seiten) dient als Leitfaden.\" \/>\n<meta property=\"og:url\" content=\"https:\/\/www.lenez.com\/de\/coffret\/spirituosen\/le-nez-de-larmagnac-12-aromen\/\" \/>\n<meta property=\"og:site_name\" content=\"Le Nez du Vin\" \/>\n<meta property=\"article:modified_time\" content=\"2025-09-30T15:32:11+00:00\" \/>\n<meta property=\"og:image\" content=\"https:\/\/www.lenez.com\/wp-content\/uploads\/2024\/11\/NEZARMA_DSC_4254.png\" \/>\n\t<meta property=\"og:image:width\" content=\"1181\" \/>\n\t<meta property=\"og:image:height\" content=\"720\" \/>\n\t<meta property=\"og:image:type\" content=\"image\/png\" \/>\n<meta name=\"twitter:card\" content=\"summary_large_image\" \/>\n<meta name=\"twitter:label1\" content=\"Gesch\u00e4tzte Lesezeit\" \/>\n\t<meta name=\"twitter:data1\" content=\"1\u00a0Minute\" \/>\n<script type=\"application\/ld+json\" class=\"yoast-schema-graph\">{\"@context\":\"https:\\\/\\\/schema.org\",\"@graph\":[{\"@type\":\"WebPage\",\"@id\":\"https:\\\/\\\/www.lenez.com\\\/de\\\/coffret\\\/spirituosen\\\/le-nez-de-larmagnac-12-aromen\\\/\",\"url\":\"https:\\\/\\\/www.lenez.com\\\/de\\\/coffret\\\/spirituosen\\\/le-nez-de-larmagnac-12-aromen\\\/\",\"name\":\"Le Nez de l'Armagnac 12 Aromen - Le Nez du Vin\",\"isPartOf\":{\"@id\":\"https:\\\/\\\/www.lenez.com\\\/en\\\/#website\"},\"primaryImageOfPage\":{\"@id\":\"https:\\\/\\\/www.lenez.com\\\/de\\\/coffret\\\/spirituosen\\\/le-nez-de-larmagnac-12-aromen\\\/#primaryimage\"},\"image\":{\"@id\":\"https:\\\/\\\/www.lenez.com\\\/de\\\/coffret\\\/spirituosen\\\/le-nez-de-larmagnac-12-aromen\\\/#primaryimage\"},\"thumbnailUrl\":\"https:\\\/\\\/www.lenez.com\\\/wp-content\\\/uploads\\\/2024\\\/11\\\/NEZARMA_DSC_4254.png\",\"datePublished\":\"2024-11-14T15:08:03+00:00\",\"dateModified\":\"2025-09-30T15:32:11+00:00\",\"breadcrumb\":{\"@id\":\"https:\\\/\\\/www.lenez.com\\\/de\\\/coffret\\\/spirituosen\\\/le-nez-de-larmagnac-12-aromen\\\/#breadcrumb\"},\"inLanguage\":\"de\",\"potentialAction\":[{\"@type\":\"ReadAction\",\"target\":[\"https:\\\/\\\/www.lenez.com\\\/de\\\/coffret\\\/spirituosen\\\/le-nez-de-larmagnac-12-aromen\\\/\"]}]},{\"@type\":\"ImageObject\",\"inLanguage\":\"de\",\"@id\":\"https:\\\/\\\/www.lenez.com\\\/de\\\/coffret\\\/spirituosen\\\/le-nez-de-larmagnac-12-aromen\\\/#primaryimage\",\"url\":\"https:\\\/\\\/www.lenez.com\\\/wp-content\\\/uploads\\\/2024\\\/11\\\/NEZARMA_DSC_4254.png\",\"contentUrl\":\"https:\\\/\\\/www.lenez.com\\\/wp-content\\\/uploads\\\/2024\\\/11\\\/NEZARMA_DSC_4254.png\",\"width\":1181,\"height\":720},{\"@type\":\"BreadcrumbList\",\"@id\":\"https:\\\/\\\/www.lenez.com\\\/de\\\/coffret\\\/spirituosen\\\/le-nez-de-larmagnac-12-aromen\\\/#breadcrumb\",\"itemListElement\":[{\"@type\":\"ListItem\",\"position\":1,\"name\":\"Accueil\",\"item\":\"https:\\\/\\\/www.lenez.com\\\/\"},{\"@type\":\"ListItem\",\"position\":2,\"name\":\"Odorama\",\"item\":\"https:\\\/\\\/www.lenez.com\\\/de\\\/odorama\\\/\"},{\"@type\":\"ListItem\",\"position\":3,\"name\":\"Aromakoffer f\u00fcr Spirituosen\",\"item\":\"https:\\\/\\\/www.lenez.com\\\/de\\\/boxen\\\/spirituosen\\\/\"},{\"@type\":\"ListItem\",\"position\":4,\"name\":\"Le Nez de l&#8217;Armagnac 12 Aromen\"}]},{\"@type\":\"WebSite\",\"@id\":\"https:\\\/\\\/www.lenez.com\\\/en\\\/#website\",\"url\":\"https:\\\/\\\/www.lenez.com\\\/en\\\/\",\"name\":\"Le Nez du Vin\",\"description\":\"Site officiel des marques Le Nez du Vin, Le Nez du Caf\u00e9 et Le Nez du Whisky\",\"publisher\":{\"@id\":\"https:\\\/\\\/www.lenez.com\\\/en\\\/#organization\"},\"potentialAction\":[{\"@type\":\"SearchAction\",\"target\":{\"@type\":\"EntryPoint\",\"urlTemplate\":\"https:\\\/\\\/www.lenez.com\\\/en\\\/?s={search_term_string}\"},\"query-input\":{\"@type\":\"PropertyValueSpecification\",\"valueRequired\":true,\"valueName\":\"search_term_string\"}}],\"inLanguage\":\"de\"},{\"@type\":\"Organization\",\"@id\":\"https:\\\/\\\/www.lenez.com\\\/en\\\/#organization\",\"name\":\"Le Nez du Vin\",\"url\":\"https:\\\/\\\/www.lenez.com\\\/en\\\/\",\"logo\":{\"@type\":\"ImageObject\",\"inLanguage\":\"de\",\"@id\":\"https:\\\/\\\/www.lenez.com\\\/en\\\/#\\\/schema\\\/logo\\\/image\\\/\",\"url\":\"https:\\\/\\\/www.lenez.com\\\/wp-content\\\/uploads\\\/2025\\\/05\\\/EJL_LOGO_2019.jpg\",\"contentUrl\":\"https:\\\/\\\/www.lenez.com\\\/wp-content\\\/uploads\\\/2025\\\/05\\\/EJL_LOGO_2019.jpg\",\"width\":2362,\"height\":2362,\"caption\":\"Le Nez du Vin\"},\"image\":{\"@id\":\"https:\\\/\\\/www.lenez.com\\\/en\\\/#\\\/schema\\\/logo\\\/image\\\/\"}}]}<\/script>\n<!-- \/ Yoast SEO plugin. -->","yoast_head_json":{"title":"Le Nez de l'Armagnac 12 Aromen - Le Nez du Vin","robots":{"index":"index","follow":"follow","max-snippet":"max-snippet:-1","max-image-preview":"max-image-preview:large","max-video-preview":"max-video-preview:-1"},"canonical":"https:\/\/www.lenez.com\/de\/coffret\/spirituosen\/le-nez-de-larmagnac-12-aromen\/","og_locale":"de_DE","og_type":"article","og_title":"Le Nez de l'Armagnac 12 Aromen - Le Nez du Vin","og_description":"12 hochwertige, realistische und langanhaltende Aromen.  Ein lehrreiches und illustriertes Buch (51 Seiten) dient als Leitfaden.","og_url":"https:\/\/www.lenez.com\/de\/coffret\/spirituosen\/le-nez-de-larmagnac-12-aromen\/","og_site_name":"Le Nez du Vin","article_modified_time":"2025-09-30T15:32:11+00:00","og_image":[{"width":1181,"height":720,"url":"https:\/\/www.lenez.com\/wp-content\/uploads\/2024\/11\/NEZARMA_DSC_4254.png","type":"image\/png"}],"twitter_card":"summary_large_image","twitter_misc":{"Gesch\u00e4tzte Lesezeit":"1\u00a0Minute"},"schema":{"@context":"https:\/\/schema.org","@graph":[{"@type":"WebPage","@id":"https:\/\/www.lenez.com\/de\/coffret\/spirituosen\/le-nez-de-larmagnac-12-aromen\/","url":"https:\/\/www.lenez.com\/de\/coffret\/spirituosen\/le-nez-de-larmagnac-12-aromen\/","name":"Le Nez de l'Armagnac 12 Aromen - Le Nez du Vin","isPartOf":{"@id":"https:\/\/www.lenez.com\/en\/#website"},"primaryImageOfPage":{"@id":"https:\/\/www.lenez.com\/de\/coffret\/spirituosen\/le-nez-de-larmagnac-12-aromen\/#primaryimage"},"image":{"@id":"https:\/\/www.lenez.com\/de\/coffret\/spirituosen\/le-nez-de-larmagnac-12-aromen\/#primaryimage"},"thumbnailUrl":"https:\/\/www.lenez.com\/wp-content\/uploads\/2024\/11\/NEZARMA_DSC_4254.png","datePublished":"2024-11-14T15:08:03+00:00","dateModified":"2025-09-30T15:32:11+00:00","breadcrumb":{"@id":"https:\/\/www.lenez.com\/de\/coffret\/spirituosen\/le-nez-de-larmagnac-12-aromen\/#breadcrumb"},"inLanguage":"de","potentialAction":[{"@type":"ReadAction","target":["https:\/\/www.lenez.com\/de\/coffret\/spirituosen\/le-nez-de-larmagnac-12-aromen\/"]}]},{"@type":"ImageObject","inLanguage":"de","@id":"https:\/\/www.lenez.com\/de\/coffret\/spirituosen\/le-nez-de-larmagnac-12-aromen\/#primaryimage","url":"https:\/\/www.lenez.com\/wp-content\/uploads\/2024\/11\/NEZARMA_DSC_4254.png","contentUrl":"https:\/\/www.lenez.com\/wp-content\/uploads\/2024\/11\/NEZARMA_DSC_4254.png","width":1181,"height":720},{"@type":"BreadcrumbList","@id":"https:\/\/www.lenez.com\/de\/coffret\/spirituosen\/le-nez-de-larmagnac-12-aromen\/#breadcrumb","itemListElement":[{"@type":"ListItem","position":1,"name":"Accueil","item":"https:\/\/www.lenez.com\/"},{"@type":"ListItem","position":2,"name":"Odorama","item":"https:\/\/www.lenez.com\/de\/odorama\/"},{"@type":"ListItem","position":3,"name":"Aromakoffer f\u00fcr Spirituosen","item":"https:\/\/www.lenez.com\/de\/boxen\/spirituosen\/"},{"@type":"ListItem","position":4,"name":"Le Nez de l&#8217;Armagnac 12 Aromen"}]},{"@type":"WebSite","@id":"https:\/\/www.lenez.com\/en\/#website","url":"https:\/\/www.lenez.com\/en\/","name":"Le Nez du Vin","description":"Site officiel des marques Le Nez du Vin, Le Nez du Caf\u00e9 et Le Nez du Whisky","publisher":{"@id":"https:\/\/www.lenez.com\/en\/#organization"},"potentialAction":[{"@type":"SearchAction","target":{"@type":"EntryPoint","urlTemplate":"https:\/\/www.lenez.com\/en\/?s={search_term_string}"},"query-input":{"@type":"PropertyValueSpecification","valueRequired":true,"valueName":"search_term_string"}}],"inLanguage":"de"},{"@type":"Organization","@id":"https:\/\/www.lenez.com\/en\/#organization","name":"Le Nez du Vin","url":"https:\/\/www.lenez.com\/en\/","logo":{"@type":"ImageObject","inLanguage":"de","@id":"https:\/\/www.lenez.com\/en\/#\/schema\/logo\/image\/","url":"https:\/\/www.lenez.com\/wp-content\/uploads\/2025\/05\/EJL_LOGO_2019.jpg","contentUrl":"https:\/\/www.lenez.com\/wp-content\/uploads\/2025\/05\/EJL_LOGO_2019.jpg","width":2362,"height":2362,"caption":"Le Nez du Vin"},"image":{"@id":"https:\/\/www.lenez.com\/en\/#\/schema\/logo\/image\/"}}]}},"_links":{"self":[{"href":"https:\/\/www.lenez.com\/de\/wp-json\/wp\/v2\/product\/5074","targetHints":{"allow":["GET"]}}],"collection":[{"href":"https:\/\/www.lenez.com\/de\/wp-json\/wp\/v2\/product"}],"about":[{"href":"https:\/\/www.lenez.com\/de\/wp-json\/wp\/v2\/types\/product"}],"replies":[{"embeddable":true,"href":"https:\/\/www.lenez.com\/de\/wp-json\/wp\/v2\/comments?post=5074"}],"wp:featuredmedia":[{"embeddable":true,"href":"https:\/\/www.lenez.com\/de\/wp-json\/wp\/v2\/media\/5530"}],"wp:attachment":[{"href":"https:\/\/www.lenez.com\/de\/wp-json\/wp\/v2\/media?parent=5074"}],"wp:term":[{"taxonomy":"product_brand","embeddable":true,"href":"https:\/\/www.lenez.com\/de\/wp-json\/wp\/v2\/product_brand?post=5074"},{"taxonomy":"product_cat","embeddable":true,"href":"https:\/\/www.lenez.com\/de\/wp-json\/wp\/v2\/product_cat?post=5074"},{"taxonomy":"product_tag","embeddable":true,"href":"https:\/\/www.lenez.com\/de\/wp-json\/wp\/v2\/product_tag?post=5074"}],"curies":[{"name":"wp","href":"https:\/\/api.w.org\/{rel}","templated":true}]}}