{"id":5083,"date":"2025-05-22T17:43:09","date_gmt":"2025-05-22T15:43:09","guid":{"rendered":"https:\/\/shop.lenez.com\/coffret\/unkategorisiert\/le-nez-du-cafe-60-aromen\/"},"modified":"2025-09-30T17:36:05","modified_gmt":"2025-09-30T15:36:05","slug":"le-nez-du-cafe-60-aromen","status":"publish","type":"product","link":"https:\/\/www.lenez.com\/de\/coffret\/aromakoffer-fuer-kaffee\/le-nez-du-cafe-60-aromen\/","title":{"rendered":"Le Nez du Caf\u00e9 60 Aromen"},"content":{"rendered":"<h3>La Referenz bei den Fachleuten seit 1996<\/h3>\n<hr \/>\n<div class=\"col-md-6\">\n<h3>Die Aromen<\/h3>\n<p>Die 60 Aromen sind auf drei eigenst\u00e4ndige Aromenboxen und neun Aromafamilien verteilt:<\/p>\n<ul>\n<li><strong><span style=\"text-decoration: underline;\">Blumig und Fruchtig<\/span><\/strong>: Honig, Schwarzer Tee, Rose, Jasmin, Himbeere, Blaubeere, Schwarze Johannisbeere, Erdbeere, Rosine, Backpflaume, Kirsche, Ananas, Mango, Melone, Banane, Apfel, Pfirsich, Orange, Zitrone, Limette.<\/li>\n<li><strong><span style=\"text-decoration: underline;\">S\u00e4uerlich\/G\u00e4rig, Gr\u00fcn\/Pflanzlich, Sonstige<\/span><\/strong>: Butters\u00e4ure, Weinnote, Kaffeepulpe, Erbse, (Frisches) Gras, Gurke, Gr\u00fcner Pfeffer, Heu, Thymian, Kiefer, Zeder, Kartoffel, Karton, Holz, Muffig\/Feucht, Erdige Note, Leder, Medizinisch, Teer, Gummi.<\/li>\n<li><strong><span style=\"text-decoration: underline;\">R\u00f6stnoten, Gew\u00fcrze, Nuss\/Kakao, S\u00fc\u00df<\/span><\/strong>: Tabak, Rauchig, Butter, Toast, Malz, Pfeffer, Anis (Sternanis), Muskatnuss, Zimt, Nelke, Erdnuss, Haselnuss, Mandel, Walnuss, Zartbitterschokolade, Schokolade, Brauner Zucker, Ahornsirup, Karamellisiert, Vanille.<\/li>\n<\/ul>\n<hr \/>\n<\/div>\n<div class=\"col-md-6\">\n<h3>Das Buch<\/h3>\n<p>Le Nez du Caf\u00e9 wurde 2025 vollst\u00e4ndig \u00fcberarbeitet \u2013 in Partnerschaft mit dem Coffee Quality Institute (CQI).<\/p>\n<p>Die Auswahl an Aromen wurde deutlich erweitert: von 36 auf 60. Sie sind auf drei eigenst\u00e4ndige, leicht transportierbare Aromenboxen verteilt. Indem sie eine gemeinsame Sprache zur Beschreibung und Kommunikation der aromatischen Eigenschaften von Spezialit\u00e4tenkaffees bieten, bereichern sie die sensorische Erfahrung \u2013 individuell wie kollektiv \u2013 f\u00fcr Fachleute wie auch f\u00fcr Liebhaber. Neu in dieser Ausgabe: Zu jedem Aroma geh\u00f6rt eine gro\u00dfformatige Karte, die seine verschiedenen olfaktorischen Facetten, seine chemische Zusammensetzung sowie seinen Ursprung in den Kaffees der Welt beschreibt.<\/p>\n<p>Das Buch wurde vollst\u00e4ndig neu verfasst und ber\u00fccksichtigt die neuesten Forschungsergebnisse zu Genetik, Nacherntebehandlung und R\u00f6stung des Kaffees.<\/p>\n<p>Abgerundet wird das Set durch einen ausf\u00fchrlichen Faltplan mit \u00dcbungen und Spielen, die allein oder in der Gruppe durchgef\u00fchrt werden k\u00f6nnen, um die Aromenerkennung weiter zu sch\u00e4rfen.<\/p>\n<\/div>\n","protected":false},"excerpt":{"rendered":"<ul>\n<li>60 hochwertige, realistische und langanhaltende Aromen.<\/li>\n<li>60 Karten \u2013 jeweils eine pro Aroma \u2013 stellen eine Verbindung zwischen den Duftnoten und den Spezialit\u00e4tenkaffees aus aller Welt her.<\/li>\n<li>Ein lehrreiches und illustriertes Buch (96 Seiten) erkl\u00e4rt die Bedeutung der Aromen bei der Beurteilung der Kaffeequalit\u00e4t.<\/li>\n<li>Eine Gebrauchsanleitung bietet \u00dcbungen, die allein oder in der Gruppe durchgef\u00fchrt werden k\u00f6nnen, um die eigene Wahrnehmung weiterzuentwickeln.<\/li>\n<\/ul>\n","protected":false},"featured_media":5518,"comment_status":"closed","ping_status":"closed","template":"","meta":{"_acf_changed":false},"product_brand":[],"product_cat":[154],"product_tag":[],"class_list":{"0":"post-5083","1":"product","2":"type-product","3":"status-publish","4":"has-post-thumbnail","6":"product_cat-aromakoffer-fuer-kaffee","8":"first","9":"instock","10":"taxable","11":"shipping-taxable","12":"purchasable","13":"product-type-variable"},"acf":[],"yoast_head":"<!-- This site is optimized with the Yoast SEO plugin v27.4 - https:\/\/yoast.com\/product\/yoast-seo-wordpress\/ -->\n<title>Le Nez du Caf\u00e9 60 Aromen - Le Nez du Vin<\/title>\n<meta name=\"robots\" content=\"index, follow, max-snippet:-1, max-image-preview:large, max-video-preview:-1\" \/>\n<link rel=\"canonical\" href=\"https:\/\/www.lenez.com\/de\/coffret\/aromakoffer-fuer-kaffee\/le-nez-du-cafe-60-aromen\/\" \/>\n<meta property=\"og:locale\" content=\"de_DE\" \/>\n<meta property=\"og:type\" content=\"article\" \/>\n<meta property=\"og:title\" content=\"Le Nez du Caf\u00e9 60 Aromen - Le Nez du Vin\" \/>\n<meta property=\"og:description\" content=\"60 hochwertige, realistische und langanhaltende Aromen.  60 Karten \u2013 jeweils eine pro Aroma \u2013 stellen eine Verbindung zwischen den Duftnoten und den Spezialit\u00e4tenkaffees aus aller Welt her.  Ein lehrreiches und illustriertes Buch (96 Seiten) erkl\u00e4rt die Bedeutung der Aromen bei der Beurteilung der Kaffeequalit\u00e4t.  Eine Gebrauchsanleitung bietet \u00dcbungen, die allein oder in der Gruppe durchgef\u00fchrt werden k\u00f6nnen, um die eigene Wahrnehmung weiterzuentwickeln.\" \/>\n<meta property=\"og:url\" content=\"https:\/\/www.lenez.com\/de\/coffret\/aromakoffer-fuer-kaffee\/le-nez-du-cafe-60-aromen\/\" \/>\n<meta property=\"og:site_name\" content=\"Le Nez du Vin\" \/>\n<meta property=\"article:modified_time\" content=\"2025-09-30T15:36:05+00:00\" \/>\n<meta property=\"og:image\" content=\"https:\/\/www.lenez.com\/wp-content\/uploads\/2025\/05\/@Andrea-Graziosi-Le-Nez-du-Cafe-Packshot-Marseille-25-02-20250018-scaled.jpg\" \/>\n\t<meta property=\"og:image:width\" content=\"2560\" \/>\n\t<meta property=\"og:image:height\" content=\"2048\" \/>\n\t<meta property=\"og:image:type\" content=\"image\/jpeg\" \/>\n<meta name=\"twitter:card\" content=\"summary_large_image\" \/>\n<meta name=\"twitter:label1\" content=\"Gesch\u00e4tzte Lesezeit\" \/>\n\t<meta name=\"twitter:data1\" content=\"1\u00a0Minute\" \/>\n<script type=\"application\/ld+json\" class=\"yoast-schema-graph\">{\"@context\":\"https:\\\/\\\/schema.org\",\"@graph\":[{\"@type\":\"WebPage\",\"@id\":\"https:\\\/\\\/www.lenez.com\\\/de\\\/coffret\\\/aromakoffer-fuer-kaffee\\\/le-nez-du-cafe-60-aromen\\\/\",\"url\":\"https:\\\/\\\/www.lenez.com\\\/de\\\/coffret\\\/aromakoffer-fuer-kaffee\\\/le-nez-du-cafe-60-aromen\\\/\",\"name\":\"Le Nez du Caf\u00e9 60 Aromen - Le Nez du Vin\",\"isPartOf\":{\"@id\":\"https:\\\/\\\/www.lenez.com\\\/en\\\/#website\"},\"primaryImageOfPage\":{\"@id\":\"https:\\\/\\\/www.lenez.com\\\/de\\\/coffret\\\/aromakoffer-fuer-kaffee\\\/le-nez-du-cafe-60-aromen\\\/#primaryimage\"},\"image\":{\"@id\":\"https:\\\/\\\/www.lenez.com\\\/de\\\/coffret\\\/aromakoffer-fuer-kaffee\\\/le-nez-du-cafe-60-aromen\\\/#primaryimage\"},\"thumbnailUrl\":\"https:\\\/\\\/www.lenez.com\\\/wp-content\\\/uploads\\\/2025\\\/05\\\/@Andrea-Graziosi-Le-Nez-du-Cafe-Packshot-Marseille-25-02-20250018-scaled.jpg\",\"datePublished\":\"2025-05-22T15:43:09+00:00\",\"dateModified\":\"2025-09-30T15:36:05+00:00\",\"breadcrumb\":{\"@id\":\"https:\\\/\\\/www.lenez.com\\\/de\\\/coffret\\\/aromakoffer-fuer-kaffee\\\/le-nez-du-cafe-60-aromen\\\/#breadcrumb\"},\"inLanguage\":\"de\",\"potentialAction\":[{\"@type\":\"ReadAction\",\"target\":[\"https:\\\/\\\/www.lenez.com\\\/de\\\/coffret\\\/aromakoffer-fuer-kaffee\\\/le-nez-du-cafe-60-aromen\\\/\"]}]},{\"@type\":\"ImageObject\",\"inLanguage\":\"de\",\"@id\":\"https:\\\/\\\/www.lenez.com\\\/de\\\/coffret\\\/aromakoffer-fuer-kaffee\\\/le-nez-du-cafe-60-aromen\\\/#primaryimage\",\"url\":\"https:\\\/\\\/www.lenez.com\\\/wp-content\\\/uploads\\\/2025\\\/05\\\/@Andrea-Graziosi-Le-Nez-du-Cafe-Packshot-Marseille-25-02-20250018-scaled.jpg\",\"contentUrl\":\"https:\\\/\\\/www.lenez.com\\\/wp-content\\\/uploads\\\/2025\\\/05\\\/@Andrea-Graziosi-Le-Nez-du-Cafe-Packshot-Marseille-25-02-20250018-scaled.jpg\",\"width\":2560,\"height\":2048},{\"@type\":\"BreadcrumbList\",\"@id\":\"https:\\\/\\\/www.lenez.com\\\/de\\\/coffret\\\/aromakoffer-fuer-kaffee\\\/le-nez-du-cafe-60-aromen\\\/#breadcrumb\",\"itemListElement\":[{\"@type\":\"ListItem\",\"position\":1,\"name\":\"Accueil\",\"item\":\"https:\\\/\\\/www.lenez.com\\\/\"},{\"@type\":\"ListItem\",\"position\":2,\"name\":\"Odorama\",\"item\":\"https:\\\/\\\/www.lenez.com\\\/de\\\/odorama\\\/\"},{\"@type\":\"ListItem\",\"position\":3,\"name\":\"Coffrets d'ar\u00f4mes du caf\u00e9\",\"item\":\"https:\\\/\\\/www.lenez.com\\\/coffrets\\\/cafe\\\/\"},{\"@type\":\"ListItem\",\"position\":4,\"name\":\"Le Nez du Caf\u00e9 60 Aromen\"}]},{\"@type\":\"WebSite\",\"@id\":\"https:\\\/\\\/www.lenez.com\\\/en\\\/#website\",\"url\":\"https:\\\/\\\/www.lenez.com\\\/en\\\/\",\"name\":\"Le Nez du Vin\",\"description\":\"Site officiel des marques Le Nez du Vin, Le Nez du Caf\u00e9 et Le Nez du Whisky\",\"publisher\":{\"@id\":\"https:\\\/\\\/www.lenez.com\\\/en\\\/#organization\"},\"potentialAction\":[{\"@type\":\"SearchAction\",\"target\":{\"@type\":\"EntryPoint\",\"urlTemplate\":\"https:\\\/\\\/www.lenez.com\\\/en\\\/?s={search_term_string}\"},\"query-input\":{\"@type\":\"PropertyValueSpecification\",\"valueRequired\":true,\"valueName\":\"search_term_string\"}}],\"inLanguage\":\"de\"},{\"@type\":\"Organization\",\"@id\":\"https:\\\/\\\/www.lenez.com\\\/en\\\/#organization\",\"name\":\"Le Nez du Vin\",\"url\":\"https:\\\/\\\/www.lenez.com\\\/en\\\/\",\"logo\":{\"@type\":\"ImageObject\",\"inLanguage\":\"de\",\"@id\":\"https:\\\/\\\/www.lenez.com\\\/en\\\/#\\\/schema\\\/logo\\\/image\\\/\",\"url\":\"https:\\\/\\\/www.lenez.com\\\/wp-content\\\/uploads\\\/2025\\\/05\\\/EJL_LOGO_2019.jpg\",\"contentUrl\":\"https:\\\/\\\/www.lenez.com\\\/wp-content\\\/uploads\\\/2025\\\/05\\\/EJL_LOGO_2019.jpg\",\"width\":2362,\"height\":2362,\"caption\":\"Le Nez du Vin\"},\"image\":{\"@id\":\"https:\\\/\\\/www.lenez.com\\\/en\\\/#\\\/schema\\\/logo\\\/image\\\/\"}}]}<\/script>\n<!-- \/ Yoast SEO plugin. -->","yoast_head_json":{"title":"Le Nez du Caf\u00e9 60 Aromen - Le Nez du Vin","robots":{"index":"index","follow":"follow","max-snippet":"max-snippet:-1","max-image-preview":"max-image-preview:large","max-video-preview":"max-video-preview:-1"},"canonical":"https:\/\/www.lenez.com\/de\/coffret\/aromakoffer-fuer-kaffee\/le-nez-du-cafe-60-aromen\/","og_locale":"de_DE","og_type":"article","og_title":"Le Nez du Caf\u00e9 60 Aromen - Le Nez du Vin","og_description":"60 hochwertige, realistische und langanhaltende Aromen.  60 Karten \u2013 jeweils eine pro Aroma \u2013 stellen eine Verbindung zwischen den Duftnoten und den Spezialit\u00e4tenkaffees aus aller Welt her.  Ein lehrreiches und illustriertes Buch (96 Seiten) erkl\u00e4rt die Bedeutung der Aromen bei der Beurteilung der Kaffeequalit\u00e4t.  Eine Gebrauchsanleitung bietet \u00dcbungen, die allein oder in der Gruppe durchgef\u00fchrt werden k\u00f6nnen, um die eigene Wahrnehmung weiterzuentwickeln.","og_url":"https:\/\/www.lenez.com\/de\/coffret\/aromakoffer-fuer-kaffee\/le-nez-du-cafe-60-aromen\/","og_site_name":"Le Nez du Vin","article_modified_time":"2025-09-30T15:36:05+00:00","og_image":[{"width":2560,"height":2048,"url":"https:\/\/www.lenez.com\/wp-content\/uploads\/2025\/05\/@Andrea-Graziosi-Le-Nez-du-Cafe-Packshot-Marseille-25-02-20250018-scaled.jpg","type":"image\/jpeg"}],"twitter_card":"summary_large_image","twitter_misc":{"Gesch\u00e4tzte Lesezeit":"1\u00a0Minute"},"schema":{"@context":"https:\/\/schema.org","@graph":[{"@type":"WebPage","@id":"https:\/\/www.lenez.com\/de\/coffret\/aromakoffer-fuer-kaffee\/le-nez-du-cafe-60-aromen\/","url":"https:\/\/www.lenez.com\/de\/coffret\/aromakoffer-fuer-kaffee\/le-nez-du-cafe-60-aromen\/","name":"Le Nez du Caf\u00e9 60 Aromen - Le Nez du Vin","isPartOf":{"@id":"https:\/\/www.lenez.com\/en\/#website"},"primaryImageOfPage":{"@id":"https:\/\/www.lenez.com\/de\/coffret\/aromakoffer-fuer-kaffee\/le-nez-du-cafe-60-aromen\/#primaryimage"},"image":{"@id":"https:\/\/www.lenez.com\/de\/coffret\/aromakoffer-fuer-kaffee\/le-nez-du-cafe-60-aromen\/#primaryimage"},"thumbnailUrl":"https:\/\/www.lenez.com\/wp-content\/uploads\/2025\/05\/@Andrea-Graziosi-Le-Nez-du-Cafe-Packshot-Marseille-25-02-20250018-scaled.jpg","datePublished":"2025-05-22T15:43:09+00:00","dateModified":"2025-09-30T15:36:05+00:00","breadcrumb":{"@id":"https:\/\/www.lenez.com\/de\/coffret\/aromakoffer-fuer-kaffee\/le-nez-du-cafe-60-aromen\/#breadcrumb"},"inLanguage":"de","potentialAction":[{"@type":"ReadAction","target":["https:\/\/www.lenez.com\/de\/coffret\/aromakoffer-fuer-kaffee\/le-nez-du-cafe-60-aromen\/"]}]},{"@type":"ImageObject","inLanguage":"de","@id":"https:\/\/www.lenez.com\/de\/coffret\/aromakoffer-fuer-kaffee\/le-nez-du-cafe-60-aromen\/#primaryimage","url":"https:\/\/www.lenez.com\/wp-content\/uploads\/2025\/05\/@Andrea-Graziosi-Le-Nez-du-Cafe-Packshot-Marseille-25-02-20250018-scaled.jpg","contentUrl":"https:\/\/www.lenez.com\/wp-content\/uploads\/2025\/05\/@Andrea-Graziosi-Le-Nez-du-Cafe-Packshot-Marseille-25-02-20250018-scaled.jpg","width":2560,"height":2048},{"@type":"BreadcrumbList","@id":"https:\/\/www.lenez.com\/de\/coffret\/aromakoffer-fuer-kaffee\/le-nez-du-cafe-60-aromen\/#breadcrumb","itemListElement":[{"@type":"ListItem","position":1,"name":"Accueil","item":"https:\/\/www.lenez.com\/"},{"@type":"ListItem","position":2,"name":"Odorama","item":"https:\/\/www.lenez.com\/de\/odorama\/"},{"@type":"ListItem","position":3,"name":"Coffrets d'ar\u00f4mes du caf\u00e9","item":"https:\/\/www.lenez.com\/coffrets\/cafe\/"},{"@type":"ListItem","position":4,"name":"Le Nez du Caf\u00e9 60 Aromen"}]},{"@type":"WebSite","@id":"https:\/\/www.lenez.com\/en\/#website","url":"https:\/\/www.lenez.com\/en\/","name":"Le Nez du Vin","description":"Site officiel des marques Le Nez du Vin, Le Nez du Caf\u00e9 et Le Nez du Whisky","publisher":{"@id":"https:\/\/www.lenez.com\/en\/#organization"},"potentialAction":[{"@type":"SearchAction","target":{"@type":"EntryPoint","urlTemplate":"https:\/\/www.lenez.com\/en\/?s={search_term_string}"},"query-input":{"@type":"PropertyValueSpecification","valueRequired":true,"valueName":"search_term_string"}}],"inLanguage":"de"},{"@type":"Organization","@id":"https:\/\/www.lenez.com\/en\/#organization","name":"Le Nez du Vin","url":"https:\/\/www.lenez.com\/en\/","logo":{"@type":"ImageObject","inLanguage":"de","@id":"https:\/\/www.lenez.com\/en\/#\/schema\/logo\/image\/","url":"https:\/\/www.lenez.com\/wp-content\/uploads\/2025\/05\/EJL_LOGO_2019.jpg","contentUrl":"https:\/\/www.lenez.com\/wp-content\/uploads\/2025\/05\/EJL_LOGO_2019.jpg","width":2362,"height":2362,"caption":"Le Nez du Vin"},"image":{"@id":"https:\/\/www.lenez.com\/en\/#\/schema\/logo\/image\/"}}]}},"_links":{"self":[{"href":"https:\/\/www.lenez.com\/de\/wp-json\/wp\/v2\/product\/5083","targetHints":{"allow":["GET"]}}],"collection":[{"href":"https:\/\/www.lenez.com\/de\/wp-json\/wp\/v2\/product"}],"about":[{"href":"https:\/\/www.lenez.com\/de\/wp-json\/wp\/v2\/types\/product"}],"replies":[{"embeddable":true,"href":"https:\/\/www.lenez.com\/de\/wp-json\/wp\/v2\/comments?post=5083"}],"wp:featuredmedia":[{"embeddable":true,"href":"https:\/\/www.lenez.com\/de\/wp-json\/wp\/v2\/media\/5518"}],"wp:attachment":[{"href":"https:\/\/www.lenez.com\/de\/wp-json\/wp\/v2\/media?parent=5083"}],"wp:term":[{"taxonomy":"product_brand","embeddable":true,"href":"https:\/\/www.lenez.com\/de\/wp-json\/wp\/v2\/product_brand?post=5083"},{"taxonomy":"product_cat","embeddable":true,"href":"https:\/\/www.lenez.com\/de\/wp-json\/wp\/v2\/product_cat?post=5083"},{"taxonomy":"product_tag","embeddable":true,"href":"https:\/\/www.lenez.com\/de\/wp-json\/wp\/v2\/product_tag?post=5083"}],"curies":[{"name":"wp","href":"https:\/\/api.w.org\/{rel}","templated":true}]}}