{"id":5084,"date":"2025-05-21T16:51:51","date_gmt":"2025-05-21T14:51:51","guid":{"rendered":"https:\/\/shop.lenez.com\/coffret\/unkategorisiert\/lecole-du-nez\/"},"modified":"2025-09-22T12:05:10","modified_gmt":"2025-09-22T10:05:10","slug":"lecole-du-nez","status":"publish","type":"product","link":"https:\/\/www.lenez.com\/de\/coffret\/lecole-du-nez-de\/lecole-du-nez\/","title":{"rendered":"L&#8217;\u00c9cole du Nez"},"content":{"rendered":"<h3>Das erste Buch zur Riechrehabilitation f\u00fcr alle.<\/h3>\n<hr \/>\n<div class=\"col-md-6\">\n<h3>Die Aromen<\/h3>\n<p>16 speziell entwickelte D\u00fcfte zur Unterst\u00fctzung der Wiedererlangung des Geruchssinns und zur Verbesserung der olfaktorischen Wahrnehmung: Orange, Zitrone, Banane, Pfirsich, Honig, Lavendel, Zimt, Rose, Nelke, Kaffee, Schokolade, Vanille, Thymian, Minze, Eukalyptus, Ger\u00f6stete Haselnuss.<\/p>\n<hr \/>\n<\/div>\n<div class=\"col-md-6\">\n<h3>Das Buch<\/h3>\n<p>Der Geruchssinn \u2013 lange Zeit ein vernachl\u00e4ssigtes Thema in der wissenschaftlichen Forschung \u2013 r\u00fcckte infolge der Covid-19-Pandemie wieder ins Zentrum der Aufmerksamkeit.<\/p>\n<p>Wie riechen wir? Welche physikalischen Mechanismen liegen der Wahrnehmung eines Geruchs zugrunde? Und vor allem: Wie k\u00f6nnen wir unsere olfaktorischen F\u00e4higkeiten verbessern?<\/p>\n<p>Basierend auf den neuesten Erkenntnissen der sensorischen Wahrnehmungsforschung und verfasst in Zusammenarbeit mit Gabriel Lepousez und Cl\u00e9mence Lilti Molinier, vermittelt dieses Buch ein tiefgehendes Verst\u00e4ndnis f\u00fcr die Feinheiten eines oft untersch\u00e4tzten Sinnes.<\/p>\n<\/div>\n","protected":false},"excerpt":{"rendered":"<ul>\n<li>16 neu entwickelte D\u00fcfte, speziell formuliert, um den Geruchssinn wiederzuerlangen und die olfaktorische Wahrnehmung zu verbessern.<\/li>\n<li>Ein didaktisches Buch (96 Seiten), das einen \u00dcberblick \u00fcber die Funktionsweise des Riechsystems gibt und ein vollst\u00e4ndiges Trainingsprotokoll zur Wiedererlangung des Geruchssinns bietet.<\/li>\n<li>Ein Begleitheft mit den Protokollen zur olfaktorischen Rehabilitation.<\/li>\n<li>Ein Trainingstagebuch zur Nachverfolgung des eigenen Fortschritts.<\/li>\n<li>Ein Geruchsmemo-Spiel mit 16 Spielkarten.<\/li>\n<\/ul>\n","protected":false},"featured_media":3121,"comment_status":"closed","ping_status":"closed","template":"","meta":{"_acf_changed":false},"product_brand":[],"product_cat":[152],"product_tag":[],"class_list":{"0":"post-5084","1":"product","2":"type-product","3":"status-publish","4":"has-post-thumbnail","6":"product_cat-lecole-du-nez-de","8":"first","9":"instock","10":"taxable","11":"shipping-taxable","12":"purchasable","13":"product-type-variable"},"acf":[],"yoast_head":"<!-- This site is optimized with the Yoast SEO plugin v27.4 - https:\/\/yoast.com\/product\/yoast-seo-wordpress\/ -->\n<title>L&#039;\u00c9cole du Nez - Le Nez du Vin<\/title>\n<meta name=\"robots\" content=\"index, follow, max-snippet:-1, max-image-preview:large, max-video-preview:-1\" \/>\n<link rel=\"canonical\" href=\"https:\/\/www.lenez.com\/de\/coffret\/lecole-du-nez-de\/lecole-du-nez\/\" \/>\n<meta property=\"og:locale\" content=\"de_DE\" \/>\n<meta property=\"og:type\" content=\"article\" \/>\n<meta property=\"og:title\" content=\"L&#039;\u00c9cole du Nez - Le Nez du Vin\" \/>\n<meta property=\"og:description\" content=\"16 neu entwickelte D\u00fcfte, speziell formuliert, um den Geruchssinn wiederzuerlangen und die olfaktorische Wahrnehmung zu verbessern.  Ein didaktisches Buch (96 Seiten), das einen \u00dcberblick \u00fcber die Funktionsweise des Riechsystems gibt und ein vollst\u00e4ndiges Trainingsprotokoll zur Wiedererlangung des Geruchssinns bietet.  Ein Begleitheft mit den Protokollen zur olfaktorischen Rehabilitation.  Ein Trainingstagebuch zur Nachverfolgung des eigenen Fortschritts.  Ein Geruchsmemo-Spiel mit 16 Spielkarten.\" \/>\n<meta property=\"og:url\" content=\"https:\/\/www.lenez.com\/de\/coffret\/lecole-du-nez-de\/lecole-du-nez\/\" \/>\n<meta property=\"og:site_name\" content=\"Le Nez du Vin\" \/>\n<meta property=\"article:modified_time\" content=\"2025-09-22T10:05:10+00:00\" \/>\n<meta property=\"og:image\" content=\"https:\/\/www.lenez.com\/wp-content\/uploads\/2025\/05\/Visuel-ecole-du-nez-scaled.jpg\" \/>\n\t<meta property=\"og:image:width\" content=\"2560\" \/>\n\t<meta property=\"og:image:height\" content=\"1707\" \/>\n\t<meta property=\"og:image:type\" content=\"image\/jpeg\" \/>\n<meta name=\"twitter:card\" content=\"summary_large_image\" \/>\n<meta name=\"twitter:label1\" content=\"Gesch\u00e4tzte Lesezeit\" \/>\n\t<meta name=\"twitter:data1\" content=\"1\u00a0Minute\" \/>\n<script type=\"application\/ld+json\" class=\"yoast-schema-graph\">{\"@context\":\"https:\\\/\\\/schema.org\",\"@graph\":[{\"@type\":\"WebPage\",\"@id\":\"https:\\\/\\\/www.lenez.com\\\/de\\\/coffret\\\/lecole-du-nez-de\\\/lecole-du-nez\\\/\",\"url\":\"https:\\\/\\\/www.lenez.com\\\/de\\\/coffret\\\/lecole-du-nez-de\\\/lecole-du-nez\\\/\",\"name\":\"L'\u00c9cole du Nez - Le Nez du Vin\",\"isPartOf\":{\"@id\":\"https:\\\/\\\/www.lenez.com\\\/en\\\/#website\"},\"primaryImageOfPage\":{\"@id\":\"https:\\\/\\\/www.lenez.com\\\/de\\\/coffret\\\/lecole-du-nez-de\\\/lecole-du-nez\\\/#primaryimage\"},\"image\":{\"@id\":\"https:\\\/\\\/www.lenez.com\\\/de\\\/coffret\\\/lecole-du-nez-de\\\/lecole-du-nez\\\/#primaryimage\"},\"thumbnailUrl\":\"https:\\\/\\\/www.lenez.com\\\/wp-content\\\/uploads\\\/2025\\\/05\\\/Visuel-ecole-du-nez-scaled.jpg\",\"datePublished\":\"2025-05-21T14:51:51+00:00\",\"dateModified\":\"2025-09-22T10:05:10+00:00\",\"breadcrumb\":{\"@id\":\"https:\\\/\\\/www.lenez.com\\\/de\\\/coffret\\\/lecole-du-nez-de\\\/lecole-du-nez\\\/#breadcrumb\"},\"inLanguage\":\"de\",\"potentialAction\":[{\"@type\":\"ReadAction\",\"target\":[\"https:\\\/\\\/www.lenez.com\\\/de\\\/coffret\\\/lecole-du-nez-de\\\/lecole-du-nez\\\/\"]}]},{\"@type\":\"ImageObject\",\"inLanguage\":\"de\",\"@id\":\"https:\\\/\\\/www.lenez.com\\\/de\\\/coffret\\\/lecole-du-nez-de\\\/lecole-du-nez\\\/#primaryimage\",\"url\":\"https:\\\/\\\/www.lenez.com\\\/wp-content\\\/uploads\\\/2025\\\/05\\\/Visuel-ecole-du-nez-scaled.jpg\",\"contentUrl\":\"https:\\\/\\\/www.lenez.com\\\/wp-content\\\/uploads\\\/2025\\\/05\\\/Visuel-ecole-du-nez-scaled.jpg\",\"width\":2560,\"height\":1707},{\"@type\":\"BreadcrumbList\",\"@id\":\"https:\\\/\\\/www.lenez.com\\\/de\\\/coffret\\\/lecole-du-nez-de\\\/lecole-du-nez\\\/#breadcrumb\",\"itemListElement\":[{\"@type\":\"ListItem\",\"position\":1,\"name\":\"Accueil\",\"item\":\"https:\\\/\\\/www.lenez.com\\\/\"},{\"@type\":\"ListItem\",\"position\":2,\"name\":\"Odorama\",\"item\":\"https:\\\/\\\/www.lenez.com\\\/de\\\/odorama\\\/\"},{\"@type\":\"ListItem\",\"position\":3,\"name\":\"L'\u00c9cole du Nez\",\"item\":\"https:\\\/\\\/www.lenez.com\\\/coffrets\\\/lecole-du-nez\\\/\"},{\"@type\":\"ListItem\",\"position\":4,\"name\":\"L&#8217;\u00c9cole du Nez\"}]},{\"@type\":\"WebSite\",\"@id\":\"https:\\\/\\\/www.lenez.com\\\/en\\\/#website\",\"url\":\"https:\\\/\\\/www.lenez.com\\\/en\\\/\",\"name\":\"Le Nez du Vin\",\"description\":\"Site officiel des marques Le Nez du Vin, Le Nez du Caf\u00e9 et Le Nez du Whisky\",\"publisher\":{\"@id\":\"https:\\\/\\\/www.lenez.com\\\/en\\\/#organization\"},\"potentialAction\":[{\"@type\":\"SearchAction\",\"target\":{\"@type\":\"EntryPoint\",\"urlTemplate\":\"https:\\\/\\\/www.lenez.com\\\/en\\\/?s={search_term_string}\"},\"query-input\":{\"@type\":\"PropertyValueSpecification\",\"valueRequired\":true,\"valueName\":\"search_term_string\"}}],\"inLanguage\":\"de\"},{\"@type\":\"Organization\",\"@id\":\"https:\\\/\\\/www.lenez.com\\\/en\\\/#organization\",\"name\":\"Le Nez du Vin\",\"url\":\"https:\\\/\\\/www.lenez.com\\\/en\\\/\",\"logo\":{\"@type\":\"ImageObject\",\"inLanguage\":\"de\",\"@id\":\"https:\\\/\\\/www.lenez.com\\\/en\\\/#\\\/schema\\\/logo\\\/image\\\/\",\"url\":\"https:\\\/\\\/www.lenez.com\\\/wp-content\\\/uploads\\\/2025\\\/05\\\/EJL_LOGO_2019.jpg\",\"contentUrl\":\"https:\\\/\\\/www.lenez.com\\\/wp-content\\\/uploads\\\/2025\\\/05\\\/EJL_LOGO_2019.jpg\",\"width\":2362,\"height\":2362,\"caption\":\"Le Nez du Vin\"},\"image\":{\"@id\":\"https:\\\/\\\/www.lenez.com\\\/en\\\/#\\\/schema\\\/logo\\\/image\\\/\"}}]}<\/script>\n<!-- \/ Yoast SEO plugin. -->","yoast_head_json":{"title":"L'\u00c9cole du Nez - Le Nez du Vin","robots":{"index":"index","follow":"follow","max-snippet":"max-snippet:-1","max-image-preview":"max-image-preview:large","max-video-preview":"max-video-preview:-1"},"canonical":"https:\/\/www.lenez.com\/de\/coffret\/lecole-du-nez-de\/lecole-du-nez\/","og_locale":"de_DE","og_type":"article","og_title":"L'\u00c9cole du Nez - Le Nez du Vin","og_description":"16 neu entwickelte D\u00fcfte, speziell formuliert, um den Geruchssinn wiederzuerlangen und die olfaktorische Wahrnehmung zu verbessern.  Ein didaktisches Buch (96 Seiten), das einen \u00dcberblick \u00fcber die Funktionsweise des Riechsystems gibt und ein vollst\u00e4ndiges Trainingsprotokoll zur Wiedererlangung des Geruchssinns bietet.  Ein Begleitheft mit den Protokollen zur olfaktorischen Rehabilitation.  Ein Trainingstagebuch zur Nachverfolgung des eigenen Fortschritts.  Ein Geruchsmemo-Spiel mit 16 Spielkarten.","og_url":"https:\/\/www.lenez.com\/de\/coffret\/lecole-du-nez-de\/lecole-du-nez\/","og_site_name":"Le Nez du Vin","article_modified_time":"2025-09-22T10:05:10+00:00","og_image":[{"width":2560,"height":1707,"url":"https:\/\/www.lenez.com\/wp-content\/uploads\/2025\/05\/Visuel-ecole-du-nez-scaled.jpg","type":"image\/jpeg"}],"twitter_card":"summary_large_image","twitter_misc":{"Gesch\u00e4tzte Lesezeit":"1\u00a0Minute"},"schema":{"@context":"https:\/\/schema.org","@graph":[{"@type":"WebPage","@id":"https:\/\/www.lenez.com\/de\/coffret\/lecole-du-nez-de\/lecole-du-nez\/","url":"https:\/\/www.lenez.com\/de\/coffret\/lecole-du-nez-de\/lecole-du-nez\/","name":"L'\u00c9cole du Nez - Le Nez du Vin","isPartOf":{"@id":"https:\/\/www.lenez.com\/en\/#website"},"primaryImageOfPage":{"@id":"https:\/\/www.lenez.com\/de\/coffret\/lecole-du-nez-de\/lecole-du-nez\/#primaryimage"},"image":{"@id":"https:\/\/www.lenez.com\/de\/coffret\/lecole-du-nez-de\/lecole-du-nez\/#primaryimage"},"thumbnailUrl":"https:\/\/www.lenez.com\/wp-content\/uploads\/2025\/05\/Visuel-ecole-du-nez-scaled.jpg","datePublished":"2025-05-21T14:51:51+00:00","dateModified":"2025-09-22T10:05:10+00:00","breadcrumb":{"@id":"https:\/\/www.lenez.com\/de\/coffret\/lecole-du-nez-de\/lecole-du-nez\/#breadcrumb"},"inLanguage":"de","potentialAction":[{"@type":"ReadAction","target":["https:\/\/www.lenez.com\/de\/coffret\/lecole-du-nez-de\/lecole-du-nez\/"]}]},{"@type":"ImageObject","inLanguage":"de","@id":"https:\/\/www.lenez.com\/de\/coffret\/lecole-du-nez-de\/lecole-du-nez\/#primaryimage","url":"https:\/\/www.lenez.com\/wp-content\/uploads\/2025\/05\/Visuel-ecole-du-nez-scaled.jpg","contentUrl":"https:\/\/www.lenez.com\/wp-content\/uploads\/2025\/05\/Visuel-ecole-du-nez-scaled.jpg","width":2560,"height":1707},{"@type":"BreadcrumbList","@id":"https:\/\/www.lenez.com\/de\/coffret\/lecole-du-nez-de\/lecole-du-nez\/#breadcrumb","itemListElement":[{"@type":"ListItem","position":1,"name":"Accueil","item":"https:\/\/www.lenez.com\/"},{"@type":"ListItem","position":2,"name":"Odorama","item":"https:\/\/www.lenez.com\/de\/odorama\/"},{"@type":"ListItem","position":3,"name":"L'\u00c9cole du Nez","item":"https:\/\/www.lenez.com\/coffrets\/lecole-du-nez\/"},{"@type":"ListItem","position":4,"name":"L&#8217;\u00c9cole du Nez"}]},{"@type":"WebSite","@id":"https:\/\/www.lenez.com\/en\/#website","url":"https:\/\/www.lenez.com\/en\/","name":"Le Nez du Vin","description":"Site officiel des marques Le Nez du Vin, Le Nez du Caf\u00e9 et Le Nez du Whisky","publisher":{"@id":"https:\/\/www.lenez.com\/en\/#organization"},"potentialAction":[{"@type":"SearchAction","target":{"@type":"EntryPoint","urlTemplate":"https:\/\/www.lenez.com\/en\/?s={search_term_string}"},"query-input":{"@type":"PropertyValueSpecification","valueRequired":true,"valueName":"search_term_string"}}],"inLanguage":"de"},{"@type":"Organization","@id":"https:\/\/www.lenez.com\/en\/#organization","name":"Le Nez du Vin","url":"https:\/\/www.lenez.com\/en\/","logo":{"@type":"ImageObject","inLanguage":"de","@id":"https:\/\/www.lenez.com\/en\/#\/schema\/logo\/image\/","url":"https:\/\/www.lenez.com\/wp-content\/uploads\/2025\/05\/EJL_LOGO_2019.jpg","contentUrl":"https:\/\/www.lenez.com\/wp-content\/uploads\/2025\/05\/EJL_LOGO_2019.jpg","width":2362,"height":2362,"caption":"Le Nez du Vin"},"image":{"@id":"https:\/\/www.lenez.com\/en\/#\/schema\/logo\/image\/"}}]}},"_links":{"self":[{"href":"https:\/\/www.lenez.com\/de\/wp-json\/wp\/v2\/product\/5084","targetHints":{"allow":["GET"]}}],"collection":[{"href":"https:\/\/www.lenez.com\/de\/wp-json\/wp\/v2\/product"}],"about":[{"href":"https:\/\/www.lenez.com\/de\/wp-json\/wp\/v2\/types\/product"}],"replies":[{"embeddable":true,"href":"https:\/\/www.lenez.com\/de\/wp-json\/wp\/v2\/comments?post=5084"}],"wp:featuredmedia":[{"embeddable":true,"href":"https:\/\/www.lenez.com\/de\/wp-json\/wp\/v2\/media\/3121"}],"wp:attachment":[{"href":"https:\/\/www.lenez.com\/de\/wp-json\/wp\/v2\/media?parent=5084"}],"wp:term":[{"taxonomy":"product_brand","embeddable":true,"href":"https:\/\/www.lenez.com\/de\/wp-json\/wp\/v2\/product_brand?post=5084"},{"taxonomy":"product_cat","embeddable":true,"href":"https:\/\/www.lenez.com\/de\/wp-json\/wp\/v2\/product_cat?post=5084"},{"taxonomy":"product_tag","embeddable":true,"href":"https:\/\/www.lenez.com\/de\/wp-json\/wp\/v2\/product_tag?post=5084"}],"curies":[{"name":"wp","href":"https:\/\/api.w.org\/{rel}","templated":true}]}}