{"id":6639,"date":"2024-11-14T15:48:48","date_gmt":"2024-11-14T14:48:48","guid":{"rendered":"https:\/\/shop.lenez.com\/coffret\/unkategorisiert\/offenbarung-36-aromen\/"},"modified":"2025-09-22T12:11:57","modified_gmt":"2025-09-22T10:11:57","slug":"offenbarung-36-aromen","status":"publish","type":"product","link":"https:\/\/www.lenez.com\/de\/coffret\/aromakoffer-fuer-kaffee\/offenbarung-36-aromen\/","title":{"rendered":"Offenbarung 36 Aromen"},"content":{"rendered":"<div class=\"col-md-6\">\n<h3>Die aromen<\/h3>\n<p><strong>36 Aromen f\u00fcr Geruchs- und Geschmackstraining<\/strong>:<\/p>\n<ul>\n<li><u>Erdig<\/u>: 1 Erde.<\/li>\n<li><u>Gem\u00fcse<\/u>: 2 Kartoffel, 3 Gr\u00fcne Erbse, 4 Salatgurke.<\/li>\n<li><u>Pflanzlich trocken<\/u>: 5 Stroh. HOLZIG: 6 Zeder.<\/li>\n<li><u>W\u00fcrzig<\/u>: 7 Gew\u00fcrznelke, 8 Pfeffer, 9 Koriandersamen, 10 Vanille.<\/li>\n<li><u>Blumig<\/u>: 11 Teerose, 12 Kaffeebl\u00fcte.<\/li>\n<li><u>Fruchtig<\/u>: 13 Kaffeekirsche, 14 Schwarze Johannisbeerknospe, 15 Zitrone, 16 Aprikose, 17 Apfel.<\/li>\n<li><u>Tierisch<\/u>: 18 Frische Butter, 19 Honigartig, 20 Leder.<\/li>\n<li><u>Ger\u00f6stet<\/u>: 21 Basmati-Reis, 22 Toastbrot, 23 Malz, 24 Lakritznote, 25 Karamel, 26 Bitterschokolade, 27 Gebrannte Mandel, 28 Gebrannte Erdnuss, 29 Gebrannte Haselnuss, 30 Walnuss, 31 Gegrilltes H\u00e4hnchen, 32 Raucharoma, 33 Tabak, 34 R\u00f6stkaffee.<\/li>\n<li><u>Chemisch<\/u>: 35 Medizin, 36 Kautschuk.<\/li>\n<\/ul>\n<\/div>\n<div class=\"col-md-6\">\n<h3>Das Buch<\/h3>\n<p><strong>Ein reich bebildertes B\u00fcchlein<\/strong> enth\u00e4lt Erl\u00e4uterungen zu jedem Aroma, zu seinen Duftmerkmalen und zu seiner Auspr\u00e4gung in Kaffees unterschiedlicher Herkunft. Enthalten sind ferner Hinweise zu Anbau und R\u00f6stung, sowie zur Zubereitung von gutem Kaffee.<\/p>\n<\/div>\n","protected":false},"excerpt":{"rendered":"<ul>\n<li>36 hochwertige Aromen, realistisch und langlebig.<\/li>\n<li>Ein lehrreiches und illustriertes Buch<\/li>\n<\/ul>\n","protected":false},"featured_media":2417,"comment_status":"closed","ping_status":"closed","template":"","meta":{"_acf_changed":false},"product_brand":[],"product_cat":[154],"product_tag":[],"class_list":{"0":"post-6639","1":"product","2":"type-product","3":"status-publish","4":"has-post-thumbnail","6":"product_cat-aromakoffer-fuer-kaffee","8":"first","9":"instock","10":"taxable","11":"shipping-taxable","12":"purchasable","13":"product-type-variable"},"acf":[],"yoast_head":"<!-- This site is optimized with the Yoast SEO plugin v27.4 - https:\/\/yoast.com\/product\/yoast-seo-wordpress\/ -->\n<title>Offenbarung 36 Aromen - Le Nez du Vin<\/title>\n<meta name=\"robots\" content=\"index, follow, max-snippet:-1, max-image-preview:large, max-video-preview:-1\" \/>\n<link rel=\"canonical\" href=\"https:\/\/www.lenez.com\/de\/coffret\/aromakoffer-fuer-kaffee\/offenbarung-36-aromen\/\" \/>\n<meta property=\"og:locale\" content=\"de_DE\" \/>\n<meta property=\"og:type\" content=\"article\" \/>\n<meta property=\"og:title\" content=\"Offenbarung 36 Aromen - Le Nez du Vin\" \/>\n<meta property=\"og:description\" content=\"36 hochwertige Aromen, realistisch und langlebig.  Ein lehrreiches und illustriertes Buch\" \/>\n<meta property=\"og:url\" content=\"https:\/\/www.lenez.com\/de\/coffret\/aromakoffer-fuer-kaffee\/offenbarung-36-aromen\/\" \/>\n<meta property=\"og:site_name\" content=\"Le Nez du Vin\" \/>\n<meta property=\"article:modified_time\" content=\"2025-09-22T10:11:57+00:00\" \/>\n<meta property=\"og:image\" content=\"https:\/\/www.lenez.com\/wp-content\/uploads\/2024\/11\/MtuKgmXLYl_img_id.jpg\" \/>\n\t<meta property=\"og:image:width\" content=\"1503\" \/>\n\t<meta property=\"og:image:height\" content=\"1000\" \/>\n\t<meta property=\"og:image:type\" content=\"image\/jpeg\" \/>\n<meta name=\"twitter:card\" content=\"summary_large_image\" \/>\n<meta name=\"twitter:label1\" content=\"Gesch\u00e4tzte Lesezeit\" \/>\n\t<meta name=\"twitter:data1\" content=\"1\u00a0Minute\" \/>\n<script type=\"application\/ld+json\" class=\"yoast-schema-graph\">{\"@context\":\"https:\\\/\\\/schema.org\",\"@graph\":[{\"@type\":\"WebPage\",\"@id\":\"https:\\\/\\\/www.lenez.com\\\/de\\\/coffret\\\/aromakoffer-fuer-kaffee\\\/offenbarung-36-aromen\\\/\",\"url\":\"https:\\\/\\\/www.lenez.com\\\/de\\\/coffret\\\/aromakoffer-fuer-kaffee\\\/offenbarung-36-aromen\\\/\",\"name\":\"Offenbarung 36 Aromen - Le Nez du Vin\",\"isPartOf\":{\"@id\":\"https:\\\/\\\/www.lenez.com\\\/en\\\/#website\"},\"primaryImageOfPage\":{\"@id\":\"https:\\\/\\\/www.lenez.com\\\/de\\\/coffret\\\/aromakoffer-fuer-kaffee\\\/offenbarung-36-aromen\\\/#primaryimage\"},\"image\":{\"@id\":\"https:\\\/\\\/www.lenez.com\\\/de\\\/coffret\\\/aromakoffer-fuer-kaffee\\\/offenbarung-36-aromen\\\/#primaryimage\"},\"thumbnailUrl\":\"https:\\\/\\\/www.lenez.com\\\/wp-content\\\/uploads\\\/2024\\\/11\\\/MtuKgmXLYl_img_id.jpg\",\"datePublished\":\"2024-11-14T14:48:48+00:00\",\"dateModified\":\"2025-09-22T10:11:57+00:00\",\"breadcrumb\":{\"@id\":\"https:\\\/\\\/www.lenez.com\\\/de\\\/coffret\\\/aromakoffer-fuer-kaffee\\\/offenbarung-36-aromen\\\/#breadcrumb\"},\"inLanguage\":\"de\",\"potentialAction\":[{\"@type\":\"ReadAction\",\"target\":[\"https:\\\/\\\/www.lenez.com\\\/de\\\/coffret\\\/aromakoffer-fuer-kaffee\\\/offenbarung-36-aromen\\\/\"]}]},{\"@type\":\"ImageObject\",\"inLanguage\":\"de\",\"@id\":\"https:\\\/\\\/www.lenez.com\\\/de\\\/coffret\\\/aromakoffer-fuer-kaffee\\\/offenbarung-36-aromen\\\/#primaryimage\",\"url\":\"https:\\\/\\\/www.lenez.com\\\/wp-content\\\/uploads\\\/2024\\\/11\\\/MtuKgmXLYl_img_id.jpg\",\"contentUrl\":\"https:\\\/\\\/www.lenez.com\\\/wp-content\\\/uploads\\\/2024\\\/11\\\/MtuKgmXLYl_img_id.jpg\",\"width\":1503,\"height\":1000,\"caption\":\"MtuKgmXLYl img id\"},{\"@type\":\"BreadcrumbList\",\"@id\":\"https:\\\/\\\/www.lenez.com\\\/de\\\/coffret\\\/aromakoffer-fuer-kaffee\\\/offenbarung-36-aromen\\\/#breadcrumb\",\"itemListElement\":[{\"@type\":\"ListItem\",\"position\":1,\"name\":\"Accueil\",\"item\":\"https:\\\/\\\/www.lenez.com\\\/\"},{\"@type\":\"ListItem\",\"position\":2,\"name\":\"Odorama\",\"item\":\"https:\\\/\\\/www.lenez.com\\\/de\\\/odorama\\\/\"},{\"@type\":\"ListItem\",\"position\":3,\"name\":\"Aromakoffer f\u00fcr Kaffee\",\"item\":\"https:\\\/\\\/www.lenez.com\\\/de\\\/boxen\\\/aromakoffer-fuer-kaffee\\\/\"},{\"@type\":\"ListItem\",\"position\":4,\"name\":\"Offenbarung 36 Aromen\"}]},{\"@type\":\"WebSite\",\"@id\":\"https:\\\/\\\/www.lenez.com\\\/en\\\/#website\",\"url\":\"https:\\\/\\\/www.lenez.com\\\/en\\\/\",\"name\":\"Le Nez du Vin\",\"description\":\"Site officiel des marques Le Nez du Vin, Le Nez du Caf\u00e9 et Le Nez du Whisky\",\"publisher\":{\"@id\":\"https:\\\/\\\/www.lenez.com\\\/en\\\/#organization\"},\"potentialAction\":[{\"@type\":\"SearchAction\",\"target\":{\"@type\":\"EntryPoint\",\"urlTemplate\":\"https:\\\/\\\/www.lenez.com\\\/en\\\/?s={search_term_string}\"},\"query-input\":{\"@type\":\"PropertyValueSpecification\",\"valueRequired\":true,\"valueName\":\"search_term_string\"}}],\"inLanguage\":\"de\"},{\"@type\":\"Organization\",\"@id\":\"https:\\\/\\\/www.lenez.com\\\/en\\\/#organization\",\"name\":\"Le Nez du Vin\",\"url\":\"https:\\\/\\\/www.lenez.com\\\/en\\\/\",\"logo\":{\"@type\":\"ImageObject\",\"inLanguage\":\"de\",\"@id\":\"https:\\\/\\\/www.lenez.com\\\/en\\\/#\\\/schema\\\/logo\\\/image\\\/\",\"url\":\"https:\\\/\\\/www.lenez.com\\\/wp-content\\\/uploads\\\/2025\\\/05\\\/EJL_LOGO_2019.jpg\",\"contentUrl\":\"https:\\\/\\\/www.lenez.com\\\/wp-content\\\/uploads\\\/2025\\\/05\\\/EJL_LOGO_2019.jpg\",\"width\":2362,\"height\":2362,\"caption\":\"Le Nez du Vin\"},\"image\":{\"@id\":\"https:\\\/\\\/www.lenez.com\\\/en\\\/#\\\/schema\\\/logo\\\/image\\\/\"}}]}<\/script>\n<!-- \/ Yoast SEO plugin. -->","yoast_head_json":{"title":"Offenbarung 36 Aromen - Le Nez du Vin","robots":{"index":"index","follow":"follow","max-snippet":"max-snippet:-1","max-image-preview":"max-image-preview:large","max-video-preview":"max-video-preview:-1"},"canonical":"https:\/\/www.lenez.com\/de\/coffret\/aromakoffer-fuer-kaffee\/offenbarung-36-aromen\/","og_locale":"de_DE","og_type":"article","og_title":"Offenbarung 36 Aromen - Le Nez du Vin","og_description":"36 hochwertige Aromen, realistisch und langlebig.  Ein lehrreiches und illustriertes Buch","og_url":"https:\/\/www.lenez.com\/de\/coffret\/aromakoffer-fuer-kaffee\/offenbarung-36-aromen\/","og_site_name":"Le Nez du Vin","article_modified_time":"2025-09-22T10:11:57+00:00","og_image":[{"width":1503,"height":1000,"url":"https:\/\/www.lenez.com\/wp-content\/uploads\/2024\/11\/MtuKgmXLYl_img_id.jpg","type":"image\/jpeg"}],"twitter_card":"summary_large_image","twitter_misc":{"Gesch\u00e4tzte Lesezeit":"1\u00a0Minute"},"schema":{"@context":"https:\/\/schema.org","@graph":[{"@type":"WebPage","@id":"https:\/\/www.lenez.com\/de\/coffret\/aromakoffer-fuer-kaffee\/offenbarung-36-aromen\/","url":"https:\/\/www.lenez.com\/de\/coffret\/aromakoffer-fuer-kaffee\/offenbarung-36-aromen\/","name":"Offenbarung 36 Aromen - Le Nez du Vin","isPartOf":{"@id":"https:\/\/www.lenez.com\/en\/#website"},"primaryImageOfPage":{"@id":"https:\/\/www.lenez.com\/de\/coffret\/aromakoffer-fuer-kaffee\/offenbarung-36-aromen\/#primaryimage"},"image":{"@id":"https:\/\/www.lenez.com\/de\/coffret\/aromakoffer-fuer-kaffee\/offenbarung-36-aromen\/#primaryimage"},"thumbnailUrl":"https:\/\/www.lenez.com\/wp-content\/uploads\/2024\/11\/MtuKgmXLYl_img_id.jpg","datePublished":"2024-11-14T14:48:48+00:00","dateModified":"2025-09-22T10:11:57+00:00","breadcrumb":{"@id":"https:\/\/www.lenez.com\/de\/coffret\/aromakoffer-fuer-kaffee\/offenbarung-36-aromen\/#breadcrumb"},"inLanguage":"de","potentialAction":[{"@type":"ReadAction","target":["https:\/\/www.lenez.com\/de\/coffret\/aromakoffer-fuer-kaffee\/offenbarung-36-aromen\/"]}]},{"@type":"ImageObject","inLanguage":"de","@id":"https:\/\/www.lenez.com\/de\/coffret\/aromakoffer-fuer-kaffee\/offenbarung-36-aromen\/#primaryimage","url":"https:\/\/www.lenez.com\/wp-content\/uploads\/2024\/11\/MtuKgmXLYl_img_id.jpg","contentUrl":"https:\/\/www.lenez.com\/wp-content\/uploads\/2024\/11\/MtuKgmXLYl_img_id.jpg","width":1503,"height":1000,"caption":"MtuKgmXLYl img id"},{"@type":"BreadcrumbList","@id":"https:\/\/www.lenez.com\/de\/coffret\/aromakoffer-fuer-kaffee\/offenbarung-36-aromen\/#breadcrumb","itemListElement":[{"@type":"ListItem","position":1,"name":"Accueil","item":"https:\/\/www.lenez.com\/"},{"@type":"ListItem","position":2,"name":"Odorama","item":"https:\/\/www.lenez.com\/de\/odorama\/"},{"@type":"ListItem","position":3,"name":"Aromakoffer f\u00fcr Kaffee","item":"https:\/\/www.lenez.com\/de\/boxen\/aromakoffer-fuer-kaffee\/"},{"@type":"ListItem","position":4,"name":"Offenbarung 36 Aromen"}]},{"@type":"WebSite","@id":"https:\/\/www.lenez.com\/en\/#website","url":"https:\/\/www.lenez.com\/en\/","name":"Le Nez du Vin","description":"Site officiel des marques Le Nez du Vin, Le Nez du Caf\u00e9 et Le Nez du Whisky","publisher":{"@id":"https:\/\/www.lenez.com\/en\/#organization"},"potentialAction":[{"@type":"SearchAction","target":{"@type":"EntryPoint","urlTemplate":"https:\/\/www.lenez.com\/en\/?s={search_term_string}"},"query-input":{"@type":"PropertyValueSpecification","valueRequired":true,"valueName":"search_term_string"}}],"inLanguage":"de"},{"@type":"Organization","@id":"https:\/\/www.lenez.com\/en\/#organization","name":"Le Nez du Vin","url":"https:\/\/www.lenez.com\/en\/","logo":{"@type":"ImageObject","inLanguage":"de","@id":"https:\/\/www.lenez.com\/en\/#\/schema\/logo\/image\/","url":"https:\/\/www.lenez.com\/wp-content\/uploads\/2025\/05\/EJL_LOGO_2019.jpg","contentUrl":"https:\/\/www.lenez.com\/wp-content\/uploads\/2025\/05\/EJL_LOGO_2019.jpg","width":2362,"height":2362,"caption":"Le Nez du Vin"},"image":{"@id":"https:\/\/www.lenez.com\/en\/#\/schema\/logo\/image\/"}}]}},"_links":{"self":[{"href":"https:\/\/www.lenez.com\/de\/wp-json\/wp\/v2\/product\/6639","targetHints":{"allow":["GET"]}}],"collection":[{"href":"https:\/\/www.lenez.com\/de\/wp-json\/wp\/v2\/product"}],"about":[{"href":"https:\/\/www.lenez.com\/de\/wp-json\/wp\/v2\/types\/product"}],"replies":[{"embeddable":true,"href":"https:\/\/www.lenez.com\/de\/wp-json\/wp\/v2\/comments?post=6639"}],"wp:featuredmedia":[{"embeddable":true,"href":"https:\/\/www.lenez.com\/de\/wp-json\/wp\/v2\/media\/2417"}],"wp:attachment":[{"href":"https:\/\/www.lenez.com\/de\/wp-json\/wp\/v2\/media?parent=6639"}],"wp:term":[{"taxonomy":"product_brand","embeddable":true,"href":"https:\/\/www.lenez.com\/de\/wp-json\/wp\/v2\/product_brand?post=6639"},{"taxonomy":"product_cat","embeddable":true,"href":"https:\/\/www.lenez.com\/de\/wp-json\/wp\/v2\/product_cat?post=6639"},{"taxonomy":"product_tag","embeddable":true,"href":"https:\/\/www.lenez.com\/de\/wp-json\/wp\/v2\/product_tag?post=6639"}],"curies":[{"name":"wp","href":"https:\/\/api.w.org\/{rel}","templated":true}]}}