{"id":4129,"date":"2025-06-04T17:56:11","date_gmt":"2025-06-04T15:56:11","guid":{"rendered":"https:\/\/shop.lenez.com\/users-guide-le-nez-du-vin\/"},"modified":"2025-10-21T10:46:07","modified_gmt":"2025-10-21T08:46:07","slug":"users-guide-le-nez-du-vin","status":"publish","type":"page","link":"https:\/\/www.lenez.com\/en\/users-guide-le-nez-du-vin\/","title":{"rendered":"User\u2019s guide &#8211; Le Nez du Vin"},"content":{"rendered":"\n<div class=\"container-fluid\">\n<div class=\"banner\" style=\"background: url('https:\/\/www.lenez.com\/wp-content\/uploads\/2025\/07\/6_LNDV_2023_00011-scaled.jpeg'); background-size: cover; background-position: top;\" data-darkreader-inline-bgcolor=\"\">\n<div class=\"content-inn\">\n<div class=\"text-container\">\n<h1 class=\"h2 gtdjdvJjks\" style=\"background-image: url('https:\/\/www.lenez.com\/wp-content\/uploads\/2025\/07\/6_LNDV_2023_00011-scaled.jpeg'); -webkit-background-clip: text; background-clip: text; -webkit-text-fill-color: transparent; background-position: bottom; background-repeat: no-repeat; background-size: cover;\">User&#8217;s guide<\/h1>\n<\/div><br\/><\/div><br\/><\/div><br\/><\/div><br\/>\n\n<div class=\"wp-block-columns UijHGD tab-empile is-layout-flex wp-container-core-columns-is-layout-9d6595d7 wp-block-columns-is-layout-flex\">\n<div class=\"wp-block-column is-layout-flow wp-block-column-is-layout-flow\">\n<h2 class=\"wp-block-heading\">Practice makes perfect<\/h2>\n\n\n\n<p>Start your sensory journey with a game. Choose a vial at random, without looking at the name of the aroma. Smell the vial and\/or the cap. You will detect a scent, but can you identify it? That\u2019s more difficult. It may bring to mind memories from the distant or more recent past or evoke certain emotions.<\/p>\n\n\n\n<p>If the images conjured up by the aroma don\u2019t allow you to name it (though the word may be on the tip of your tongue!), try to identify which family it belongs to: fruity, floral, vegetal, woody, spicy, animal or toasty? This exploration can also be done in a group: discussions around the perception of scents are an enjoyable way to share the experience and delve into your memories. As you listen to each other, you may find the right answer. But be careful not to let yourself be influenced!<\/p>\n\n\n\n<p>Then look at the number on the vial and find it on the list of aromas. Now that you see the name of the aromatic note, of course it\u2019s obvious: you knew it! Repeat the exercise with another vial. Practise this way every day with up to ten vials, making sure to include the ones you didn\u2019t manage to recognise the previous time.<\/p>\n\n\n\n<p>This will develop your olfactory memory. In just a few weeks, you\u2019ll be able to identify and, above all, name these aromas, precious clues to the wines you\u2019ll taste.<\/p>\n\n\n\n<p>To find out more, follow the advice and tasting protocols in <em>Le Nez du Vin<\/em> books.<\/p>\n\n\n\n<h2 class=\"wp-block-heading\">Rising to the challenge<\/h2>\n\n\n\n<p>In October 1980, a few months before <a href=\"https:\/\/www.lenez.com\/en\/our-history\/\">the launch of <em>Le Nez du Vin<\/em><\/a>, Jean Lenoir was selected to compete against the British in the second edition of the \u2018UK\u2013France Wine Challenge\u2019 organised by Le Figaro and The Sunday Times.<\/p>\n\n\n\n<p>Finishing sixth out of 30 amateur competitors taking part in the final, he had to answer the following questions in 90 minutes (and train for years!):<\/p>\n\n\n\n<ul class=\"wp-block-list\">\n<li>Question 1: Here are four white wines that come from one of six regions: Chablis, Burgundy, Loire, Rh\u00f4ne, Bordeaux and Gaillac. Find the region of origin for each wine. Note: two wines may be from the same region.<\/li>\n\n\n\n<li>Question 2: Same question with four red wines from six regions: Buzet, Bordeaux, Burgundy, Rh\u00f4ne, Corbi\u00e8res and Beaujolais.<\/li>\n\n\n\n<li>Question 3: Here are three glasses of Bordeaux from the same appellation (such as Saint-\u00c9milion), from three vintages between 1970 and 1979. Classify them in order of vintage from<br\/>youngest to oldest and name the appellation.<\/li>\n\n\n\n<li>Question 4: Here are four wines: three reds and one white. All are VDQS (Vins D\u00e9limit\u00e9s de Qualit\u00e9s Sup\u00e9rieures, a category that no longer exists) from one of these seven appellations: C\u00f4tes du Roussillon, Gros Plant du Pays Nantais, C\u00f4tes-du-Lub\u00e9ron (now AOP Luberon), Costi\u00e8res du Gard (now Costi\u00e8res de N\u00eemes), Sauvignon du Haut Poitou, Corbi\u00e8res, and Coteaux du Languedoc (now in AOP Languedoc). Give the four regions of origin.<\/li>\n<\/ul>\n\n\n\n<p>You can draw inspiration from this challenge and blind-taste wines, selecting winegrowing regions, winemakers and vintages to suit your knowledge, your preference and your budget. Whatever wines you choose, you will see the relevance of <em>Le Nez du Vin<\/em> in helping you perceive each wine\u2019s distinctive character. (And don\u2019t worry: the winner of the challenge only got 50% of the answers right!)<\/p>\n\n\n\n<p>For the record, while the French were beaten by the British in the first Wine Challenge in Bordeaux, they got even that year in the UK. Thanks perhaps to their coach, a certain Jean Lenoir and his case of 120 aromas, which one year later became <em>Le Nez du Vin<\/em>!<\/p>\n<\/div>\n<\/div>\n","protected":false},"excerpt":{"rendered":"<p>User&#8217;s guide Practice makes perfect Start your sensory journey with a game. Choose a vial at random, without looking at the name of the aroma. Smell the vial and\/or the cap. You will detect a scent, but can you identify it? That\u2019s more difficult. It may bring to mind memories from the distant or more [&hellip;]<\/p>\n","protected":false},"author":1,"featured_media":0,"parent":0,"menu_order":0,"comment_status":"closed","ping_status":"closed","template":"","meta":{"_acf_changed":false,"footnotes":""},"class_list":["post-4129","page","type-page","status-publish","hentry"],"acf":[],"yoast_head":"<!-- This site is optimized with the Yoast SEO plugin v27.4 - https:\/\/yoast.com\/product\/yoast-seo-wordpress\/ -->\n<title>User\u2019s guide - Le Nez du Vin - Le Nez du Vin<\/title>\n<meta name=\"robots\" content=\"index, follow, max-snippet:-1, max-image-preview:large, max-video-preview:-1\" \/>\n<link rel=\"canonical\" href=\"https:\/\/www.lenez.com\/en\/users-guide-le-nez-du-vin\/\" \/>\n<meta property=\"og:locale\" content=\"en_US\" \/>\n<meta property=\"og:type\" content=\"article\" \/>\n<meta property=\"og:title\" content=\"User\u2019s guide - Le Nez du Vin - Le Nez du Vin\" \/>\n<meta property=\"og:description\" content=\"User&#8217;s guide Practice makes perfect Start your sensory journey with a game. Choose a vial at random, without looking at the name of the aroma. Smell the vial and\/or the cap. You will detect a scent, but can you identify it? That\u2019s more difficult. It may bring to mind memories from the distant or more [&hellip;]\" \/>\n<meta property=\"og:url\" content=\"https:\/\/www.lenez.com\/en\/users-guide-le-nez-du-vin\/\" \/>\n<meta property=\"og:site_name\" content=\"Le Nez du Vin\" \/>\n<meta property=\"article:modified_time\" content=\"2025-10-21T08:46:07+00:00\" \/>\n<meta name=\"twitter:card\" content=\"summary_large_image\" \/>\n<meta name=\"twitter:label1\" content=\"Est. reading time\" \/>\n\t<meta name=\"twitter:data1\" content=\"4 minutes\" \/>\n<script type=\"application\/ld+json\" class=\"yoast-schema-graph\">{\"@context\":\"https:\\\/\\\/schema.org\",\"@graph\":[{\"@type\":\"WebPage\",\"@id\":\"https:\\\/\\\/www.lenez.com\\\/en\\\/users-guide-le-nez-du-vin\\\/\",\"url\":\"https:\\\/\\\/www.lenez.com\\\/en\\\/users-guide-le-nez-du-vin\\\/\",\"name\":\"User\u2019s guide - Le Nez du Vin - Le Nez du Vin\",\"isPartOf\":{\"@id\":\"https:\\\/\\\/www.lenez.com\\\/en\\\/#website\"},\"datePublished\":\"2025-06-04T15:56:11+00:00\",\"dateModified\":\"2025-10-21T08:46:07+00:00\",\"breadcrumb\":{\"@id\":\"https:\\\/\\\/www.lenez.com\\\/en\\\/users-guide-le-nez-du-vin\\\/#breadcrumb\"},\"inLanguage\":\"en-US\",\"potentialAction\":[{\"@type\":\"ReadAction\",\"target\":[\"https:\\\/\\\/www.lenez.com\\\/en\\\/users-guide-le-nez-du-vin\\\/\"]}]},{\"@type\":\"BreadcrumbList\",\"@id\":\"https:\\\/\\\/www.lenez.com\\\/en\\\/users-guide-le-nez-du-vin\\\/#breadcrumb\",\"itemListElement\":[{\"@type\":\"ListItem\",\"position\":1,\"name\":\"Accueil\",\"item\":\"https:\\\/\\\/www.lenez.com\\\/\"},{\"@type\":\"ListItem\",\"position\":2,\"name\":\"Aromarama\",\"item\":\"https:\\\/\\\/www.lenez.com\\\/en\\\/aromarama\\\/\"},{\"@type\":\"ListItem\",\"position\":3,\"name\":\"User\u2019s guide &#8211; Le Nez du Vin\"}]},{\"@type\":\"WebSite\",\"@id\":\"https:\\\/\\\/www.lenez.com\\\/en\\\/#website\",\"url\":\"https:\\\/\\\/www.lenez.com\\\/en\\\/\",\"name\":\"Le Nez du Vin\",\"description\":\"Site officiel des marques Le Nez du Vin, Le Nez du Caf\u00e9 et Le Nez du Whisky\",\"publisher\":{\"@id\":\"https:\\\/\\\/www.lenez.com\\\/en\\\/#organization\"},\"potentialAction\":[{\"@type\":\"SearchAction\",\"target\":{\"@type\":\"EntryPoint\",\"urlTemplate\":\"https:\\\/\\\/www.lenez.com\\\/en\\\/?s={search_term_string}\"},\"query-input\":{\"@type\":\"PropertyValueSpecification\",\"valueRequired\":true,\"valueName\":\"search_term_string\"}}],\"inLanguage\":\"en-US\"},{\"@type\":\"Organization\",\"@id\":\"https:\\\/\\\/www.lenez.com\\\/en\\\/#organization\",\"name\":\"Le Nez du Vin\",\"url\":\"https:\\\/\\\/www.lenez.com\\\/en\\\/\",\"logo\":{\"@type\":\"ImageObject\",\"inLanguage\":\"en-US\",\"@id\":\"https:\\\/\\\/www.lenez.com\\\/en\\\/#\\\/schema\\\/logo\\\/image\\\/\",\"url\":\"https:\\\/\\\/www.lenez.com\\\/wp-content\\\/uploads\\\/2025\\\/05\\\/EJL_LOGO_2019.jpg\",\"contentUrl\":\"https:\\\/\\\/www.lenez.com\\\/wp-content\\\/uploads\\\/2025\\\/05\\\/EJL_LOGO_2019.jpg\",\"width\":2362,\"height\":2362,\"caption\":\"Le Nez du Vin\"},\"image\":{\"@id\":\"https:\\\/\\\/www.lenez.com\\\/en\\\/#\\\/schema\\\/logo\\\/image\\\/\"}}]}<\/script>\n<!-- \/ Yoast SEO plugin. -->","yoast_head_json":{"title":"User\u2019s guide - Le Nez du Vin - Le Nez du Vin","robots":{"index":"index","follow":"follow","max-snippet":"max-snippet:-1","max-image-preview":"max-image-preview:large","max-video-preview":"max-video-preview:-1"},"canonical":"https:\/\/www.lenez.com\/en\/users-guide-le-nez-du-vin\/","og_locale":"en_US","og_type":"article","og_title":"User\u2019s guide - Le Nez du Vin - Le Nez du Vin","og_description":"User&#8217;s guide Practice makes perfect Start your sensory journey with a game. Choose a vial at random, without looking at the name of the aroma. Smell the vial and\/or the cap. You will detect a scent, but can you identify it? That\u2019s more difficult. It may bring to mind memories from the distant or more [&hellip;]","og_url":"https:\/\/www.lenez.com\/en\/users-guide-le-nez-du-vin\/","og_site_name":"Le Nez du Vin","article_modified_time":"2025-10-21T08:46:07+00:00","twitter_card":"summary_large_image","twitter_misc":{"Est. reading time":"4 minutes"},"schema":{"@context":"https:\/\/schema.org","@graph":[{"@type":"WebPage","@id":"https:\/\/www.lenez.com\/en\/users-guide-le-nez-du-vin\/","url":"https:\/\/www.lenez.com\/en\/users-guide-le-nez-du-vin\/","name":"User\u2019s guide - Le Nez du Vin - Le Nez du Vin","isPartOf":{"@id":"https:\/\/www.lenez.com\/en\/#website"},"datePublished":"2025-06-04T15:56:11+00:00","dateModified":"2025-10-21T08:46:07+00:00","breadcrumb":{"@id":"https:\/\/www.lenez.com\/en\/users-guide-le-nez-du-vin\/#breadcrumb"},"inLanguage":"en-US","potentialAction":[{"@type":"ReadAction","target":["https:\/\/www.lenez.com\/en\/users-guide-le-nez-du-vin\/"]}]},{"@type":"BreadcrumbList","@id":"https:\/\/www.lenez.com\/en\/users-guide-le-nez-du-vin\/#breadcrumb","itemListElement":[{"@type":"ListItem","position":1,"name":"Accueil","item":"https:\/\/www.lenez.com\/"},{"@type":"ListItem","position":2,"name":"Aromarama","item":"https:\/\/www.lenez.com\/en\/aromarama\/"},{"@type":"ListItem","position":3,"name":"User\u2019s guide &#8211; Le Nez du Vin"}]},{"@type":"WebSite","@id":"https:\/\/www.lenez.com\/en\/#website","url":"https:\/\/www.lenez.com\/en\/","name":"Le Nez du Vin","description":"Site officiel des marques Le Nez du Vin, Le Nez du Caf\u00e9 et Le Nez du Whisky","publisher":{"@id":"https:\/\/www.lenez.com\/en\/#organization"},"potentialAction":[{"@type":"SearchAction","target":{"@type":"EntryPoint","urlTemplate":"https:\/\/www.lenez.com\/en\/?s={search_term_string}"},"query-input":{"@type":"PropertyValueSpecification","valueRequired":true,"valueName":"search_term_string"}}],"inLanguage":"en-US"},{"@type":"Organization","@id":"https:\/\/www.lenez.com\/en\/#organization","name":"Le Nez du Vin","url":"https:\/\/www.lenez.com\/en\/","logo":{"@type":"ImageObject","inLanguage":"en-US","@id":"https:\/\/www.lenez.com\/en\/#\/schema\/logo\/image\/","url":"https:\/\/www.lenez.com\/wp-content\/uploads\/2025\/05\/EJL_LOGO_2019.jpg","contentUrl":"https:\/\/www.lenez.com\/wp-content\/uploads\/2025\/05\/EJL_LOGO_2019.jpg","width":2362,"height":2362,"caption":"Le Nez du Vin"},"image":{"@id":"https:\/\/www.lenez.com\/en\/#\/schema\/logo\/image\/"}}]}},"_links":{"self":[{"href":"https:\/\/www.lenez.com\/en\/wp-json\/wp\/v2\/pages\/4129","targetHints":{"allow":["GET"]}}],"collection":[{"href":"https:\/\/www.lenez.com\/en\/wp-json\/wp\/v2\/pages"}],"about":[{"href":"https:\/\/www.lenez.com\/en\/wp-json\/wp\/v2\/types\/page"}],"author":[{"embeddable":true,"href":"https:\/\/www.lenez.com\/en\/wp-json\/wp\/v2\/users\/1"}],"replies":[{"embeddable":true,"href":"https:\/\/www.lenez.com\/en\/wp-json\/wp\/v2\/comments?post=4129"}],"version-history":[{"count":9,"href":"https:\/\/www.lenez.com\/en\/wp-json\/wp\/v2\/pages\/4129\/revisions"}],"predecessor-version":[{"id":6940,"href":"https:\/\/www.lenez.com\/en\/wp-json\/wp\/v2\/pages\/4129\/revisions\/6940"}],"wp:attachment":[{"href":"https:\/\/www.lenez.com\/en\/wp-json\/wp\/v2\/media?parent=4129"}],"curies":[{"name":"wp","href":"https:\/\/api.w.org\/{rel}","templated":true}]}}