{"id":4298,"date":"2025-06-04T18:00:20","date_gmt":"2025-06-04T16:00:20","guid":{"rendered":"https:\/\/shop.lenez.com\/users-guide-le-nez-du-whisky\/"},"modified":"2025-10-21T10:58:56","modified_gmt":"2025-10-21T08:58:56","slug":"users-guide-le-nez-du-whisky","status":"publish","type":"page","link":"https:\/\/www.lenez.com\/en\/users-guide-le-nez-du-whisky\/","title":{"rendered":"User\u2019s guide &#8211; Le Nez du Whisky"},"content":{"rendered":"\n<div class=\"container-fluid\">\n<div class=\"banner\" style=\"background: url('https:\/\/www.lenez.com\/wp-content\/uploads\/2025\/07\/7_LNDV_2023_00164-scaled.jpeg'); background-size: cover; background-position: center;\" data-darkreader-inline-bgcolor=\"\">\n<div class=\"content-inn\">\n<div class=\"text-container\">\n<h1 class=\"h2 gtdjdvJjks\" style=\"background-image: url('https:\/\/www.lenez.com\/wp-content\/uploads\/2025\/07\/7_LNDV_2023_00164-scaled.jpeg'); -webkit-background-clip: text; background-clip: text; -webkit-text-fill-color: transparent; background-position: bottom; background-repeat: no-repeat; background-size: cover;\">User\u2019s guide<\/h1>\n<\/div><br\/><\/div><br\/><\/div><br\/><\/div><br\/>\n\n<div class=\"wp-block-columns UijHGD tab-empile is-layout-flex wp-container-core-columns-is-layout-9d6595d7 wp-block-columns-is-layout-flex\">\n<div class=\"wp-block-column is-layout-flow wp-block-column-is-layout-flow\">\n<h2 class=\"wp-block-heading\">Practice makes perfect<\/h2>\n\n\n\n<p>Start your sensory journey with a game. Choose a vial at random, without looking at the name of the aroma. Smell the vial and\/or the cap. You will detect a scent, but can you identify it? That\u2019s more difficult. It may bring to mind memories from the distant or more recent past or evoke certain emotions.<\/p>\n\n\n\n<p>If the images conjured up by the aroma don\u2019t allow you to name it (though the word may be on the tip of your tongue!), try to identify which family it belongs to: floral, fruity, woody or phenolic? This exploration can also be done in a group: discussions around the perception of scents are an enjoyable way to share the experience and delve into your memories. As you listen to each other, you may find the right answer. But be careful not to let yourself be influenced!<\/p>\n\n\n\n<p>Then look at the number on the vial and find it on the list of aromas. Now that you see the name of the aromatic note, of course it\u2019s obvious: you knew it! Repeat the exercise with another vial. Practise this way every day with up to ten vials, making sure to include the ones you didn\u2019t manage to recognise the previous time.<\/p>\n\n\n\n<p>This will develop your olfactory memory. In just a few weeks, you\u2019ll be able to identify and, above all, name these aromas, precious clues to the whiskies you will taste. To find out more, follow the advice and tasting protocols in <em>Le Nez du Whisky<\/em> books.<\/p>\n\n\n\n<h2 class=\"wp-block-heading\">Rise to the challenge like a Master of the Quaich<\/h2>\n\n\n\n<p>The title of Master of the Quaich honours a person who has contributed, through his or her writing, lectures or work, to the advancement of the whisky industry. Two of the authors of <a href=\"https:\/\/www.lenez.com\/en\/aroma-kit\/spirits\/le-nez-du-whisky-54-aromas\/\">Le Nez du Whisky 54 aromas<\/a>, Martine Nouet and Charles MacLean, have been awarded this prestigious distinction.<\/p>\n\n\n\n<p>Here are some examples of the types of questions these tasting experts are able to answer:<\/p>\n\n\n\n<ul class=\"wp-block-list\">\n<li>Question 1: Here are four whiskies to taste blind (without looking at the label). They come from one of six regions or countries: Highlands (Scotland), Islay (Scotland), Ireland, Japan, Kentucky<br\/>(USA) or India. Match each whisky with its region of origin. Note: more than one whisky may be of the same origin.<\/li>\n\n\n\n<li>Question 2: Here are four whiskies aged in different casks: bourbon, sherry, port and new American oak (toasted). Match each whisky with a type of cask, using the aromas you detect: vanilla, red fruit, spices, nuts, caramel, toasted wood, etc.<\/li>\n\n\n\n<li>Question 3: Here are three Islay whiskies. Each emanates a peaty aroma of increasing intensity: weak, medium, very strong. Rank them in ascending order of intensity. Bonus: identify which of the following distilleries they are from \u2013 Laphroaig, Caol Ila, Bunnahabhain, Ardbeg.<\/li>\n\n\n\n<li>Question n\u00b04 : Un whisky est servi \u00e0 l\u2019aveugle. Sont identifi\u00e9s un ou plusieurs de ces \u00e9l\u00e9ments distinctifs&nbsp;: forte salinit\u00e9, notes m\u00e9dicinales (iode, h\u00f4pital, caoutchouc), fum\u00e9e dense et tourbe humide, 48 % vol., vieillissement partiel en f\u00fbt de sherry. Parmi ces quatre distilleries, laquelle est la plus probable&nbsp;? \n<ul class=\"wp-block-list\">\n<li>a) Glenfiddich<\/li>\n\n\n\n<li>b) Ardbeg<\/li>\n\n\n\n<li>c) Yamazaki<\/li>\n\n\n\n<li>d) Bushmills<\/li>\n<\/ul>\n<\/li>\n<\/ul>\n\n\n\n<p>You can draw inspiration from this challenge and blind-taste whiskies, selecting regions and distilleries to suit your budget. Whatever whiskies you choose, you will see the relevance of\u00a0<em>Le Nez du Whisky<\/em>\u00a0in helping you perceive the distinctive character of each.<\/p>\n<\/div>\n<\/div>\n","protected":false},"excerpt":{"rendered":"<p>User\u2019s guide Practice makes perfect Start your sensory journey with a game. Choose a vial at random, without looking at the name of the aroma. Smell the vial and\/or the cap. You will detect a scent, but can you identify it? That\u2019s more difficult. It may bring to mind memories from the distant or more [&hellip;]<\/p>\n","protected":false},"author":1,"featured_media":0,"parent":0,"menu_order":0,"comment_status":"closed","ping_status":"closed","template":"","meta":{"_acf_changed":false,"footnotes":""},"class_list":["post-4298","page","type-page","status-publish","hentry"],"acf":[],"yoast_head":"<!-- This site is optimized with the Yoast SEO plugin v27.4 - https:\/\/yoast.com\/product\/yoast-seo-wordpress\/ -->\n<title>User\u2019s guide - Le Nez du Whisky - Le Nez du Vin<\/title>\n<meta name=\"robots\" content=\"index, follow, max-snippet:-1, max-image-preview:large, max-video-preview:-1\" \/>\n<link rel=\"canonical\" href=\"https:\/\/www.lenez.com\/en\/users-guide-le-nez-du-whisky\/\" \/>\n<meta property=\"og:locale\" content=\"en_US\" \/>\n<meta property=\"og:type\" content=\"article\" \/>\n<meta property=\"og:title\" content=\"User\u2019s guide - Le Nez du Whisky - Le Nez du Vin\" \/>\n<meta property=\"og:description\" content=\"User\u2019s guide Practice makes perfect Start your sensory journey with a game. Choose a vial at random, without looking at the name of the aroma. Smell the vial and\/or the cap. You will detect a scent, but can you identify it? That\u2019s more difficult. It may bring to mind memories from the distant or more [&hellip;]\" \/>\n<meta property=\"og:url\" content=\"https:\/\/www.lenez.com\/en\/users-guide-le-nez-du-whisky\/\" \/>\n<meta property=\"og:site_name\" content=\"Le Nez du Vin\" \/>\n<meta property=\"article:modified_time\" content=\"2025-10-21T08:58:56+00:00\" \/>\n<meta name=\"twitter:card\" content=\"summary_large_image\" \/>\n<meta name=\"twitter:label1\" content=\"Est. reading time\" \/>\n\t<meta name=\"twitter:data1\" content=\"3 minutes\" \/>\n<script type=\"application\/ld+json\" class=\"yoast-schema-graph\">{\"@context\":\"https:\\\/\\\/schema.org\",\"@graph\":[{\"@type\":\"WebPage\",\"@id\":\"https:\\\/\\\/www.lenez.com\\\/en\\\/users-guide-le-nez-du-whisky\\\/\",\"url\":\"https:\\\/\\\/www.lenez.com\\\/en\\\/users-guide-le-nez-du-whisky\\\/\",\"name\":\"User\u2019s guide - Le Nez du Whisky - Le Nez du Vin\",\"isPartOf\":{\"@id\":\"https:\\\/\\\/www.lenez.com\\\/en\\\/#website\"},\"datePublished\":\"2025-06-04T16:00:20+00:00\",\"dateModified\":\"2025-10-21T08:58:56+00:00\",\"breadcrumb\":{\"@id\":\"https:\\\/\\\/www.lenez.com\\\/en\\\/users-guide-le-nez-du-whisky\\\/#breadcrumb\"},\"inLanguage\":\"en-US\",\"potentialAction\":[{\"@type\":\"ReadAction\",\"target\":[\"https:\\\/\\\/www.lenez.com\\\/en\\\/users-guide-le-nez-du-whisky\\\/\"]}]},{\"@type\":\"BreadcrumbList\",\"@id\":\"https:\\\/\\\/www.lenez.com\\\/en\\\/users-guide-le-nez-du-whisky\\\/#breadcrumb\",\"itemListElement\":[{\"@type\":\"ListItem\",\"position\":1,\"name\":\"Accueil\",\"item\":\"https:\\\/\\\/www.lenez.com\\\/\"},{\"@type\":\"ListItem\",\"position\":2,\"name\":\"Aromarama\",\"item\":\"https:\\\/\\\/www.lenez.com\\\/en\\\/aromarama\\\/\"},{\"@type\":\"ListItem\",\"position\":3,\"name\":\"User\u2019s guide &#8211; Le Nez du Whisky\"}]},{\"@type\":\"WebSite\",\"@id\":\"https:\\\/\\\/www.lenez.com\\\/en\\\/#website\",\"url\":\"https:\\\/\\\/www.lenez.com\\\/en\\\/\",\"name\":\"Le Nez du Vin\",\"description\":\"Site officiel des marques Le Nez du Vin, Le Nez du Caf\u00e9 et Le Nez du Whisky\",\"publisher\":{\"@id\":\"https:\\\/\\\/www.lenez.com\\\/en\\\/#organization\"},\"potentialAction\":[{\"@type\":\"SearchAction\",\"target\":{\"@type\":\"EntryPoint\",\"urlTemplate\":\"https:\\\/\\\/www.lenez.com\\\/en\\\/?s={search_term_string}\"},\"query-input\":{\"@type\":\"PropertyValueSpecification\",\"valueRequired\":true,\"valueName\":\"search_term_string\"}}],\"inLanguage\":\"en-US\"},{\"@type\":\"Organization\",\"@id\":\"https:\\\/\\\/www.lenez.com\\\/en\\\/#organization\",\"name\":\"Le Nez du Vin\",\"url\":\"https:\\\/\\\/www.lenez.com\\\/en\\\/\",\"logo\":{\"@type\":\"ImageObject\",\"inLanguage\":\"en-US\",\"@id\":\"https:\\\/\\\/www.lenez.com\\\/en\\\/#\\\/schema\\\/logo\\\/image\\\/\",\"url\":\"https:\\\/\\\/www.lenez.com\\\/wp-content\\\/uploads\\\/2025\\\/05\\\/EJL_LOGO_2019.jpg\",\"contentUrl\":\"https:\\\/\\\/www.lenez.com\\\/wp-content\\\/uploads\\\/2025\\\/05\\\/EJL_LOGO_2019.jpg\",\"width\":2362,\"height\":2362,\"caption\":\"Le Nez du Vin\"},\"image\":{\"@id\":\"https:\\\/\\\/www.lenez.com\\\/en\\\/#\\\/schema\\\/logo\\\/image\\\/\"}}]}<\/script>\n<!-- \/ Yoast SEO plugin. -->","yoast_head_json":{"title":"User\u2019s guide - Le Nez du Whisky - Le Nez du Vin","robots":{"index":"index","follow":"follow","max-snippet":"max-snippet:-1","max-image-preview":"max-image-preview:large","max-video-preview":"max-video-preview:-1"},"canonical":"https:\/\/www.lenez.com\/en\/users-guide-le-nez-du-whisky\/","og_locale":"en_US","og_type":"article","og_title":"User\u2019s guide - Le Nez du Whisky - Le Nez du Vin","og_description":"User\u2019s guide Practice makes perfect Start your sensory journey with a game. Choose a vial at random, without looking at the name of the aroma. Smell the vial and\/or the cap. You will detect a scent, but can you identify it? That\u2019s more difficult. It may bring to mind memories from the distant or more [&hellip;]","og_url":"https:\/\/www.lenez.com\/en\/users-guide-le-nez-du-whisky\/","og_site_name":"Le Nez du Vin","article_modified_time":"2025-10-21T08:58:56+00:00","twitter_card":"summary_large_image","twitter_misc":{"Est. reading time":"3 minutes"},"schema":{"@context":"https:\/\/schema.org","@graph":[{"@type":"WebPage","@id":"https:\/\/www.lenez.com\/en\/users-guide-le-nez-du-whisky\/","url":"https:\/\/www.lenez.com\/en\/users-guide-le-nez-du-whisky\/","name":"User\u2019s guide - Le Nez du Whisky - Le Nez du Vin","isPartOf":{"@id":"https:\/\/www.lenez.com\/en\/#website"},"datePublished":"2025-06-04T16:00:20+00:00","dateModified":"2025-10-21T08:58:56+00:00","breadcrumb":{"@id":"https:\/\/www.lenez.com\/en\/users-guide-le-nez-du-whisky\/#breadcrumb"},"inLanguage":"en-US","potentialAction":[{"@type":"ReadAction","target":["https:\/\/www.lenez.com\/en\/users-guide-le-nez-du-whisky\/"]}]},{"@type":"BreadcrumbList","@id":"https:\/\/www.lenez.com\/en\/users-guide-le-nez-du-whisky\/#breadcrumb","itemListElement":[{"@type":"ListItem","position":1,"name":"Accueil","item":"https:\/\/www.lenez.com\/"},{"@type":"ListItem","position":2,"name":"Aromarama","item":"https:\/\/www.lenez.com\/en\/aromarama\/"},{"@type":"ListItem","position":3,"name":"User\u2019s guide &#8211; Le Nez du Whisky"}]},{"@type":"WebSite","@id":"https:\/\/www.lenez.com\/en\/#website","url":"https:\/\/www.lenez.com\/en\/","name":"Le Nez du Vin","description":"Site officiel des marques Le Nez du Vin, Le Nez du Caf\u00e9 et Le Nez du Whisky","publisher":{"@id":"https:\/\/www.lenez.com\/en\/#organization"},"potentialAction":[{"@type":"SearchAction","target":{"@type":"EntryPoint","urlTemplate":"https:\/\/www.lenez.com\/en\/?s={search_term_string}"},"query-input":{"@type":"PropertyValueSpecification","valueRequired":true,"valueName":"search_term_string"}}],"inLanguage":"en-US"},{"@type":"Organization","@id":"https:\/\/www.lenez.com\/en\/#organization","name":"Le Nez du Vin","url":"https:\/\/www.lenez.com\/en\/","logo":{"@type":"ImageObject","inLanguage":"en-US","@id":"https:\/\/www.lenez.com\/en\/#\/schema\/logo\/image\/","url":"https:\/\/www.lenez.com\/wp-content\/uploads\/2025\/05\/EJL_LOGO_2019.jpg","contentUrl":"https:\/\/www.lenez.com\/wp-content\/uploads\/2025\/05\/EJL_LOGO_2019.jpg","width":2362,"height":2362,"caption":"Le Nez du Vin"},"image":{"@id":"https:\/\/www.lenez.com\/en\/#\/schema\/logo\/image\/"}}]}},"_links":{"self":[{"href":"https:\/\/www.lenez.com\/en\/wp-json\/wp\/v2\/pages\/4298","targetHints":{"allow":["GET"]}}],"collection":[{"href":"https:\/\/www.lenez.com\/en\/wp-json\/wp\/v2\/pages"}],"about":[{"href":"https:\/\/www.lenez.com\/en\/wp-json\/wp\/v2\/types\/page"}],"author":[{"embeddable":true,"href":"https:\/\/www.lenez.com\/en\/wp-json\/wp\/v2\/users\/1"}],"replies":[{"embeddable":true,"href":"https:\/\/www.lenez.com\/en\/wp-json\/wp\/v2\/comments?post=4298"}],"version-history":[{"count":7,"href":"https:\/\/www.lenez.com\/en\/wp-json\/wp\/v2\/pages\/4298\/revisions"}],"predecessor-version":[{"id":6941,"href":"https:\/\/www.lenez.com\/en\/wp-json\/wp\/v2\/pages\/4298\/revisions\/6941"}],"wp:attachment":[{"href":"https:\/\/www.lenez.com\/en\/wp-json\/wp\/v2\/media?parent=4298"}],"curies":[{"name":"wp","href":"https:\/\/api.w.org\/{rel}","templated":true}]}}