{"id":4570,"date":"2025-01-14T11:52:21","date_gmt":"2025-01-14T10:52:21","guid":{"rendered":"https:\/\/shop.lenez.com\/delivery-and-returns\/"},"modified":"2025-10-23T15:45:59","modified_gmt":"2025-10-23T13:45:59","slug":"delivery-and-returns","status":"publish","type":"page","link":"https:\/\/www.lenez.com\/en\/delivery-and-returns\/","title":{"rendered":"Delivery and returns"},"content":{"rendered":"\n<div class=\"container-fluid\">\r\n<div class=\"banner\" style=\"background: url('https:\/\/shop.lenez.com\/wp-content\/uploads\/2024\/11\/uOToijVMUm_img_id-scaled.jpg'); background-size: cover; background-position: center;\">\r\n<div class=\"content-inn\">\r\n<div class=\"text-container\">\r\n<h1 class=\"h2 gtdjdvJjks\" style=\"background-image: url('https:\/\/shop.lenez.com\/wp-content\/uploads\/2024\/11\/uOToijVMUm_img_id-scaled.jpg'); -webkit-background-clip: text; background-clip: text; -webkit-text-fill-color: transparent; background-position: bottom; background-repeat: no-repeat; background-size: cover;\">Delivery and returns<\/h1>\r\n<\/div><br\/><div class=\"bread__\"><\/div><br\/><\/div><br\/><\/div><br\/><\/div><br\/>\n\n\n\n<div style=\"height:30px\" aria-hidden=\"true\" class=\"wp-block-spacer\"><\/div>\n\n\n\n<div class=\"wp-block-columns UijHGD tab-empile is-layout-flex wp-container-core-columns-is-layout-9d6595d7 wp-block-columns-is-layout-flex\">\n<div class=\"wp-block-column is-layout-flow wp-block-column-is-layout-flow\">\n<p>All our aroma discovery sets are made by hand and held in stock in our workshop in Cassis.<\/p>\n\n\n\n<p>We selected Colissimo (La Poste) as a carrier. Each parcel\u2019s tracking number is emailed to you when the order is shipped, to allow you to track your parcel. Please note that for shipments outside the European Union, we will not be held liable for any delays due to customs clearance.<\/p>\n\n\n\n<p><em><strong>Delivery by Colissimo<\/strong><\/em><\/p>\n\n\n\n<p>From the shipping date, international delivery in 3 to 8 working days (indicated but not guaranteed), with tracking and signature acknowledging receipt.<\/p>\n\n\n\n<figure class=\"wp-block-table\"><table class=\"has-fixed-layout\"><tbody><tr><th>Country<\/th><th>Delivery time<\/th><\/tr><tr><td><strong>Metropolitan France<\/strong><\/td><td><strong>2 working days<\/strong><\/td><\/tr><tr><td>South Africa<\/td><td>6 to 8 working days<\/td><\/tr><tr><td>Germany<\/td><td>3 to 4 working days<\/td><\/tr><tr><td><\/td><td><\/td><\/tr><tr><td>Austria<\/td><td>3 to 4 working days<\/td><\/tr><tr><td>Belgium<\/td><td>2 to 3 working days<\/td><\/tr><tr><td>Bulgaria<\/td><td>5 to 7 working days<\/td><\/tr><tr><td>Canada<\/td><td>6 to 10 working days<\/td><\/tr><tr><td>Cyprus<\/td><td>5 to 9 working days<\/td><\/tr><tr><td>Croatia<\/td><td>4 to 7 working days<\/td><\/tr><tr><td>Denmark<\/td><td>4 to 5 working days<\/td><\/tr><tr><td><\/td><td><\/td><\/tr><tr><td>Spain<\/td><td>3 to 4 working days<\/td><\/tr><tr><td>Estonia<\/td><td>6 to 7 working days<\/td><\/tr><tr><td>Finland<\/td><td>4 to 5 working days<\/td><\/tr><tr><td><\/td><td><\/td><\/tr><tr><td>Greece<\/td><td>5 to 6 working days<\/td><\/tr><tr><td>French Guyana<\/td><td>5 to 7 working days<\/td><\/tr><tr><td>Hong-Kong<\/td><td>5 to 7 working days<\/td><\/tr><tr><td>Hungary<\/td><td>5 to 6 working days<\/td><\/tr><tr><td>India<\/td><td>4 to 8 working days<\/td><\/tr><tr><td>Ireland<\/td><td>4 to 5 working days<\/td><\/tr><tr><td>Italy<\/td><td>3 to 5 working days<\/td><\/tr><tr><td>Japan<\/td><td>5 to 6 working days<\/td><\/tr><tr><td>Latvia<\/td><td>6 to 7 working days<\/td><\/tr><tr><td>Luxembourg<\/td><td>2 to 3 working days<\/td><\/tr><tr><td>Malaysia<\/td><td>7 to 9 working days<\/td><\/tr><tr><td>Malta<\/td><td>4 to 5 working days<\/td><\/tr><tr><td><\/td><td><\/td><\/tr><tr><td>Norway<\/td><td>6 to 7 working days<\/td><\/tr><tr><td>New Caledonia<\/td><td>7 to 10 working days<\/td><\/tr><tr><td><\/td><td><\/td><\/tr><tr><td>Netherlands<\/td><td>3 working days<\/td><\/tr><tr><td>Poland<\/td><td>5 to 6 working days<\/td><\/tr><tr><td>Portugal<\/td><td>4 to 9 working days<\/td><\/tr><tr><td>Czech Republic<\/td><td>4 to 5 working days<\/td><\/tr><tr><td>Romania<\/td><td>4 to 5 working days<\/td><\/tr><tr><td>United Kingdom<\/td><td>3 working days<\/td><\/tr><tr><td>Singapour<\/td><td>5 to 6 working days<\/td><\/tr><tr><td>Slovakia<\/td><td>5 to 6 working days<\/td><\/tr><tr><td>Slovenia<\/td><td>5 to 6 working days<\/td><\/tr><tr><td>Sweden<\/td><td>4 to 7 working days<\/td><\/tr><tr><td>Switzerland<\/td><td>3 to 4 working days<\/td><\/tr><tr><td>Taiwan<\/td><td>6 to 7 working days<\/td><\/tr><tr><td>Thailand<\/td><td>5 to 8 working days<\/td><\/tr><tr><td>Ukraine<\/td><td>6 to 7 working days<\/td><\/tr><tr><td>Vietnam<\/td><td>5 to 8 working days<\/td><\/tr><\/tbody><\/table><\/figure>\n\n\n\n<p><strong>Secure payment\r\n<\/strong>The website of our bank, Soci\u00e9t\u00e9 G\u00e9n\u00e9rale, is secure and encrypted. The bank does not disclose your bank details, it only tells us if the payment went through or failed.<br>You can also pay through the PayPal secure platform, which allows you, once your account is created, to carry out transactions without having to re-enter your bank details.<\/p>\n\n\n\n<p><em><strong>Customer Service<\/strong><\/em><br>If you cannot find your country in the list, please contact our customer service.<\/p>\n\n\n\n<p><strong>By e-mail<\/strong>:&nbsp;<a href=\"mailto:clients@lenez.com?subject=Question\">clients@lenez.com<\/a><br><strong>By phone<\/strong>: +33 (0)4 42 73 59 55<br><strong>By mail<\/strong>: Customer Service Les \u00c9ditions Jean Lenoir, 1600 chemin du plan d&#8217;olive, 13260&nbsp;Cassis, France<\/p>\n\n\n\n<p><em><strong>Returns<\/strong><\/em><br>If your order turns out not to be as you expected when you receive it, you can return it to us at your own expense within 2 weeks. In your online customer area, you will find the return coupon to include in your package<\/p>\n\n\n\n<p>Please return the item in its original wrapping and packaging with no modifications.<\/p>\n<\/div>\n<\/div>\n","protected":false},"excerpt":{"rendered":"<p>Delivery and returns All our aroma discovery sets are made by hand and held in stock in our workshop in Cassis. We selected Colissimo (La Poste) as a carrier. Each parcel\u2019s tracking number is emailed to you when the order is shipped, to allow you to track your parcel. Please note that for shipments outside [&hellip;]<\/p>\n","protected":false},"author":1,"featured_media":0,"parent":0,"menu_order":0,"comment_status":"closed","ping_status":"closed","template":"","meta":{"_acf_changed":false,"footnotes":""},"class_list":["post-4570","page","type-page","status-publish","hentry"],"acf":[],"yoast_head":"<!-- This site is optimized with the Yoast SEO plugin v27.4 - https:\/\/yoast.com\/product\/yoast-seo-wordpress\/ -->\n<title>Delivery and returns - Le Nez du Vin<\/title>\n<meta name=\"robots\" content=\"index, follow, max-snippet:-1, max-image-preview:large, max-video-preview:-1\" \/>\n<link rel=\"canonical\" href=\"https:\/\/www.lenez.com\/en\/delivery-and-returns\/\" \/>\n<meta property=\"og:locale\" content=\"en_US\" \/>\n<meta property=\"og:type\" content=\"article\" \/>\n<meta property=\"og:title\" content=\"Delivery and returns - Le Nez du Vin\" \/>\n<meta property=\"og:description\" content=\"Delivery and returns All our aroma discovery sets are made by hand and held in stock in our workshop in Cassis. We selected Colissimo (La Poste) as a carrier. Each parcel\u2019s tracking number is emailed to you when the order is shipped, to allow you to track your parcel. Please note that for shipments outside [&hellip;]\" \/>\n<meta property=\"og:url\" content=\"https:\/\/www.lenez.com\/en\/delivery-and-returns\/\" \/>\n<meta property=\"og:site_name\" content=\"Le Nez du Vin\" \/>\n<meta property=\"article:modified_time\" content=\"2025-10-23T13:45:59+00:00\" \/>\n<meta name=\"twitter:card\" content=\"summary_large_image\" \/>\n<meta name=\"twitter:label1\" content=\"Est. reading time\" \/>\n\t<meta name=\"twitter:data1\" content=\"3 minutes\" \/>\n<script type=\"application\/ld+json\" class=\"yoast-schema-graph\">{\"@context\":\"https:\\\/\\\/schema.org\",\"@graph\":[{\"@type\":\"WebPage\",\"@id\":\"https:\\\/\\\/www.lenez.com\\\/en\\\/delivery-and-returns\\\/\",\"url\":\"https:\\\/\\\/www.lenez.com\\\/en\\\/delivery-and-returns\\\/\",\"name\":\"Delivery and returns - Le Nez du Vin\",\"isPartOf\":{\"@id\":\"https:\\\/\\\/www.lenez.com\\\/en\\\/#website\"},\"datePublished\":\"2025-01-14T10:52:21+00:00\",\"dateModified\":\"2025-10-23T13:45:59+00:00\",\"breadcrumb\":{\"@id\":\"https:\\\/\\\/www.lenez.com\\\/en\\\/delivery-and-returns\\\/#breadcrumb\"},\"inLanguage\":\"en-US\",\"potentialAction\":[{\"@type\":\"ReadAction\",\"target\":[\"https:\\\/\\\/www.lenez.com\\\/en\\\/delivery-and-returns\\\/\"]}]},{\"@type\":\"BreadcrumbList\",\"@id\":\"https:\\\/\\\/www.lenez.com\\\/en\\\/delivery-and-returns\\\/#breadcrumb\",\"itemListElement\":[{\"@type\":\"ListItem\",\"position\":1,\"name\":\"Accueil\",\"item\":\"https:\\\/\\\/www.lenez.com\\\/\"},{\"@type\":\"ListItem\",\"position\":2,\"name\":\"Aromarama\",\"item\":\"https:\\\/\\\/www.lenez.com\\\/en\\\/aromarama\\\/\"},{\"@type\":\"ListItem\",\"position\":3,\"name\":\"Delivery and returns\"}]},{\"@type\":\"WebSite\",\"@id\":\"https:\\\/\\\/www.lenez.com\\\/en\\\/#website\",\"url\":\"https:\\\/\\\/www.lenez.com\\\/en\\\/\",\"name\":\"Le Nez du Vin\",\"description\":\"Site officiel des marques Le Nez du Vin, Le Nez du Caf\u00e9 et Le Nez du Whisky\",\"publisher\":{\"@id\":\"https:\\\/\\\/www.lenez.com\\\/en\\\/#organization\"},\"potentialAction\":[{\"@type\":\"SearchAction\",\"target\":{\"@type\":\"EntryPoint\",\"urlTemplate\":\"https:\\\/\\\/www.lenez.com\\\/en\\\/?s={search_term_string}\"},\"query-input\":{\"@type\":\"PropertyValueSpecification\",\"valueRequired\":true,\"valueName\":\"search_term_string\"}}],\"inLanguage\":\"en-US\"},{\"@type\":\"Organization\",\"@id\":\"https:\\\/\\\/www.lenez.com\\\/en\\\/#organization\",\"name\":\"Le Nez du Vin\",\"url\":\"https:\\\/\\\/www.lenez.com\\\/en\\\/\",\"logo\":{\"@type\":\"ImageObject\",\"inLanguage\":\"en-US\",\"@id\":\"https:\\\/\\\/www.lenez.com\\\/en\\\/#\\\/schema\\\/logo\\\/image\\\/\",\"url\":\"https:\\\/\\\/www.lenez.com\\\/wp-content\\\/uploads\\\/2025\\\/05\\\/EJL_LOGO_2019.jpg\",\"contentUrl\":\"https:\\\/\\\/www.lenez.com\\\/wp-content\\\/uploads\\\/2025\\\/05\\\/EJL_LOGO_2019.jpg\",\"width\":2362,\"height\":2362,\"caption\":\"Le Nez du Vin\"},\"image\":{\"@id\":\"https:\\\/\\\/www.lenez.com\\\/en\\\/#\\\/schema\\\/logo\\\/image\\\/\"}}]}<\/script>\n<!-- \/ Yoast SEO plugin. -->","yoast_head_json":{"title":"Delivery and returns - Le Nez du Vin","robots":{"index":"index","follow":"follow","max-snippet":"max-snippet:-1","max-image-preview":"max-image-preview:large","max-video-preview":"max-video-preview:-1"},"canonical":"https:\/\/www.lenez.com\/en\/delivery-and-returns\/","og_locale":"en_US","og_type":"article","og_title":"Delivery and returns - Le Nez du Vin","og_description":"Delivery and returns All our aroma discovery sets are made by hand and held in stock in our workshop in Cassis. We selected Colissimo (La Poste) as a carrier. Each parcel\u2019s tracking number is emailed to you when the order is shipped, to allow you to track your parcel. Please note that for shipments outside [&hellip;]","og_url":"https:\/\/www.lenez.com\/en\/delivery-and-returns\/","og_site_name":"Le Nez du Vin","article_modified_time":"2025-10-23T13:45:59+00:00","twitter_card":"summary_large_image","twitter_misc":{"Est. reading time":"3 minutes"},"schema":{"@context":"https:\/\/schema.org","@graph":[{"@type":"WebPage","@id":"https:\/\/www.lenez.com\/en\/delivery-and-returns\/","url":"https:\/\/www.lenez.com\/en\/delivery-and-returns\/","name":"Delivery and returns - Le Nez du Vin","isPartOf":{"@id":"https:\/\/www.lenez.com\/en\/#website"},"datePublished":"2025-01-14T10:52:21+00:00","dateModified":"2025-10-23T13:45:59+00:00","breadcrumb":{"@id":"https:\/\/www.lenez.com\/en\/delivery-and-returns\/#breadcrumb"},"inLanguage":"en-US","potentialAction":[{"@type":"ReadAction","target":["https:\/\/www.lenez.com\/en\/delivery-and-returns\/"]}]},{"@type":"BreadcrumbList","@id":"https:\/\/www.lenez.com\/en\/delivery-and-returns\/#breadcrumb","itemListElement":[{"@type":"ListItem","position":1,"name":"Accueil","item":"https:\/\/www.lenez.com\/"},{"@type":"ListItem","position":2,"name":"Aromarama","item":"https:\/\/www.lenez.com\/en\/aromarama\/"},{"@type":"ListItem","position":3,"name":"Delivery and returns"}]},{"@type":"WebSite","@id":"https:\/\/www.lenez.com\/en\/#website","url":"https:\/\/www.lenez.com\/en\/","name":"Le Nez du Vin","description":"Site officiel des marques Le Nez du Vin, Le Nez du Caf\u00e9 et Le Nez du Whisky","publisher":{"@id":"https:\/\/www.lenez.com\/en\/#organization"},"potentialAction":[{"@type":"SearchAction","target":{"@type":"EntryPoint","urlTemplate":"https:\/\/www.lenez.com\/en\/?s={search_term_string}"},"query-input":{"@type":"PropertyValueSpecification","valueRequired":true,"valueName":"search_term_string"}}],"inLanguage":"en-US"},{"@type":"Organization","@id":"https:\/\/www.lenez.com\/en\/#organization","name":"Le Nez du Vin","url":"https:\/\/www.lenez.com\/en\/","logo":{"@type":"ImageObject","inLanguage":"en-US","@id":"https:\/\/www.lenez.com\/en\/#\/schema\/logo\/image\/","url":"https:\/\/www.lenez.com\/wp-content\/uploads\/2025\/05\/EJL_LOGO_2019.jpg","contentUrl":"https:\/\/www.lenez.com\/wp-content\/uploads\/2025\/05\/EJL_LOGO_2019.jpg","width":2362,"height":2362,"caption":"Le Nez du Vin"},"image":{"@id":"https:\/\/www.lenez.com\/en\/#\/schema\/logo\/image\/"}}]}},"_links":{"self":[{"href":"https:\/\/www.lenez.com\/en\/wp-json\/wp\/v2\/pages\/4570","targetHints":{"allow":["GET"]}}],"collection":[{"href":"https:\/\/www.lenez.com\/en\/wp-json\/wp\/v2\/pages"}],"about":[{"href":"https:\/\/www.lenez.com\/en\/wp-json\/wp\/v2\/types\/page"}],"author":[{"embeddable":true,"href":"https:\/\/www.lenez.com\/en\/wp-json\/wp\/v2\/users\/1"}],"replies":[{"embeddable":true,"href":"https:\/\/www.lenez.com\/en\/wp-json\/wp\/v2\/comments?post=4570"}],"version-history":[{"count":3,"href":"https:\/\/www.lenez.com\/en\/wp-json\/wp\/v2\/pages\/4570\/revisions"}],"predecessor-version":[{"id":7037,"href":"https:\/\/www.lenez.com\/en\/wp-json\/wp\/v2\/pages\/4570\/revisions\/7037"}],"wp:attachment":[{"href":"https:\/\/www.lenez.com\/en\/wp-json\/wp\/v2\/media?parent=4570"}],"curies":[{"name":"wp","href":"https:\/\/api.w.org\/{rel}","templated":true}]}}