{"id":4476,"date":"2025-06-04T17:56:11","date_gmt":"2025-06-04T15:56:11","guid":{"rendered":"https:\/\/shop.lenez.com\/guia-de-uso-le-nez-du-vin\/"},"modified":"2025-10-21T14:09:27","modified_gmt":"2025-10-21T12:09:27","slug":"guia-de-uso-le-nez-du-vin","status":"publish","type":"page","link":"https:\/\/www.lenez.com\/es\/guia-de-uso-le-nez-du-vin\/","title":{"rendered":"Gu\u00eda de uso &#8211; Le Nez du Vin"},"content":{"rendered":"\n<div class=\"container-fluid\">\n<div class=\"banner\" style=\"background: url('https:\/\/www.lenez.com\/wp-content\/uploads\/2025\/07\/6_LNDV_2023_00011-scaled.jpeg'); background-size: cover; background-position: top;\" data-darkreader-inline-bgcolor=\"\">\n<div class=\"content-inn\">\n<div class=\"text-container\">\n<h1 class=\"h2 gtdjdvJjks\" style=\"background-image: url('https:\/\/www.lenez.com\/wp-content\/uploads\/2025\/07\/6_LNDV_2023_00011-scaled.jpeg'); -webkit-background-clip: text; background-clip: text; -webkit-text-fill-color: transparent; background-position: bottom; background-repeat: no-repeat; background-size: cover;\">Gu\u00eda de uso &#8211; Le Nez du Vin<\/h1>\n<\/div><br\/><\/div><br\/><\/div><br\/><\/div><br\/>\n\n<div class=\"wp-block-columns UijHGD tab-empile is-layout-flex wp-container-core-columns-is-layout-9d6595d7 wp-block-columns-is-layout-flex\">\n<div class=\"wp-block-column is-layout-flow wp-block-column-is-layout-flow\">\n<h2 class=\"wp-block-heading\">Entrene su olfato<\/h2>\n\n\n\n<p>Seleccione un frasco al azar, sin consultar el nombre del aroma. Huela el frasco y\/o el tap\u00f3n. \u00bfDetecta usted un olor, pero no lo reconoce? No es tan f\u00e1cil. Deje que surjan las evocaciones que crucen su mente, los recuerdos m\u00e1s o menos antiguos, a menudo cargados emocionalmente.<\/p>\n\n\n\n<p>Si las im\u00e1genes que evoca el aroma no le permiten nombrarlo (\u00a1aunque tenga la palabra en la punta de la lengua!), intente identificar a qu\u00e9 familia pertenece: \u00bffrutal, floral, vegetal, amaderado, especiado, animal o incluso tostado? Esta exploraci\u00f3n personal tambi\u00e9n puede realizarse con otras personas. Los intercambios sobre la percepci\u00f3n de los olores est\u00e1n llenos de emociones. Dan pie a un disfrute compartido muy divertido. Escuch\u00e1ndose unos a otros, se puede encontrar la respuesta correcta. \u00a1Pero \u00a1cuidado con dejarse influir!<\/p>\n\n\n\n<p>Mire entonces el n\u00famero del frasco y consulte la lista de respuestas. \u00a1Cuando encuentre el nombre de esta nota, le parecer\u00e1 obvio! Haga lo mismo con otro frasco y repita este entrenamiento con regularidad con unos diez frascos por sesi\u00f3n y volviendo a incluir los que no consigui\u00f3 identificar anteriormente.<\/p>\n\n\n\n<p>En unas semanas, sin duda alguna, estar\u00e1 en condiciones de identificar, reconocer y sobre todo nombrar estos aromas, lo que constituye una clave para reconocer los vinos que va a degustar.<\/p>\n\n\n\n<p>Para saber m\u00e1s, siga los consejos y protocolos de cata que se proporcionan en las obras de <em>Le Nez du Vin.<\/em><\/p>\n\n\n\n<h2 class=\"wp-block-heading\">Acepte el reto al igual que Jean Lenoir<\/h2>\n\n\n\n<p>En octubre de 1980, pocos meses antes <a href=\"https:\/\/www.lenez.com\/es\/la-historia\/\">del lanzamiento de <em>Le Nez du Vin<\/em><\/a>, Jean Lenoir fue seleccionado para enfrentar a los ingleses en el segundo \u00abDesaf\u00edo franco-brit\u00e1nico de vinos\u00bb, organizado por <em>Le Figaro<\/em> y el <em>Sunday Times<\/em>.<\/p>\n\n\n\n<p>Para obtener el 6.\u00ba lugar de los treinta competidores aficionados que participaban en la final, debi\u00f3 responder en 90 minutos a las preguntas siguientes (\u00a1entren\u00e1ndose durante a\u00f1os!):<\/p>\n\n\n\n<ul class=\"wp-block-list\">\n<li>Pregunta n.\u00ba 1 : He aqu\u00ed cuatro copas de vino blanco procedentes de algunas de estas seis regiones: Chablis, Borgo\u00f1a, Loira, R\u00f3dano, Burdeos y Gaillac. Encuentre la regi\u00f3n a la que pertenece cada vino. Atenci\u00f3n: no puede haber dos vinos de la misma regi\u00f3n.<\/li>\n\n\n\n<li>Pregunta n.\u00ba 2 : Igual que la pregunta n.\u00ba 1, con cuatro copas de vino tinto procedentes de algunas de estas seis regiones: Buzet, Burdeos, Borgo\u00f1a, R\u00f3dano, Corbi\u00e8res y Beaujolais.<\/li>\n\n\n\n<li>Pregunta n.\u00ba 3 : He aqu\u00ed tres copas de vino de Burdeos de la misma subregi\u00f3n (por ejemplo, Saint-\u00c9milion) seleccionados de tres cosechas de los a\u00f1os 1970 a 1979. Col\u00f3quelos en orden creciente de antig\u00fcedad. Indique a qu\u00e9 subregi\u00f3n corresponden.<\/li>\n\n\n\n<li>Pregunta n.\u00ba 4 : He aqu\u00ed cuatro vinos: tres tintos y un blanco. Son todos vinos VDQS (Vins D\u00e9limit\u00e9s de Qualit\u00e9s Sup\u00e9rieures, vinos delimitados de calidad superior, una categor\u00eda que hoy ha desaparecido) procedentes de algunas de estas nueve regiones: C\u00f4tes-du-Roussillon, Gros plant du pays nantais, C\u00f4tes-du-Lub\u00e9ron (hoy DOP Luberon), Costi\u00e8res du Gard (ahora Costi\u00e8res de N\u00eemes), Sauvignon du Haut Poitou, Corbi\u00e8res y Coteaux du Languedoc (ya parte de la DOP Languedoc). Trate de identificar las cuatro regiones representadas.<\/li>\n<\/ul>\n\n\n\n<p>Intente repetir estas catas, adaptando las regiones vin\u00edcolas, las etiquetas y las a\u00f1adas seg\u00fan sus propios conocimientos, sus gustos y su presupuesto. Sean cuales sean los frascos que elija, observar\u00e1 la importancia de <em>Le Nez du Vin<\/em> para percibir un car\u00e1cter t\u00edpico. Y qu\u00e9dese tranquilo: el ganador s\u00f3lo hab\u00eda logrado el 50\u00a0% de respuestas acertadas.<\/p>\n\n\n\n<p>Como curiosidad, si bien los franceses fueron vencidos por los ingleses en la primera edici\u00f3n del Desaf\u00edo de vinos en Burdeos, en cambio se tomaron la revancha este a\u00f1o en suelo brit\u00e1nico. El entrenador no fue otro que Jean Lenoir, con su maleta de 120 aromas, \u00a1que un a\u00f1o m\u00e1s tarde se convertir\u00eda en Le Nez du Vin!<\/p>\n<\/div>\n<\/div>\n","protected":false},"excerpt":{"rendered":"<p>Gu\u00eda de uso &#8211; Le Nez du Vin Entrene su olfato Seleccione un frasco al azar, sin consultar el nombre del aroma. Huela el frasco y\/o el tap\u00f3n. \u00bfDetecta usted un olor, pero no lo reconoce? No es tan f\u00e1cil. Deje que surjan las evocaciones que crucen su mente, los recuerdos m\u00e1s o menos antiguos, [&hellip;]<\/p>\n","protected":false},"author":1,"featured_media":0,"parent":0,"menu_order":0,"comment_status":"closed","ping_status":"closed","template":"","meta":{"_acf_changed":false,"footnotes":""},"class_list":["post-4476","page","type-page","status-publish","hentry"],"acf":[],"yoast_head":"<!-- This site is optimized with the Yoast SEO plugin v27.4 - https:\/\/yoast.com\/product\/yoast-seo-wordpress\/ -->\n<title>Gu\u00eda de uso - Le Nez du Vin - Le Nez du Vin<\/title>\n<meta name=\"robots\" content=\"index, follow, max-snippet:-1, max-image-preview:large, max-video-preview:-1\" \/>\n<link rel=\"canonical\" href=\"https:\/\/www.lenez.com\/es\/guia-de-uso-le-nez-du-vin\/\" \/>\n<meta property=\"og:locale\" content=\"es_ES\" \/>\n<meta property=\"og:type\" content=\"article\" \/>\n<meta property=\"og:title\" content=\"Gu\u00eda de uso - Le Nez du Vin - Le Nez du Vin\" \/>\n<meta property=\"og:description\" content=\"Gu\u00eda de uso &#8211; Le Nez du Vin Entrene su olfato Seleccione un frasco al azar, sin consultar el nombre del aroma. Huela el frasco y\/o el tap\u00f3n. \u00bfDetecta usted un olor, pero no lo reconoce? No es tan f\u00e1cil. Deje que surjan las evocaciones que crucen su mente, los recuerdos m\u00e1s o menos antiguos, [&hellip;]\" \/>\n<meta property=\"og:url\" content=\"https:\/\/www.lenez.com\/es\/guia-de-uso-le-nez-du-vin\/\" \/>\n<meta property=\"og:site_name\" content=\"Le Nez du Vin\" \/>\n<meta property=\"article:modified_time\" content=\"2025-10-21T12:09:27+00:00\" \/>\n<meta name=\"twitter:card\" content=\"summary_large_image\" \/>\n<meta name=\"twitter:label1\" content=\"Tiempo de lectura\" \/>\n\t<meta name=\"twitter:data1\" content=\"4 minuto\" \/>\n<script type=\"application\/ld+json\" class=\"yoast-schema-graph\">{\"@context\":\"https:\\\/\\\/schema.org\",\"@graph\":[{\"@type\":\"WebPage\",\"@id\":\"https:\\\/\\\/www.lenez.com\\\/es\\\/guia-de-uso-le-nez-du-vin\\\/\",\"url\":\"https:\\\/\\\/www.lenez.com\\\/es\\\/guia-de-uso-le-nez-du-vin\\\/\",\"name\":\"Gu\u00eda de uso - Le Nez du Vin - Le Nez du Vin\",\"isPartOf\":{\"@id\":\"https:\\\/\\\/www.lenez.com\\\/en\\\/#website\"},\"datePublished\":\"2025-06-04T15:56:11+00:00\",\"dateModified\":\"2025-10-21T12:09:27+00:00\",\"breadcrumb\":{\"@id\":\"https:\\\/\\\/www.lenez.com\\\/es\\\/guia-de-uso-le-nez-du-vin\\\/#breadcrumb\"},\"inLanguage\":\"es\",\"potentialAction\":[{\"@type\":\"ReadAction\",\"target\":[\"https:\\\/\\\/www.lenez.com\\\/es\\\/guia-de-uso-le-nez-du-vin\\\/\"]}]},{\"@type\":\"BreadcrumbList\",\"@id\":\"https:\\\/\\\/www.lenez.com\\\/es\\\/guia-de-uso-le-nez-du-vin\\\/#breadcrumb\",\"itemListElement\":[{\"@type\":\"ListItem\",\"position\":1,\"name\":\"Accueil\",\"item\":\"https:\\\/\\\/www.lenez.com\\\/\"},{\"@type\":\"ListItem\",\"position\":2,\"name\":\"Olfactorium\",\"item\":\"https:\\\/\\\/www.lenez.com\\\/es\\\/olfactorium\\\/\"},{\"@type\":\"ListItem\",\"position\":3,\"name\":\"Gu\u00eda de uso &#8211; Le Nez du Vin\"}]},{\"@type\":\"WebSite\",\"@id\":\"https:\\\/\\\/www.lenez.com\\\/en\\\/#website\",\"url\":\"https:\\\/\\\/www.lenez.com\\\/en\\\/\",\"name\":\"Le Nez du Vin\",\"description\":\"Site officiel des marques Le Nez du Vin, Le Nez du Caf\u00e9 et Le Nez du Whisky\",\"publisher\":{\"@id\":\"https:\\\/\\\/www.lenez.com\\\/en\\\/#organization\"},\"potentialAction\":[{\"@type\":\"SearchAction\",\"target\":{\"@type\":\"EntryPoint\",\"urlTemplate\":\"https:\\\/\\\/www.lenez.com\\\/en\\\/?s={search_term_string}\"},\"query-input\":{\"@type\":\"PropertyValueSpecification\",\"valueRequired\":true,\"valueName\":\"search_term_string\"}}],\"inLanguage\":\"es\"},{\"@type\":\"Organization\",\"@id\":\"https:\\\/\\\/www.lenez.com\\\/en\\\/#organization\",\"name\":\"Le Nez du Vin\",\"url\":\"https:\\\/\\\/www.lenez.com\\\/en\\\/\",\"logo\":{\"@type\":\"ImageObject\",\"inLanguage\":\"es\",\"@id\":\"https:\\\/\\\/www.lenez.com\\\/en\\\/#\\\/schema\\\/logo\\\/image\\\/\",\"url\":\"https:\\\/\\\/www.lenez.com\\\/wp-content\\\/uploads\\\/2025\\\/05\\\/EJL_LOGO_2019.jpg\",\"contentUrl\":\"https:\\\/\\\/www.lenez.com\\\/wp-content\\\/uploads\\\/2025\\\/05\\\/EJL_LOGO_2019.jpg\",\"width\":2362,\"height\":2362,\"caption\":\"Le Nez du Vin\"},\"image\":{\"@id\":\"https:\\\/\\\/www.lenez.com\\\/en\\\/#\\\/schema\\\/logo\\\/image\\\/\"}}]}<\/script>\n<!-- \/ Yoast SEO plugin. -->","yoast_head_json":{"title":"Gu\u00eda de uso - Le Nez du Vin - Le Nez du Vin","robots":{"index":"index","follow":"follow","max-snippet":"max-snippet:-1","max-image-preview":"max-image-preview:large","max-video-preview":"max-video-preview:-1"},"canonical":"https:\/\/www.lenez.com\/es\/guia-de-uso-le-nez-du-vin\/","og_locale":"es_ES","og_type":"article","og_title":"Gu\u00eda de uso - Le Nez du Vin - Le Nez du Vin","og_description":"Gu\u00eda de uso &#8211; Le Nez du Vin Entrene su olfato Seleccione un frasco al azar, sin consultar el nombre del aroma. Huela el frasco y\/o el tap\u00f3n. \u00bfDetecta usted un olor, pero no lo reconoce? No es tan f\u00e1cil. Deje que surjan las evocaciones que crucen su mente, los recuerdos m\u00e1s o menos antiguos, [&hellip;]","og_url":"https:\/\/www.lenez.com\/es\/guia-de-uso-le-nez-du-vin\/","og_site_name":"Le Nez du Vin","article_modified_time":"2025-10-21T12:09:27+00:00","twitter_card":"summary_large_image","twitter_misc":{"Tiempo de lectura":"4 minuto"},"schema":{"@context":"https:\/\/schema.org","@graph":[{"@type":"WebPage","@id":"https:\/\/www.lenez.com\/es\/guia-de-uso-le-nez-du-vin\/","url":"https:\/\/www.lenez.com\/es\/guia-de-uso-le-nez-du-vin\/","name":"Gu\u00eda de uso - Le Nez du Vin - Le Nez du Vin","isPartOf":{"@id":"https:\/\/www.lenez.com\/en\/#website"},"datePublished":"2025-06-04T15:56:11+00:00","dateModified":"2025-10-21T12:09:27+00:00","breadcrumb":{"@id":"https:\/\/www.lenez.com\/es\/guia-de-uso-le-nez-du-vin\/#breadcrumb"},"inLanguage":"es","potentialAction":[{"@type":"ReadAction","target":["https:\/\/www.lenez.com\/es\/guia-de-uso-le-nez-du-vin\/"]}]},{"@type":"BreadcrumbList","@id":"https:\/\/www.lenez.com\/es\/guia-de-uso-le-nez-du-vin\/#breadcrumb","itemListElement":[{"@type":"ListItem","position":1,"name":"Accueil","item":"https:\/\/www.lenez.com\/"},{"@type":"ListItem","position":2,"name":"Olfactorium","item":"https:\/\/www.lenez.com\/es\/olfactorium\/"},{"@type":"ListItem","position":3,"name":"Gu\u00eda de uso &#8211; Le Nez du Vin"}]},{"@type":"WebSite","@id":"https:\/\/www.lenez.com\/en\/#website","url":"https:\/\/www.lenez.com\/en\/","name":"Le Nez du Vin","description":"Site officiel des marques Le Nez du Vin, Le Nez du Caf\u00e9 et Le Nez du Whisky","publisher":{"@id":"https:\/\/www.lenez.com\/en\/#organization"},"potentialAction":[{"@type":"SearchAction","target":{"@type":"EntryPoint","urlTemplate":"https:\/\/www.lenez.com\/en\/?s={search_term_string}"},"query-input":{"@type":"PropertyValueSpecification","valueRequired":true,"valueName":"search_term_string"}}],"inLanguage":"es"},{"@type":"Organization","@id":"https:\/\/www.lenez.com\/en\/#organization","name":"Le Nez du Vin","url":"https:\/\/www.lenez.com\/en\/","logo":{"@type":"ImageObject","inLanguage":"es","@id":"https:\/\/www.lenez.com\/en\/#\/schema\/logo\/image\/","url":"https:\/\/www.lenez.com\/wp-content\/uploads\/2025\/05\/EJL_LOGO_2019.jpg","contentUrl":"https:\/\/www.lenez.com\/wp-content\/uploads\/2025\/05\/EJL_LOGO_2019.jpg","width":2362,"height":2362,"caption":"Le Nez du Vin"},"image":{"@id":"https:\/\/www.lenez.com\/en\/#\/schema\/logo\/image\/"}}]}},"_links":{"self":[{"href":"https:\/\/www.lenez.com\/es\/wp-json\/wp\/v2\/pages\/4476","targetHints":{"allow":["GET"]}}],"collection":[{"href":"https:\/\/www.lenez.com\/es\/wp-json\/wp\/v2\/pages"}],"about":[{"href":"https:\/\/www.lenez.com\/es\/wp-json\/wp\/v2\/types\/page"}],"author":[{"embeddable":true,"href":"https:\/\/www.lenez.com\/es\/wp-json\/wp\/v2\/users\/1"}],"replies":[{"embeddable":true,"href":"https:\/\/www.lenez.com\/es\/wp-json\/wp\/v2\/comments?post=4476"}],"version-history":[{"count":10,"href":"https:\/\/www.lenez.com\/es\/wp-json\/wp\/v2\/pages\/4476\/revisions"}],"predecessor-version":[{"id":6988,"href":"https:\/\/www.lenez.com\/es\/wp-json\/wp\/v2\/pages\/4476\/revisions\/6988"}],"wp:attachment":[{"href":"https:\/\/www.lenez.com\/es\/wp-json\/wp\/v2\/media?parent=4476"}],"curies":[{"name":"wp","href":"https:\/\/api.w.org\/{rel}","templated":true}]}}