{"id":4483,"date":"2025-06-04T18:00:20","date_gmt":"2025-06-04T16:00:20","guid":{"rendered":"https:\/\/shop.lenez.com\/guia-de-uso-le-nez-du-whisky\/"},"modified":"2025-10-21T14:09:47","modified_gmt":"2025-10-21T12:09:47","slug":"guia-de-uso-le-nez-du-whisky","status":"publish","type":"page","link":"https:\/\/www.lenez.com\/es\/guia-de-uso-le-nez-du-whisky\/","title":{"rendered":"Gu\u00eda de uso &#8211; Le Nez du Whisky"},"content":{"rendered":"\n<div class=\"container-fluid\">\n<div class=\"banner\" style=\"background: url('https:\/\/www.lenez.com\/wp-content\/uploads\/2025\/07\/7_LNDV_2023_00164-scaled.jpeg'); background-size: cover; background-position: center;\" data-darkreader-inline-bgcolor=\"\">\n<div class=\"content-inn\">\n<div class=\"text-container\">\n<h1 class=\"h2 gtdjdvJjks\" style=\"background-image: url('https:\/\/www.lenez.com\/wp-content\/uploads\/2025\/07\/7_LNDV_2023_00164-scaled.jpeg'); -webkit-background-clip: text; background-clip: text; -webkit-text-fill-color: transparent; background-position: bottom; background-repeat: no-repeat; background-size: cover;\">Gu\u00eda de uso &#8211; Le Nez du Whisky<\/h1>\n<\/div><br\/><\/div><br\/><\/div><br\/><\/div><br\/>\n\n<div class=\"wp-block-columns UijHGD tab-empile is-layout-flex wp-container-core-columns-is-layout-9d6595d7 wp-block-columns-is-layout-flex\">\n<div class=\"wp-block-column is-layout-flow wp-block-column-is-layout-flow\">\n<h2 class=\"wp-block-heading\">Entrene su olfato<\/h2>\n\n\n\n<p>Seleccione un frasco al azar, sin consultar el nombre del aroma. Huela el frasco y\/o el tap\u00f3n. \u00bfDetecta usted un olor, pero no lo reconoce? No es tan f\u00e1cil. Deje que surjan las evocaciones que crucen su mente, los recuerdos m\u00e1s o menos antiguos, a menudo cargados emocionalmente.<\/p>\n\n\n\n<p>Si las im\u00e1genes que evoca el aroma no le permiten nombrarlo (\u00a1aunque tenga la palabra en la punta de la lengua!), intente identificar a qu\u00e9 familia pertenece: \u00bffloral, frutal, amaderado o fen\u00f3lico? Esta exploraci\u00f3n personal tambi\u00e9n puede realizarse con otras personas. Los intercambios sobre la percepci\u00f3n de los olores est\u00e1n llenos de emociones. Dan pie a un disfrute compartido muy divertido. Escuch\u00e1ndose unos a otros, se puede encontrar la respuesta correcta. \u00a1Pero \u00a1cuidado con dejarse influir!<\/p>\n\n\n\n<p>Mire entonces el n\u00famero del frasco y consulte la lista de respuestas. \u00a1Cuando encuentre el nombre de esta nota, le parecer\u00e1 obvio! Haga lo mismo con otro frasco y repita este entrenamiento con regularidad con unos diez frascos por sesi\u00f3n y volviendo a incluir los que no consigui\u00f3 identificar anteriormente.<\/p>\n\n\n\n<p>En unas semanas, sin duda alguna, estar\u00e1 en condiciones de identificar, reconocer y sobre todo nombrar estos aromas, lo que constituye una clave para reconocer los whiskies que va a degustar. Para saber m\u00e1s, siga los consejos y protocolos de cata que se proporcionan en las obras de <em>Le Nez du Whisky<\/em>.<\/p>\n\n\n\n<h2 class=\"wp-block-heading\">Acepte el reto al igual que un Master of the Quaich<\/h2>\n\n\n\n<p>El t\u00edtulo de \u00abMaster of the Quaich\u00bb honra a una persona que ha contribuido, con sus escritos, conferencias o trabajo, al desarrollo de la industria del whisky. Dos autores de <a href=\"https:\/\/www.lenez.com\/es\/coffret\/espirituosos\/le-nez-du-whisky-54-aromas\/\"><em>Le Nez du Whisky \u2013 54 aromas<\/em><\/a>, Martine Nouet y Charles MacLean, fueron galardonados con esta prestigiosa distinci\u00f3n.<\/p>\n\n\n\n<p>El tipo de preguntas a las que pueden responder estos expertos en degustaci\u00f3n:<\/p>\n\n\n\n<ul class=\"wp-block-list\">\n<li>Pregunta n.\u00ba 1 : Aqu\u00ed tiene cuatro whiskies para catar a ciegas (sin mirar la etiqueta). Provienen de una u otra de estas seis regiones o pa\u00edses: Tierras Altas de Escocia (Highlands), isla de Islay<br\/>(Escocia), Irlanda, Jap\u00f3n, Kentucky (Estados Unidos) e India. Relacione cada whisky con su regi\u00f3n de origen. Atenci\u00f3n: un mismo origen puede aparecer varias veces.<\/li>\n\n\n\n<li>Pregunta n.\u00ba 2 : Aqu\u00ed tiene cuatro whiskies envejecidos en barricas diferentes: barrica de bourbon, barrica de jerez, barrica de oporto o barrica de roble americano nuevo (tostado). Relacione cada copa con un tipo de barrica bas\u00e1ndose en los aromas que perciba: vainilla, frutos rojos, especias, nuez, caramelo, madera tostada&#8230;<\/li>\n\n\n\n<li>Pregunta n.\u00ba 3 : Aqu\u00ed tiene tres whiskies de Islay. De cada uno emana un aroma a turba cada vez m\u00e1s pronunciado: bajo, medio, muy fuerte. Clasif\u00edquelos en orden creciente de intensidad. Bonus: encuentre las destiler\u00edas de origen entre estas: Laphroaig, Caol Ila, Bunnahabhain y<br\/>Ardbeg.<\/li>\n\n\n\n<li>Question n\u00b04 : Un whisky est servi \u00e0 l\u2019aveugle. Sont identifi\u00e9s un ou plusieurs de ces \u00e9l\u00e9ments distinctifs&nbsp;: forte salinit\u00e9, notes m\u00e9dicinales (iode, h\u00f4pital, caoutchouc), fum\u00e9e dense et tourbe humide, 48 % vol., vieillissement partiel en f\u00fbt de sherry. Parmi ces quatre distilleries, laquelle est la plus probable&nbsp;? \n<ul class=\"wp-block-list\">\n<li>a) Glenfiddich<\/li>\n\n\n\n<li>b) Ardbeg<\/li>\n\n\n\n<li>c) Yamazaki<\/li>\n\n\n\n<li>d) Bushmills<\/li>\n<\/ul>\n<\/li>\n<\/ul>\n\n\n\n<p>Intente repetir estas catas, adaptando las regiones seg\u00fan su presupuesto. Sean cuales sean las botellas que elija, observar\u00e1 la importancia de Le Nez du Whisky para percibir un car\u00e1cter t\u00edpico.<\/p>\n<\/div>\n<\/div>\n","protected":false},"excerpt":{"rendered":"<p>Gu\u00eda de uso &#8211; Le Nez du Whisky Entrene su olfato Seleccione un frasco al azar, sin consultar el nombre del aroma. Huela el frasco y\/o el tap\u00f3n. \u00bfDetecta usted un olor, pero no lo reconoce? No es tan f\u00e1cil. Deje que surjan las evocaciones que crucen su mente, los recuerdos m\u00e1s o menos antiguos, [&hellip;]<\/p>\n","protected":false},"author":1,"featured_media":0,"parent":0,"menu_order":0,"comment_status":"closed","ping_status":"closed","template":"","meta":{"_acf_changed":false,"footnotes":""},"class_list":["post-4483","page","type-page","status-publish","hentry"],"acf":[],"yoast_head":"<!-- This site is optimized with the Yoast SEO plugin v27.4 - https:\/\/yoast.com\/product\/yoast-seo-wordpress\/ -->\n<title>Gu\u00eda de uso - Le Nez du Whisky - Le Nez du Vin<\/title>\n<meta name=\"robots\" content=\"index, follow, max-snippet:-1, max-image-preview:large, max-video-preview:-1\" \/>\n<link rel=\"canonical\" href=\"https:\/\/www.lenez.com\/es\/guia-de-uso-le-nez-du-whisky\/\" \/>\n<meta property=\"og:locale\" content=\"es_ES\" \/>\n<meta property=\"og:type\" content=\"article\" \/>\n<meta property=\"og:title\" content=\"Gu\u00eda de uso - Le Nez du Whisky - Le Nez du Vin\" \/>\n<meta property=\"og:description\" content=\"Gu\u00eda de uso &#8211; Le Nez du Whisky Entrene su olfato Seleccione un frasco al azar, sin consultar el nombre del aroma. Huela el frasco y\/o el tap\u00f3n. \u00bfDetecta usted un olor, pero no lo reconoce? No es tan f\u00e1cil. Deje que surjan las evocaciones que crucen su mente, los recuerdos m\u00e1s o menos antiguos, [&hellip;]\" \/>\n<meta property=\"og:url\" content=\"https:\/\/www.lenez.com\/es\/guia-de-uso-le-nez-du-whisky\/\" \/>\n<meta property=\"og:site_name\" content=\"Le Nez du Vin\" \/>\n<meta property=\"article:modified_time\" content=\"2025-10-21T12:09:47+00:00\" \/>\n<meta name=\"twitter:card\" content=\"summary_large_image\" \/>\n<meta name=\"twitter:label1\" content=\"Tiempo de lectura\" \/>\n\t<meta name=\"twitter:data1\" content=\"3 minuto\" \/>\n<script type=\"application\/ld+json\" class=\"yoast-schema-graph\">{\"@context\":\"https:\\\/\\\/schema.org\",\"@graph\":[{\"@type\":\"WebPage\",\"@id\":\"https:\\\/\\\/www.lenez.com\\\/es\\\/guia-de-uso-le-nez-du-whisky\\\/\",\"url\":\"https:\\\/\\\/www.lenez.com\\\/es\\\/guia-de-uso-le-nez-du-whisky\\\/\",\"name\":\"Gu\u00eda de uso - Le Nez du Whisky - Le Nez du Vin\",\"isPartOf\":{\"@id\":\"https:\\\/\\\/www.lenez.com\\\/en\\\/#website\"},\"datePublished\":\"2025-06-04T16:00:20+00:00\",\"dateModified\":\"2025-10-21T12:09:47+00:00\",\"breadcrumb\":{\"@id\":\"https:\\\/\\\/www.lenez.com\\\/es\\\/guia-de-uso-le-nez-du-whisky\\\/#breadcrumb\"},\"inLanguage\":\"es\",\"potentialAction\":[{\"@type\":\"ReadAction\",\"target\":[\"https:\\\/\\\/www.lenez.com\\\/es\\\/guia-de-uso-le-nez-du-whisky\\\/\"]}]},{\"@type\":\"BreadcrumbList\",\"@id\":\"https:\\\/\\\/www.lenez.com\\\/es\\\/guia-de-uso-le-nez-du-whisky\\\/#breadcrumb\",\"itemListElement\":[{\"@type\":\"ListItem\",\"position\":1,\"name\":\"Accueil\",\"item\":\"https:\\\/\\\/www.lenez.com\\\/\"},{\"@type\":\"ListItem\",\"position\":2,\"name\":\"Olfactorium\",\"item\":\"https:\\\/\\\/www.lenez.com\\\/es\\\/olfactorium\\\/\"},{\"@type\":\"ListItem\",\"position\":3,\"name\":\"Gu\u00eda de uso &#8211; Le Nez du Whisky\"}]},{\"@type\":\"WebSite\",\"@id\":\"https:\\\/\\\/www.lenez.com\\\/en\\\/#website\",\"url\":\"https:\\\/\\\/www.lenez.com\\\/en\\\/\",\"name\":\"Le Nez du Vin\",\"description\":\"Site officiel des marques Le Nez du Vin, Le Nez du Caf\u00e9 et Le Nez du Whisky\",\"publisher\":{\"@id\":\"https:\\\/\\\/www.lenez.com\\\/en\\\/#organization\"},\"potentialAction\":[{\"@type\":\"SearchAction\",\"target\":{\"@type\":\"EntryPoint\",\"urlTemplate\":\"https:\\\/\\\/www.lenez.com\\\/en\\\/?s={search_term_string}\"},\"query-input\":{\"@type\":\"PropertyValueSpecification\",\"valueRequired\":true,\"valueName\":\"search_term_string\"}}],\"inLanguage\":\"es\"},{\"@type\":\"Organization\",\"@id\":\"https:\\\/\\\/www.lenez.com\\\/en\\\/#organization\",\"name\":\"Le Nez du Vin\",\"url\":\"https:\\\/\\\/www.lenez.com\\\/en\\\/\",\"logo\":{\"@type\":\"ImageObject\",\"inLanguage\":\"es\",\"@id\":\"https:\\\/\\\/www.lenez.com\\\/en\\\/#\\\/schema\\\/logo\\\/image\\\/\",\"url\":\"https:\\\/\\\/www.lenez.com\\\/wp-content\\\/uploads\\\/2025\\\/05\\\/EJL_LOGO_2019.jpg\",\"contentUrl\":\"https:\\\/\\\/www.lenez.com\\\/wp-content\\\/uploads\\\/2025\\\/05\\\/EJL_LOGO_2019.jpg\",\"width\":2362,\"height\":2362,\"caption\":\"Le Nez du Vin\"},\"image\":{\"@id\":\"https:\\\/\\\/www.lenez.com\\\/en\\\/#\\\/schema\\\/logo\\\/image\\\/\"}}]}<\/script>\n<!-- \/ Yoast SEO plugin. -->","yoast_head_json":{"title":"Gu\u00eda de uso - Le Nez du Whisky - Le Nez du Vin","robots":{"index":"index","follow":"follow","max-snippet":"max-snippet:-1","max-image-preview":"max-image-preview:large","max-video-preview":"max-video-preview:-1"},"canonical":"https:\/\/www.lenez.com\/es\/guia-de-uso-le-nez-du-whisky\/","og_locale":"es_ES","og_type":"article","og_title":"Gu\u00eda de uso - Le Nez du Whisky - Le Nez du Vin","og_description":"Gu\u00eda de uso &#8211; Le Nez du Whisky Entrene su olfato Seleccione un frasco al azar, sin consultar el nombre del aroma. Huela el frasco y\/o el tap\u00f3n. \u00bfDetecta usted un olor, pero no lo reconoce? No es tan f\u00e1cil. Deje que surjan las evocaciones que crucen su mente, los recuerdos m\u00e1s o menos antiguos, [&hellip;]","og_url":"https:\/\/www.lenez.com\/es\/guia-de-uso-le-nez-du-whisky\/","og_site_name":"Le Nez du Vin","article_modified_time":"2025-10-21T12:09:47+00:00","twitter_card":"summary_large_image","twitter_misc":{"Tiempo de lectura":"3 minuto"},"schema":{"@context":"https:\/\/schema.org","@graph":[{"@type":"WebPage","@id":"https:\/\/www.lenez.com\/es\/guia-de-uso-le-nez-du-whisky\/","url":"https:\/\/www.lenez.com\/es\/guia-de-uso-le-nez-du-whisky\/","name":"Gu\u00eda de uso - Le Nez du Whisky - Le Nez du Vin","isPartOf":{"@id":"https:\/\/www.lenez.com\/en\/#website"},"datePublished":"2025-06-04T16:00:20+00:00","dateModified":"2025-10-21T12:09:47+00:00","breadcrumb":{"@id":"https:\/\/www.lenez.com\/es\/guia-de-uso-le-nez-du-whisky\/#breadcrumb"},"inLanguage":"es","potentialAction":[{"@type":"ReadAction","target":["https:\/\/www.lenez.com\/es\/guia-de-uso-le-nez-du-whisky\/"]}]},{"@type":"BreadcrumbList","@id":"https:\/\/www.lenez.com\/es\/guia-de-uso-le-nez-du-whisky\/#breadcrumb","itemListElement":[{"@type":"ListItem","position":1,"name":"Accueil","item":"https:\/\/www.lenez.com\/"},{"@type":"ListItem","position":2,"name":"Olfactorium","item":"https:\/\/www.lenez.com\/es\/olfactorium\/"},{"@type":"ListItem","position":3,"name":"Gu\u00eda de uso &#8211; Le Nez du Whisky"}]},{"@type":"WebSite","@id":"https:\/\/www.lenez.com\/en\/#website","url":"https:\/\/www.lenez.com\/en\/","name":"Le Nez du Vin","description":"Site officiel des marques Le Nez du Vin, Le Nez du Caf\u00e9 et Le Nez du Whisky","publisher":{"@id":"https:\/\/www.lenez.com\/en\/#organization"},"potentialAction":[{"@type":"SearchAction","target":{"@type":"EntryPoint","urlTemplate":"https:\/\/www.lenez.com\/en\/?s={search_term_string}"},"query-input":{"@type":"PropertyValueSpecification","valueRequired":true,"valueName":"search_term_string"}}],"inLanguage":"es"},{"@type":"Organization","@id":"https:\/\/www.lenez.com\/en\/#organization","name":"Le Nez du Vin","url":"https:\/\/www.lenez.com\/en\/","logo":{"@type":"ImageObject","inLanguage":"es","@id":"https:\/\/www.lenez.com\/en\/#\/schema\/logo\/image\/","url":"https:\/\/www.lenez.com\/wp-content\/uploads\/2025\/05\/EJL_LOGO_2019.jpg","contentUrl":"https:\/\/www.lenez.com\/wp-content\/uploads\/2025\/05\/EJL_LOGO_2019.jpg","width":2362,"height":2362,"caption":"Le Nez du Vin"},"image":{"@id":"https:\/\/www.lenez.com\/en\/#\/schema\/logo\/image\/"}}]}},"_links":{"self":[{"href":"https:\/\/www.lenez.com\/es\/wp-json\/wp\/v2\/pages\/4483","targetHints":{"allow":["GET"]}}],"collection":[{"href":"https:\/\/www.lenez.com\/es\/wp-json\/wp\/v2\/pages"}],"about":[{"href":"https:\/\/www.lenez.com\/es\/wp-json\/wp\/v2\/types\/page"}],"author":[{"embeddable":true,"href":"https:\/\/www.lenez.com\/es\/wp-json\/wp\/v2\/users\/1"}],"replies":[{"embeddable":true,"href":"https:\/\/www.lenez.com\/es\/wp-json\/wp\/v2\/comments?post=4483"}],"version-history":[{"count":11,"href":"https:\/\/www.lenez.com\/es\/wp-json\/wp\/v2\/pages\/4483\/revisions"}],"predecessor-version":[{"id":6989,"href":"https:\/\/www.lenez.com\/es\/wp-json\/wp\/v2\/pages\/4483\/revisions\/6989"}],"wp:attachment":[{"href":"https:\/\/www.lenez.com\/es\/wp-json\/wp\/v2\/media?parent=4483"}],"curies":[{"name":"wp","href":"https:\/\/api.w.org\/{rel}","templated":true}]}}