{"id":4520,"date":"2025-01-30T04:33:45","date_gmt":"2025-01-30T03:33:45","guid":{"rendered":"https:\/\/shop.lenez.com\/fabricacion-francesa\/"},"modified":"2025-10-21T10:38:20","modified_gmt":"2025-10-21T08:38:20","slug":"fabricacion-francesa","status":"publish","type":"page","link":"https:\/\/www.lenez.com\/es\/fabricacion-francesa\/","title":{"rendered":"Fabricaci\u00f3n francesa"},"content":{"rendered":"\n<div class=\"container-fluid\">\n<div class=\"banner\" style=\"background: url('https:\/\/www.lenez.com\/wp-content\/uploads\/2025\/07\/9_20250717-RBassenne-EditionsJeanLenoir-1713-1.jpg'); background-size: cover; background-position: center;\" data-darkreader-inline-bgcolor=\"\">\n<div class=\"content-inn\">\n<div class=\"text-container\">\n<h1 class=\"h2 gtdjdvJjks\" style=\"background-image: url('https:\/\/www.lenez.com\/wp-content\/uploads\/2025\/07\/9_20250717-RBassenne-EditionsJeanLenoir-1713-1.jpg'); -webkit-background-clip: text; background-clip: text; -webkit-text-fill-color: transparent; background-position: bottom; background-repeat: no-repeat; background-size: cover;\">Fabricaci\u00f3n francesa<\/h1>\n<\/div><br\/><\/div><br\/><\/div><br\/><\/div><br\/>\n\n<div style=\"height:50px\" aria-hidden=\"true\" class=\"wp-block-spacer\"><\/div>\n\n<div class=\"wp-block-media-text has-media-on-the-right is-stacked-on-mobile team-member animate__animated animate__fadeInUp\" style=\"grid-template-columns:auto 35%\"><div class=\"wp-block-media-text__content\">\n<h2 class=\"wp-block-heading\" id=\"p0\">Cofres made in France<\/h2>\n\n\n\n<div class=\"wp-block-buttons lire_plus_btn is-layout-flex wp-block-buttons-is-layout-flex\">\n<div class=\"wp-block-button custom-btn team-read-more-btn\"><a class=\"wp-block-button__link wp-element-button\">Leer m\u00e1s<\/a><\/div>\n<\/div>\n\n\n\n<p>Las obras de Editions Jean Lenoir se fabrican en Francia con una atenci\u00f3n al detalle y un nivel de exigencia en la calidad que las han hecho famosas desde 1981.<\/p>\n\n\n\n<p>Tanto para los cristales como para la papeler\u00eda, la serigraf\u00eda o la impresi\u00f3n, nos basamos en el savoir-faire de artesanos de gran talento distribuidos por toda Francia. Estos componentes se ensamblan a mano en el taller de Cassis, en la Provenza.<\/p>\n\n\n\n<p>Cada obra \u00abLe Nez..\u00bb (La Nariz&#8230;) nace a un paso del mar, en un lugar moderno enclavado en las colinas donde los pinares se mezclan con los vi\u00f1edos. Un entorno natural excepcional que sin duda inspira a los miembros <a href=\"https:\/\/www.lenez.com\/es\/el-equipo\/\">del equipo<\/a>, la mayor\u00eda de los cuales llevan mucho tiempo en esta empresa familiar.<\/p>\n\n\n\n<p>Desde este peque\u00f1o puerto pesquero mediterr\u00e1neo, las obras se env\u00edan a m\u00e1s de 70 pa\u00edses para desembarcar en las manos y en la nariz de personas de todo el mundo.<\/p>\n<\/div><figure class=\"wp-block-media-text__media\"><img loading=\"lazy\" decoding=\"async\" width=\"1024\" height=\"683\" src=\"https:\/\/www.lenez.com\/wp-content\/uploads\/2025\/07\/19_20250716-RBassenne-EditionsJeanLenoir-0446-1024x683.jpg\" alt=\"19 20250716 RBassenne EditionsJeanLenoir 0446\" class=\"wp-image-5216 size-full\" srcset=\"https:\/\/www.lenez.com\/wp-content\/uploads\/2025\/07\/19_20250716-RBassenne-EditionsJeanLenoir-0446-1024x683.jpg 1024w, https:\/\/www.lenez.com\/wp-content\/uploads\/2025\/07\/19_20250716-RBassenne-EditionsJeanLenoir-0446-800x534.jpg 800w, https:\/\/www.lenez.com\/wp-content\/uploads\/2025\/07\/19_20250716-RBassenne-EditionsJeanLenoir-0446-768x512.jpg 768w, https:\/\/www.lenez.com\/wp-content\/uploads\/2025\/07\/19_20250716-RBassenne-EditionsJeanLenoir-0446-1536x1025.jpg 1536w, https:\/\/www.lenez.com\/wp-content\/uploads\/2025\/07\/19_20250716-RBassenne-EditionsJeanLenoir-0446-1000x667.jpg 1000w\" sizes=\"auto, (max-width: 1024px) 100vw, 1024px\" \/><\/figure><\/div>\n\n<div class=\"wp-block-media-text is-stacked-on-mobile team-member animate__animated animate__fadeInUp\" style=\"grid-template-columns:35% auto\"><figure class=\"wp-block-media-text__media\"><img decoding=\"async\" src=\"https:\/\/www.lenez.com\/wp-content\/uploads\/2025\/07\/test-premiere-photo-acceuil-1024x683-1.jpg\" alt=\"test premiere photo acceuil 1024x683\" class=\"wp-image-4029 size-full\"\/><\/figure><div class=\"wp-block-media-text__content\">\n<h2 class=\"wp-block-heading\" id=\"p1\">Aromas \u00abcaseros\u00bb<\/h2>\n\n\n\n<div class=\"wp-block-buttons lire_plus_btn is-layout-flex wp-block-buttons-is-layout-flex\">\n<div class=\"wp-block-button custom-btn team-read-more-btn\"><a class=\"wp-block-button__link wp-element-button\">Leer m\u00e1s<\/a><\/div>\n<\/div>\n\n\n\n<p>En Cassis, en un laboratorio de \u00faltima generaci\u00f3n, se elaboran diariamente las creaciones arom\u00e1ticas contenidas en los frascos.<\/p>\n\n\n\n<p>Fruta, flor o especia, cada aroma tiene su propia receta. Creados con la ayuda de expertas en aromas y validados por Viva Lenoir, requieren una selecci\u00f3n de compuestos, una dosificaci\u00f3n sutil y numerosas pruebas para lograr un resultado estable y de un realismo sorprendente. Tienen una longevidad garantizada de cinco a\u00f1os.<\/p>\n\n\n\n<p>Cada aroma se reconstituye tambi\u00e9n con precisi\u00f3n dependiendo de la bebida de la que procede. As\u00ed pues, el lim\u00f3n que se encuentra en <em>Le Nez du Vin<\/em> no es el mismo que el de <em>Le Nez du Whisky<\/em>, que tiene un acento m\u00e1s verde, m\u00e1s punzante y profundo, recordando a las confituras de c\u00edtricos. Del mismo modo, el aroma a avellana tostada de <em>Le Nez du Caf\u00e9<\/em> presenta un matiz amaderado que sugiere el fruto seco a la brasa, mientras que su versi\u00f3n en <em>Le Nez du Vin<\/em> recuerda a la crema de cacao y avellanas.<\/p>\n<\/div><\/div>\n\n<div class=\"wp-block-media-text has-media-on-the-right is-stacked-on-mobile team-member animate__animated animate__fadeInUp\" style=\"grid-template-columns:auto 40%\"><div class=\"wp-block-media-text__content\">\n<h2 class=\"wp-block-heading\" id=\"p1\">Piezas de dise\u00f1o<\/h2>\n\n\n\n<div class=\"wp-block-buttons lire_plus_btn is-layout-flex wp-block-buttons-is-layout-flex\">\n<div class=\"wp-block-button custom-btn team-read-more-btn\"><a class=\"wp-block-button__link wp-element-button\">Leer m\u00e1s<\/a><\/div>\n<\/div>\n\n\n\n<p>Las obras de Editions Jean Lenoir ofrecen una experiencia multisensorial, transformando la relaci\u00f3n tradicional con el libro. Este enfoque no deja nada al azar. Fue en 1980 cuando el artista pl\u00e1stico Daniel Spoerri inspir\u00f3 a Jean Lenoir la creaci\u00f3n de un \u00ablibro objeto\u00bb. El creador de los c\u00e9lebres \u00abcuadros trampa\u00bb, que inmortalizan verticalmente restos de comidas, disfrutaba tanto trastocando los sentidos como estimul\u00e1ndolos, ya que abri\u00f3 varios restaurantes.<\/p>\n\n\n\n<p>Si bien Jean Lenoir eligi\u00f3 el formato enciclop\u00e9dico y el frasco de vidrio que a\u00fan hoy caracterizan a <em>Le Nez du Vin<\/em>, confi\u00f3 el dise\u00f1o de cada colecci\u00f3n a reconocidos dise\u00f1adores gr\u00e1ficos.<\/p>\n\n\n\n<p>En 2006, <a href=\"https:\/\/terbekke-behage.com\/\">los dise\u00f1adores Bekke &amp; Behage<\/a>\u00a0crean una nueva y vibrante imagen para la colecci\u00f3n completa de Le Nez du Vin que celebra su 25.\u00ba aniversario. En 2013, el d\u00fao de dise\u00f1adores gr\u00e1ficos neerlandeses afincados en Par\u00eds traduce en materia y forma la igualmente rica personalidad arom\u00e1tica de los whiskies. Le Nez du Whisky gan\u00f3 en 2014 el primer premio en la categor\u00eda \u00abEdici\u00f3n\u00bb de la 10.\u00aa Noche de los Trofeos de la Imprenta Francesa.<\/p>\n\n\n\n<p>Viva Lenoir mantiene la misma apuesta por un dise\u00f1o contempor\u00e1neo. <a href=\"https:\/\/www.atelier-marge.com\/\">Marge Design<\/a> firma la creaci\u00f3n de <a href=\"https:\/\/www.lenez.com\/es\/coffret\/cafe\/le-nez-du-cafe-60-aromas\/\"><em>Le Nez du Caf\u00e9<\/em> 60 aromas<\/a>, publicado en<br\/>2025. Para esta nueva edici\u00f3n, este estudio de dise\u00f1o gr\u00e1fico parisino opta por distribuir los 60 aromas en tres cofres independientes, agrupados en una caja ligera y transportable. Con su cuaderno explicativo en forma de diario de viaje, el dispositivo, dise\u00f1ado para ser f\u00e1cil de manipular, evoca el material de la pintura \u00abal aire libre\u00bb, ejecutada fuera del estudio.<\/p>\n\n\n\n<p> <\/p>\n<\/div><figure class=\"wp-block-media-text__media\"><img loading=\"lazy\" decoding=\"async\" width=\"1024\" height=\"683\" src=\"https:\/\/www.lenez.com\/wp-content\/uploads\/2025\/07\/21_20250717-RBassenne-EditionsJeanLenoir-2298-1024x683.jpg\" alt=\"21 20250717 RBassenne EditionsJeanLenoir 2298\" class=\"wp-image-5221 size-full\" srcset=\"https:\/\/www.lenez.com\/wp-content\/uploads\/2025\/07\/21_20250717-RBassenne-EditionsJeanLenoir-2298-1024x683.jpg 1024w, https:\/\/www.lenez.com\/wp-content\/uploads\/2025\/07\/21_20250717-RBassenne-EditionsJeanLenoir-2298-800x534.jpg 800w, https:\/\/www.lenez.com\/wp-content\/uploads\/2025\/07\/21_20250717-RBassenne-EditionsJeanLenoir-2298-768x512.jpg 768w, https:\/\/www.lenez.com\/wp-content\/uploads\/2025\/07\/21_20250717-RBassenne-EditionsJeanLenoir-2298-1536x1024.jpg 1536w, https:\/\/www.lenez.com\/wp-content\/uploads\/2025\/07\/21_20250717-RBassenne-EditionsJeanLenoir-2298-2048x1366.jpg 2048w, https:\/\/www.lenez.com\/wp-content\/uploads\/2025\/07\/21_20250717-RBassenne-EditionsJeanLenoir-2298-1000x667.jpg 1000w\" sizes=\"auto, (max-width: 1024px) 100vw, 1024px\" \/><\/figure><\/div>\n\n<div style=\"height:50px\" aria-hidden=\"true\" class=\"wp-block-spacer\"><\/div>\n","protected":false},"excerpt":{"rendered":"<p>Fabricaci\u00f3n francesa<\/p>\n","protected":false},"author":1,"featured_media":0,"parent":0,"menu_order":0,"comment_status":"closed","ping_status":"closed","template":"","meta":{"_acf_changed":false,"footnotes":""},"class_list":["post-4520","page","type-page","status-publish","hentry"],"acf":[],"yoast_head":"<!-- This site is optimized with the Yoast SEO plugin v27.4 - https:\/\/yoast.com\/product\/yoast-seo-wordpress\/ -->\n<title>Fabricaci\u00f3n francesa - Le Nez du Vin<\/title>\n<meta name=\"description\" content=\"Descubra el vino Jean Lenoir, hecho en Francia: una experiencia aut\u00e9ntica y refinada. Procedente de los mejores terru\u00f1os franceses, este vino encarna el arte de vivir a la francesa. Perfecto para los amantes de los grandes vinos y los momentos excepcionales.\" \/>\n<meta name=\"robots\" content=\"index, follow, max-snippet:-1, max-image-preview:large, max-video-preview:-1\" \/>\n<link rel=\"canonical\" href=\"https:\/\/www.lenez.com\/es\/fabricacion-francesa\/\" \/>\n<meta property=\"og:locale\" content=\"es_ES\" \/>\n<meta property=\"og:type\" content=\"article\" \/>\n<meta property=\"og:title\" content=\"Fabricaci\u00f3n francesa - Le Nez du Vin\" \/>\n<meta property=\"og:description\" content=\"Descubra el vino Jean Lenoir, hecho en Francia: una experiencia aut\u00e9ntica y refinada. Procedente de los mejores terru\u00f1os franceses, este vino encarna el arte de vivir a la francesa. Perfecto para los amantes de los grandes vinos y los momentos excepcionales.\" \/>\n<meta property=\"og:url\" content=\"https:\/\/www.lenez.com\/es\/fabricacion-francesa\/\" \/>\n<meta property=\"og:site_name\" content=\"Le Nez du Vin\" \/>\n<meta property=\"article:modified_time\" content=\"2025-10-21T08:38:20+00:00\" \/>\n<meta property=\"og:image\" content=\"https:\/\/www.lenez.com\/wp-content\/uploads\/2025\/07\/19_20250716-RBassenne-EditionsJeanLenoir-0446-1024x683.jpg\" \/>\n\t<meta property=\"og:image:width\" content=\"1024\" \/>\n\t<meta property=\"og:image:height\" content=\"683\" \/>\n\t<meta property=\"og:image:type\" content=\"image\/jpeg\" \/>\n<meta name=\"twitter:card\" content=\"summary_large_image\" \/>\n<meta name=\"twitter:label1\" content=\"Tiempo de lectura\" \/>\n\t<meta name=\"twitter:data1\" content=\"4 minuto\" \/>\n<script type=\"application\/ld+json\" class=\"yoast-schema-graph\">{\"@context\":\"https:\\\/\\\/schema.org\",\"@graph\":[{\"@type\":\"WebPage\",\"@id\":\"https:\\\/\\\/www.lenez.com\\\/es\\\/fabricacion-francesa\\\/\",\"url\":\"https:\\\/\\\/www.lenez.com\\\/es\\\/fabricacion-francesa\\\/\",\"name\":\"Fabricaci\u00f3n francesa - Le Nez du Vin\",\"isPartOf\":{\"@id\":\"https:\\\/\\\/www.lenez.com\\\/en\\\/#website\"},\"primaryImageOfPage\":{\"@id\":\"https:\\\/\\\/www.lenez.com\\\/es\\\/fabricacion-francesa\\\/#primaryimage\"},\"image\":{\"@id\":\"https:\\\/\\\/www.lenez.com\\\/es\\\/fabricacion-francesa\\\/#primaryimage\"},\"thumbnailUrl\":\"https:\\\/\\\/www.lenez.com\\\/wp-content\\\/uploads\\\/2025\\\/07\\\/19_20250716-RBassenne-EditionsJeanLenoir-0446-1024x683.jpg\",\"datePublished\":\"2025-01-30T03:33:45+00:00\",\"dateModified\":\"2025-10-21T08:38:20+00:00\",\"description\":\"Descubra el vino Jean Lenoir, hecho en Francia: una experiencia aut\u00e9ntica y refinada. Procedente de los mejores terru\u00f1os franceses, este vino encarna el arte de vivir a la francesa. Perfecto para los amantes de los grandes vinos y los momentos excepcionales.\",\"breadcrumb\":{\"@id\":\"https:\\\/\\\/www.lenez.com\\\/es\\\/fabricacion-francesa\\\/#breadcrumb\"},\"inLanguage\":\"es\",\"potentialAction\":[{\"@type\":\"ReadAction\",\"target\":[\"https:\\\/\\\/www.lenez.com\\\/es\\\/fabricacion-francesa\\\/\"]}]},{\"@type\":\"ImageObject\",\"inLanguage\":\"es\",\"@id\":\"https:\\\/\\\/www.lenez.com\\\/es\\\/fabricacion-francesa\\\/#primaryimage\",\"url\":\"https:\\\/\\\/www.lenez.com\\\/wp-content\\\/uploads\\\/2025\\\/07\\\/19_20250716-RBassenne-EditionsJeanLenoir-0446-1024x683.jpg\",\"contentUrl\":\"https:\\\/\\\/www.lenez.com\\\/wp-content\\\/uploads\\\/2025\\\/07\\\/19_20250716-RBassenne-EditionsJeanLenoir-0446-1024x683.jpg\"},{\"@type\":\"BreadcrumbList\",\"@id\":\"https:\\\/\\\/www.lenez.com\\\/es\\\/fabricacion-francesa\\\/#breadcrumb\",\"itemListElement\":[{\"@type\":\"ListItem\",\"position\":1,\"name\":\"Accueil\",\"item\":\"https:\\\/\\\/www.lenez.com\\\/\"},{\"@type\":\"ListItem\",\"position\":2,\"name\":\"Olfactorium\",\"item\":\"https:\\\/\\\/www.lenez.com\\\/es\\\/olfactorium\\\/\"},{\"@type\":\"ListItem\",\"position\":3,\"name\":\"Fabricaci\u00f3n francesa\"}]},{\"@type\":\"WebSite\",\"@id\":\"https:\\\/\\\/www.lenez.com\\\/en\\\/#website\",\"url\":\"https:\\\/\\\/www.lenez.com\\\/en\\\/\",\"name\":\"Le Nez du Vin\",\"description\":\"Site officiel des marques Le Nez du Vin, Le Nez du Caf\u00e9 et Le Nez du Whisky\",\"publisher\":{\"@id\":\"https:\\\/\\\/www.lenez.com\\\/en\\\/#organization\"},\"potentialAction\":[{\"@type\":\"SearchAction\",\"target\":{\"@type\":\"EntryPoint\",\"urlTemplate\":\"https:\\\/\\\/www.lenez.com\\\/en\\\/?s={search_term_string}\"},\"query-input\":{\"@type\":\"PropertyValueSpecification\",\"valueRequired\":true,\"valueName\":\"search_term_string\"}}],\"inLanguage\":\"es\"},{\"@type\":\"Organization\",\"@id\":\"https:\\\/\\\/www.lenez.com\\\/en\\\/#organization\",\"name\":\"Le Nez du Vin\",\"url\":\"https:\\\/\\\/www.lenez.com\\\/en\\\/\",\"logo\":{\"@type\":\"ImageObject\",\"inLanguage\":\"es\",\"@id\":\"https:\\\/\\\/www.lenez.com\\\/en\\\/#\\\/schema\\\/logo\\\/image\\\/\",\"url\":\"https:\\\/\\\/www.lenez.com\\\/wp-content\\\/uploads\\\/2025\\\/05\\\/EJL_LOGO_2019.jpg\",\"contentUrl\":\"https:\\\/\\\/www.lenez.com\\\/wp-content\\\/uploads\\\/2025\\\/05\\\/EJL_LOGO_2019.jpg\",\"width\":2362,\"height\":2362,\"caption\":\"Le Nez du Vin\"},\"image\":{\"@id\":\"https:\\\/\\\/www.lenez.com\\\/en\\\/#\\\/schema\\\/logo\\\/image\\\/\"}}]}<\/script>\n<!-- \/ Yoast SEO plugin. -->","yoast_head_json":{"title":"Fabricaci\u00f3n francesa - Le Nez du Vin","description":"Descubra el vino Jean Lenoir, hecho en Francia: una experiencia aut\u00e9ntica y refinada. Procedente de los mejores terru\u00f1os franceses, este vino encarna el arte de vivir a la francesa. Perfecto para los amantes de los grandes vinos y los momentos excepcionales.","robots":{"index":"index","follow":"follow","max-snippet":"max-snippet:-1","max-image-preview":"max-image-preview:large","max-video-preview":"max-video-preview:-1"},"canonical":"https:\/\/www.lenez.com\/es\/fabricacion-francesa\/","og_locale":"es_ES","og_type":"article","og_title":"Fabricaci\u00f3n francesa - Le Nez du Vin","og_description":"Descubra el vino Jean Lenoir, hecho en Francia: una experiencia aut\u00e9ntica y refinada. Procedente de los mejores terru\u00f1os franceses, este vino encarna el arte de vivir a la francesa. Perfecto para los amantes de los grandes vinos y los momentos excepcionales.","og_url":"https:\/\/www.lenez.com\/es\/fabricacion-francesa\/","og_site_name":"Le Nez du Vin","article_modified_time":"2025-10-21T08:38:20+00:00","og_image":[{"width":1024,"height":683,"url":"https:\/\/www.lenez.com\/wp-content\/uploads\/2025\/07\/19_20250716-RBassenne-EditionsJeanLenoir-0446-1024x683.jpg","type":"image\/jpeg"}],"twitter_card":"summary_large_image","twitter_misc":{"Tiempo de lectura":"4 minuto"},"schema":{"@context":"https:\/\/schema.org","@graph":[{"@type":"WebPage","@id":"https:\/\/www.lenez.com\/es\/fabricacion-francesa\/","url":"https:\/\/www.lenez.com\/es\/fabricacion-francesa\/","name":"Fabricaci\u00f3n francesa - Le Nez du Vin","isPartOf":{"@id":"https:\/\/www.lenez.com\/en\/#website"},"primaryImageOfPage":{"@id":"https:\/\/www.lenez.com\/es\/fabricacion-francesa\/#primaryimage"},"image":{"@id":"https:\/\/www.lenez.com\/es\/fabricacion-francesa\/#primaryimage"},"thumbnailUrl":"https:\/\/www.lenez.com\/wp-content\/uploads\/2025\/07\/19_20250716-RBassenne-EditionsJeanLenoir-0446-1024x683.jpg","datePublished":"2025-01-30T03:33:45+00:00","dateModified":"2025-10-21T08:38:20+00:00","description":"Descubra el vino Jean Lenoir, hecho en Francia: una experiencia aut\u00e9ntica y refinada. Procedente de los mejores terru\u00f1os franceses, este vino encarna el arte de vivir a la francesa. Perfecto para los amantes de los grandes vinos y los momentos excepcionales.","breadcrumb":{"@id":"https:\/\/www.lenez.com\/es\/fabricacion-francesa\/#breadcrumb"},"inLanguage":"es","potentialAction":[{"@type":"ReadAction","target":["https:\/\/www.lenez.com\/es\/fabricacion-francesa\/"]}]},{"@type":"ImageObject","inLanguage":"es","@id":"https:\/\/www.lenez.com\/es\/fabricacion-francesa\/#primaryimage","url":"https:\/\/www.lenez.com\/wp-content\/uploads\/2025\/07\/19_20250716-RBassenne-EditionsJeanLenoir-0446-1024x683.jpg","contentUrl":"https:\/\/www.lenez.com\/wp-content\/uploads\/2025\/07\/19_20250716-RBassenne-EditionsJeanLenoir-0446-1024x683.jpg"},{"@type":"BreadcrumbList","@id":"https:\/\/www.lenez.com\/es\/fabricacion-francesa\/#breadcrumb","itemListElement":[{"@type":"ListItem","position":1,"name":"Accueil","item":"https:\/\/www.lenez.com\/"},{"@type":"ListItem","position":2,"name":"Olfactorium","item":"https:\/\/www.lenez.com\/es\/olfactorium\/"},{"@type":"ListItem","position":3,"name":"Fabricaci\u00f3n francesa"}]},{"@type":"WebSite","@id":"https:\/\/www.lenez.com\/en\/#website","url":"https:\/\/www.lenez.com\/en\/","name":"Le Nez du Vin","description":"Site officiel des marques Le Nez du Vin, Le Nez du Caf\u00e9 et Le Nez du Whisky","publisher":{"@id":"https:\/\/www.lenez.com\/en\/#organization"},"potentialAction":[{"@type":"SearchAction","target":{"@type":"EntryPoint","urlTemplate":"https:\/\/www.lenez.com\/en\/?s={search_term_string}"},"query-input":{"@type":"PropertyValueSpecification","valueRequired":true,"valueName":"search_term_string"}}],"inLanguage":"es"},{"@type":"Organization","@id":"https:\/\/www.lenez.com\/en\/#organization","name":"Le Nez du Vin","url":"https:\/\/www.lenez.com\/en\/","logo":{"@type":"ImageObject","inLanguage":"es","@id":"https:\/\/www.lenez.com\/en\/#\/schema\/logo\/image\/","url":"https:\/\/www.lenez.com\/wp-content\/uploads\/2025\/05\/EJL_LOGO_2019.jpg","contentUrl":"https:\/\/www.lenez.com\/wp-content\/uploads\/2025\/05\/EJL_LOGO_2019.jpg","width":2362,"height":2362,"caption":"Le Nez du Vin"},"image":{"@id":"https:\/\/www.lenez.com\/en\/#\/schema\/logo\/image\/"}}]}},"_links":{"self":[{"href":"https:\/\/www.lenez.com\/es\/wp-json\/wp\/v2\/pages\/4520","targetHints":{"allow":["GET"]}}],"collection":[{"href":"https:\/\/www.lenez.com\/es\/wp-json\/wp\/v2\/pages"}],"about":[{"href":"https:\/\/www.lenez.com\/es\/wp-json\/wp\/v2\/types\/page"}],"author":[{"embeddable":true,"href":"https:\/\/www.lenez.com\/es\/wp-json\/wp\/v2\/users\/1"}],"replies":[{"embeddable":true,"href":"https:\/\/www.lenez.com\/es\/wp-json\/wp\/v2\/comments?post=4520"}],"version-history":[{"count":17,"href":"https:\/\/www.lenez.com\/es\/wp-json\/wp\/v2\/pages\/4520\/revisions"}],"predecessor-version":[{"id":6924,"href":"https:\/\/www.lenez.com\/es\/wp-json\/wp\/v2\/pages\/4520\/revisions\/6924"}],"wp:attachment":[{"href":"https:\/\/www.lenez.com\/es\/wp-json\/wp\/v2\/media?parent=4520"}],"curies":[{"name":"wp","href":"https:\/\/api.w.org\/{rel}","templated":true}]}}