{"id":4588,"date":"2025-01-13T18:14:43","date_gmt":"2025-01-13T17:14:43","guid":{"rendered":"https:\/\/shop.lenez.com\/aviso-legal\/"},"modified":"2025-10-21T11:29:05","modified_gmt":"2025-10-21T09:29:05","slug":"aviso-legal","status":"publish","type":"page","link":"https:\/\/www.lenez.com\/es\/aviso-legal\/","title":{"rendered":"Aviso Legal"},"content":{"rendered":"\n<div style=\"height:50px\" aria-hidden=\"true\" class=\"wp-block-spacer\"><\/div>\n\n<h1 class=\"wp-block-heading\">Aviso legal<\/h1>\n\n<p><strong>Fecha de actualizaci\u00f3n: septiembre de 2025<\/strong><\/p>\n\n<p><strong>Editor del sitio web<\/strong><br\/>\u00c9ditions Jean Lenoir  <br\/>1600 chemin du plan d\u2019olive  <br\/>13260 Cassis \u2013 Francia  <br\/>Tel.: +33 (0)4 42 73 59 55  <br\/>Correo electr\u00f3nico: communication@lenez.com  <br\/>Empresa con un capital social de 78.770 \u20ac  <br\/>Registro Mercantil de Marsella \u2013 n.\u00ba 327 763 959 00043  <br\/>N.\u00ba de IVA intracomunitario: FR76 327 763 959  <br\/>Directora de la publicaci\u00f3n: Marie-Viva Lenoir \u2013 presidenta directora general<\/p>\n\n<p><strong>Alojamiento del sitio web<\/strong><br\/>OVH \u2013 SAS con un capital social de 10 millones de euros<\/p>\n\n<p>2 rue Kellerman, 59100 Roubaix  <br\/>Registro Mercantil de Roubaix-Tourcoing B424 761 419  <br\/>Tel\u00e9fono: 1007<\/p>\n\n<p><strong>Propiedad intelectual<\/strong><br\/>Todo el contenido del sitio web (textos, im\u00e1genes, gr\u00e1ficos, logotipo, iconos, v\u00eddeos, sonidos, software, etc.) es propiedad exclusiva de \u00c9ditions Jean Lenoir o de sus socios y est\u00e1 protegido por el derecho de autor y la legislaci\u00f3n sobre propiedad intelectual.<br\/>Queda prohibida cualquier reproducci\u00f3n, representaci\u00f3n, modificaci\u00f3n, publicaci\u00f3n, transmisi\u00f3n o alteraci\u00f3n, total o parcial, del sitio o de su contenido, por cualquier medio y en cualquier soporte, sin la autorizaci\u00f3n previa por escrito del editor.<\/p>\n\n<p><strong>Protecci\u00f3n de datos personales<\/strong><br\/>De conformidad con el Reglamento General de Protecci\u00f3n de Datos (RGPD) y la Ley de Protecci\u00f3n de Datos espa\u00f1ola, los datos recogidos en este sitio est\u00e1n destinados exclusivamente al uso de \u00c9ditions Jean Lenoir.<br\/>Usted dispone de los derechos de acceso, rectificaci\u00f3n, supresi\u00f3n, oposici\u00f3n y portabilidad de sus datos personales.<br\/>Para ejercerlos, cont\u00e1ctenos en: communication@lenez.com.<br\/>En caso de litigio, puede dirigirse a la autoridad de control competente (www.cnil.fr).<\/p>\n\n<p><strong>Pol\u00edtica de privacidad y eliminaci\u00f3n de datos del usuario<br\/><\/strong><br\/>Recopilamos sus datos de perfil p\u00fablico \u00fanicamente con su consentimiento, que usted otorga antes de iniciar la conexi\u00f3n social desde la red social utilizada para acceder a nuestro sitio. Estos datos incluyen su nombre, apellidos, direcci\u00f3n de correo electr\u00f3nico, enlace a su perfil social, un identificador \u00fanico, el enlace al avatar de su perfil social o el propio avatar en el caso de una conexi\u00f3n a trav\u00e9s de Facebook o LinkedIn. Estos datos se utilizan para crear su perfil de usuario en nuestro sitio web. Puede revocar este consentimiento en cualquier momento desde la p\u00e1gina de su perfil en nuestro sitio o envi\u00e1ndonos un correo electr\u00f3nico.<\/p>\n\n<p><strong>Cookies<\/strong><br\/>El sitio web puede utilizar cookies y rastreadores con fines de medici\u00f3n de audiencia, personalizaci\u00f3n de contenido o publicidad.<br\/>Durante su primera visita, un banner informativo le permite aceptar o rechazar estas cookies. Puede modificar sus preferencias en cualquier momento a trav\u00e9s del [enlace para la gesti\u00f3n de cookies].<\/p>\n\n<p><strong>Responsabilidad<\/strong><br\/>\u00c9ditions Jean Lenoir se esfuerza por proporcionar informaci\u00f3n precisa y actualizada en el sitio web, pero no se hace responsable de los errores, omisiones o posibles indisponibilidades.<br\/>El usuario reconoce que utiliza esta informaci\u00f3n bajo su exclusiva responsabilidad.<\/p>\n\n<p><strong>Legislaci\u00f3n aplicable y jurisdicci\u00f3n competente<\/strong><br\/>El presente aviso legal se rige por la legislaci\u00f3n francesa. Cualquier litigio relacionado con su interpretaci\u00f3n o ejecuci\u00f3n ser\u00e1 competencia de los tribunales competentes de Marsella.<\/p>\n\n<p><strong>Sitio web creado por <\/strong>:<\/p>\n\n<ul class=\"wp-block-list\">\n<li>Search-Factory &#8211; <a href=\"https:\/\/www.search-factory.fr\/\">www.search-factory.fr<\/a><\/li>\n<\/ul>\n","protected":false},"excerpt":{"rendered":"<p>Aviso legal Fecha de actualizaci\u00f3n: septiembre de 2025 Editor del sitio web\u00c9ditions Jean Lenoir 1600 chemin du plan d\u2019olive 13260 Cassis \u2013 Francia Tel.: +33 (0)4 42 73 59 55 Correo electr\u00f3nico: communication@lenez.com Empresa con un capital social de 78.770 \u20ac Registro Mercantil de Marsella \u2013 n.\u00ba 327 763 959 00043 N.\u00ba de IVA intracomunitario: [&hellip;]<\/p>\n","protected":false},"author":1,"featured_media":0,"parent":0,"menu_order":0,"comment_status":"closed","ping_status":"closed","template":"","meta":{"_acf_changed":false,"footnotes":""},"class_list":["post-4588","page","type-page","status-publish","hentry"],"acf":[],"yoast_head":"<!-- This site is optimized with the Yoast SEO plugin v27.5 - https:\/\/yoast.com\/product\/yoast-seo-wordpress\/ -->\n<title>Aviso Legal - Le Nez du Vin<\/title>\n<meta name=\"robots\" content=\"index, follow, max-snippet:-1, max-image-preview:large, max-video-preview:-1\" \/>\n<link rel=\"canonical\" href=\"https:\/\/www.lenez.com\/es\/aviso-legal\/\" \/>\n<meta property=\"og:locale\" content=\"es_ES\" \/>\n<meta property=\"og:type\" content=\"article\" \/>\n<meta property=\"og:title\" content=\"Aviso Legal - Le Nez du Vin\" \/>\n<meta property=\"og:description\" content=\"Aviso legal Fecha de actualizaci\u00f3n: septiembre de 2025 Editor del sitio web\u00c9ditions Jean Lenoir 1600 chemin du plan d\u2019olive 13260 Cassis \u2013 Francia Tel.: +33 (0)4 42 73 59 55 Correo electr\u00f3nico: communication@lenez.com Empresa con un capital social de 78.770 \u20ac Registro Mercantil de Marsella \u2013 n.\u00ba 327 763 959 00043 N.\u00ba de IVA intracomunitario: [&hellip;]\" \/>\n<meta property=\"og:url\" content=\"https:\/\/www.lenez.com\/es\/aviso-legal\/\" \/>\n<meta property=\"og:site_name\" content=\"Le Nez du Vin\" \/>\n<meta property=\"article:modified_time\" content=\"2025-10-21T09:29:05+00:00\" \/>\n<meta name=\"twitter:card\" content=\"summary_large_image\" \/>\n<script type=\"application\/ld+json\" class=\"yoast-schema-graph\">{\"@context\":\"https:\\\/\\\/schema.org\",\"@graph\":[{\"@type\":\"WebPage\",\"@id\":\"https:\\\/\\\/www.lenez.com\\\/es\\\/aviso-legal\\\/\",\"url\":\"https:\\\/\\\/www.lenez.com\\\/es\\\/aviso-legal\\\/\",\"name\":\"Aviso Legal - Le Nez du Vin\",\"isPartOf\":{\"@id\":\"https:\\\/\\\/www.lenez.com\\\/en\\\/#website\"},\"datePublished\":\"2025-01-13T17:14:43+00:00\",\"dateModified\":\"2025-10-21T09:29:05+00:00\",\"breadcrumb\":{\"@id\":\"https:\\\/\\\/www.lenez.com\\\/es\\\/aviso-legal\\\/#breadcrumb\"},\"inLanguage\":\"es\",\"potentialAction\":[{\"@type\":\"ReadAction\",\"target\":[\"https:\\\/\\\/www.lenez.com\\\/es\\\/aviso-legal\\\/\"]}]},{\"@type\":\"BreadcrumbList\",\"@id\":\"https:\\\/\\\/www.lenez.com\\\/es\\\/aviso-legal\\\/#breadcrumb\",\"itemListElement\":[{\"@type\":\"ListItem\",\"position\":1,\"name\":\"Accueil\",\"item\":\"https:\\\/\\\/www.lenez.com\\\/\"},{\"@type\":\"ListItem\",\"position\":2,\"name\":\"Olfactorium\",\"item\":\"https:\\\/\\\/www.lenez.com\\\/es\\\/olfactorium\\\/\"},{\"@type\":\"ListItem\",\"position\":3,\"name\":\"Aviso Legal\"}]},{\"@type\":\"WebSite\",\"@id\":\"https:\\\/\\\/www.lenez.com\\\/en\\\/#website\",\"url\":\"https:\\\/\\\/www.lenez.com\\\/en\\\/\",\"name\":\"Le Nez du Vin\",\"description\":\"Site officiel des marques Le Nez du Vin, Le Nez du Caf\u00e9 et Le Nez du Whisky\",\"publisher\":{\"@id\":\"https:\\\/\\\/www.lenez.com\\\/en\\\/#organization\"},\"potentialAction\":[{\"@type\":\"SearchAction\",\"target\":{\"@type\":\"EntryPoint\",\"urlTemplate\":\"https:\\\/\\\/www.lenez.com\\\/en\\\/?s={search_term_string}\"},\"query-input\":{\"@type\":\"PropertyValueSpecification\",\"valueRequired\":true,\"valueName\":\"search_term_string\"}}],\"inLanguage\":\"es\"},{\"@type\":\"Organization\",\"@id\":\"https:\\\/\\\/www.lenez.com\\\/en\\\/#organization\",\"name\":\"Le Nez du Vin\",\"url\":\"https:\\\/\\\/www.lenez.com\\\/en\\\/\",\"logo\":{\"@type\":\"ImageObject\",\"inLanguage\":\"es\",\"@id\":\"https:\\\/\\\/www.lenez.com\\\/en\\\/#\\\/schema\\\/logo\\\/image\\\/\",\"url\":\"https:\\\/\\\/www.lenez.com\\\/wp-content\\\/uploads\\\/2025\\\/05\\\/EJL_LOGO_2019.jpg\",\"contentUrl\":\"https:\\\/\\\/www.lenez.com\\\/wp-content\\\/uploads\\\/2025\\\/05\\\/EJL_LOGO_2019.jpg\",\"width\":2362,\"height\":2362,\"caption\":\"Le Nez du Vin\"},\"image\":{\"@id\":\"https:\\\/\\\/www.lenez.com\\\/en\\\/#\\\/schema\\\/logo\\\/image\\\/\"}}]}<\/script>\n<!-- \/ Yoast SEO plugin. -->","yoast_head_json":{"title":"Aviso Legal - Le Nez du Vin","robots":{"index":"index","follow":"follow","max-snippet":"max-snippet:-1","max-image-preview":"max-image-preview:large","max-video-preview":"max-video-preview:-1"},"canonical":"https:\/\/www.lenez.com\/es\/aviso-legal\/","og_locale":"es_ES","og_type":"article","og_title":"Aviso Legal - Le Nez du Vin","og_description":"Aviso legal Fecha de actualizaci\u00f3n: septiembre de 2025 Editor del sitio web\u00c9ditions Jean Lenoir 1600 chemin du plan d\u2019olive 13260 Cassis \u2013 Francia Tel.: +33 (0)4 42 73 59 55 Correo electr\u00f3nico: communication@lenez.com Empresa con un capital social de 78.770 \u20ac Registro Mercantil de Marsella \u2013 n.\u00ba 327 763 959 00043 N.\u00ba de IVA intracomunitario: [&hellip;]","og_url":"https:\/\/www.lenez.com\/es\/aviso-legal\/","og_site_name":"Le Nez du Vin","article_modified_time":"2025-10-21T09:29:05+00:00","twitter_card":"summary_large_image","schema":{"@context":"https:\/\/schema.org","@graph":[{"@type":"WebPage","@id":"https:\/\/www.lenez.com\/es\/aviso-legal\/","url":"https:\/\/www.lenez.com\/es\/aviso-legal\/","name":"Aviso Legal - Le Nez du Vin","isPartOf":{"@id":"https:\/\/www.lenez.com\/en\/#website"},"datePublished":"2025-01-13T17:14:43+00:00","dateModified":"2025-10-21T09:29:05+00:00","breadcrumb":{"@id":"https:\/\/www.lenez.com\/es\/aviso-legal\/#breadcrumb"},"inLanguage":"es","potentialAction":[{"@type":"ReadAction","target":["https:\/\/www.lenez.com\/es\/aviso-legal\/"]}]},{"@type":"BreadcrumbList","@id":"https:\/\/www.lenez.com\/es\/aviso-legal\/#breadcrumb","itemListElement":[{"@type":"ListItem","position":1,"name":"Accueil","item":"https:\/\/www.lenez.com\/"},{"@type":"ListItem","position":2,"name":"Olfactorium","item":"https:\/\/www.lenez.com\/es\/olfactorium\/"},{"@type":"ListItem","position":3,"name":"Aviso Legal"}]},{"@type":"WebSite","@id":"https:\/\/www.lenez.com\/en\/#website","url":"https:\/\/www.lenez.com\/en\/","name":"Le Nez du Vin","description":"Site officiel des marques Le Nez du Vin, Le Nez du Caf\u00e9 et Le Nez du Whisky","publisher":{"@id":"https:\/\/www.lenez.com\/en\/#organization"},"potentialAction":[{"@type":"SearchAction","target":{"@type":"EntryPoint","urlTemplate":"https:\/\/www.lenez.com\/en\/?s={search_term_string}"},"query-input":{"@type":"PropertyValueSpecification","valueRequired":true,"valueName":"search_term_string"}}],"inLanguage":"es"},{"@type":"Organization","@id":"https:\/\/www.lenez.com\/en\/#organization","name":"Le Nez du Vin","url":"https:\/\/www.lenez.com\/en\/","logo":{"@type":"ImageObject","inLanguage":"es","@id":"https:\/\/www.lenez.com\/en\/#\/schema\/logo\/image\/","url":"https:\/\/www.lenez.com\/wp-content\/uploads\/2025\/05\/EJL_LOGO_2019.jpg","contentUrl":"https:\/\/www.lenez.com\/wp-content\/uploads\/2025\/05\/EJL_LOGO_2019.jpg","width":2362,"height":2362,"caption":"Le Nez du Vin"},"image":{"@id":"https:\/\/www.lenez.com\/en\/#\/schema\/logo\/image\/"}}]}},"_links":{"self":[{"href":"https:\/\/www.lenez.com\/es\/wp-json\/wp\/v2\/pages\/4588","targetHints":{"allow":["GET"]}}],"collection":[{"href":"https:\/\/www.lenez.com\/es\/wp-json\/wp\/v2\/pages"}],"about":[{"href":"https:\/\/www.lenez.com\/es\/wp-json\/wp\/v2\/types\/page"}],"author":[{"embeddable":true,"href":"https:\/\/www.lenez.com\/es\/wp-json\/wp\/v2\/users\/1"}],"replies":[{"embeddable":true,"href":"https:\/\/www.lenez.com\/es\/wp-json\/wp\/v2\/comments?post=4588"}],"version-history":[{"count":4,"href":"https:\/\/www.lenez.com\/es\/wp-json\/wp\/v2\/pages\/4588\/revisions"}],"predecessor-version":[{"id":6955,"href":"https:\/\/www.lenez.com\/es\/wp-json\/wp\/v2\/pages\/4588\/revisions\/6955"}],"wp:attachment":[{"href":"https:\/\/www.lenez.com\/es\/wp-json\/wp\/v2\/media?parent=4588"}],"curies":[{"name":"wp","href":"https:\/\/api.w.org\/{rel}","templated":true}]}}