{"id":4590,"date":"2025-01-14T11:52:21","date_gmt":"2025-01-14T10:52:21","guid":{"rendered":"https:\/\/shop.lenez.com\/envios-y-devoluciones\/"},"modified":"2025-10-23T15:48:37","modified_gmt":"2025-10-23T13:48:37","slug":"envios-y-devoluciones","status":"publish","type":"page","link":"https:\/\/www.lenez.com\/es\/envios-y-devoluciones\/","title":{"rendered":"Env\u00edos y devoluciones"},"content":{"rendered":"\n<div class=\"container-fluid\">\r\n<div class=\"banner\" style=\"background: url('https:\/\/shop.lenez.com\/wp-content\/uploads\/2024\/11\/uOToijVMUm_img_id-scaled.jpg'); background-size: cover; background-position: center;\">\r\n<div class=\"content-inn\">\r\n<div class=\"text-container\">\r\n<h1 class=\"h2 gtdjdvJjks\" style=\"background-image: url('https:\/\/shop.lenez.com\/wp-content\/uploads\/2024\/11\/uOToijVMUm_img_id-scaled.jpg'); -webkit-background-clip: text; background-clip: text; -webkit-text-fill-color: transparent; background-position: bottom; background-repeat: no-repeat; background-size: cover;\">Env\u00edos y devoluciones<\/h1>\r\n<\/div><br\/><div class=\"bread__\"><\/div><br\/><\/div><br\/><\/div><br\/><\/div><br\/>\n\n\n\n<div style=\"height:30px\" aria-hidden=\"true\" class=\"wp-block-spacer\"><\/div>\n\n\n\n<div class=\"wp-block-columns UijHGD tab-empile is-layout-flex wp-container-core-columns-is-layout-9d6595d7 wp-block-columns-is-layout-flex\">\n<div class=\"wp-block-column is-layout-flow wp-block-column-is-layout-flow\">\n<p>Todas nuestras obras se producen a mano y se almacenan en nuestro taller de Cassis.<\/p>\n\n\n\n<p>Trabajamos con Colissimo. Cada paquete tiene un n\u00famero de control que le enviaremos por correo electr\u00f3nico al efectuar el env\u00edo, para que pueda efectuar un seguimiento del transporte ante la compa\u00f1\u00eda de transporte correspondiente.<\/p>\n\n\n\n<p><u><strong>Env\u00edo por Colissimo<\/strong><\/u><\/p>\n\n\n\n<p>El transporte se efect\u00faa desde la fecha de env\u00edo hasta la recepci\u00f3n (con un seguimiento que incluye la firma a la entrega), en 3 a 8 d\u00edas laborables:<\/p>\n\n\n\n<figure class=\"wp-block-table\"><table class=\"has-fixed-layout\"><tbody><tr><th>Pa\u00eds<\/th><th>Env\u00edo normal<\/th><\/tr><tr><td><strong>Francia metropolitana<\/strong><\/td><td><strong>2 d\u00edas h\u00e1biles<\/strong><\/td><\/tr><tr><td>Sud\u00e1frica<\/td><td>6 a 8 d\u00edas h\u00e1biles<\/td><\/tr><tr><td>Alemania<\/td><td>3 a 4 d\u00edas h\u00e1biles<\/td><\/tr><tr><td><\/td><td><\/td><\/tr><tr><td>Austria<\/td><td>3 a 4 d\u00edas h\u00e1biles<\/td><\/tr><tr><td>B\u00e9lgica<\/td><td>2 a 3 d\u00edas h\u00e1biles<\/td><\/tr><tr><td>Bulgaria<\/td><td>5 a 7 d\u00edas h\u00e1biles<\/td><\/tr><tr><td>Canad\u00e1<\/td><td>6 a 10 d\u00edas h\u00e1biles<\/td><\/tr><tr><td>Chipre<\/td><td>5 a 9 d\u00edas h\u00e1biles<\/td><\/tr><tr><td>Croacia<\/td><td>4 a 7 d\u00edas h\u00e1biles<\/td><\/tr><tr><td>Dinamarca<\/td><td>4 a 5 d\u00edas h\u00e1biles<\/td><\/tr><tr><td><\/td><td><\/td><\/tr><tr><td>Espa\u00f1a<\/td><td>3 a 4 d\u00edas h\u00e1biles<\/td><\/tr><tr><td>Estonia<\/td><td>6 a 7 d\u00edas h\u00e1biles<\/td><\/tr><tr><td>Finlandia<\/td><td>4 a 5 d\u00edas h\u00e1biles<\/td><\/tr><tr><td><\/td><td><\/td><\/tr><tr><td>Grecia<\/td><td>5 a 6 d\u00edas h\u00e1biles<\/td><\/tr><tr><td>Guayana Francesa<\/td><td>5 a 7 d\u00edas h\u00e1biles<\/td><\/tr><tr><td>Hong Kong<\/td><td>5 a 7 d\u00edas h\u00e1biles<\/td><\/tr><tr><td>Hungr\u00eda<\/td><td>5 a 6 d\u00edas h\u00e1biles<\/td><\/tr><tr><td>India<\/td><td>4 a 8 d\u00edas h\u00e1biles<\/td><\/tr><tr><td>Irlanda<\/td><td>4 a 5 d\u00edas h\u00e1biles<\/td><\/tr><tr><td>Italia<\/td><td>3 a 5 d\u00edas h\u00e1biles<\/td><\/tr><tr><td>Jap\u00f3n<\/td><td>5 a 6 d\u00edas h\u00e1biles<\/td><\/tr><tr><td>Letonia<\/td><td>6 a 7 d\u00edas h\u00e1biles<\/td><\/tr><tr><td>Luxemburgo<\/td><td>2 a 3 d\u00edas h\u00e1biles<\/td><\/tr><tr><td>Malasia<\/td><td>7 a 9 d\u00edas h\u00e1biles<\/td><\/tr><tr><td>Malta<\/td><td>4 a 5 d\u00edas h\u00e1biles<\/td><\/tr><tr><td><\/td><td><\/td><\/tr><tr><td>Noruega<\/td><td>6 a 7 d\u00edas h\u00e1biles<\/td><\/tr><tr><td>Nueva Caledonia<\/td><td>7 a 10 d\u00edas h\u00e1biles<\/td><\/tr><tr><td>Nueva Zelanda<\/td><td>6 a 8 d\u00edas h\u00e1biles<\/td><\/tr><tr><td>Pa\u00edses Bajos<\/td><td>3 d\u00edas h\u00e1biles<\/td><\/tr><tr><td>Polonia<\/td><td>5 a 6 d\u00edas h\u00e1biles<\/td><\/tr><tr><td>Portugal<\/td><td>4 a 9 d\u00edas h\u00e1biles<\/td><\/tr><tr><td>Rep\u00fablica Checa<\/td><td>4 a 5 d\u00edas h\u00e1biles<\/td><\/tr><tr><td>Rumania<\/td><td>4 a 5 d\u00edas h\u00e1biles<\/td><\/tr><tr><td>Reino Unido<\/td><td>3 d\u00edas h\u00e1biles<\/td><\/tr><tr><td>Singapur<\/td><td>5 a 6 d\u00edas h\u00e1biles<\/td><\/tr><tr><td>Eslovaquia<\/td><td>5 a 6 d\u00edas h\u00e1biles<\/td><\/tr><tr><td>Eslovenia<\/td><td>5 a 6 d\u00edas h\u00e1biles<\/td><\/tr><tr><td>Suecia<\/td><td>4 a 7 d\u00edas h\u00e1biles<\/td><\/tr><tr><td>Suiza<\/td><td>3 a 4 d\u00edas h\u00e1biles<\/td><\/tr><tr><td>Taiw\u00e1n<\/td><td>6 a 7 d\u00edas h\u00e1biles<\/td><\/tr><tr><td>Tailandia<\/td><td>5 a 8 d\u00edas h\u00e1biles<\/td><\/tr><tr><td>Ucrania<\/td><td>6 a 7 d\u00edas h\u00e1biles<\/td><\/tr><tr><td>Vietnam<\/td><td>5 a 8 d\u00edas h\u00e1biles<\/td><\/tr><\/tbody><\/table><\/figure>\n\n\n\n<p><em><strong>Pago seguro<\/strong><\/em><br>La p\u00e1gina web de nuestro banco (Soci\u00e9t\u00e9 G\u00e9n\u00e9rale) es segura y est\u00e1 encriptada. El banco no nos comunica sus datos bancarios y s\u00f3lo nos dice si se ha efectuado o no el pago.<br>Tambi\u00e9n se puede pagar a trav\u00e9s de la plataforma segura Paypal. En ella, una vez que ha creado una cuenta personal, puede efectuar todas las transacciones sin necesidad de ingresar los datos bancarios cada vez.<\/p>\n\n\n\n<p><em><strong>Servicio de atenci\u00f3n al cliente\r\n<\/strong><\/em><br><br>Si no puede encontrar su pa\u00eds en la lista, comun\u00edquese con nuestro servicio de atenci\u00f3n al cliente.<\/p>\n\n\n\n<p><em><strong>Correo electr\u00f3nico<\/strong><\/em>: <a href=\"mailto:clients@lenez.com\">clients@lenez.com<\/a>.<br><em><strong>Tel\u00e9fono<\/strong><\/em>: +33 (0)4 42 73 59 55<br><em><strong>Direcci\u00f3n postal<\/strong><\/em>: Servicio al Cliente Les \u00c9ditions Jean Lenoir, 1600 chemin du plan d&#8217;olive, 13260 Cassis, France<\/p>\n\n\n\n<p><em><strong>Retorno<\/strong><\/em><br>Si no est\u00e1 satisfecho por alguna raz\u00f3n con su art\u00edculo, regrese el mismo antes de 14 d\u00edas desde el momento de la entrega, asumiendo usted el cargo de env\u00edo.<br>No se olvide de incluir en el paquete la hoja de devoluci\u00f3n que encontrar\u00e1 en su \u00e1rea de cliente de la p\u00e1gina Web.<\/p>\n\n\n\n<p>Le agradecemos de restituir el art\u00edculo con los embalajes originales y sin ninguna alteraci\u00f3n.<\/p>\n<\/div>\n<\/div>\n","protected":false},"excerpt":{"rendered":"<p>Env\u00edos y devoluciones Todas nuestras obras se producen a mano y se almacenan en nuestro taller de Cassis. Trabajamos con Colissimo. Cada paquete tiene un n\u00famero de control que le enviaremos por correo electr\u00f3nico al efectuar el env\u00edo, para que pueda efectuar un seguimiento del transporte ante la compa\u00f1\u00eda de transporte correspondiente. Env\u00edo por Colissimo [&hellip;]<\/p>\n","protected":false},"author":1,"featured_media":0,"parent":0,"menu_order":0,"comment_status":"closed","ping_status":"closed","template":"","meta":{"_acf_changed":false,"footnotes":""},"class_list":["post-4590","page","type-page","status-publish","hentry"],"acf":[],"yoast_head":"<!-- This site is optimized with the Yoast SEO plugin v27.4 - https:\/\/yoast.com\/product\/yoast-seo-wordpress\/ -->\n<title>Env\u00edos y devoluciones - Le Nez du Vin<\/title>\n<meta name=\"robots\" content=\"index, follow, max-snippet:-1, max-image-preview:large, max-video-preview:-1\" \/>\n<link rel=\"canonical\" href=\"https:\/\/www.lenez.com\/es\/envios-y-devoluciones\/\" \/>\n<meta property=\"og:locale\" content=\"es_ES\" \/>\n<meta property=\"og:type\" content=\"article\" \/>\n<meta property=\"og:title\" content=\"Env\u00edos y devoluciones - Le Nez du Vin\" \/>\n<meta property=\"og:description\" content=\"Env\u00edos y devoluciones Todas nuestras obras se producen a mano y se almacenan en nuestro taller de Cassis. Trabajamos con Colissimo. Cada paquete tiene un n\u00famero de control que le enviaremos por correo electr\u00f3nico al efectuar el env\u00edo, para que pueda efectuar un seguimiento del transporte ante la compa\u00f1\u00eda de transporte correspondiente. Env\u00edo por Colissimo [&hellip;]\" \/>\n<meta property=\"og:url\" content=\"https:\/\/www.lenez.com\/es\/envios-y-devoluciones\/\" \/>\n<meta property=\"og:site_name\" content=\"Le Nez du Vin\" \/>\n<meta property=\"article:modified_time\" content=\"2025-10-23T13:48:37+00:00\" \/>\n<meta name=\"twitter:card\" content=\"summary_large_image\" \/>\n<meta name=\"twitter:label1\" content=\"Tiempo de lectura\" \/>\n\t<meta name=\"twitter:data1\" content=\"3 minuto\" \/>\n<script type=\"application\/ld+json\" class=\"yoast-schema-graph\">{\"@context\":\"https:\\\/\\\/schema.org\",\"@graph\":[{\"@type\":\"WebPage\",\"@id\":\"https:\\\/\\\/www.lenez.com\\\/es\\\/envios-y-devoluciones\\\/\",\"url\":\"https:\\\/\\\/www.lenez.com\\\/es\\\/envios-y-devoluciones\\\/\",\"name\":\"Env\u00edos y devoluciones - Le Nez du Vin\",\"isPartOf\":{\"@id\":\"https:\\\/\\\/www.lenez.com\\\/en\\\/#website\"},\"datePublished\":\"2025-01-14T10:52:21+00:00\",\"dateModified\":\"2025-10-23T13:48:37+00:00\",\"breadcrumb\":{\"@id\":\"https:\\\/\\\/www.lenez.com\\\/es\\\/envios-y-devoluciones\\\/#breadcrumb\"},\"inLanguage\":\"es\",\"potentialAction\":[{\"@type\":\"ReadAction\",\"target\":[\"https:\\\/\\\/www.lenez.com\\\/es\\\/envios-y-devoluciones\\\/\"]}]},{\"@type\":\"BreadcrumbList\",\"@id\":\"https:\\\/\\\/www.lenez.com\\\/es\\\/envios-y-devoluciones\\\/#breadcrumb\",\"itemListElement\":[{\"@type\":\"ListItem\",\"position\":1,\"name\":\"Accueil\",\"item\":\"https:\\\/\\\/www.lenez.com\\\/\"},{\"@type\":\"ListItem\",\"position\":2,\"name\":\"Olfactorium\",\"item\":\"https:\\\/\\\/www.lenez.com\\\/es\\\/olfactorium\\\/\"},{\"@type\":\"ListItem\",\"position\":3,\"name\":\"Env\u00edos y devoluciones\"}]},{\"@type\":\"WebSite\",\"@id\":\"https:\\\/\\\/www.lenez.com\\\/en\\\/#website\",\"url\":\"https:\\\/\\\/www.lenez.com\\\/en\\\/\",\"name\":\"Le Nez du Vin\",\"description\":\"Site officiel des marques Le Nez du Vin, Le Nez du Caf\u00e9 et Le Nez du Whisky\",\"publisher\":{\"@id\":\"https:\\\/\\\/www.lenez.com\\\/en\\\/#organization\"},\"potentialAction\":[{\"@type\":\"SearchAction\",\"target\":{\"@type\":\"EntryPoint\",\"urlTemplate\":\"https:\\\/\\\/www.lenez.com\\\/en\\\/?s={search_term_string}\"},\"query-input\":{\"@type\":\"PropertyValueSpecification\",\"valueRequired\":true,\"valueName\":\"search_term_string\"}}],\"inLanguage\":\"es\"},{\"@type\":\"Organization\",\"@id\":\"https:\\\/\\\/www.lenez.com\\\/en\\\/#organization\",\"name\":\"Le Nez du Vin\",\"url\":\"https:\\\/\\\/www.lenez.com\\\/en\\\/\",\"logo\":{\"@type\":\"ImageObject\",\"inLanguage\":\"es\",\"@id\":\"https:\\\/\\\/www.lenez.com\\\/en\\\/#\\\/schema\\\/logo\\\/image\\\/\",\"url\":\"https:\\\/\\\/www.lenez.com\\\/wp-content\\\/uploads\\\/2025\\\/05\\\/EJL_LOGO_2019.jpg\",\"contentUrl\":\"https:\\\/\\\/www.lenez.com\\\/wp-content\\\/uploads\\\/2025\\\/05\\\/EJL_LOGO_2019.jpg\",\"width\":2362,\"height\":2362,\"caption\":\"Le Nez du Vin\"},\"image\":{\"@id\":\"https:\\\/\\\/www.lenez.com\\\/en\\\/#\\\/schema\\\/logo\\\/image\\\/\"}}]}<\/script>\n<!-- \/ Yoast SEO plugin. -->","yoast_head_json":{"title":"Env\u00edos y devoluciones - Le Nez du Vin","robots":{"index":"index","follow":"follow","max-snippet":"max-snippet:-1","max-image-preview":"max-image-preview:large","max-video-preview":"max-video-preview:-1"},"canonical":"https:\/\/www.lenez.com\/es\/envios-y-devoluciones\/","og_locale":"es_ES","og_type":"article","og_title":"Env\u00edos y devoluciones - Le Nez du Vin","og_description":"Env\u00edos y devoluciones Todas nuestras obras se producen a mano y se almacenan en nuestro taller de Cassis. Trabajamos con Colissimo. Cada paquete tiene un n\u00famero de control que le enviaremos por correo electr\u00f3nico al efectuar el env\u00edo, para que pueda efectuar un seguimiento del transporte ante la compa\u00f1\u00eda de transporte correspondiente. Env\u00edo por Colissimo [&hellip;]","og_url":"https:\/\/www.lenez.com\/es\/envios-y-devoluciones\/","og_site_name":"Le Nez du Vin","article_modified_time":"2025-10-23T13:48:37+00:00","twitter_card":"summary_large_image","twitter_misc":{"Tiempo de lectura":"3 minuto"},"schema":{"@context":"https:\/\/schema.org","@graph":[{"@type":"WebPage","@id":"https:\/\/www.lenez.com\/es\/envios-y-devoluciones\/","url":"https:\/\/www.lenez.com\/es\/envios-y-devoluciones\/","name":"Env\u00edos y devoluciones - Le Nez du Vin","isPartOf":{"@id":"https:\/\/www.lenez.com\/en\/#website"},"datePublished":"2025-01-14T10:52:21+00:00","dateModified":"2025-10-23T13:48:37+00:00","breadcrumb":{"@id":"https:\/\/www.lenez.com\/es\/envios-y-devoluciones\/#breadcrumb"},"inLanguage":"es","potentialAction":[{"@type":"ReadAction","target":["https:\/\/www.lenez.com\/es\/envios-y-devoluciones\/"]}]},{"@type":"BreadcrumbList","@id":"https:\/\/www.lenez.com\/es\/envios-y-devoluciones\/#breadcrumb","itemListElement":[{"@type":"ListItem","position":1,"name":"Accueil","item":"https:\/\/www.lenez.com\/"},{"@type":"ListItem","position":2,"name":"Olfactorium","item":"https:\/\/www.lenez.com\/es\/olfactorium\/"},{"@type":"ListItem","position":3,"name":"Env\u00edos y devoluciones"}]},{"@type":"WebSite","@id":"https:\/\/www.lenez.com\/en\/#website","url":"https:\/\/www.lenez.com\/en\/","name":"Le Nez du Vin","description":"Site officiel des marques Le Nez du Vin, Le Nez du Caf\u00e9 et Le Nez du Whisky","publisher":{"@id":"https:\/\/www.lenez.com\/en\/#organization"},"potentialAction":[{"@type":"SearchAction","target":{"@type":"EntryPoint","urlTemplate":"https:\/\/www.lenez.com\/en\/?s={search_term_string}"},"query-input":{"@type":"PropertyValueSpecification","valueRequired":true,"valueName":"search_term_string"}}],"inLanguage":"es"},{"@type":"Organization","@id":"https:\/\/www.lenez.com\/en\/#organization","name":"Le Nez du Vin","url":"https:\/\/www.lenez.com\/en\/","logo":{"@type":"ImageObject","inLanguage":"es","@id":"https:\/\/www.lenez.com\/en\/#\/schema\/logo\/image\/","url":"https:\/\/www.lenez.com\/wp-content\/uploads\/2025\/05\/EJL_LOGO_2019.jpg","contentUrl":"https:\/\/www.lenez.com\/wp-content\/uploads\/2025\/05\/EJL_LOGO_2019.jpg","width":2362,"height":2362,"caption":"Le Nez du Vin"},"image":{"@id":"https:\/\/www.lenez.com\/en\/#\/schema\/logo\/image\/"}}]}},"_links":{"self":[{"href":"https:\/\/www.lenez.com\/es\/wp-json\/wp\/v2\/pages\/4590","targetHints":{"allow":["GET"]}}],"collection":[{"href":"https:\/\/www.lenez.com\/es\/wp-json\/wp\/v2\/pages"}],"about":[{"href":"https:\/\/www.lenez.com\/es\/wp-json\/wp\/v2\/types\/page"}],"author":[{"embeddable":true,"href":"https:\/\/www.lenez.com\/es\/wp-json\/wp\/v2\/users\/1"}],"replies":[{"embeddable":true,"href":"https:\/\/www.lenez.com\/es\/wp-json\/wp\/v2\/comments?post=4590"}],"version-history":[{"count":3,"href":"https:\/\/www.lenez.com\/es\/wp-json\/wp\/v2\/pages\/4590\/revisions"}],"predecessor-version":[{"id":7039,"href":"https:\/\/www.lenez.com\/es\/wp-json\/wp\/v2\/pages\/4590\/revisions\/7039"}],"wp:attachment":[{"href":"https:\/\/www.lenez.com\/es\/wp-json\/wp\/v2\/media?parent=4590"}],"curies":[{"name":"wp","href":"https:\/\/api.w.org\/{rel}","templated":true}]}}