{"id":4607,"date":"2025-06-04T17:38:11","date_gmt":"2025-06-04T15:38:11","guid":{"rendered":"https:\/\/shop.lenez.com\/un-entrenamiento-de-cata-para-todos-le-nez-du-cafe\/"},"modified":"2025-10-21T14:13:18","modified_gmt":"2025-10-21T12:13:18","slug":"un-entrenamiento-de-cata-para-todos-le-nez-du-cafe","status":"publish","type":"page","link":"https:\/\/www.lenez.com\/es\/un-entrenamiento-de-cata-para-todos-le-nez-du-cafe\/","title":{"rendered":"Un entrenamiento de cata para todos &#8211; Le Nez du Caf\u00e9"},"content":{"rendered":"\n<div class=\"container-fluid\">\n<div class=\"banner\" style=\"background: url('https:\/\/www.lenez.com\/wp-content\/uploads\/2025\/07\/8_20250717-RBassenne-EditionsJeanLenoir-2468.jpg'); background-size: cover; background-position: center;\" data-darkreader-inline-bgcolor=\"\">\n<div class=\"content-inn\">\n<div class=\"text-container\">\n<h1 class=\"h2 gtdjdvJjks\" style=\"background-image: url('https:\/\/www.lenez.com\/wp-content\/uploads\/2025\/07\/8_20250717-RBassenne-EditionsJeanLenoir-2468.jpg'); -webkit-background-clip: text; background-clip: text; -webkit-text-fill-color: transparent; background-position: bottom; background-repeat: no-repeat; background-size: cover;\">Un entrenamiento de cata para todos &#8211; Le Nez du Caf\u00e9<\/h1>\n<\/div><br\/><\/div><br\/><\/div><br\/><\/div><br\/>\n\n<div style=\"height:25px\" aria-hidden=\"true\" class=\"wp-block-spacer\"><\/div>\n\n<div class=\"wp-block-columns UijHGD tab-empile is-layout-flex wp-container-core-columns-is-layout-9d6595d7 wp-block-columns-is-layout-flex\">\n<div class=\"wp-block-column is-layout-flow wp-block-column-is-layout-flow\">\n<h2 class=\"wp-block-heading\">Una herramienta para todos, especialistas o principiantes<\/h2>\n\n\n\n<ul class=\"wp-block-list\">\n<li>Estudiante o profesional del caf\u00e9, barista o torrefactor, necesita una herramienta de trabajo para ejercitar su olfato regularmente y enriquecer su memoria olfativa.<\/li>\n\n\n\n<li>Aficionado ocasional o conocedor y experto, busca usted un libro para perfeccionarse como catador, siendo capaz de describir los caf\u00e9s de especialidad con precisi\u00f3n.<\/li>\n\n\n\n<li>El vocabulario especializado y codificado por los especialistas le asusta o le aburre. Le gustar\u00eda un enfoque sensorial y l\u00fadico.<\/li>\n\n\n\n<li>Desea hacer un regalo a un aficionado que cuenta ya con todo el material necesario. \u00bfPodr\u00eda regalar algo que sea m\u00e1s original que un paquete de caf\u00e9 y m\u00e1s inteligente que una m\u00e1quina de caf\u00e9?<\/li>\n\n\n\n<li>Le gusta beber caf\u00e9, pero no sabe nada sobre ese mundo. Le encantar\u00eda un m\u00e9todo de aprendizaje sencillo y pedag\u00f3gico para ayudarle a identificar mejor sus gustos y saber elegir con conocimiento a la hora de comprar.<\/li>\n<\/ul>\n\n\n\n<p class=\"has-text-align-center\"><strong><em>\u00bfSe siente reflejado en alguna de estas propuestas? \u00a1El cofre de aromas Le Nez du Caf\u00e9 est\u00e1 pensado para usted!<\/em><\/strong><\/p>\n\n\n\n<p>Utilizados como herramientas de trabajo o como juegos, los cofres de aromas son perfectos para todos los catadores, profesionales y aficionados.<\/p>\n\n\n\n<h2 class=\"wp-block-heading\">Entrene su olfato<\/h2>\n\n\n\n<p><a href=\"https:\/\/www.lenez.com\/es\/olfactorium\/olfato\/el-olfato\/\">El olfato es un elemento clave de percepci\u00f3n del sabor<\/a> y es un sentido esencial en la cata.<\/p>\n\n\n\n<p>Sin embargo, es dif\u00edcil identificar las notas que emanan de una taza de caf\u00e9. \u00bfAlguna vez ha tenido la sensaci\u00f3n de conocer sin poder reconocerlo? \u00a1Es lo m\u00e1s normal! De la misma manera que aprendimos a leer, escribir y contar, oler requiere un aprendizaje.<\/p>\n\n\n\n<p>Referencia para los profesionales del caf\u00e9 desde 1996, completamente actualizado en 2025, <em>Le Nez du Caf\u00e9<\/em> es imprescindible para obtener el diploma del Q Grader, as\u00ed como para el m\u00f3dulo \u00abSabores y Aromas\u00bb de la Specialty Coffee Association (SCA), hoy unificados.<\/p>\n\n\n\n<p><em>Le Nez du Caf\u00e9<\/em>, aclamado por los profesionales como una herramienta de trabajo, <a href=\"https:\/\/www.lenez.com\/es\/guia-de-uso-le-nez-du-cafe\/\">sirve tambi\u00e9n como un juego al alcance de todos<\/a>. En pocas semanas, sin duda, ser\u00e1 capaz de distinguir, nombrar y memorizar los aromas.<\/p>\n\n\n\n<p>Pero, \u00ab\u00bfde qu\u00e9 sirve?\u00bb<\/p>\n\n\n\n<h2 class=\"wp-block-heading\">Eval\u00fae y describa<\/h2>\n\n\n\n<p>En primer lugar, reconocer los aromas del caf\u00e9 enriquece el vocabulario de la cata. Expresar con palabras las sensaciones aumenta el disfrute al beber y facilita el intercambio con otras personas.<\/p>\n\n\n\n<p>Adem\u00e1s, los aromas del caf\u00e9 se encuentran entre los indicadores m\u00e1s interesantes de su potencial. Sin ellos, la calidad general de un caf\u00e9 ser\u00eda plana, sin matices y, sencillamente aburrida. En las dos \u00faltimas d\u00e9cadas, las distinciones entre especies, cultivares y m\u00e9todos de procesamiento por regi\u00f3n se han difuminado, abriendo una nueva era de exploraci\u00f3n para profesionales y amantes del caf\u00e9 de especialidad. Esta evoluci\u00f3n ha revelado un mundo de posibilidades, \u00a1donde el caf\u00e9 no deja de sorprendernos y cautivarnos!<\/p>\n\n\n\n<p>Como profesional, mejorar su capacidad para reconocer e identificar aromas tambi\u00e9n puede ayudarle en su trabajo. Considere su nariz y su cerebro como m\u00fasculos que necesitan ejercicio regular. Cuanto m\u00e1s desarrolle sus capacidades olfativas al evaluar caf\u00e9s, mayor ser\u00e1 su confianza. Entonces podr\u00e1 describir mejor sus productos, elaborar una carta, considerar mezclas y formulaciones o incluso anticipar las necesidades de los clientes.<\/p>\n\n\n\n<h2 class=\"wp-block-heading\">Tener un lenguaje com\u00fan<\/h2>\n\n\n\n<p>Para navegar en este mundo complejo y diverso del caf\u00e9, es esencial disponer de un lenguaje com\u00fan y objetivo. Los frascos de aromas de <em>Le Nez du Caf\u00e9<\/em> son un alfabeto que ofrece un lenguaje global compartido sobre el caf\u00e9. Esta comunicaci\u00f3n universal se ha vuelto esencial en una industria que se extiende por todos los continentes.<\/p>\n\n\n\n<p>El caf\u00e9 a menudo se compra y se vende varias veces antes de llegar al consumidor. En cada transacci\u00f3n se abre un debate sobre su valor que depende, en parte, de su calidad. Su capacidad para describir los aromas del caf\u00e9 es un paso importante en el proceso de adquisici\u00f3n y puede marcar la diferencia entre beneficio y p\u00e9rdida, entre \u00e9xito y fracaso.<\/p>\n<\/div>\n<\/div>\n","protected":false},"excerpt":{"rendered":"<p>Un entrenamiento de cata para todos &#8211; Le Nez du Caf\u00e9 Una herramienta para todos, especialistas o principiantes \u00bfSe siente reflejado en alguna de estas propuestas? \u00a1El cofre de aromas Le Nez du Caf\u00e9 est\u00e1 pensado para usted! Utilizados como herramientas de trabajo o como juegos, los cofres de aromas son perfectos para todos los [&hellip;]<\/p>\n","protected":false},"author":1,"featured_media":0,"parent":0,"menu_order":0,"comment_status":"closed","ping_status":"closed","template":"","meta":{"_acf_changed":false,"footnotes":""},"class_list":["post-4607","page","type-page","status-publish","hentry"],"acf":[],"yoast_head":"<!-- This site is optimized with the Yoast SEO plugin v27.4 - https:\/\/yoast.com\/product\/yoast-seo-wordpress\/ -->\n<title>Un entrenamiento de cata para todos - Le Nez du Caf\u00e9 - Le Nez du Vin<\/title>\n<meta name=\"robots\" content=\"index, follow, max-snippet:-1, max-image-preview:large, max-video-preview:-1\" \/>\n<link rel=\"canonical\" href=\"https:\/\/www.lenez.com\/es\/un-entrenamiento-de-cata-para-todos-le-nez-du-cafe\/\" \/>\n<meta property=\"og:locale\" content=\"es_ES\" \/>\n<meta property=\"og:type\" content=\"article\" \/>\n<meta property=\"og:title\" content=\"Un entrenamiento de cata para todos - Le Nez du Caf\u00e9 - Le Nez du Vin\" \/>\n<meta property=\"og:description\" content=\"Un entrenamiento de cata para todos &#8211; Le Nez du Caf\u00e9 Una herramienta para todos, especialistas o principiantes \u00bfSe siente reflejado en alguna de estas propuestas? \u00a1El cofre de aromas Le Nez du Caf\u00e9 est\u00e1 pensado para usted! Utilizados como herramientas de trabajo o como juegos, los cofres de aromas son perfectos para todos los [&hellip;]\" \/>\n<meta property=\"og:url\" content=\"https:\/\/www.lenez.com\/es\/un-entrenamiento-de-cata-para-todos-le-nez-du-cafe\/\" \/>\n<meta property=\"og:site_name\" content=\"Le Nez du Vin\" \/>\n<meta property=\"article:modified_time\" content=\"2025-10-21T12:13:18+00:00\" \/>\n<meta name=\"twitter:card\" content=\"summary_large_image\" \/>\n<meta name=\"twitter:label1\" content=\"Tiempo de lectura\" \/>\n\t<meta name=\"twitter:data1\" content=\"4 minuto\" \/>\n<script type=\"application\/ld+json\" class=\"yoast-schema-graph\">{\"@context\":\"https:\\\/\\\/schema.org\",\"@graph\":[{\"@type\":\"WebPage\",\"@id\":\"https:\\\/\\\/www.lenez.com\\\/es\\\/un-entrenamiento-de-cata-para-todos-le-nez-du-cafe\\\/\",\"url\":\"https:\\\/\\\/www.lenez.com\\\/es\\\/un-entrenamiento-de-cata-para-todos-le-nez-du-cafe\\\/\",\"name\":\"Un entrenamiento de cata para todos - Le Nez du Caf\u00e9 - Le Nez du Vin\",\"isPartOf\":{\"@id\":\"https:\\\/\\\/www.lenez.com\\\/en\\\/#website\"},\"datePublished\":\"2025-06-04T15:38:11+00:00\",\"dateModified\":\"2025-10-21T12:13:18+00:00\",\"breadcrumb\":{\"@id\":\"https:\\\/\\\/www.lenez.com\\\/es\\\/un-entrenamiento-de-cata-para-todos-le-nez-du-cafe\\\/#breadcrumb\"},\"inLanguage\":\"es\",\"potentialAction\":[{\"@type\":\"ReadAction\",\"target\":[\"https:\\\/\\\/www.lenez.com\\\/es\\\/un-entrenamiento-de-cata-para-todos-le-nez-du-cafe\\\/\"]}]},{\"@type\":\"BreadcrumbList\",\"@id\":\"https:\\\/\\\/www.lenez.com\\\/es\\\/un-entrenamiento-de-cata-para-todos-le-nez-du-cafe\\\/#breadcrumb\",\"itemListElement\":[{\"@type\":\"ListItem\",\"position\":1,\"name\":\"Accueil\",\"item\":\"https:\\\/\\\/www.lenez.com\\\/\"},{\"@type\":\"ListItem\",\"position\":2,\"name\":\"Olfactorium\",\"item\":\"https:\\\/\\\/www.lenez.com\\\/es\\\/olfactorium\\\/\"},{\"@type\":\"ListItem\",\"position\":3,\"name\":\"Un entrenamiento de cata para todos &#8211; Le Nez du Caf\u00e9\"}]},{\"@type\":\"WebSite\",\"@id\":\"https:\\\/\\\/www.lenez.com\\\/en\\\/#website\",\"url\":\"https:\\\/\\\/www.lenez.com\\\/en\\\/\",\"name\":\"Le Nez du Vin\",\"description\":\"Site officiel des marques Le Nez du Vin, Le Nez du Caf\u00e9 et Le Nez du Whisky\",\"publisher\":{\"@id\":\"https:\\\/\\\/www.lenez.com\\\/en\\\/#organization\"},\"potentialAction\":[{\"@type\":\"SearchAction\",\"target\":{\"@type\":\"EntryPoint\",\"urlTemplate\":\"https:\\\/\\\/www.lenez.com\\\/en\\\/?s={search_term_string}\"},\"query-input\":{\"@type\":\"PropertyValueSpecification\",\"valueRequired\":true,\"valueName\":\"search_term_string\"}}],\"inLanguage\":\"es\"},{\"@type\":\"Organization\",\"@id\":\"https:\\\/\\\/www.lenez.com\\\/en\\\/#organization\",\"name\":\"Le Nez du Vin\",\"url\":\"https:\\\/\\\/www.lenez.com\\\/en\\\/\",\"logo\":{\"@type\":\"ImageObject\",\"inLanguage\":\"es\",\"@id\":\"https:\\\/\\\/www.lenez.com\\\/en\\\/#\\\/schema\\\/logo\\\/image\\\/\",\"url\":\"https:\\\/\\\/www.lenez.com\\\/wp-content\\\/uploads\\\/2025\\\/05\\\/EJL_LOGO_2019.jpg\",\"contentUrl\":\"https:\\\/\\\/www.lenez.com\\\/wp-content\\\/uploads\\\/2025\\\/05\\\/EJL_LOGO_2019.jpg\",\"width\":2362,\"height\":2362,\"caption\":\"Le Nez du Vin\"},\"image\":{\"@id\":\"https:\\\/\\\/www.lenez.com\\\/en\\\/#\\\/schema\\\/logo\\\/image\\\/\"}}]}<\/script>\n<!-- \/ Yoast SEO plugin. -->","yoast_head_json":{"title":"Un entrenamiento de cata para todos - Le Nez du Caf\u00e9 - Le Nez du Vin","robots":{"index":"index","follow":"follow","max-snippet":"max-snippet:-1","max-image-preview":"max-image-preview:large","max-video-preview":"max-video-preview:-1"},"canonical":"https:\/\/www.lenez.com\/es\/un-entrenamiento-de-cata-para-todos-le-nez-du-cafe\/","og_locale":"es_ES","og_type":"article","og_title":"Un entrenamiento de cata para todos - Le Nez du Caf\u00e9 - Le Nez du Vin","og_description":"Un entrenamiento de cata para todos &#8211; Le Nez du Caf\u00e9 Una herramienta para todos, especialistas o principiantes \u00bfSe siente reflejado en alguna de estas propuestas? \u00a1El cofre de aromas Le Nez du Caf\u00e9 est\u00e1 pensado para usted! Utilizados como herramientas de trabajo o como juegos, los cofres de aromas son perfectos para todos los [&hellip;]","og_url":"https:\/\/www.lenez.com\/es\/un-entrenamiento-de-cata-para-todos-le-nez-du-cafe\/","og_site_name":"Le Nez du Vin","article_modified_time":"2025-10-21T12:13:18+00:00","twitter_card":"summary_large_image","twitter_misc":{"Tiempo de lectura":"4 minuto"},"schema":{"@context":"https:\/\/schema.org","@graph":[{"@type":"WebPage","@id":"https:\/\/www.lenez.com\/es\/un-entrenamiento-de-cata-para-todos-le-nez-du-cafe\/","url":"https:\/\/www.lenez.com\/es\/un-entrenamiento-de-cata-para-todos-le-nez-du-cafe\/","name":"Un entrenamiento de cata para todos - Le Nez du Caf\u00e9 - Le Nez du Vin","isPartOf":{"@id":"https:\/\/www.lenez.com\/en\/#website"},"datePublished":"2025-06-04T15:38:11+00:00","dateModified":"2025-10-21T12:13:18+00:00","breadcrumb":{"@id":"https:\/\/www.lenez.com\/es\/un-entrenamiento-de-cata-para-todos-le-nez-du-cafe\/#breadcrumb"},"inLanguage":"es","potentialAction":[{"@type":"ReadAction","target":["https:\/\/www.lenez.com\/es\/un-entrenamiento-de-cata-para-todos-le-nez-du-cafe\/"]}]},{"@type":"BreadcrumbList","@id":"https:\/\/www.lenez.com\/es\/un-entrenamiento-de-cata-para-todos-le-nez-du-cafe\/#breadcrumb","itemListElement":[{"@type":"ListItem","position":1,"name":"Accueil","item":"https:\/\/www.lenez.com\/"},{"@type":"ListItem","position":2,"name":"Olfactorium","item":"https:\/\/www.lenez.com\/es\/olfactorium\/"},{"@type":"ListItem","position":3,"name":"Un entrenamiento de cata para todos &#8211; Le Nez du Caf\u00e9"}]},{"@type":"WebSite","@id":"https:\/\/www.lenez.com\/en\/#website","url":"https:\/\/www.lenez.com\/en\/","name":"Le Nez du Vin","description":"Site officiel des marques Le Nez du Vin, Le Nez du Caf\u00e9 et Le Nez du Whisky","publisher":{"@id":"https:\/\/www.lenez.com\/en\/#organization"},"potentialAction":[{"@type":"SearchAction","target":{"@type":"EntryPoint","urlTemplate":"https:\/\/www.lenez.com\/en\/?s={search_term_string}"},"query-input":{"@type":"PropertyValueSpecification","valueRequired":true,"valueName":"search_term_string"}}],"inLanguage":"es"},{"@type":"Organization","@id":"https:\/\/www.lenez.com\/en\/#organization","name":"Le Nez du Vin","url":"https:\/\/www.lenez.com\/en\/","logo":{"@type":"ImageObject","inLanguage":"es","@id":"https:\/\/www.lenez.com\/en\/#\/schema\/logo\/image\/","url":"https:\/\/www.lenez.com\/wp-content\/uploads\/2025\/05\/EJL_LOGO_2019.jpg","contentUrl":"https:\/\/www.lenez.com\/wp-content\/uploads\/2025\/05\/EJL_LOGO_2019.jpg","width":2362,"height":2362,"caption":"Le Nez du Vin"},"image":{"@id":"https:\/\/www.lenez.com\/en\/#\/schema\/logo\/image\/"}}]}},"_links":{"self":[{"href":"https:\/\/www.lenez.com\/es\/wp-json\/wp\/v2\/pages\/4607","targetHints":{"allow":["GET"]}}],"collection":[{"href":"https:\/\/www.lenez.com\/es\/wp-json\/wp\/v2\/pages"}],"about":[{"href":"https:\/\/www.lenez.com\/es\/wp-json\/wp\/v2\/types\/page"}],"author":[{"embeddable":true,"href":"https:\/\/www.lenez.com\/es\/wp-json\/wp\/v2\/users\/1"}],"replies":[{"embeddable":true,"href":"https:\/\/www.lenez.com\/es\/wp-json\/wp\/v2\/comments?post=4607"}],"version-history":[{"count":9,"href":"https:\/\/www.lenez.com\/es\/wp-json\/wp\/v2\/pages\/4607\/revisions"}],"predecessor-version":[{"id":7000,"href":"https:\/\/www.lenez.com\/es\/wp-json\/wp\/v2\/pages\/4607\/revisions\/7000"}],"wp:attachment":[{"href":"https:\/\/www.lenez.com\/es\/wp-json\/wp\/v2\/media?parent=4607"}],"curies":[{"name":"wp","href":"https:\/\/api.w.org\/{rel}","templated":true}]}}