{"id":4300,"date":"2025-05-22T17:43:09","date_gmt":"2025-05-22T15:43:09","guid":{"rendered":"https:\/\/shop.lenez.com\/coffret\/sin%20categor\u00eda\/le-nez-du-cafe-60-aromas\/"},"modified":"2025-09-30T17:36:21","modified_gmt":"2025-09-30T15:36:21","slug":"le-nez-du-cafe-60-aromas","status":"publish","type":"product","link":"https:\/\/www.lenez.com\/es\/coffret\/cafe\/le-nez-du-cafe-60-aromas\/","title":{"rendered":"Le Nez du Caf\u00e9 60\u00a0aromas"},"content":{"rendered":"<h3>La referencia para los profesionales desde 1996.<\/h3>\n<hr \/>\n<div class=\"col-md-6\">\n<h3>Aromas<\/h3>\n<p>Los 60 aromas se distribuyen en tres cofres independientes y nueve familias arom\u00e1ticas:<\/p>\n<ul>\n<li><strong><span style=\"text-decoration: underline;\">Floral y frutal<\/span><\/strong>: miel, t\u00e9 negro, rosa, jazm\u00edn, frambuesa, ar\u00e1ndano, grosella negra, fresa, uva pasa, ciruela pasa, cereza, pi\u00f1a, mango, mel\u00f3n, pl\u00e1tano, manzana, melocot\u00f3n, naranja, lim\u00f3n, lima.<\/li>\n<li><strong><span style=\"text-decoration: underline;\">Agrio\/Fermentado, Verde\/Vegetal, Otros<\/span><\/strong>: \u00e1cido but\u00edrico, vinoso, pulpa de caf\u00e9, vaina de guisante, hierba (fresca), pepino, pimiento verde, heno, tomillo, pino, cedro, patata, cart\u00f3n, madera, moho\/humedad, podrido\/terroso, cuero, medicinal, alquitr\u00e1n, caucho.<\/li>\n<li><strong><span style=\"text-decoration: underline;\">Tostado, Especiado, Nuez\/Chocolate, Dulce<\/span><\/strong>: tabaco, ahumado, mantequilla, pan tostado, malta, pimienta, an\u00eds estrellado, nuez moscada, canela, clavo, cacahuete, avellana, almendra, nuez, chocolate negro, chocolate, az\u00facar moreno, sirope de arce, caramelizado, vainilla.<\/li>\n<\/ul>\n<hr \/>\n<\/div>\n<div class=\"col-md-6\">\n<h3>El libro<\/h3>\n<p>Le Nez du Caf\u00e9 ha sido completamente actualizado en 2025, en colaboraci\u00f3n con el Coffee Quality Institute (CQI).<\/p>\n<p>La selecci\u00f3n arom\u00e1tica se ha ampliado considerablemente, pasando de 36 a 60 aromas. Los aromas se distribuyen en tres cofres independientes, f\u00e1ciles de transportar. Ofreciendo un lenguaje com\u00fan que permite describir y comunicar las cualidades arom\u00e1ticas de los caf\u00e9s de especialidad, enriquecen la experiencia sensorial, individual y colectiva, de los profesionales y los aficionados.<br \/>\nNuevo en esta reedici\u00f3n: cada aroma va acompa\u00f1ado de una ficha de gran formato que describe sus diferentes facetas olfativas, su composici\u00f3n qu\u00edmica y su origen en los caf\u00e9s del mundo.<\/p>\n<p>El libro, totalmente reescrito, tiene en cuenta las \u00faltimas investigaciones sobre el genoma, los tratamientos postcosecha y la torrefacci\u00f3n del caf\u00e9.<\/p>\n<p>Por \u00faltimo, un folleto completo propone ejercicios y juegos para practicar solo o en grupo y progresar en la identificaci\u00f3n de los aromas.<\/p>\n<\/div>\n","protected":false},"excerpt":{"rendered":"<ul>\n<li>60 aromas de calidad, realistas y duraderos.<\/li>\n<li>60 fichas, una por aroma, establecen un v\u00ednculo entre la nota y los caf\u00e9s de especialidad de todo el mundo.<\/li>\n<li>Un libro educativo e ilustrado (96 p\u00e1ginas) explica la importancia de los aromas en la evaluaci\u00f3n de la calidad del caf\u00e9.<\/li>\n<li>Unas instrucciones de uso ofrece ejercicios para practicar solo o en grupo y as\u00ed mejorar.<\/li>\n<\/ul>\n","protected":false},"featured_media":5519,"comment_status":"closed","ping_status":"closed","template":"","meta":{"_acf_changed":false},"product_brand":[],"product_cat":[99],"product_tag":[],"class_list":{"0":"post-4300","1":"product","2":"type-product","3":"status-publish","4":"has-post-thumbnail","6":"product_cat-cafe","8":"first","9":"instock","10":"taxable","11":"shipping-taxable","12":"purchasable","13":"product-type-variable"},"acf":[],"yoast_head":"<!-- This site is optimized with the Yoast SEO plugin v27.4 - https:\/\/yoast.com\/product\/yoast-seo-wordpress\/ -->\n<title>Le Nez du Caf\u00e9 60\u00a0aromas - Le Nez du Vin<\/title>\n<meta name=\"robots\" content=\"index, follow, max-snippet:-1, max-image-preview:large, max-video-preview:-1\" \/>\n<link rel=\"canonical\" href=\"https:\/\/www.lenez.com\/es\/coffret\/cafe\/le-nez-du-cafe-60-aromas\/\" \/>\n<meta property=\"og:locale\" content=\"es_ES\" \/>\n<meta property=\"og:type\" content=\"article\" \/>\n<meta property=\"og:title\" content=\"Le Nez du Caf\u00e9 60\u00a0aromas - Le Nez du Vin\" \/>\n<meta property=\"og:description\" content=\"60 aromas de calidad, realistas y duraderos.  60 fichas, una por aroma, establecen un v\u00ednculo entre la nota y los caf\u00e9s de especialidad de todo el mundo.  Un libro educativo e ilustrado (96 p\u00e1ginas) explica la importancia de los aromas en la evaluaci\u00f3n de la calidad del caf\u00e9.  Unas instrucciones de uso ofrece ejercicios para practicar solo o en grupo y as\u00ed mejorar.\" \/>\n<meta property=\"og:url\" content=\"https:\/\/www.lenez.com\/es\/coffret\/cafe\/le-nez-du-cafe-60-aromas\/\" \/>\n<meta property=\"og:site_name\" content=\"Le Nez du Vin\" \/>\n<meta property=\"article:modified_time\" content=\"2025-09-30T15:36:21+00:00\" \/>\n<meta property=\"og:image\" content=\"https:\/\/www.lenez.com\/wp-content\/uploads\/2025\/05\/@Andrea-Graziosi-Le-Nez-du-Cafe-Packshot-Marseille-25-02-20250018-scaled.jpg\" \/>\n\t<meta property=\"og:image:width\" content=\"2560\" \/>\n\t<meta property=\"og:image:height\" content=\"2048\" \/>\n\t<meta property=\"og:image:type\" content=\"image\/jpeg\" \/>\n<meta name=\"twitter:card\" content=\"summary_large_image\" \/>\n<meta name=\"twitter:label1\" content=\"Tiempo de lectura\" \/>\n\t<meta name=\"twitter:data1\" content=\"1 minuto\" \/>\n<script type=\"application\/ld+json\" class=\"yoast-schema-graph\">{\"@context\":\"https:\\\/\\\/schema.org\",\"@graph\":[{\"@type\":\"WebPage\",\"@id\":\"https:\\\/\\\/www.lenez.com\\\/es\\\/coffret\\\/cafe\\\/le-nez-du-cafe-60-aromas\\\/\",\"url\":\"https:\\\/\\\/www.lenez.com\\\/es\\\/coffret\\\/cafe\\\/le-nez-du-cafe-60-aromas\\\/\",\"name\":\"Le Nez du Caf\u00e9 60\u00a0aromas - Le Nez du Vin\",\"isPartOf\":{\"@id\":\"https:\\\/\\\/www.lenez.com\\\/en\\\/#website\"},\"primaryImageOfPage\":{\"@id\":\"https:\\\/\\\/www.lenez.com\\\/es\\\/coffret\\\/cafe\\\/le-nez-du-cafe-60-aromas\\\/#primaryimage\"},\"image\":{\"@id\":\"https:\\\/\\\/www.lenez.com\\\/es\\\/coffret\\\/cafe\\\/le-nez-du-cafe-60-aromas\\\/#primaryimage\"},\"thumbnailUrl\":\"https:\\\/\\\/www.lenez.com\\\/wp-content\\\/uploads\\\/2025\\\/05\\\/@Andrea-Graziosi-Le-Nez-du-Cafe-Packshot-Marseille-25-02-20250018-scaled.jpg\",\"datePublished\":\"2025-05-22T15:43:09+00:00\",\"dateModified\":\"2025-09-30T15:36:21+00:00\",\"breadcrumb\":{\"@id\":\"https:\\\/\\\/www.lenez.com\\\/es\\\/coffret\\\/cafe\\\/le-nez-du-cafe-60-aromas\\\/#breadcrumb\"},\"inLanguage\":\"es\",\"potentialAction\":[{\"@type\":\"ReadAction\",\"target\":[\"https:\\\/\\\/www.lenez.com\\\/es\\\/coffret\\\/cafe\\\/le-nez-du-cafe-60-aromas\\\/\"]}]},{\"@type\":\"ImageObject\",\"inLanguage\":\"es\",\"@id\":\"https:\\\/\\\/www.lenez.com\\\/es\\\/coffret\\\/cafe\\\/le-nez-du-cafe-60-aromas\\\/#primaryimage\",\"url\":\"https:\\\/\\\/www.lenez.com\\\/wp-content\\\/uploads\\\/2025\\\/05\\\/@Andrea-Graziosi-Le-Nez-du-Cafe-Packshot-Marseille-25-02-20250018-scaled.jpg\",\"contentUrl\":\"https:\\\/\\\/www.lenez.com\\\/wp-content\\\/uploads\\\/2025\\\/05\\\/@Andrea-Graziosi-Le-Nez-du-Cafe-Packshot-Marseille-25-02-20250018-scaled.jpg\",\"width\":2560,\"height\":2048},{\"@type\":\"BreadcrumbList\",\"@id\":\"https:\\\/\\\/www.lenez.com\\\/es\\\/coffret\\\/cafe\\\/le-nez-du-cafe-60-aromas\\\/#breadcrumb\",\"itemListElement\":[{\"@type\":\"ListItem\",\"position\":1,\"name\":\"Accueil\",\"item\":\"https:\\\/\\\/www.lenez.com\\\/\"},{\"@type\":\"ListItem\",\"position\":2,\"name\":\"Olfactorium\",\"item\":\"https:\\\/\\\/www.lenez.com\\\/es\\\/olfactorium\\\/\"},{\"@type\":\"ListItem\",\"position\":3,\"name\":\"Coffrets d'ar\u00f4mes du caf\u00e9\",\"item\":\"https:\\\/\\\/www.lenez.com\\\/coffrets\\\/cafe\\\/\"},{\"@type\":\"ListItem\",\"position\":4,\"name\":\"Le Nez du Caf\u00e9 60\u00a0aromas\"}]},{\"@type\":\"WebSite\",\"@id\":\"https:\\\/\\\/www.lenez.com\\\/en\\\/#website\",\"url\":\"https:\\\/\\\/www.lenez.com\\\/en\\\/\",\"name\":\"Le Nez du Vin\",\"description\":\"Site officiel des marques Le Nez du Vin, Le Nez du Caf\u00e9 et Le Nez du Whisky\",\"publisher\":{\"@id\":\"https:\\\/\\\/www.lenez.com\\\/en\\\/#organization\"},\"potentialAction\":[{\"@type\":\"SearchAction\",\"target\":{\"@type\":\"EntryPoint\",\"urlTemplate\":\"https:\\\/\\\/www.lenez.com\\\/en\\\/?s={search_term_string}\"},\"query-input\":{\"@type\":\"PropertyValueSpecification\",\"valueRequired\":true,\"valueName\":\"search_term_string\"}}],\"inLanguage\":\"es\"},{\"@type\":\"Organization\",\"@id\":\"https:\\\/\\\/www.lenez.com\\\/en\\\/#organization\",\"name\":\"Le Nez du Vin\",\"url\":\"https:\\\/\\\/www.lenez.com\\\/en\\\/\",\"logo\":{\"@type\":\"ImageObject\",\"inLanguage\":\"es\",\"@id\":\"https:\\\/\\\/www.lenez.com\\\/en\\\/#\\\/schema\\\/logo\\\/image\\\/\",\"url\":\"https:\\\/\\\/www.lenez.com\\\/wp-content\\\/uploads\\\/2025\\\/05\\\/EJL_LOGO_2019.jpg\",\"contentUrl\":\"https:\\\/\\\/www.lenez.com\\\/wp-content\\\/uploads\\\/2025\\\/05\\\/EJL_LOGO_2019.jpg\",\"width\":2362,\"height\":2362,\"caption\":\"Le Nez du Vin\"},\"image\":{\"@id\":\"https:\\\/\\\/www.lenez.com\\\/en\\\/#\\\/schema\\\/logo\\\/image\\\/\"}}]}<\/script>\n<!-- \/ Yoast SEO plugin. -->","yoast_head_json":{"title":"Le Nez du Caf\u00e9 60\u00a0aromas - Le Nez du Vin","robots":{"index":"index","follow":"follow","max-snippet":"max-snippet:-1","max-image-preview":"max-image-preview:large","max-video-preview":"max-video-preview:-1"},"canonical":"https:\/\/www.lenez.com\/es\/coffret\/cafe\/le-nez-du-cafe-60-aromas\/","og_locale":"es_ES","og_type":"article","og_title":"Le Nez du Caf\u00e9 60\u00a0aromas - Le Nez du Vin","og_description":"60 aromas de calidad, realistas y duraderos.  60 fichas, una por aroma, establecen un v\u00ednculo entre la nota y los caf\u00e9s de especialidad de todo el mundo.  Un libro educativo e ilustrado (96 p\u00e1ginas) explica la importancia de los aromas en la evaluaci\u00f3n de la calidad del caf\u00e9.  Unas instrucciones de uso ofrece ejercicios para practicar solo o en grupo y as\u00ed mejorar.","og_url":"https:\/\/www.lenez.com\/es\/coffret\/cafe\/le-nez-du-cafe-60-aromas\/","og_site_name":"Le Nez du Vin","article_modified_time":"2025-09-30T15:36:21+00:00","og_image":[{"width":2560,"height":2048,"url":"https:\/\/www.lenez.com\/wp-content\/uploads\/2025\/05\/@Andrea-Graziosi-Le-Nez-du-Cafe-Packshot-Marseille-25-02-20250018-scaled.jpg","type":"image\/jpeg"}],"twitter_card":"summary_large_image","twitter_misc":{"Tiempo de lectura":"1 minuto"},"schema":{"@context":"https:\/\/schema.org","@graph":[{"@type":"WebPage","@id":"https:\/\/www.lenez.com\/es\/coffret\/cafe\/le-nez-du-cafe-60-aromas\/","url":"https:\/\/www.lenez.com\/es\/coffret\/cafe\/le-nez-du-cafe-60-aromas\/","name":"Le Nez du Caf\u00e9 60\u00a0aromas - Le Nez du Vin","isPartOf":{"@id":"https:\/\/www.lenez.com\/en\/#website"},"primaryImageOfPage":{"@id":"https:\/\/www.lenez.com\/es\/coffret\/cafe\/le-nez-du-cafe-60-aromas\/#primaryimage"},"image":{"@id":"https:\/\/www.lenez.com\/es\/coffret\/cafe\/le-nez-du-cafe-60-aromas\/#primaryimage"},"thumbnailUrl":"https:\/\/www.lenez.com\/wp-content\/uploads\/2025\/05\/@Andrea-Graziosi-Le-Nez-du-Cafe-Packshot-Marseille-25-02-20250018-scaled.jpg","datePublished":"2025-05-22T15:43:09+00:00","dateModified":"2025-09-30T15:36:21+00:00","breadcrumb":{"@id":"https:\/\/www.lenez.com\/es\/coffret\/cafe\/le-nez-du-cafe-60-aromas\/#breadcrumb"},"inLanguage":"es","potentialAction":[{"@type":"ReadAction","target":["https:\/\/www.lenez.com\/es\/coffret\/cafe\/le-nez-du-cafe-60-aromas\/"]}]},{"@type":"ImageObject","inLanguage":"es","@id":"https:\/\/www.lenez.com\/es\/coffret\/cafe\/le-nez-du-cafe-60-aromas\/#primaryimage","url":"https:\/\/www.lenez.com\/wp-content\/uploads\/2025\/05\/@Andrea-Graziosi-Le-Nez-du-Cafe-Packshot-Marseille-25-02-20250018-scaled.jpg","contentUrl":"https:\/\/www.lenez.com\/wp-content\/uploads\/2025\/05\/@Andrea-Graziosi-Le-Nez-du-Cafe-Packshot-Marseille-25-02-20250018-scaled.jpg","width":2560,"height":2048},{"@type":"BreadcrumbList","@id":"https:\/\/www.lenez.com\/es\/coffret\/cafe\/le-nez-du-cafe-60-aromas\/#breadcrumb","itemListElement":[{"@type":"ListItem","position":1,"name":"Accueil","item":"https:\/\/www.lenez.com\/"},{"@type":"ListItem","position":2,"name":"Olfactorium","item":"https:\/\/www.lenez.com\/es\/olfactorium\/"},{"@type":"ListItem","position":3,"name":"Coffrets d'ar\u00f4mes du caf\u00e9","item":"https:\/\/www.lenez.com\/coffrets\/cafe\/"},{"@type":"ListItem","position":4,"name":"Le Nez du Caf\u00e9 60\u00a0aromas"}]},{"@type":"WebSite","@id":"https:\/\/www.lenez.com\/en\/#website","url":"https:\/\/www.lenez.com\/en\/","name":"Le Nez du Vin","description":"Site officiel des marques Le Nez du Vin, Le Nez du Caf\u00e9 et Le Nez du Whisky","publisher":{"@id":"https:\/\/www.lenez.com\/en\/#organization"},"potentialAction":[{"@type":"SearchAction","target":{"@type":"EntryPoint","urlTemplate":"https:\/\/www.lenez.com\/en\/?s={search_term_string}"},"query-input":{"@type":"PropertyValueSpecification","valueRequired":true,"valueName":"search_term_string"}}],"inLanguage":"es"},{"@type":"Organization","@id":"https:\/\/www.lenez.com\/en\/#organization","name":"Le Nez du Vin","url":"https:\/\/www.lenez.com\/en\/","logo":{"@type":"ImageObject","inLanguage":"es","@id":"https:\/\/www.lenez.com\/en\/#\/schema\/logo\/image\/","url":"https:\/\/www.lenez.com\/wp-content\/uploads\/2025\/05\/EJL_LOGO_2019.jpg","contentUrl":"https:\/\/www.lenez.com\/wp-content\/uploads\/2025\/05\/EJL_LOGO_2019.jpg","width":2362,"height":2362,"caption":"Le Nez du Vin"},"image":{"@id":"https:\/\/www.lenez.com\/en\/#\/schema\/logo\/image\/"}}]}},"_links":{"self":[{"href":"https:\/\/www.lenez.com\/es\/wp-json\/wp\/v2\/product\/4300","targetHints":{"allow":["GET"]}}],"collection":[{"href":"https:\/\/www.lenez.com\/es\/wp-json\/wp\/v2\/product"}],"about":[{"href":"https:\/\/www.lenez.com\/es\/wp-json\/wp\/v2\/types\/product"}],"replies":[{"embeddable":true,"href":"https:\/\/www.lenez.com\/es\/wp-json\/wp\/v2\/comments?post=4300"}],"wp:featuredmedia":[{"embeddable":true,"href":"https:\/\/www.lenez.com\/es\/wp-json\/wp\/v2\/media\/5519"}],"wp:attachment":[{"href":"https:\/\/www.lenez.com\/es\/wp-json\/wp\/v2\/media?parent=4300"}],"wp:term":[{"taxonomy":"product_brand","embeddable":true,"href":"https:\/\/www.lenez.com\/es\/wp-json\/wp\/v2\/product_brand?post=4300"},{"taxonomy":"product_cat","embeddable":true,"href":"https:\/\/www.lenez.com\/es\/wp-json\/wp\/v2\/product_cat?post=4300"},{"taxonomy":"product_tag","embeddable":true,"href":"https:\/\/www.lenez.com\/es\/wp-json\/wp\/v2\/product_tag?post=4300"}],"curies":[{"name":"wp","href":"https:\/\/api.w.org\/{rel}","templated":true}]}}