{"id":4303,"date":"2024-11-14T14:10:53","date_gmt":"2024-11-14T13:10:53","guid":{"rendered":"https:\/\/shop.lenez.com\/coffret\/sin%20categor\u00eda\/el-modelo-grande-54-aromas\/"},"modified":"2025-09-22T14:24:52","modified_gmt":"2025-09-22T12:24:52","slug":"el-modelo-grande-54-aromas","status":"publish","type":"product","link":"https:\/\/www.lenez.com\/es\/coffret\/vino\/el-modelo-grande-54-aromas\/","title":{"rendered":"El modelo grande 54\u00a0aromas"},"content":{"rendered":"<h3>La referencia de Jean Lenoir desde 1981<\/h3>\n<hr \/>\n<div class=\"col-md-6\">\n<h3>Los aromas<\/h3>\n<p>54 aromas que narran toda la riqueza y diversidad de los perfumes del vino:<\/p>\n<ul>\n<li><strong><span style=\"text-decoration: underline;\">Notas frutales<\/span><\/strong>: 1 lim\u00f3n, 2 pomelo, 3 naranja, 4 pi\u00f1a, 5 pl\u00e1tano, 6 lichi, 7 mel\u00f3n, 8 moscatel, 9 manzana, 10 pera, 11 membrillo, 12 fresa, 13 frambuesa, 14 grosella roja, 15 grosella negra, 16 ar\u00e1ndano, 17 mora, 18 cereza, 19 albaricoque, 20 melocot\u00f3n, 21 almendra (crema \u00abfrangipane\u00bb), 22 ciruela pasa, 23 nuez.<\/li>\n<li><strong><span style=\"text-decoration: underline;\">Notas florales<\/span><\/strong>: 24 espino blanco, 25 acacia, 26 tilo, 27 miel, 28 rosa, 29 violeta.<\/li>\n<li><strong><span style=\"text-decoration: underline;\">Notas vegetales y especiadas<\/span><\/strong>: 30 pimiento verde, 31 champi\u00f1\u00f3n, 32 trufa, 33 l\u00edas de vino, 34 cedro, 35 pino, 36 regaliz, 37 brote de grosella negra, 38 heno cortado, 39 tomillo, 40 vainilla, 41 canela, 42 clavo, 43 pimienta, 44 azafr\u00e1n.<\/li>\n<li><strong><span style=\"text-decoration: underline;\">Notas animales<\/span><\/strong>: 45 cuero, 46 almizcle, 47 mantequilla.<\/li>\n<li><strong><span style=\"text-decoration: underline;\">Notas tostadas<\/span><\/strong>: 48 pan tostado, 49 almendra tostada, 50 avellana tostada, 51 caramelo. 52 caf\u00e9, 53 chocolate, 54 nota de humo.<\/li>\n<\/ul>\n<hr \/>\n<\/div>\n<div class=\"col-md-6\">\n<h3>El libro<\/h3>\n<p>Regularmente actualizado y enriquecido, y avalado por cient\u00edficos especialistas en neurobiolog\u00eda y enolog\u00eda, el libro explica el origen de los aromas del vino y su clasificaci\u00f3n: \u00bfDe d\u00f3nde proceden los aromas del vino? \u00bfQu\u00e9 informaci\u00f3n aportan sobre las cepas (variedades) de uva, los m\u00e9todos de vinificaci\u00f3n y crianza, o su edad? &#8230;<\/p>\n<p>Presenta de forma pedag\u00f3gica el funcionamiento del sistema olfativo: \u00bfCu\u00e1les son las dos v\u00edas olfatorias? \u00bfQu\u00e9 ocurre en nuestra nariz y en nuestro cerebro? &#8230;<\/p>\n<p>Brinda valiosos consejos sobre c\u00f3mo usar los frascos para reconocer, memorizar y posteriormente descubrir los aromas del vino en la copa: \u00bfC\u00f3mo y con qu\u00e9 frecuencia debe entrenarse? \u00bfQu\u00e9 pasos hay que seguir para describir el bouquet de un vino? &#8230;<\/p>\n<p>Una herramienta inestimable tanto para los catadores principiantes como para los expertos, que detalla el perfil arom\u00e1tico de las principales cepas de uva y vi\u00f1edos de Francia y de todo el mundo: \u00bfCu\u00e1les son las caracter\u00edsticas arom\u00e1ticas t\u00edpicas del merlot o del riesling? \u00bfQu\u00e9 notas arom\u00e1ticas desprenden los vinos de Borgo\u00f1a o del valle del R\u00f3dano? &#8230;<\/p>\n<p>Una valiosa suma de conocimientos para profesionales y aficionados.<\/p>\n<\/div>\n","protected":false},"excerpt":{"rendered":"<ul>\n<li>54 aromas de alta calidad, realistas y duraderos.<\/li>\n<li>54 cartas de juego resumen el v\u00ednculo que existe entre los aromas y los vinos.<\/li>\n<li>Un libro educativo e ilustrado (120 p\u00e1ginas) sirve de gu\u00eda.<\/li>\n<\/ul>\n","protected":false},"featured_media":2290,"comment_status":"closed","ping_status":"closed","template":"","meta":{"_acf_changed":false},"product_brand":[],"product_cat":[110],"product_tag":[],"class_list":{"0":"post-4303","1":"product","2":"type-product","3":"status-publish","4":"has-post-thumbnail","6":"product_cat-vino","8":"first","9":"instock","10":"taxable","11":"shipping-taxable","12":"purchasable","13":"product-type-variable"},"acf":[],"yoast_head":"<!-- This site is optimized with the Yoast SEO plugin v27.4 - https:\/\/yoast.com\/product\/yoast-seo-wordpress\/ -->\n<title>El modelo grande 54\u00a0aromas - Le Nez du Vin<\/title>\n<meta name=\"robots\" content=\"index, follow, max-snippet:-1, max-image-preview:large, max-video-preview:-1\" \/>\n<link rel=\"canonical\" href=\"https:\/\/www.lenez.com\/es\/coffret\/vino\/el-modelo-grande-54-aromas\/\" \/>\n<meta property=\"og:locale\" content=\"es_ES\" \/>\n<meta property=\"og:type\" content=\"article\" \/>\n<meta property=\"og:title\" content=\"El modelo grande 54\u00a0aromas - Le Nez du Vin\" \/>\n<meta property=\"og:description\" content=\"54 aromas de alta calidad, realistas y duraderos.  54 cartas de juego resumen el v\u00ednculo que existe entre los aromas y los vinos.  Un libro educativo e ilustrado (120 p\u00e1ginas) sirve de gu\u00eda.\" \/>\n<meta property=\"og:url\" content=\"https:\/\/www.lenez.com\/es\/coffret\/vino\/el-modelo-grande-54-aromas\/\" \/>\n<meta property=\"og:site_name\" content=\"Le Nez du Vin\" \/>\n<meta property=\"article:modified_time\" content=\"2025-09-22T12:24:52+00:00\" \/>\n<meta property=\"og:image\" content=\"https:\/\/www.lenez.com\/wp-content\/uploads\/2024\/11\/HCEDtfZJCY_img_id.jpg\" \/>\n\t<meta property=\"og:image:width\" content=\"1154\" \/>\n\t<meta property=\"og:image:height\" content=\"1000\" \/>\n\t<meta property=\"og:image:type\" content=\"image\/jpeg\" \/>\n<meta name=\"twitter:card\" content=\"summary_large_image\" \/>\n<meta name=\"twitter:label1\" content=\"Tiempo de lectura\" \/>\n\t<meta name=\"twitter:data1\" content=\"2 minuto\" \/>\n<script type=\"application\/ld+json\" class=\"yoast-schema-graph\">{\"@context\":\"https:\\\/\\\/schema.org\",\"@graph\":[{\"@type\":\"WebPage\",\"@id\":\"https:\\\/\\\/www.lenez.com\\\/es\\\/coffret\\\/vino\\\/el-modelo-grande-54-aromas\\\/\",\"url\":\"https:\\\/\\\/www.lenez.com\\\/es\\\/coffret\\\/vino\\\/el-modelo-grande-54-aromas\\\/\",\"name\":\"El modelo grande 54\u00a0aromas - Le Nez du Vin\",\"isPartOf\":{\"@id\":\"https:\\\/\\\/www.lenez.com\\\/en\\\/#website\"},\"primaryImageOfPage\":{\"@id\":\"https:\\\/\\\/www.lenez.com\\\/es\\\/coffret\\\/vino\\\/el-modelo-grande-54-aromas\\\/#primaryimage\"},\"image\":{\"@id\":\"https:\\\/\\\/www.lenez.com\\\/es\\\/coffret\\\/vino\\\/el-modelo-grande-54-aromas\\\/#primaryimage\"},\"thumbnailUrl\":\"https:\\\/\\\/www.lenez.com\\\/wp-content\\\/uploads\\\/2024\\\/11\\\/HCEDtfZJCY_img_id.jpg\",\"datePublished\":\"2024-11-14T13:10:53+00:00\",\"dateModified\":\"2025-09-22T12:24:52+00:00\",\"breadcrumb\":{\"@id\":\"https:\\\/\\\/www.lenez.com\\\/es\\\/coffret\\\/vino\\\/el-modelo-grande-54-aromas\\\/#breadcrumb\"},\"inLanguage\":\"es\",\"potentialAction\":[{\"@type\":\"ReadAction\",\"target\":[\"https:\\\/\\\/www.lenez.com\\\/es\\\/coffret\\\/vino\\\/el-modelo-grande-54-aromas\\\/\"]}]},{\"@type\":\"ImageObject\",\"inLanguage\":\"es\",\"@id\":\"https:\\\/\\\/www.lenez.com\\\/es\\\/coffret\\\/vino\\\/el-modelo-grande-54-aromas\\\/#primaryimage\",\"url\":\"https:\\\/\\\/www.lenez.com\\\/wp-content\\\/uploads\\\/2024\\\/11\\\/HCEDtfZJCY_img_id.jpg\",\"contentUrl\":\"https:\\\/\\\/www.lenez.com\\\/wp-content\\\/uploads\\\/2024\\\/11\\\/HCEDtfZJCY_img_id.jpg\",\"width\":1154,\"height\":1000,\"caption\":\"HCEDtfZJCY img id\"},{\"@type\":\"BreadcrumbList\",\"@id\":\"https:\\\/\\\/www.lenez.com\\\/es\\\/coffret\\\/vino\\\/el-modelo-grande-54-aromas\\\/#breadcrumb\",\"itemListElement\":[{\"@type\":\"ListItem\",\"position\":1,\"name\":\"Accueil\",\"item\":\"https:\\\/\\\/www.lenez.com\\\/\"},{\"@type\":\"ListItem\",\"position\":2,\"name\":\"Olfactorium\",\"item\":\"https:\\\/\\\/www.lenez.com\\\/es\\\/olfactorium\\\/\"},{\"@type\":\"ListItem\",\"position\":3,\"name\":\"Cofre de aromas del vino\",\"item\":\"https:\\\/\\\/www.lenez.com\\\/es\\\/estuches\\\/vino\\\/\"},{\"@type\":\"ListItem\",\"position\":4,\"name\":\"El modelo grande 54\u00a0aromas\"}]},{\"@type\":\"WebSite\",\"@id\":\"https:\\\/\\\/www.lenez.com\\\/en\\\/#website\",\"url\":\"https:\\\/\\\/www.lenez.com\\\/en\\\/\",\"name\":\"Le Nez du Vin\",\"description\":\"Site officiel des marques Le Nez du Vin, Le Nez du Caf\u00e9 et Le Nez du Whisky\",\"publisher\":{\"@id\":\"https:\\\/\\\/www.lenez.com\\\/en\\\/#organization\"},\"potentialAction\":[{\"@type\":\"SearchAction\",\"target\":{\"@type\":\"EntryPoint\",\"urlTemplate\":\"https:\\\/\\\/www.lenez.com\\\/en\\\/?s={search_term_string}\"},\"query-input\":{\"@type\":\"PropertyValueSpecification\",\"valueRequired\":true,\"valueName\":\"search_term_string\"}}],\"inLanguage\":\"es\"},{\"@type\":\"Organization\",\"@id\":\"https:\\\/\\\/www.lenez.com\\\/en\\\/#organization\",\"name\":\"Le Nez du Vin\",\"url\":\"https:\\\/\\\/www.lenez.com\\\/en\\\/\",\"logo\":{\"@type\":\"ImageObject\",\"inLanguage\":\"es\",\"@id\":\"https:\\\/\\\/www.lenez.com\\\/en\\\/#\\\/schema\\\/logo\\\/image\\\/\",\"url\":\"https:\\\/\\\/www.lenez.com\\\/wp-content\\\/uploads\\\/2025\\\/05\\\/EJL_LOGO_2019.jpg\",\"contentUrl\":\"https:\\\/\\\/www.lenez.com\\\/wp-content\\\/uploads\\\/2025\\\/05\\\/EJL_LOGO_2019.jpg\",\"width\":2362,\"height\":2362,\"caption\":\"Le Nez du Vin\"},\"image\":{\"@id\":\"https:\\\/\\\/www.lenez.com\\\/en\\\/#\\\/schema\\\/logo\\\/image\\\/\"}}]}<\/script>\n<!-- \/ Yoast SEO plugin. -->","yoast_head_json":{"title":"El modelo grande 54\u00a0aromas - Le Nez du Vin","robots":{"index":"index","follow":"follow","max-snippet":"max-snippet:-1","max-image-preview":"max-image-preview:large","max-video-preview":"max-video-preview:-1"},"canonical":"https:\/\/www.lenez.com\/es\/coffret\/vino\/el-modelo-grande-54-aromas\/","og_locale":"es_ES","og_type":"article","og_title":"El modelo grande 54\u00a0aromas - Le Nez du Vin","og_description":"54 aromas de alta calidad, realistas y duraderos.  54 cartas de juego resumen el v\u00ednculo que existe entre los aromas y los vinos.  Un libro educativo e ilustrado (120 p\u00e1ginas) sirve de gu\u00eda.","og_url":"https:\/\/www.lenez.com\/es\/coffret\/vino\/el-modelo-grande-54-aromas\/","og_site_name":"Le Nez du Vin","article_modified_time":"2025-09-22T12:24:52+00:00","og_image":[{"width":1154,"height":1000,"url":"https:\/\/www.lenez.com\/wp-content\/uploads\/2024\/11\/HCEDtfZJCY_img_id.jpg","type":"image\/jpeg"}],"twitter_card":"summary_large_image","twitter_misc":{"Tiempo de lectura":"2 minuto"},"schema":{"@context":"https:\/\/schema.org","@graph":[{"@type":"WebPage","@id":"https:\/\/www.lenez.com\/es\/coffret\/vino\/el-modelo-grande-54-aromas\/","url":"https:\/\/www.lenez.com\/es\/coffret\/vino\/el-modelo-grande-54-aromas\/","name":"El modelo grande 54\u00a0aromas - Le Nez du Vin","isPartOf":{"@id":"https:\/\/www.lenez.com\/en\/#website"},"primaryImageOfPage":{"@id":"https:\/\/www.lenez.com\/es\/coffret\/vino\/el-modelo-grande-54-aromas\/#primaryimage"},"image":{"@id":"https:\/\/www.lenez.com\/es\/coffret\/vino\/el-modelo-grande-54-aromas\/#primaryimage"},"thumbnailUrl":"https:\/\/www.lenez.com\/wp-content\/uploads\/2024\/11\/HCEDtfZJCY_img_id.jpg","datePublished":"2024-11-14T13:10:53+00:00","dateModified":"2025-09-22T12:24:52+00:00","breadcrumb":{"@id":"https:\/\/www.lenez.com\/es\/coffret\/vino\/el-modelo-grande-54-aromas\/#breadcrumb"},"inLanguage":"es","potentialAction":[{"@type":"ReadAction","target":["https:\/\/www.lenez.com\/es\/coffret\/vino\/el-modelo-grande-54-aromas\/"]}]},{"@type":"ImageObject","inLanguage":"es","@id":"https:\/\/www.lenez.com\/es\/coffret\/vino\/el-modelo-grande-54-aromas\/#primaryimage","url":"https:\/\/www.lenez.com\/wp-content\/uploads\/2024\/11\/HCEDtfZJCY_img_id.jpg","contentUrl":"https:\/\/www.lenez.com\/wp-content\/uploads\/2024\/11\/HCEDtfZJCY_img_id.jpg","width":1154,"height":1000,"caption":"HCEDtfZJCY img id"},{"@type":"BreadcrumbList","@id":"https:\/\/www.lenez.com\/es\/coffret\/vino\/el-modelo-grande-54-aromas\/#breadcrumb","itemListElement":[{"@type":"ListItem","position":1,"name":"Accueil","item":"https:\/\/www.lenez.com\/"},{"@type":"ListItem","position":2,"name":"Olfactorium","item":"https:\/\/www.lenez.com\/es\/olfactorium\/"},{"@type":"ListItem","position":3,"name":"Cofre de aromas del vino","item":"https:\/\/www.lenez.com\/es\/estuches\/vino\/"},{"@type":"ListItem","position":4,"name":"El modelo grande 54\u00a0aromas"}]},{"@type":"WebSite","@id":"https:\/\/www.lenez.com\/en\/#website","url":"https:\/\/www.lenez.com\/en\/","name":"Le Nez du Vin","description":"Site officiel des marques Le Nez du Vin, Le Nez du Caf\u00e9 et Le Nez du Whisky","publisher":{"@id":"https:\/\/www.lenez.com\/en\/#organization"},"potentialAction":[{"@type":"SearchAction","target":{"@type":"EntryPoint","urlTemplate":"https:\/\/www.lenez.com\/en\/?s={search_term_string}"},"query-input":{"@type":"PropertyValueSpecification","valueRequired":true,"valueName":"search_term_string"}}],"inLanguage":"es"},{"@type":"Organization","@id":"https:\/\/www.lenez.com\/en\/#organization","name":"Le Nez du Vin","url":"https:\/\/www.lenez.com\/en\/","logo":{"@type":"ImageObject","inLanguage":"es","@id":"https:\/\/www.lenez.com\/en\/#\/schema\/logo\/image\/","url":"https:\/\/www.lenez.com\/wp-content\/uploads\/2025\/05\/EJL_LOGO_2019.jpg","contentUrl":"https:\/\/www.lenez.com\/wp-content\/uploads\/2025\/05\/EJL_LOGO_2019.jpg","width":2362,"height":2362,"caption":"Le Nez du Vin"},"image":{"@id":"https:\/\/www.lenez.com\/en\/#\/schema\/logo\/image\/"}}]}},"_links":{"self":[{"href":"https:\/\/www.lenez.com\/es\/wp-json\/wp\/v2\/product\/4303","targetHints":{"allow":["GET"]}}],"collection":[{"href":"https:\/\/www.lenez.com\/es\/wp-json\/wp\/v2\/product"}],"about":[{"href":"https:\/\/www.lenez.com\/es\/wp-json\/wp\/v2\/types\/product"}],"replies":[{"embeddable":true,"href":"https:\/\/www.lenez.com\/es\/wp-json\/wp\/v2\/comments?post=4303"}],"wp:featuredmedia":[{"embeddable":true,"href":"https:\/\/www.lenez.com\/es\/wp-json\/wp\/v2\/media\/2290"}],"wp:attachment":[{"href":"https:\/\/www.lenez.com\/es\/wp-json\/wp\/v2\/media?parent=4303"}],"wp:term":[{"taxonomy":"product_brand","embeddable":true,"href":"https:\/\/www.lenez.com\/es\/wp-json\/wp\/v2\/product_brand?post=4303"},{"taxonomy":"product_cat","embeddable":true,"href":"https:\/\/www.lenez.com\/es\/wp-json\/wp\/v2\/product_cat?post=4303"},{"taxonomy":"product_tag","embeddable":true,"href":"https:\/\/www.lenez.com\/es\/wp-json\/wp\/v2\/product_tag?post=4303"}],"curies":[{"name":"wp","href":"https:\/\/api.w.org\/{rel}","templated":true}]}}