{"id":4316,"date":"2024-11-14T14:54:36","date_gmt":"2024-11-14T13:54:36","guid":{"rendered":"https:\/\/shop.lenez.com\/coffret\/sin%20categor\u00eda\/el-duo-24-aromas\/"},"modified":"2025-09-22T12:17:51","modified_gmt":"2025-09-22T10:17:51","slug":"el-duo-24-aromas","status":"publish","type":"product","link":"https:\/\/www.lenez.com\/es\/coffret\/vino\/el-duo-24-aromas\/","title":{"rendered":"El d\u00fao 24 aromas"},"content":{"rendered":"<div class=\"col-md-6\">\n<h3>La esencia arom\u00e1tica de los vinos tintos y blancos<\/h3>\n<hr \/>\n<h3>Los aromas<\/h3>\n<p>24 aromas fundamentales de vinos blancos (incluidos los champanes) y vinos tintos, procedentes de la colecci\u00f3n del modelo grande de 54 aromas.<\/p>\n<p>12 aromas de vinos blancos:<\/p>\n<ul>\n<li><strong><span style=\"text-decoration: underline;\">Notas frutales<\/span><\/strong>: 1 lim\u00f3n, 2 pomelo, 4 pi\u00f1a, 6 lichi, 8 moscatel, 10 pera.<\/li>\n<li><strong><span style=\"text-decoration: underline;\">Notas florales<\/span><\/strong>: 24 espino blanco, 27 miel.<\/li>\n<li><strong><span style=\"text-decoration: underline;\">Nota vegetal<\/span><\/strong>: 37 brote de grosella negra<\/li>\n<li><strong><span style=\"text-decoration: underline;\">Nota animal<\/span><\/strong>: 47 mantequilla.<\/li>\n<li><strong><span style=\"text-decoration: underline;\">Notas tostadas<\/span><\/strong>: 48 pan tostado, 50 avellana tostada.<\/li>\n<\/ul>\n<p>12 aromas de vinos tintos:<\/p>\n<ul>\n<li><strong><span style=\"text-decoration: underline;\">Notas frutales<\/span><\/strong>: 12 fresa, 13 frambuesa, 15 grosella negra, 17 mora, 18 cereza.<\/li>\n<li><strong><span style=\"text-decoration: underline;\">Nota floral<\/span><\/strong>: 29 violeta.<\/li>\n<li><strong><span style=\"text-decoration: underline;\">Notas vegetales<\/span><\/strong>: 30 pimienta verde, 32 trufa, 36 regaliz, 40 vainilla, 43 pimienta.<\/li>\n<li><strong><span style=\"text-decoration: underline;\">Nota tostada<\/span><\/strong>: 54 nota de humo.<\/li>\n<\/ul>\n<hr \/>\n<\/div>\n<div class=\"col-md-6\">\n<h3>El libro<\/h3>\n<p>Esta obra consta de tres cuadernos<\/p>\n<p>Un cuaderno general que explica el origen de los aromas del vino, el funcionamiento del olfato y proporciona consejos para aprovechar mejor la cata y para perfeccionar la memoria olfativa. <em>\u00bfQu\u00e9 son los aromas primarios, secundarios y terciarios? \u00bfCu\u00e1l es la diferencia entre un aroma y un olor? \u00bfC\u00f3mo entrenarse con Le Nez du Vin? \u2026<\/em><\/p>\n<p>Un cuaderno dedicado a los vinos tintos, el cual detalla la expresi\u00f3n de los 12 aromas esenciales seg\u00fan el tipo de uva y el vi\u00f1edo, en vinos de Francia y del \u00e1mbito internacional: <em>\u00bfCu\u00e1les son los aromas distintivos del Pinot Noir y de los tintos de Saint-\u00c9milion? \u00bfEn qu\u00e9 denominaciones, de Francia y del mundo, es probable que identifique el aroma de violeta? &#8230;<\/em><\/p>\n<p>Un cuaderno dedicado a los vinos blancos tambi\u00e9n establece la relaci\u00f3n entre los aromas y los vinos: <em>\u00bfQu\u00e9 cepa de uva produce en el momento de la vinificaci\u00f3n una nota caracter\u00edstica de brote de grosellero negro? \u00bfCu\u00e1l es la variedad de uva tradicional de la Monta\u00f1a de Reims? &#8230;<\/em><\/p>\n<\/div>\n","protected":false},"excerpt":{"rendered":"<ul>\n<li>24 aromas de alta calidad, realistas y duraderos.<\/li>\n<li>Tres cuadernos sirven de gu\u00eda.<\/li>\n<\/ul>\n","protected":false},"featured_media":2338,"comment_status":"closed","ping_status":"closed","template":"","meta":{"_acf_changed":false},"product_brand":[],"product_cat":[110],"product_tag":[],"class_list":{"0":"post-4316","1":"product","2":"type-product","3":"status-publish","4":"has-post-thumbnail","6":"product_cat-vino","8":"first","9":"instock","10":"taxable","11":"shipping-taxable","12":"purchasable","13":"product-type-variable"},"acf":[],"yoast_head":"<!-- This site is optimized with the Yoast SEO plugin v27.4 - https:\/\/yoast.com\/product\/yoast-seo-wordpress\/ -->\n<title>El d\u00fao 24 aromas - Le Nez du Vin<\/title>\n<meta name=\"robots\" content=\"index, follow, max-snippet:-1, max-image-preview:large, max-video-preview:-1\" \/>\n<link rel=\"canonical\" href=\"https:\/\/www.lenez.com\/coffret\/vin\/duo-24\/\" \/>\n<meta property=\"og:locale\" content=\"es_ES\" \/>\n<meta property=\"og:type\" content=\"article\" \/>\n<meta property=\"og:title\" content=\"El d\u00fao 24 aromas - Le Nez du Vin\" \/>\n<meta property=\"og:description\" content=\"24 aromas de alta calidad, realistas y duraderos.  Tres cuadernos sirven de gu\u00eda.\" \/>\n<meta property=\"og:url\" content=\"https:\/\/www.lenez.com\/coffret\/vin\/duo-24\/\" \/>\n<meta property=\"og:site_name\" content=\"Le Nez du Vin\" \/>\n<meta property=\"article:modified_time\" content=\"2025-09-22T10:17:51+00:00\" \/>\n<meta property=\"og:image\" content=\"https:\/\/www.lenez.com\/wp-content\/uploads\/2025\/08\/ES_NEZVIN24ES_DSC_4279.png\" \/>\n\t<meta property=\"og:image:width\" content=\"1181\" \/>\n\t<meta property=\"og:image:height\" content=\"720\" \/>\n\t<meta property=\"og:image:type\" content=\"image\/png\" \/>\n<meta name=\"twitter:card\" content=\"summary_large_image\" \/>\n<meta name=\"twitter:label1\" content=\"Tiempo de lectura\" \/>\n\t<meta name=\"twitter:data1\" content=\"1 minuto\" \/>\n<script type=\"application\/ld+json\" class=\"yoast-schema-graph\">{\"@context\":\"https:\\\/\\\/schema.org\",\"@graph\":[{\"@type\":\"WebPage\",\"@id\":\"https:\\\/\\\/www.lenez.com\\\/coffret\\\/vin\\\/duo-24\\\/\",\"url\":\"https:\\\/\\\/www.lenez.com\\\/coffret\\\/vin\\\/duo-24\\\/\",\"name\":\"El d\u00fao 24 aromas - Le Nez du Vin\",\"isPartOf\":{\"@id\":\"https:\\\/\\\/www.lenez.com\\\/en\\\/#website\"},\"primaryImageOfPage\":{\"@id\":\"https:\\\/\\\/www.lenez.com\\\/coffret\\\/vin\\\/duo-24\\\/#primaryimage\"},\"image\":{\"@id\":\"https:\\\/\\\/www.lenez.com\\\/coffret\\\/vin\\\/duo-24\\\/#primaryimage\"},\"thumbnailUrl\":\"https:\\\/\\\/www.lenez.com\\\/wp-content\\\/uploads\\\/2025\\\/08\\\/ES_NEZVIN24ES_DSC_4279.png\",\"datePublished\":\"2024-11-14T13:54:36+00:00\",\"dateModified\":\"2025-09-22T10:17:51+00:00\",\"breadcrumb\":{\"@id\":\"https:\\\/\\\/www.lenez.com\\\/coffret\\\/vin\\\/duo-24\\\/#breadcrumb\"},\"inLanguage\":\"es\",\"potentialAction\":[{\"@type\":\"ReadAction\",\"target\":[\"https:\\\/\\\/www.lenez.com\\\/coffret\\\/vin\\\/duo-24\\\/\"]}]},{\"@type\":\"ImageObject\",\"inLanguage\":\"es\",\"@id\":\"https:\\\/\\\/www.lenez.com\\\/coffret\\\/vin\\\/duo-24\\\/#primaryimage\",\"url\":\"https:\\\/\\\/www.lenez.com\\\/wp-content\\\/uploads\\\/2025\\\/08\\\/ES_NEZVIN24ES_DSC_4279.png\",\"contentUrl\":\"https:\\\/\\\/www.lenez.com\\\/wp-content\\\/uploads\\\/2025\\\/08\\\/ES_NEZVIN24ES_DSC_4279.png\",\"width\":1181,\"height\":720,\"caption\":\"ofWUIgVmXH img id\"},{\"@type\":\"BreadcrumbList\",\"@id\":\"https:\\\/\\\/www.lenez.com\\\/coffret\\\/vin\\\/duo-24\\\/#breadcrumb\",\"itemListElement\":[{\"@type\":\"ListItem\",\"position\":1,\"name\":\"Accueil\",\"item\":\"https:\\\/\\\/www.lenez.com\\\/\"},{\"@type\":\"ListItem\",\"position\":2,\"name\":\"Olfactorium\",\"item\":\"https:\\\/\\\/www.lenez.com\\\/es\\\/olfactorium\\\/\"},{\"@type\":\"ListItem\",\"position\":3,\"name\":\"Cofre de aromas del vino\",\"item\":\"https:\\\/\\\/www.lenez.com\\\/es\\\/estuches\\\/vino\\\/\"},{\"@type\":\"ListItem\",\"position\":4,\"name\":\"El d\u00fao 24 aromas\"}]},{\"@type\":\"WebSite\",\"@id\":\"https:\\\/\\\/www.lenez.com\\\/en\\\/#website\",\"url\":\"https:\\\/\\\/www.lenez.com\\\/en\\\/\",\"name\":\"Le Nez du Vin\",\"description\":\"Site officiel des marques Le Nez du Vin, Le Nez du Caf\u00e9 et Le Nez du Whisky\",\"publisher\":{\"@id\":\"https:\\\/\\\/www.lenez.com\\\/en\\\/#organization\"},\"potentialAction\":[{\"@type\":\"SearchAction\",\"target\":{\"@type\":\"EntryPoint\",\"urlTemplate\":\"https:\\\/\\\/www.lenez.com\\\/en\\\/?s={search_term_string}\"},\"query-input\":{\"@type\":\"PropertyValueSpecification\",\"valueRequired\":true,\"valueName\":\"search_term_string\"}}],\"inLanguage\":\"es\"},{\"@type\":\"Organization\",\"@id\":\"https:\\\/\\\/www.lenez.com\\\/en\\\/#organization\",\"name\":\"Le Nez du Vin\",\"url\":\"https:\\\/\\\/www.lenez.com\\\/en\\\/\",\"logo\":{\"@type\":\"ImageObject\",\"inLanguage\":\"es\",\"@id\":\"https:\\\/\\\/www.lenez.com\\\/en\\\/#\\\/schema\\\/logo\\\/image\\\/\",\"url\":\"https:\\\/\\\/www.lenez.com\\\/wp-content\\\/uploads\\\/2025\\\/05\\\/EJL_LOGO_2019.jpg\",\"contentUrl\":\"https:\\\/\\\/www.lenez.com\\\/wp-content\\\/uploads\\\/2025\\\/05\\\/EJL_LOGO_2019.jpg\",\"width\":2362,\"height\":2362,\"caption\":\"Le Nez du Vin\"},\"image\":{\"@id\":\"https:\\\/\\\/www.lenez.com\\\/en\\\/#\\\/schema\\\/logo\\\/image\\\/\"}}]}<\/script>\n<!-- \/ Yoast SEO plugin. -->","yoast_head_json":{"title":"El d\u00fao 24 aromas - Le Nez du Vin","robots":{"index":"index","follow":"follow","max-snippet":"max-snippet:-1","max-image-preview":"max-image-preview:large","max-video-preview":"max-video-preview:-1"},"canonical":"https:\/\/www.lenez.com\/coffret\/vin\/duo-24\/","og_locale":"es_ES","og_type":"article","og_title":"El d\u00fao 24 aromas - Le Nez du Vin","og_description":"24 aromas de alta calidad, realistas y duraderos.  Tres cuadernos sirven de gu\u00eda.","og_url":"https:\/\/www.lenez.com\/coffret\/vin\/duo-24\/","og_site_name":"Le Nez du Vin","article_modified_time":"2025-09-22T10:17:51+00:00","og_image":[{"width":1181,"height":720,"url":"https:\/\/www.lenez.com\/wp-content\/uploads\/2025\/08\/ES_NEZVIN24ES_DSC_4279.png","type":"image\/png"}],"twitter_card":"summary_large_image","twitter_misc":{"Tiempo de lectura":"1 minuto"},"schema":{"@context":"https:\/\/schema.org","@graph":[{"@type":"WebPage","@id":"https:\/\/www.lenez.com\/coffret\/vin\/duo-24\/","url":"https:\/\/www.lenez.com\/coffret\/vin\/duo-24\/","name":"El d\u00fao 24 aromas - Le Nez du Vin","isPartOf":{"@id":"https:\/\/www.lenez.com\/en\/#website"},"primaryImageOfPage":{"@id":"https:\/\/www.lenez.com\/coffret\/vin\/duo-24\/#primaryimage"},"image":{"@id":"https:\/\/www.lenez.com\/coffret\/vin\/duo-24\/#primaryimage"},"thumbnailUrl":"https:\/\/www.lenez.com\/wp-content\/uploads\/2025\/08\/ES_NEZVIN24ES_DSC_4279.png","datePublished":"2024-11-14T13:54:36+00:00","dateModified":"2025-09-22T10:17:51+00:00","breadcrumb":{"@id":"https:\/\/www.lenez.com\/coffret\/vin\/duo-24\/#breadcrumb"},"inLanguage":"es","potentialAction":[{"@type":"ReadAction","target":["https:\/\/www.lenez.com\/coffret\/vin\/duo-24\/"]}]},{"@type":"ImageObject","inLanguage":"es","@id":"https:\/\/www.lenez.com\/coffret\/vin\/duo-24\/#primaryimage","url":"https:\/\/www.lenez.com\/wp-content\/uploads\/2025\/08\/ES_NEZVIN24ES_DSC_4279.png","contentUrl":"https:\/\/www.lenez.com\/wp-content\/uploads\/2025\/08\/ES_NEZVIN24ES_DSC_4279.png","width":1181,"height":720,"caption":"ofWUIgVmXH img id"},{"@type":"BreadcrumbList","@id":"https:\/\/www.lenez.com\/coffret\/vin\/duo-24\/#breadcrumb","itemListElement":[{"@type":"ListItem","position":1,"name":"Accueil","item":"https:\/\/www.lenez.com\/"},{"@type":"ListItem","position":2,"name":"Olfactorium","item":"https:\/\/www.lenez.com\/es\/olfactorium\/"},{"@type":"ListItem","position":3,"name":"Cofre de aromas del vino","item":"https:\/\/www.lenez.com\/es\/estuches\/vino\/"},{"@type":"ListItem","position":4,"name":"El d\u00fao 24 aromas"}]},{"@type":"WebSite","@id":"https:\/\/www.lenez.com\/en\/#website","url":"https:\/\/www.lenez.com\/en\/","name":"Le Nez du Vin","description":"Site officiel des marques Le Nez du Vin, Le Nez du Caf\u00e9 et Le Nez du Whisky","publisher":{"@id":"https:\/\/www.lenez.com\/en\/#organization"},"potentialAction":[{"@type":"SearchAction","target":{"@type":"EntryPoint","urlTemplate":"https:\/\/www.lenez.com\/en\/?s={search_term_string}"},"query-input":{"@type":"PropertyValueSpecification","valueRequired":true,"valueName":"search_term_string"}}],"inLanguage":"es"},{"@type":"Organization","@id":"https:\/\/www.lenez.com\/en\/#organization","name":"Le Nez du Vin","url":"https:\/\/www.lenez.com\/en\/","logo":{"@type":"ImageObject","inLanguage":"es","@id":"https:\/\/www.lenez.com\/en\/#\/schema\/logo\/image\/","url":"https:\/\/www.lenez.com\/wp-content\/uploads\/2025\/05\/EJL_LOGO_2019.jpg","contentUrl":"https:\/\/www.lenez.com\/wp-content\/uploads\/2025\/05\/EJL_LOGO_2019.jpg","width":2362,"height":2362,"caption":"Le Nez du Vin"},"image":{"@id":"https:\/\/www.lenez.com\/en\/#\/schema\/logo\/image\/"}}]}},"_links":{"self":[{"href":"https:\/\/www.lenez.com\/es\/wp-json\/wp\/v2\/product\/4316","targetHints":{"allow":["GET"]}}],"collection":[{"href":"https:\/\/www.lenez.com\/es\/wp-json\/wp\/v2\/product"}],"about":[{"href":"https:\/\/www.lenez.com\/es\/wp-json\/wp\/v2\/types\/product"}],"replies":[{"embeddable":true,"href":"https:\/\/www.lenez.com\/es\/wp-json\/wp\/v2\/comments?post=4316"}],"wp:featuredmedia":[{"embeddable":true,"href":"https:\/\/www.lenez.com\/es\/wp-json\/wp\/v2\/media\/2338"}],"wp:attachment":[{"href":"https:\/\/www.lenez.com\/es\/wp-json\/wp\/v2\/media?parent=4316"}],"wp:term":[{"taxonomy":"product_brand","embeddable":true,"href":"https:\/\/www.lenez.com\/es\/wp-json\/wp\/v2\/product_brand?post=4316"},{"taxonomy":"product_cat","embeddable":true,"href":"https:\/\/www.lenez.com\/es\/wp-json\/wp\/v2\/product_cat?post=4316"},{"taxonomy":"product_tag","embeddable":true,"href":"https:\/\/www.lenez.com\/es\/wp-json\/wp\/v2\/product_tag?post=4316"}],"curies":[{"name":"wp","href":"https:\/\/api.w.org\/{rel}","templated":true}]}}