{"id":4323,"date":"2024-11-14T15:02:56","date_gmt":"2024-11-14T14:02:56","guid":{"rendered":"https:\/\/shop.lenez.com\/coffret\/sin%20categor\u00eda\/los-vinos-tintos-12-aromas\/"},"modified":"2025-09-22T12:16:37","modified_gmt":"2025-09-22T10:16:37","slug":"los-vinos-tintos-12-aromas","status":"publish","type":"product","link":"https:\/\/www.lenez.com\/es\/coffret\/vino\/los-vinos-tintos-12-aromas\/","title":{"rendered":"Los vinos tintos 12 aromas"},"content":{"rendered":"<h3>Una iniciaci\u00f3n con Le Nez du Vin y un formato libro ideal para cualquier biblioteca<\/h3>\n<hr \/>\n<div class=\"col-md-6\">\n<h3>Los aromas<\/h3>\n<p>12 aromas fundamentales de vinos tintos, procedentes de la colecci\u00f3n del modelo grande de 54 aromas:<\/p>\n<ul>\n<li><strong><span style=\"text-decoration: underline;\">Notas frutales<\/span><\/strong>: 12 fresa, 13 frambuesa, 15 grosella negra, 17 mora, 18 cereza.<\/li>\n<li><strong><span style=\"text-decoration: underline;\">Nota floral<\/span><\/strong>: 29 violeta.<\/li>\n<li><strong><span style=\"text-decoration: underline;\">Notas vegetales<\/span><\/strong>: 30 pimienta verde, 32 trufa, 36 regaliz, 40 vainilla, 43 pimienta.<\/li>\n<li><strong><span style=\"text-decoration: underline;\">Nota tostada<\/span><\/strong>: 54 nota de humo.<\/li>\n<\/ul>\n<\/div>\n<div class=\"col-md-6\">\n<h3>El libro<\/h3>\n<p>Esta obra consta de dos cuadernos.<\/p>\n<p>Un cuaderno general que explica el origen de los aromas del vino, el funcionamiento del olfato y proporciona consejos para aprovechar mejor la cata y para perfeccionar la memoria olfativa. \u00bfQu\u00e9 son los aromas primarios, secundarios y terciarios? \u00bfCu\u00e1l es la diferencia entre un aroma y un olor? \u00bfC\u00f3mo entrenarse con <em>Le Nez du Vin<\/em>? &#8230;<\/p>\n<p>Un cuaderno dedicado a los vinos tintos, el cual detalla la expresi\u00f3n de los 12 aromas esenciales seg\u00fan el tipo de uva y el vi\u00f1edo, en vinos de Francia y del \u00e1mbito internacional: \u00bfCu\u00e1les son los aromas distintivos del Pinot Noir y de los tintos de Saint-\u00c9milion? \u00bfEn qu\u00e9 denominaciones, de Francia y del mundo, es probable que identifique el aroma de violeta? &#8230;<\/p>\n<p>Un libro dedicado a los vinos blancos tambi\u00e9n establece la relaci\u00f3n entre los aromas y los vinos: \u00bfQu\u00e9 cepa de uva produce en el momento de la vinificaci\u00f3n una nota caracter\u00edstica de brote de grosellero negro? \u00bfCu\u00e1l es la variedad de uva tradicional de la Monta\u00f1a de Reims? \u2026<\/p>\n<\/div>\n","protected":false},"excerpt":{"rendered":"<ul>\n<li>12 aromas de alta calidad, realistas y duraderos.<\/li>\n<li>Dos cuadernos sirven de gu\u00eda<\/li>\n<\/ul>\n","protected":false},"featured_media":5515,"comment_status":"closed","ping_status":"closed","template":"","meta":{"_acf_changed":false},"product_brand":[],"product_cat":[110],"product_tag":[],"class_list":{"0":"post-4323","1":"product","2":"type-product","3":"status-publish","4":"has-post-thumbnail","6":"product_cat-vino","8":"first","9":"instock","10":"taxable","11":"shipping-taxable","12":"purchasable","13":"product-type-variable"},"acf":[],"yoast_head":"<!-- This site is optimized with the Yoast SEO plugin v27.4 - https:\/\/yoast.com\/product\/yoast-seo-wordpress\/ -->\n<title>Los vinos tintos 12 aromas - Le Nez du Vin<\/title>\n<meta name=\"robots\" content=\"index, follow, max-snippet:-1, max-image-preview:large, max-video-preview:-1\" \/>\n<link rel=\"canonical\" href=\"https:\/\/www.lenez.com\/es\/coffret\/vino\/los-vinos-tintos-12-aromas\/\" \/>\n<meta property=\"og:locale\" content=\"es_ES\" \/>\n<meta property=\"og:type\" content=\"article\" \/>\n<meta property=\"og:title\" content=\"Los vinos tintos 12 aromas - Le Nez du Vin\" \/>\n<meta property=\"og:description\" content=\"12 aromas de alta calidad, realistas y duraderos.  Dos cuadernos sirven de gu\u00eda\" \/>\n<meta property=\"og:url\" content=\"https:\/\/www.lenez.com\/es\/coffret\/vino\/los-vinos-tintos-12-aromas\/\" \/>\n<meta property=\"og:site_name\" content=\"Le Nez du Vin\" \/>\n<meta property=\"article:modified_time\" content=\"2025-09-22T10:16:37+00:00\" \/>\n<meta property=\"og:image\" content=\"https:\/\/www.lenez.com\/wp-content\/uploads\/2025\/08\/ES_NEZVIN12VRFR_DSC_4258-1.png\" \/>\n\t<meta property=\"og:image:width\" content=\"1181\" \/>\n\t<meta property=\"og:image:height\" content=\"720\" \/>\n\t<meta property=\"og:image:type\" content=\"image\/png\" \/>\n<meta name=\"twitter:card\" content=\"summary_large_image\" \/>\n<meta name=\"twitter:label1\" content=\"Tiempo de lectura\" \/>\n\t<meta name=\"twitter:data1\" content=\"1 minuto\" \/>\n<script type=\"application\/ld+json\" class=\"yoast-schema-graph\">{\"@context\":\"https:\\\/\\\/schema.org\",\"@graph\":[{\"@type\":\"WebPage\",\"@id\":\"https:\\\/\\\/www.lenez.com\\\/es\\\/coffret\\\/vino\\\/los-vinos-tintos-12-aromas\\\/\",\"url\":\"https:\\\/\\\/www.lenez.com\\\/es\\\/coffret\\\/vino\\\/los-vinos-tintos-12-aromas\\\/\",\"name\":\"Los vinos tintos 12 aromas - Le Nez du Vin\",\"isPartOf\":{\"@id\":\"https:\\\/\\\/www.lenez.com\\\/en\\\/#website\"},\"primaryImageOfPage\":{\"@id\":\"https:\\\/\\\/www.lenez.com\\\/es\\\/coffret\\\/vino\\\/los-vinos-tintos-12-aromas\\\/#primaryimage\"},\"image\":{\"@id\":\"https:\\\/\\\/www.lenez.com\\\/es\\\/coffret\\\/vino\\\/los-vinos-tintos-12-aromas\\\/#primaryimage\"},\"thumbnailUrl\":\"https:\\\/\\\/www.lenez.com\\\/wp-content\\\/uploads\\\/2025\\\/08\\\/ES_NEZVIN12VRFR_DSC_4258-1.png\",\"datePublished\":\"2024-11-14T14:02:56+00:00\",\"dateModified\":\"2025-09-22T10:16:37+00:00\",\"breadcrumb\":{\"@id\":\"https:\\\/\\\/www.lenez.com\\\/es\\\/coffret\\\/vino\\\/los-vinos-tintos-12-aromas\\\/#breadcrumb\"},\"inLanguage\":\"es\",\"potentialAction\":[{\"@type\":\"ReadAction\",\"target\":[\"https:\\\/\\\/www.lenez.com\\\/es\\\/coffret\\\/vino\\\/los-vinos-tintos-12-aromas\\\/\"]}]},{\"@type\":\"ImageObject\",\"inLanguage\":\"es\",\"@id\":\"https:\\\/\\\/www.lenez.com\\\/es\\\/coffret\\\/vino\\\/los-vinos-tintos-12-aromas\\\/#primaryimage\",\"url\":\"https:\\\/\\\/www.lenez.com\\\/wp-content\\\/uploads\\\/2025\\\/08\\\/ES_NEZVIN12VRFR_DSC_4258-1.png\",\"contentUrl\":\"https:\\\/\\\/www.lenez.com\\\/wp-content\\\/uploads\\\/2025\\\/08\\\/ES_NEZVIN12VRFR_DSC_4258-1.png\",\"width\":1181,\"height\":720},{\"@type\":\"BreadcrumbList\",\"@id\":\"https:\\\/\\\/www.lenez.com\\\/es\\\/coffret\\\/vino\\\/los-vinos-tintos-12-aromas\\\/#breadcrumb\",\"itemListElement\":[{\"@type\":\"ListItem\",\"position\":1,\"name\":\"Accueil\",\"item\":\"https:\\\/\\\/www.lenez.com\\\/\"},{\"@type\":\"ListItem\",\"position\":2,\"name\":\"Olfactorium\",\"item\":\"https:\\\/\\\/www.lenez.com\\\/es\\\/olfactorium\\\/\"},{\"@type\":\"ListItem\",\"position\":3,\"name\":\"Cofre de aromas del vino\",\"item\":\"https:\\\/\\\/www.lenez.com\\\/es\\\/estuches\\\/vino\\\/\"},{\"@type\":\"ListItem\",\"position\":4,\"name\":\"Los vinos tintos 12 aromas\"}]},{\"@type\":\"WebSite\",\"@id\":\"https:\\\/\\\/www.lenez.com\\\/en\\\/#website\",\"url\":\"https:\\\/\\\/www.lenez.com\\\/en\\\/\",\"name\":\"Le Nez du Vin\",\"description\":\"Site officiel des marques Le Nez du Vin, Le Nez du Caf\u00e9 et Le Nez du Whisky\",\"publisher\":{\"@id\":\"https:\\\/\\\/www.lenez.com\\\/en\\\/#organization\"},\"potentialAction\":[{\"@type\":\"SearchAction\",\"target\":{\"@type\":\"EntryPoint\",\"urlTemplate\":\"https:\\\/\\\/www.lenez.com\\\/en\\\/?s={search_term_string}\"},\"query-input\":{\"@type\":\"PropertyValueSpecification\",\"valueRequired\":true,\"valueName\":\"search_term_string\"}}],\"inLanguage\":\"es\"},{\"@type\":\"Organization\",\"@id\":\"https:\\\/\\\/www.lenez.com\\\/en\\\/#organization\",\"name\":\"Le Nez du Vin\",\"url\":\"https:\\\/\\\/www.lenez.com\\\/en\\\/\",\"logo\":{\"@type\":\"ImageObject\",\"inLanguage\":\"es\",\"@id\":\"https:\\\/\\\/www.lenez.com\\\/en\\\/#\\\/schema\\\/logo\\\/image\\\/\",\"url\":\"https:\\\/\\\/www.lenez.com\\\/wp-content\\\/uploads\\\/2025\\\/05\\\/EJL_LOGO_2019.jpg\",\"contentUrl\":\"https:\\\/\\\/www.lenez.com\\\/wp-content\\\/uploads\\\/2025\\\/05\\\/EJL_LOGO_2019.jpg\",\"width\":2362,\"height\":2362,\"caption\":\"Le Nez du Vin\"},\"image\":{\"@id\":\"https:\\\/\\\/www.lenez.com\\\/en\\\/#\\\/schema\\\/logo\\\/image\\\/\"}}]}<\/script>\n<!-- \/ Yoast SEO plugin. -->","yoast_head_json":{"title":"Los vinos tintos 12 aromas - Le Nez du Vin","robots":{"index":"index","follow":"follow","max-snippet":"max-snippet:-1","max-image-preview":"max-image-preview:large","max-video-preview":"max-video-preview:-1"},"canonical":"https:\/\/www.lenez.com\/es\/coffret\/vino\/los-vinos-tintos-12-aromas\/","og_locale":"es_ES","og_type":"article","og_title":"Los vinos tintos 12 aromas - Le Nez du Vin","og_description":"12 aromas de alta calidad, realistas y duraderos.  Dos cuadernos sirven de gu\u00eda","og_url":"https:\/\/www.lenez.com\/es\/coffret\/vino\/los-vinos-tintos-12-aromas\/","og_site_name":"Le Nez du Vin","article_modified_time":"2025-09-22T10:16:37+00:00","og_image":[{"width":1181,"height":720,"url":"https:\/\/www.lenez.com\/wp-content\/uploads\/2025\/08\/ES_NEZVIN12VRFR_DSC_4258-1.png","type":"image\/png"}],"twitter_card":"summary_large_image","twitter_misc":{"Tiempo de lectura":"1 minuto"},"schema":{"@context":"https:\/\/schema.org","@graph":[{"@type":"WebPage","@id":"https:\/\/www.lenez.com\/es\/coffret\/vino\/los-vinos-tintos-12-aromas\/","url":"https:\/\/www.lenez.com\/es\/coffret\/vino\/los-vinos-tintos-12-aromas\/","name":"Los vinos tintos 12 aromas - Le Nez du Vin","isPartOf":{"@id":"https:\/\/www.lenez.com\/en\/#website"},"primaryImageOfPage":{"@id":"https:\/\/www.lenez.com\/es\/coffret\/vino\/los-vinos-tintos-12-aromas\/#primaryimage"},"image":{"@id":"https:\/\/www.lenez.com\/es\/coffret\/vino\/los-vinos-tintos-12-aromas\/#primaryimage"},"thumbnailUrl":"https:\/\/www.lenez.com\/wp-content\/uploads\/2025\/08\/ES_NEZVIN12VRFR_DSC_4258-1.png","datePublished":"2024-11-14T14:02:56+00:00","dateModified":"2025-09-22T10:16:37+00:00","breadcrumb":{"@id":"https:\/\/www.lenez.com\/es\/coffret\/vino\/los-vinos-tintos-12-aromas\/#breadcrumb"},"inLanguage":"es","potentialAction":[{"@type":"ReadAction","target":["https:\/\/www.lenez.com\/es\/coffret\/vino\/los-vinos-tintos-12-aromas\/"]}]},{"@type":"ImageObject","inLanguage":"es","@id":"https:\/\/www.lenez.com\/es\/coffret\/vino\/los-vinos-tintos-12-aromas\/#primaryimage","url":"https:\/\/www.lenez.com\/wp-content\/uploads\/2025\/08\/ES_NEZVIN12VRFR_DSC_4258-1.png","contentUrl":"https:\/\/www.lenez.com\/wp-content\/uploads\/2025\/08\/ES_NEZVIN12VRFR_DSC_4258-1.png","width":1181,"height":720},{"@type":"BreadcrumbList","@id":"https:\/\/www.lenez.com\/es\/coffret\/vino\/los-vinos-tintos-12-aromas\/#breadcrumb","itemListElement":[{"@type":"ListItem","position":1,"name":"Accueil","item":"https:\/\/www.lenez.com\/"},{"@type":"ListItem","position":2,"name":"Olfactorium","item":"https:\/\/www.lenez.com\/es\/olfactorium\/"},{"@type":"ListItem","position":3,"name":"Cofre de aromas del vino","item":"https:\/\/www.lenez.com\/es\/estuches\/vino\/"},{"@type":"ListItem","position":4,"name":"Los vinos tintos 12 aromas"}]},{"@type":"WebSite","@id":"https:\/\/www.lenez.com\/en\/#website","url":"https:\/\/www.lenez.com\/en\/","name":"Le Nez du Vin","description":"Site officiel des marques Le Nez du Vin, Le Nez du Caf\u00e9 et Le Nez du Whisky","publisher":{"@id":"https:\/\/www.lenez.com\/en\/#organization"},"potentialAction":[{"@type":"SearchAction","target":{"@type":"EntryPoint","urlTemplate":"https:\/\/www.lenez.com\/en\/?s={search_term_string}"},"query-input":{"@type":"PropertyValueSpecification","valueRequired":true,"valueName":"search_term_string"}}],"inLanguage":"es"},{"@type":"Organization","@id":"https:\/\/www.lenez.com\/en\/#organization","name":"Le Nez du Vin","url":"https:\/\/www.lenez.com\/en\/","logo":{"@type":"ImageObject","inLanguage":"es","@id":"https:\/\/www.lenez.com\/en\/#\/schema\/logo\/image\/","url":"https:\/\/www.lenez.com\/wp-content\/uploads\/2025\/05\/EJL_LOGO_2019.jpg","contentUrl":"https:\/\/www.lenez.com\/wp-content\/uploads\/2025\/05\/EJL_LOGO_2019.jpg","width":2362,"height":2362,"caption":"Le Nez du Vin"},"image":{"@id":"https:\/\/www.lenez.com\/en\/#\/schema\/logo\/image\/"}}]}},"_links":{"self":[{"href":"https:\/\/www.lenez.com\/es\/wp-json\/wp\/v2\/product\/4323","targetHints":{"allow":["GET"]}}],"collection":[{"href":"https:\/\/www.lenez.com\/es\/wp-json\/wp\/v2\/product"}],"about":[{"href":"https:\/\/www.lenez.com\/es\/wp-json\/wp\/v2\/types\/product"}],"replies":[{"embeddable":true,"href":"https:\/\/www.lenez.com\/es\/wp-json\/wp\/v2\/comments?post=4323"}],"wp:featuredmedia":[{"embeddable":true,"href":"https:\/\/www.lenez.com\/es\/wp-json\/wp\/v2\/media\/5515"}],"wp:attachment":[{"href":"https:\/\/www.lenez.com\/es\/wp-json\/wp\/v2\/media?parent=4323"}],"wp:term":[{"taxonomy":"product_brand","embeddable":true,"href":"https:\/\/www.lenez.com\/es\/wp-json\/wp\/v2\/product_brand?post=4323"},{"taxonomy":"product_cat","embeddable":true,"href":"https:\/\/www.lenez.com\/es\/wp-json\/wp\/v2\/product_cat?post=4323"},{"taxonomy":"product_tag","embeddable":true,"href":"https:\/\/www.lenez.com\/es\/wp-json\/wp\/v2\/product_tag?post=4323"}],"curies":[{"name":"wp","href":"https:\/\/api.w.org\/{rel}","templated":true}]}}