{"id":4479,"date":"2024-11-14T16:03:48","date_gmt":"2024-11-14T15:03:48","guid":{"rendered":"https:\/\/shop.lenez.com\/coffret\/sin%20categor\u00eda\/le-nez-du-whisky-54-aromas\/"},"modified":"2025-10-21T13:51:06","modified_gmt":"2025-10-21T11:51:06","slug":"le-nez-du-whisky-54-aromas","status":"publish","type":"product","link":"https:\/\/www.lenez.com\/es\/coffret\/espirituosos\/le-nez-du-whisky-54-aromas\/","title":{"rendered":"Le Nez du Whisky \u2013\u00a054\u00a0aromas"},"content":{"rendered":"<h3>La referencia desde 2013<\/h3>\n<hr \/>\n<div class=\"col-md-6\">\n<h3>Los aromas<\/h3>\n<p>Los 54 aromas m\u00e1s emblem\u00e1ticos del whisky, para comprender el magn\u00edfico patrimonio olfativo de sus botellas favoritas:<\/p>\n<ul>\n<li><span style=\"text-decoration: underline;\">Notas florales<\/span>: 1 brote de grosella negra, 2 geranio, 3 miel, 4 rosa, 5 hoja de tabaco, 6 heno, 7 hierba verde.<\/li>\n<li><span style=\"text-decoration: underline;\">Notas frutales<\/span>: 8 pi\u00f1a, 9 cereza, 10 melocot\u00f3n, 11 pera, 12 manzana, 13 lim\u00f3n, 14 mandarina, 15 naranja, 16 pomelo, 17 higo seco, 18 nuez, 19 ciruela pasa.<\/li>\n<li><span style=\"text-decoration: underline;\">Notas de madera<\/span>: 20 roble, 21 resinosos, 22 sherry (jerez), 23 almendra tostada, 24 avellana tostada, 25 coco, 26 caramelo, 27 chocolate, 28 crema inglesa, 29 vainilla, 30 an\u00eds, 31 canela, 32 jengibre, 33 hierbas arom\u00e1ticas, 34 menta, 35 nuez moscada, 36 pimiento de Jamaica, 37 pimienta negra, 38 regaliz, 39 terroso.<\/li>\n<li><span style=\"text-decoration: underline;\">Notas varias<\/span>: 40 biscuit, 41 caf\u00e9, 42 pan tostado, 43 malta, 44 mantequilla, 45 cuero, 46 carne tostada.;<\/li>\n<li><span style=\"text-decoration: underline;\">Notas fen\u00f3licas<\/span>: 47 nota de humo, 48 turba, 49 alga, 50 mariscos, 51 medicinal, 52 caucho, 53 alquitr\u00e1n, 54 pizca de azufre.<\/li>\n<\/ul>\n<hr \/>\n<\/div>\n<div class=\"col-md-6\">\n<h3>El libro<\/h3>\n<p>Abriendo el libro, \u00abcaer\u00e1 en el alambique\u00bb de los whiskies de Escocia y del mundo a trav\u00e9s de la pluma de destacados expertos y de un conjunto de ilustraciones preciosas.<\/p>\n<p>El escoc\u00e9s Charles MacLean, uno de los mejores escritores actuales sobre el whisky, relata cien a\u00f1os de historia del single malt a trav\u00e9s del recuerdo de doce degustaciones.<\/p>\n<p>La francesa Martine Nouet, autora y periodista gastron\u00f3mica y de bebidas espirituosas, escocesa por adopci\u00f3n, se ha dedicado al arte de armonizar delicadamente el esp\u00edritu del plato y el esp\u00edritu de la malta.<\/p>\n<p>Hemos creado una rueda de aromas organizada en familias.<\/p>\n<\/div>\n","protected":false},"excerpt":{"rendered":"<ul>\n<li>54 aromas de alta calidad, realistas y duraderos.<\/li>\n<li>Una rueda de aromas del whisky.<\/li>\n<li>Un libro ilustrado de gran formato (144 p\u00e1ginas) sirve de gu\u00eda.<\/li>\n<\/ul>\n","protected":false},"featured_media":5547,"comment_status":"closed","ping_status":"closed","template":"","meta":{"_acf_changed":false},"product_brand":[],"product_cat":[111],"product_tag":[],"class_list":{"0":"post-4479","1":"product","2":"type-product","3":"status-publish","4":"has-post-thumbnail","6":"product_cat-espirituosos","8":"first","9":"instock","10":"taxable","11":"shipping-taxable","12":"purchasable","13":"product-type-variable"},"acf":[],"yoast_head":"<!-- This site is optimized with the Yoast SEO plugin v27.4 - https:\/\/yoast.com\/product\/yoast-seo-wordpress\/ -->\n<title>Le Nez du Whisky \u2013\u00a054\u00a0aromas - Le Nez du Vin<\/title>\n<meta name=\"robots\" content=\"index, follow, max-snippet:-1, max-image-preview:large, max-video-preview:-1\" \/>\n<link rel=\"canonical\" href=\"https:\/\/www.lenez.com\/es\/coffret\/espirituosos\/le-nez-du-whisky-54-aromas\/\" \/>\n<meta property=\"og:locale\" content=\"es_ES\" \/>\n<meta property=\"og:type\" content=\"article\" \/>\n<meta property=\"og:title\" content=\"Le Nez du Whisky \u2013\u00a054\u00a0aromas - Le Nez du Vin\" \/>\n<meta property=\"og:description\" content=\"54 aromas de alta calidad, realistas y duraderos.  Una rueda de aromas del whisky.  Un libro ilustrado de gran formato (144 p\u00e1ginas) sirve de gu\u00eda.\" \/>\n<meta property=\"og:url\" content=\"https:\/\/www.lenez.com\/es\/coffret\/espirituosos\/le-nez-du-whisky-54-aromas\/\" \/>\n<meta property=\"og:site_name\" content=\"Le Nez du Vin\" \/>\n<meta property=\"article:modified_time\" content=\"2025-10-21T11:51:06+00:00\" \/>\n<meta property=\"og:image\" content=\"https:\/\/www.lenez.com\/wp-content\/uploads\/2024\/11\/LNDW-1.png\" \/>\n\t<meta property=\"og:image:width\" content=\"1181\" \/>\n\t<meta property=\"og:image:height\" content=\"720\" \/>\n\t<meta property=\"og:image:type\" content=\"image\/png\" \/>\n<meta name=\"twitter:card\" content=\"summary_large_image\" \/>\n<meta name=\"twitter:label1\" content=\"Tiempo de lectura\" \/>\n\t<meta name=\"twitter:data1\" content=\"2 minuto\" \/>\n<script type=\"application\/ld+json\" class=\"yoast-schema-graph\">{\"@context\":\"https:\\\/\\\/schema.org\",\"@graph\":[{\"@type\":\"WebPage\",\"@id\":\"https:\\\/\\\/www.lenez.com\\\/es\\\/coffret\\\/espirituosos\\\/le-nez-du-whisky-54-aromas\\\/\",\"url\":\"https:\\\/\\\/www.lenez.com\\\/es\\\/coffret\\\/espirituosos\\\/le-nez-du-whisky-54-aromas\\\/\",\"name\":\"Le Nez du Whisky \u2013\u00a054\u00a0aromas - Le Nez du Vin\",\"isPartOf\":{\"@id\":\"https:\\\/\\\/www.lenez.com\\\/en\\\/#website\"},\"primaryImageOfPage\":{\"@id\":\"https:\\\/\\\/www.lenez.com\\\/es\\\/coffret\\\/espirituosos\\\/le-nez-du-whisky-54-aromas\\\/#primaryimage\"},\"image\":{\"@id\":\"https:\\\/\\\/www.lenez.com\\\/es\\\/coffret\\\/espirituosos\\\/le-nez-du-whisky-54-aromas\\\/#primaryimage\"},\"thumbnailUrl\":\"https:\\\/\\\/www.lenez.com\\\/wp-content\\\/uploads\\\/2024\\\/11\\\/LNDW-1.png\",\"datePublished\":\"2024-11-14T15:03:48+00:00\",\"dateModified\":\"2025-10-21T11:51:06+00:00\",\"breadcrumb\":{\"@id\":\"https:\\\/\\\/www.lenez.com\\\/es\\\/coffret\\\/espirituosos\\\/le-nez-du-whisky-54-aromas\\\/#breadcrumb\"},\"inLanguage\":\"es\",\"potentialAction\":[{\"@type\":\"ReadAction\",\"target\":[\"https:\\\/\\\/www.lenez.com\\\/es\\\/coffret\\\/espirituosos\\\/le-nez-du-whisky-54-aromas\\\/\"]}]},{\"@type\":\"ImageObject\",\"inLanguage\":\"es\",\"@id\":\"https:\\\/\\\/www.lenez.com\\\/es\\\/coffret\\\/espirituosos\\\/le-nez-du-whisky-54-aromas\\\/#primaryimage\",\"url\":\"https:\\\/\\\/www.lenez.com\\\/wp-content\\\/uploads\\\/2024\\\/11\\\/LNDW-1.png\",\"contentUrl\":\"https:\\\/\\\/www.lenez.com\\\/wp-content\\\/uploads\\\/2024\\\/11\\\/LNDW-1.png\",\"width\":1181,\"height\":720},{\"@type\":\"BreadcrumbList\",\"@id\":\"https:\\\/\\\/www.lenez.com\\\/es\\\/coffret\\\/espirituosos\\\/le-nez-du-whisky-54-aromas\\\/#breadcrumb\",\"itemListElement\":[{\"@type\":\"ListItem\",\"position\":1,\"name\":\"Accueil\",\"item\":\"https:\\\/\\\/www.lenez.com\\\/\"},{\"@type\":\"ListItem\",\"position\":2,\"name\":\"Olfactorium\",\"item\":\"https:\\\/\\\/www.lenez.com\\\/es\\\/olfactorium\\\/\"},{\"@type\":\"ListItem\",\"position\":3,\"name\":\"Cofre de aromas de los licores\",\"item\":\"https:\\\/\\\/www.lenez.com\\\/es\\\/estuches\\\/espirituosos\\\/\"},{\"@type\":\"ListItem\",\"position\":4,\"name\":\"Le Nez du Whisky \u2013\u00a054\u00a0aromas\"}]},{\"@type\":\"WebSite\",\"@id\":\"https:\\\/\\\/www.lenez.com\\\/en\\\/#website\",\"url\":\"https:\\\/\\\/www.lenez.com\\\/en\\\/\",\"name\":\"Le Nez du Vin\",\"description\":\"Site officiel des marques Le Nez du Vin, Le Nez du Caf\u00e9 et Le Nez du Whisky\",\"publisher\":{\"@id\":\"https:\\\/\\\/www.lenez.com\\\/en\\\/#organization\"},\"potentialAction\":[{\"@type\":\"SearchAction\",\"target\":{\"@type\":\"EntryPoint\",\"urlTemplate\":\"https:\\\/\\\/www.lenez.com\\\/en\\\/?s={search_term_string}\"},\"query-input\":{\"@type\":\"PropertyValueSpecification\",\"valueRequired\":true,\"valueName\":\"search_term_string\"}}],\"inLanguage\":\"es\"},{\"@type\":\"Organization\",\"@id\":\"https:\\\/\\\/www.lenez.com\\\/en\\\/#organization\",\"name\":\"Le Nez du Vin\",\"url\":\"https:\\\/\\\/www.lenez.com\\\/en\\\/\",\"logo\":{\"@type\":\"ImageObject\",\"inLanguage\":\"es\",\"@id\":\"https:\\\/\\\/www.lenez.com\\\/en\\\/#\\\/schema\\\/logo\\\/image\\\/\",\"url\":\"https:\\\/\\\/www.lenez.com\\\/wp-content\\\/uploads\\\/2025\\\/05\\\/EJL_LOGO_2019.jpg\",\"contentUrl\":\"https:\\\/\\\/www.lenez.com\\\/wp-content\\\/uploads\\\/2025\\\/05\\\/EJL_LOGO_2019.jpg\",\"width\":2362,\"height\":2362,\"caption\":\"Le Nez du Vin\"},\"image\":{\"@id\":\"https:\\\/\\\/www.lenez.com\\\/en\\\/#\\\/schema\\\/logo\\\/image\\\/\"}}]}<\/script>\n<!-- \/ Yoast SEO plugin. -->","yoast_head_json":{"title":"Le Nez du Whisky \u2013\u00a054\u00a0aromas - Le Nez du Vin","robots":{"index":"index","follow":"follow","max-snippet":"max-snippet:-1","max-image-preview":"max-image-preview:large","max-video-preview":"max-video-preview:-1"},"canonical":"https:\/\/www.lenez.com\/es\/coffret\/espirituosos\/le-nez-du-whisky-54-aromas\/","og_locale":"es_ES","og_type":"article","og_title":"Le Nez du Whisky \u2013\u00a054\u00a0aromas - Le Nez du Vin","og_description":"54 aromas de alta calidad, realistas y duraderos.  Una rueda de aromas del whisky.  Un libro ilustrado de gran formato (144 p\u00e1ginas) sirve de gu\u00eda.","og_url":"https:\/\/www.lenez.com\/es\/coffret\/espirituosos\/le-nez-du-whisky-54-aromas\/","og_site_name":"Le Nez du Vin","article_modified_time":"2025-10-21T11:51:06+00:00","og_image":[{"width":1181,"height":720,"url":"https:\/\/www.lenez.com\/wp-content\/uploads\/2024\/11\/LNDW-1.png","type":"image\/png"}],"twitter_card":"summary_large_image","twitter_misc":{"Tiempo de lectura":"2 minuto"},"schema":{"@context":"https:\/\/schema.org","@graph":[{"@type":"WebPage","@id":"https:\/\/www.lenez.com\/es\/coffret\/espirituosos\/le-nez-du-whisky-54-aromas\/","url":"https:\/\/www.lenez.com\/es\/coffret\/espirituosos\/le-nez-du-whisky-54-aromas\/","name":"Le Nez du Whisky \u2013\u00a054\u00a0aromas - Le Nez du Vin","isPartOf":{"@id":"https:\/\/www.lenez.com\/en\/#website"},"primaryImageOfPage":{"@id":"https:\/\/www.lenez.com\/es\/coffret\/espirituosos\/le-nez-du-whisky-54-aromas\/#primaryimage"},"image":{"@id":"https:\/\/www.lenez.com\/es\/coffret\/espirituosos\/le-nez-du-whisky-54-aromas\/#primaryimage"},"thumbnailUrl":"https:\/\/www.lenez.com\/wp-content\/uploads\/2024\/11\/LNDW-1.png","datePublished":"2024-11-14T15:03:48+00:00","dateModified":"2025-10-21T11:51:06+00:00","breadcrumb":{"@id":"https:\/\/www.lenez.com\/es\/coffret\/espirituosos\/le-nez-du-whisky-54-aromas\/#breadcrumb"},"inLanguage":"es","potentialAction":[{"@type":"ReadAction","target":["https:\/\/www.lenez.com\/es\/coffret\/espirituosos\/le-nez-du-whisky-54-aromas\/"]}]},{"@type":"ImageObject","inLanguage":"es","@id":"https:\/\/www.lenez.com\/es\/coffret\/espirituosos\/le-nez-du-whisky-54-aromas\/#primaryimage","url":"https:\/\/www.lenez.com\/wp-content\/uploads\/2024\/11\/LNDW-1.png","contentUrl":"https:\/\/www.lenez.com\/wp-content\/uploads\/2024\/11\/LNDW-1.png","width":1181,"height":720},{"@type":"BreadcrumbList","@id":"https:\/\/www.lenez.com\/es\/coffret\/espirituosos\/le-nez-du-whisky-54-aromas\/#breadcrumb","itemListElement":[{"@type":"ListItem","position":1,"name":"Accueil","item":"https:\/\/www.lenez.com\/"},{"@type":"ListItem","position":2,"name":"Olfactorium","item":"https:\/\/www.lenez.com\/es\/olfactorium\/"},{"@type":"ListItem","position":3,"name":"Cofre de aromas de los licores","item":"https:\/\/www.lenez.com\/es\/estuches\/espirituosos\/"},{"@type":"ListItem","position":4,"name":"Le Nez du Whisky \u2013\u00a054\u00a0aromas"}]},{"@type":"WebSite","@id":"https:\/\/www.lenez.com\/en\/#website","url":"https:\/\/www.lenez.com\/en\/","name":"Le Nez du Vin","description":"Site officiel des marques Le Nez du Vin, Le Nez du Caf\u00e9 et Le Nez du Whisky","publisher":{"@id":"https:\/\/www.lenez.com\/en\/#organization"},"potentialAction":[{"@type":"SearchAction","target":{"@type":"EntryPoint","urlTemplate":"https:\/\/www.lenez.com\/en\/?s={search_term_string}"},"query-input":{"@type":"PropertyValueSpecification","valueRequired":true,"valueName":"search_term_string"}}],"inLanguage":"es"},{"@type":"Organization","@id":"https:\/\/www.lenez.com\/en\/#organization","name":"Le Nez du Vin","url":"https:\/\/www.lenez.com\/en\/","logo":{"@type":"ImageObject","inLanguage":"es","@id":"https:\/\/www.lenez.com\/en\/#\/schema\/logo\/image\/","url":"https:\/\/www.lenez.com\/wp-content\/uploads\/2025\/05\/EJL_LOGO_2019.jpg","contentUrl":"https:\/\/www.lenez.com\/wp-content\/uploads\/2025\/05\/EJL_LOGO_2019.jpg","width":2362,"height":2362,"caption":"Le Nez du Vin"},"image":{"@id":"https:\/\/www.lenez.com\/en\/#\/schema\/logo\/image\/"}}]}},"_links":{"self":[{"href":"https:\/\/www.lenez.com\/es\/wp-json\/wp\/v2\/product\/4479","targetHints":{"allow":["GET"]}}],"collection":[{"href":"https:\/\/www.lenez.com\/es\/wp-json\/wp\/v2\/product"}],"about":[{"href":"https:\/\/www.lenez.com\/es\/wp-json\/wp\/v2\/types\/product"}],"replies":[{"embeddable":true,"href":"https:\/\/www.lenez.com\/es\/wp-json\/wp\/v2\/comments?post=4479"}],"wp:featuredmedia":[{"embeddable":true,"href":"https:\/\/www.lenez.com\/es\/wp-json\/wp\/v2\/media\/5547"}],"wp:attachment":[{"href":"https:\/\/www.lenez.com\/es\/wp-json\/wp\/v2\/media?parent=4479"}],"wp:term":[{"taxonomy":"product_brand","embeddable":true,"href":"https:\/\/www.lenez.com\/es\/wp-json\/wp\/v2\/product_brand?post=4479"},{"taxonomy":"product_cat","embeddable":true,"href":"https:\/\/www.lenez.com\/es\/wp-json\/wp\/v2\/product_cat?post=4479"},{"taxonomy":"product_tag","embeddable":true,"href":"https:\/\/www.lenez.com\/es\/wp-json\/wp\/v2\/product_tag?post=4479"}],"curies":[{"name":"wp","href":"https:\/\/api.w.org\/{rel}","templated":true}]}}