{"id":4485,"date":"2024-11-14T15:21:24","date_gmt":"2024-11-14T14:21:24","guid":{"rendered":"https:\/\/shop.lenez.com\/coffret\/sin%20categor\u00eda\/el-duo-12-aromas\/"},"modified":"2025-09-22T12:14:49","modified_gmt":"2025-09-22T10:14:49","slug":"el-duo-12-aromas","status":"publish","type":"product","link":"https:\/\/www.lenez.com\/es\/coffret\/vino\/el-duo-12-aromas\/","title":{"rendered":"Los defectos del vino 12 aromas"},"content":{"rendered":"<h3>Un complemento indispensable de Le Nez du Vin \u2013 54 aromas.<\/h3>\n<hr \/>\n<div class=\"col-md-6\">\n<h3>Los aromas<\/h3>\n<p>12 aromas para reconocer al instante los principales defectos olfativos del vino: oxidaci\u00f3n, reducci\u00f3n o problemas de gusto:<\/p>\n<ul>\n<li>1 pimiento verde*<\/li>\n<li>2 moho-tierra<\/li>\n<li>3 sulfitos<\/li>\n<li>4 cebolla<\/li>\n<li>5 coliflor<\/li>\n<li>6 mantequilla rancia*<\/li>\n<li>7 manzana podrida<\/li>\n<li>8 cera*<\/li>\n<li>9 vinagre<\/li>\n<li>10 barniz<\/li>\n<li>11 establo<\/li>\n<li>12 corcho<\/li>\n<\/ul>\n<\/div>\n<div class=\"col-md-6\">\n<h3>El libro<\/h3>\n<p>Viticultores, en\u00f3logos, profesores, estudiantes, restauradores, compradores o, simplemente, aficionados&#8230; \u00a1Le Nez du Vin Los defectos, est\u00e1 pensado para todos! Para los profesionales, este cofre es tanto una necesidad como un instrumento de formaci\u00f3n \u00fatil en cada etapa, desde la producci\u00f3n hasta la venta, pasando por los servicios. Tambi\u00e9n responde a las expectativas del consumidor, cada vez m\u00e1s informado y exigente. Esta selecci\u00f3n de 12 defectos constituye una introducci\u00f3n l\u00fadica y sobre todo did\u00e1ctica, ya que ampl\u00eda y complementa el modelo grande de 54 aromas que ilustra las cualidades de los vinos de Francia y del mundo.<\/p>\n<p>Completamente reescrito en 2024, este libro responde a las siguientes preguntas: <em>\u00bfCu\u00e1les son los principales defectos olfativos del vino? \u00bfC\u00f3mo identificarlos y describirlos? \u00bfA qu\u00e9 se debe su formaci\u00f3n? \u00bfCu\u00e1ndo y c\u00f3mo evitarlos? \u00bfSe pueden eliminar o atenuar?<\/em><\/p>\n<\/div>\n","protected":false},"excerpt":{"rendered":"<ul>\n<li>12 aromas realistas y duraderos.<\/li>\n<li>Un libro (36 p\u00e1ginas) para entender su origen, saber cu\u00e1ndo y c\u00f3mo evitarlos o, si ya est\u00e1n presentes, eliminarlos o atenuarlos.<\/li>\n<\/ul>\n","protected":false},"featured_media":6610,"comment_status":"closed","ping_status":"closed","template":"","meta":{"_acf_changed":false},"product_brand":[],"product_cat":[110],"product_tag":[],"class_list":{"0":"post-4485","1":"product","2":"type-product","3":"status-publish","4":"has-post-thumbnail","6":"product_cat-vino","8":"first","9":"instock","10":"taxable","11":"shipping-taxable","12":"purchasable","13":"product-type-variable"},"acf":[],"yoast_head":"<!-- This site is optimized with the Yoast SEO plugin v27.4 - https:\/\/yoast.com\/product\/yoast-seo-wordpress\/ -->\n<title>Los defectos del vino 12 aromas - Le Nez du Vin<\/title>\n<meta name=\"robots\" content=\"index, follow, max-snippet:-1, max-image-preview:large, max-video-preview:-1\" \/>\n<link rel=\"canonical\" href=\"https:\/\/www.lenez.com\/es\/coffret\/vino\/el-duo-12-aromas\/\" \/>\n<meta property=\"og:locale\" content=\"es_ES\" \/>\n<meta property=\"og:type\" content=\"article\" \/>\n<meta property=\"og:title\" content=\"Los defectos del vino 12 aromas - Le Nez du Vin\" \/>\n<meta property=\"og:description\" content=\"12 aromas realistas y duraderos.  Un libro (36 p\u00e1ginas) para entender su origen, saber cu\u00e1ndo y c\u00f3mo evitarlos o, si ya est\u00e1n presentes, eliminarlos o atenuarlos.\" \/>\n<meta property=\"og:url\" content=\"https:\/\/www.lenez.com\/es\/coffret\/vino\/el-duo-12-aromas\/\" \/>\n<meta property=\"og:site_name\" content=\"Le Nez du Vin\" \/>\n<meta property=\"article:modified_time\" content=\"2025-09-22T10:14:49+00:00\" \/>\n<meta property=\"og:image\" content=\"https:\/\/www.lenez.com\/wp-content\/uploads\/2025\/09\/Le-Nez-Du-Vin-Les-Defauts-Detourage-Benoit-Diacre-VSP-1024x683.png\" \/>\n\t<meta property=\"og:image:width\" content=\"1024\" \/>\n\t<meta property=\"og:image:height\" content=\"683\" \/>\n\t<meta property=\"og:image:type\" content=\"image\/png\" \/>\n<meta name=\"twitter:card\" content=\"summary_large_image\" \/>\n<meta name=\"twitter:label1\" content=\"Tiempo de lectura\" \/>\n\t<meta name=\"twitter:data1\" content=\"1 minuto\" \/>\n<script type=\"application\/ld+json\" class=\"yoast-schema-graph\">{\"@context\":\"https:\\\/\\\/schema.org\",\"@graph\":[{\"@type\":\"WebPage\",\"@id\":\"https:\\\/\\\/www.lenez.com\\\/es\\\/coffret\\\/vino\\\/el-duo-12-aromas\\\/\",\"url\":\"https:\\\/\\\/www.lenez.com\\\/es\\\/coffret\\\/vino\\\/el-duo-12-aromas\\\/\",\"name\":\"Los defectos del vino 12 aromas - Le Nez du Vin\",\"isPartOf\":{\"@id\":\"https:\\\/\\\/www.lenez.com\\\/en\\\/#website\"},\"primaryImageOfPage\":{\"@id\":\"https:\\\/\\\/www.lenez.com\\\/es\\\/coffret\\\/vino\\\/el-duo-12-aromas\\\/#primaryimage\"},\"image\":{\"@id\":\"https:\\\/\\\/www.lenez.com\\\/es\\\/coffret\\\/vino\\\/el-duo-12-aromas\\\/#primaryimage\"},\"thumbnailUrl\":\"https:\\\/\\\/www.lenez.com\\\/wp-content\\\/uploads\\\/2025\\\/09\\\/Le-Nez-Du-Vin-Les-Defauts-Detourage-Benoit-Diacre-VSP-scaled.png\",\"datePublished\":\"2024-11-14T14:21:24+00:00\",\"dateModified\":\"2025-09-22T10:14:49+00:00\",\"breadcrumb\":{\"@id\":\"https:\\\/\\\/www.lenez.com\\\/es\\\/coffret\\\/vino\\\/el-duo-12-aromas\\\/#breadcrumb\"},\"inLanguage\":\"es\",\"potentialAction\":[{\"@type\":\"ReadAction\",\"target\":[\"https:\\\/\\\/www.lenez.com\\\/es\\\/coffret\\\/vino\\\/el-duo-12-aromas\\\/\"]}]},{\"@type\":\"ImageObject\",\"inLanguage\":\"es\",\"@id\":\"https:\\\/\\\/www.lenez.com\\\/es\\\/coffret\\\/vino\\\/el-duo-12-aromas\\\/#primaryimage\",\"url\":\"https:\\\/\\\/www.lenez.com\\\/wp-content\\\/uploads\\\/2025\\\/09\\\/Le-Nez-Du-Vin-Les-Defauts-Detourage-Benoit-Diacre-VSP-scaled.png\",\"contentUrl\":\"https:\\\/\\\/www.lenez.com\\\/wp-content\\\/uploads\\\/2025\\\/09\\\/Le-Nez-Du-Vin-Les-Defauts-Detourage-Benoit-Diacre-VSP-scaled.png\",\"width\":2560,\"height\":1707},{\"@type\":\"BreadcrumbList\",\"@id\":\"https:\\\/\\\/www.lenez.com\\\/es\\\/coffret\\\/vino\\\/el-duo-12-aromas\\\/#breadcrumb\",\"itemListElement\":[{\"@type\":\"ListItem\",\"position\":1,\"name\":\"Accueil\",\"item\":\"https:\\\/\\\/www.lenez.com\\\/\"},{\"@type\":\"ListItem\",\"position\":2,\"name\":\"Olfactorium\",\"item\":\"https:\\\/\\\/www.lenez.com\\\/es\\\/olfactorium\\\/\"},{\"@type\":\"ListItem\",\"position\":3,\"name\":\"Cofre de aromas del vino\",\"item\":\"https:\\\/\\\/www.lenez.com\\\/es\\\/estuches\\\/vino\\\/\"},{\"@type\":\"ListItem\",\"position\":4,\"name\":\"Los defectos del vino 12 aromas\"}]},{\"@type\":\"WebSite\",\"@id\":\"https:\\\/\\\/www.lenez.com\\\/en\\\/#website\",\"url\":\"https:\\\/\\\/www.lenez.com\\\/en\\\/\",\"name\":\"Le Nez du Vin\",\"description\":\"Site officiel des marques Le Nez du Vin, Le Nez du Caf\u00e9 et Le Nez du Whisky\",\"publisher\":{\"@id\":\"https:\\\/\\\/www.lenez.com\\\/en\\\/#organization\"},\"potentialAction\":[{\"@type\":\"SearchAction\",\"target\":{\"@type\":\"EntryPoint\",\"urlTemplate\":\"https:\\\/\\\/www.lenez.com\\\/en\\\/?s={search_term_string}\"},\"query-input\":{\"@type\":\"PropertyValueSpecification\",\"valueRequired\":true,\"valueName\":\"search_term_string\"}}],\"inLanguage\":\"es\"},{\"@type\":\"Organization\",\"@id\":\"https:\\\/\\\/www.lenez.com\\\/en\\\/#organization\",\"name\":\"Le Nez du Vin\",\"url\":\"https:\\\/\\\/www.lenez.com\\\/en\\\/\",\"logo\":{\"@type\":\"ImageObject\",\"inLanguage\":\"es\",\"@id\":\"https:\\\/\\\/www.lenez.com\\\/en\\\/#\\\/schema\\\/logo\\\/image\\\/\",\"url\":\"https:\\\/\\\/www.lenez.com\\\/wp-content\\\/uploads\\\/2025\\\/05\\\/EJL_LOGO_2019.jpg\",\"contentUrl\":\"https:\\\/\\\/www.lenez.com\\\/wp-content\\\/uploads\\\/2025\\\/05\\\/EJL_LOGO_2019.jpg\",\"width\":2362,\"height\":2362,\"caption\":\"Le Nez du Vin\"},\"image\":{\"@id\":\"https:\\\/\\\/www.lenez.com\\\/en\\\/#\\\/schema\\\/logo\\\/image\\\/\"}}]}<\/script>\n<!-- \/ Yoast SEO plugin. -->","yoast_head_json":{"title":"Los defectos del vino 12 aromas - Le Nez du Vin","robots":{"index":"index","follow":"follow","max-snippet":"max-snippet:-1","max-image-preview":"max-image-preview:large","max-video-preview":"max-video-preview:-1"},"canonical":"https:\/\/www.lenez.com\/es\/coffret\/vino\/el-duo-12-aromas\/","og_locale":"es_ES","og_type":"article","og_title":"Los defectos del vino 12 aromas - Le Nez du Vin","og_description":"12 aromas realistas y duraderos.  Un libro (36 p\u00e1ginas) para entender su origen, saber cu\u00e1ndo y c\u00f3mo evitarlos o, si ya est\u00e1n presentes, eliminarlos o atenuarlos.","og_url":"https:\/\/www.lenez.com\/es\/coffret\/vino\/el-duo-12-aromas\/","og_site_name":"Le Nez du Vin","article_modified_time":"2025-09-22T10:14:49+00:00","og_image":[{"width":1024,"height":683,"url":"https:\/\/www.lenez.com\/wp-content\/uploads\/2025\/09\/Le-Nez-Du-Vin-Les-Defauts-Detourage-Benoit-Diacre-VSP-1024x683.png","type":"image\/png"}],"twitter_card":"summary_large_image","twitter_misc":{"Tiempo de lectura":"1 minuto"},"schema":{"@context":"https:\/\/schema.org","@graph":[{"@type":"WebPage","@id":"https:\/\/www.lenez.com\/es\/coffret\/vino\/el-duo-12-aromas\/","url":"https:\/\/www.lenez.com\/es\/coffret\/vino\/el-duo-12-aromas\/","name":"Los defectos del vino 12 aromas - Le Nez du Vin","isPartOf":{"@id":"https:\/\/www.lenez.com\/en\/#website"},"primaryImageOfPage":{"@id":"https:\/\/www.lenez.com\/es\/coffret\/vino\/el-duo-12-aromas\/#primaryimage"},"image":{"@id":"https:\/\/www.lenez.com\/es\/coffret\/vino\/el-duo-12-aromas\/#primaryimage"},"thumbnailUrl":"https:\/\/www.lenez.com\/wp-content\/uploads\/2025\/09\/Le-Nez-Du-Vin-Les-Defauts-Detourage-Benoit-Diacre-VSP-scaled.png","datePublished":"2024-11-14T14:21:24+00:00","dateModified":"2025-09-22T10:14:49+00:00","breadcrumb":{"@id":"https:\/\/www.lenez.com\/es\/coffret\/vino\/el-duo-12-aromas\/#breadcrumb"},"inLanguage":"es","potentialAction":[{"@type":"ReadAction","target":["https:\/\/www.lenez.com\/es\/coffret\/vino\/el-duo-12-aromas\/"]}]},{"@type":"ImageObject","inLanguage":"es","@id":"https:\/\/www.lenez.com\/es\/coffret\/vino\/el-duo-12-aromas\/#primaryimage","url":"https:\/\/www.lenez.com\/wp-content\/uploads\/2025\/09\/Le-Nez-Du-Vin-Les-Defauts-Detourage-Benoit-Diacre-VSP-scaled.png","contentUrl":"https:\/\/www.lenez.com\/wp-content\/uploads\/2025\/09\/Le-Nez-Du-Vin-Les-Defauts-Detourage-Benoit-Diacre-VSP-scaled.png","width":2560,"height":1707},{"@type":"BreadcrumbList","@id":"https:\/\/www.lenez.com\/es\/coffret\/vino\/el-duo-12-aromas\/#breadcrumb","itemListElement":[{"@type":"ListItem","position":1,"name":"Accueil","item":"https:\/\/www.lenez.com\/"},{"@type":"ListItem","position":2,"name":"Olfactorium","item":"https:\/\/www.lenez.com\/es\/olfactorium\/"},{"@type":"ListItem","position":3,"name":"Cofre de aromas del vino","item":"https:\/\/www.lenez.com\/es\/estuches\/vino\/"},{"@type":"ListItem","position":4,"name":"Los defectos del vino 12 aromas"}]},{"@type":"WebSite","@id":"https:\/\/www.lenez.com\/en\/#website","url":"https:\/\/www.lenez.com\/en\/","name":"Le Nez du Vin","description":"Site officiel des marques Le Nez du Vin, Le Nez du Caf\u00e9 et Le Nez du Whisky","publisher":{"@id":"https:\/\/www.lenez.com\/en\/#organization"},"potentialAction":[{"@type":"SearchAction","target":{"@type":"EntryPoint","urlTemplate":"https:\/\/www.lenez.com\/en\/?s={search_term_string}"},"query-input":{"@type":"PropertyValueSpecification","valueRequired":true,"valueName":"search_term_string"}}],"inLanguage":"es"},{"@type":"Organization","@id":"https:\/\/www.lenez.com\/en\/#organization","name":"Le Nez du Vin","url":"https:\/\/www.lenez.com\/en\/","logo":{"@type":"ImageObject","inLanguage":"es","@id":"https:\/\/www.lenez.com\/en\/#\/schema\/logo\/image\/","url":"https:\/\/www.lenez.com\/wp-content\/uploads\/2025\/05\/EJL_LOGO_2019.jpg","contentUrl":"https:\/\/www.lenez.com\/wp-content\/uploads\/2025\/05\/EJL_LOGO_2019.jpg","width":2362,"height":2362,"caption":"Le Nez du Vin"},"image":{"@id":"https:\/\/www.lenez.com\/en\/#\/schema\/logo\/image\/"}}]}},"_links":{"self":[{"href":"https:\/\/www.lenez.com\/es\/wp-json\/wp\/v2\/product\/4485","targetHints":{"allow":["GET"]}}],"collection":[{"href":"https:\/\/www.lenez.com\/es\/wp-json\/wp\/v2\/product"}],"about":[{"href":"https:\/\/www.lenez.com\/es\/wp-json\/wp\/v2\/types\/product"}],"replies":[{"embeddable":true,"href":"https:\/\/www.lenez.com\/es\/wp-json\/wp\/v2\/comments?post=4485"}],"wp:featuredmedia":[{"embeddable":true,"href":"https:\/\/www.lenez.com\/es\/wp-json\/wp\/v2\/media\/6610"}],"wp:attachment":[{"href":"https:\/\/www.lenez.com\/es\/wp-json\/wp\/v2\/media?parent=4485"}],"wp:term":[{"taxonomy":"product_brand","embeddable":true,"href":"https:\/\/www.lenez.com\/es\/wp-json\/wp\/v2\/product_brand?post=4485"},{"taxonomy":"product_cat","embeddable":true,"href":"https:\/\/www.lenez.com\/es\/wp-json\/wp\/v2\/product_cat?post=4485"},{"taxonomy":"product_tag","embeddable":true,"href":"https:\/\/www.lenez.com\/es\/wp-json\/wp\/v2\/product_tag?post=4485"}],"curies":[{"name":"wp","href":"https:\/\/api.w.org\/{rel}","templated":true}]}}