{"id":4490,"date":"2024-11-14T15:33:32","date_gmt":"2024-11-14T14:33:32","guid":{"rendered":"https:\/\/shop.lenez.com\/coffret\/sin%20categor\u00eda\/la-barrica-de-roble-12-aromas\/"},"modified":"2025-09-22T12:13:51","modified_gmt":"2025-09-22T10:13:51","slug":"la-barrica-de-roble-12-aromas","status":"publish","type":"product","link":"https:\/\/www.lenez.com\/es\/coffret\/vino\/la-barrica-de-roble-12-aromas\/","title":{"rendered":"La barrica de roble 12 aromas"},"content":{"rendered":"<h3>Una herramienta indispensable para profesionales.<\/h3>\n<hr \/>\n<div class=\"col-md-6\">\n<h3>Los aromas<\/h3>\n<p>A diferencia del hormig\u00f3n y el acero inoxidable, que son arom\u00e1ticamente \u00abneutros\u00bb, la madera modifica el bouquet del vino. En este cofre descubrir\u00e1 doce de las notas m\u00e1s representativas de la madera en los vinos:<\/p>\n<ul>\n<li>1 roble<\/li>\n<li>2 madera verde (defecto)<\/li>\n<li>3 coco<\/li>\n<li>4 vainilla<\/li>\n<li>5 amaderado-especiado<\/li>\n<li>6 clavo<\/li>\n<li>7 nota de humo<\/li>\n<li>8 nota farmac\u00e9utica<\/li>\n<li>9 cuero fresco<\/li>\n<li>10 caf\u00e9 tostado<\/li>\n<li>11 az\u00facar cocida<\/li>\n<li>12 naranja confitada<\/li>\n<\/ul>\n<hr \/>\n<\/div>\n<div class=\"col-md-6\">\n<h3>El libro<\/h3>\n<p>Es una herramienta indispensable para los profesionales (viticultores, toneleros, en\u00f3logos, sumilleres, etc.) y los aficionados que quieran profundizar sus conocimientos: la inmensa mayor\u00eda de los grandes vinos y espirituosos pasan por una barrica de roble.<\/p>\n<p>El libro fue reescrito \u00edntegramente en 2020, incorporando los hallazgos m\u00e1s recientes en historia, silvicultura y qu\u00edmica. El objetivo es explicar y comprender con mayor precisi\u00f3n la influencia de la barrica de roble en la calidad sensorial del vino. Desde la especie de roble hasta las decisiones del en\u00f3logo, describe todos los par\u00e1metros que var\u00edan la intensidad y la calidad del car\u00e1cter amaderado.<\/p>\n<p>L\u00e9a Desportes, periodista especializada en vino y formadora en cata es la autora de los textos y ha supervisado esta reedici\u00f3n. El pr\u00f3logo del libro lleva la firma de Philippe Darriet, Director de la Unidad de Investigaci\u00f3n Enol\u00f3gica del Instituto de Ciencias de la Vi\u00f1a y del Vino de Burdeos.<\/p>\n<p>Un cuaderno describe la fabricaci\u00f3n y la terminolog\u00eda de la barrica (4 p\u00e1ginas).<\/p>\n<p>Como novedad de esta reedici\u00f3n, cada frasco incluye una ficha de cartulina de gran formato (16 x 23 cm) que narra el origen de la nota en el vino.<\/p>\n<\/div>\n","protected":false},"excerpt":{"rendered":"<ul>\n<li>12 aromas de alta calidad, realistas y duraderos.<\/li>\n<li>Un libro ilustrado y educativo, de 56 p\u00e1ginas, explica c\u00f3mo la barrica de roble influye en la calidad sensorial del vino (56 p\u00e1ginas).<\/li>\n<li>Un cuaderno describe la fabricaci\u00f3n y la terminolog\u00eda de la barrica (4 p\u00e1ginas).<\/li>\n<li>Doce fichas explican el origen de las notas olfativas de la madera.<\/li>\n<\/ul>\n","protected":false},"featured_media":6686,"comment_status":"closed","ping_status":"closed","template":"","meta":{"_acf_changed":false},"product_brand":[],"product_cat":[110],"product_tag":[],"class_list":{"0":"post-4490","1":"product","2":"type-product","3":"status-publish","4":"has-post-thumbnail","6":"product_cat-vino","8":"first","9":"instock","10":"taxable","11":"shipping-taxable","12":"purchasable","13":"product-type-variable","14":"has-default-attributes"},"acf":[],"yoast_head":"<!-- This site is optimized with the Yoast SEO plugin v27.4 - https:\/\/yoast.com\/product\/yoast-seo-wordpress\/ -->\n<title>La barrica de roble 12 aromas - Le Nez du Vin<\/title>\n<meta name=\"robots\" content=\"index, follow, max-snippet:-1, max-image-preview:large, max-video-preview:-1\" \/>\n<link rel=\"canonical\" href=\"https:\/\/www.lenez.com\/coffret\/vin\/fut-chene-12\/\" \/>\n<meta property=\"og:locale\" content=\"es_ES\" \/>\n<meta property=\"og:type\" content=\"article\" \/>\n<meta property=\"og:title\" content=\"La barrica de roble 12 aromas - Le Nez du Vin\" \/>\n<meta property=\"og:description\" content=\"12 aromas de alta calidad, realistas y duraderos.  Un libro ilustrado y educativo, de 56 p\u00e1ginas, explica c\u00f3mo la barrica de roble influye en la calidad sensorial del vino (56 p\u00e1ginas).  Un cuaderno describe la fabricaci\u00f3n y la terminolog\u00eda de la barrica (4 p\u00e1ginas).  Doce fichas explican el origen de las notas olfativas de la madera.\" \/>\n<meta property=\"og:url\" content=\"https:\/\/www.lenez.com\/coffret\/vin\/fut-chene-12\/\" \/>\n<meta property=\"og:site_name\" content=\"Le Nez du Vin\" \/>\n<meta property=\"article:modified_time\" content=\"2025-09-22T10:13:51+00:00\" \/>\n<meta property=\"og:image\" content=\"https:\/\/www.lenez.com\/wp-content\/uploads\/2025\/09\/LNDV_FDC_Coffret_ES.png\" \/>\n\t<meta property=\"og:image:width\" content=\"1000\" \/>\n\t<meta property=\"og:image:height\" content=\"670\" \/>\n\t<meta property=\"og:image:type\" content=\"image\/png\" \/>\n<meta name=\"twitter:card\" content=\"summary_large_image\" \/>\n<meta name=\"twitter:label1\" content=\"Tiempo de lectura\" \/>\n\t<meta name=\"twitter:data1\" content=\"1 minuto\" \/>\n<script type=\"application\/ld+json\" class=\"yoast-schema-graph\">{\"@context\":\"https:\\\/\\\/schema.org\",\"@graph\":[{\"@type\":\"WebPage\",\"@id\":\"https:\\\/\\\/www.lenez.com\\\/coffret\\\/vin\\\/fut-chene-12\\\/\",\"url\":\"https:\\\/\\\/www.lenez.com\\\/coffret\\\/vin\\\/fut-chene-12\\\/\",\"name\":\"La barrica de roble 12 aromas - Le Nez du Vin\",\"isPartOf\":{\"@id\":\"https:\\\/\\\/www.lenez.com\\\/en\\\/#website\"},\"primaryImageOfPage\":{\"@id\":\"https:\\\/\\\/www.lenez.com\\\/coffret\\\/vin\\\/fut-chene-12\\\/#primaryimage\"},\"image\":{\"@id\":\"https:\\\/\\\/www.lenez.com\\\/coffret\\\/vin\\\/fut-chene-12\\\/#primaryimage\"},\"thumbnailUrl\":\"https:\\\/\\\/www.lenez.com\\\/wp-content\\\/uploads\\\/2025\\\/09\\\/LNDV_FDC_Coffret_ES.png\",\"datePublished\":\"2024-11-14T14:33:32+00:00\",\"dateModified\":\"2025-09-22T10:13:51+00:00\",\"breadcrumb\":{\"@id\":\"https:\\\/\\\/www.lenez.com\\\/coffret\\\/vin\\\/fut-chene-12\\\/#breadcrumb\"},\"inLanguage\":\"es\",\"potentialAction\":[{\"@type\":\"ReadAction\",\"target\":[\"https:\\\/\\\/www.lenez.com\\\/coffret\\\/vin\\\/fut-chene-12\\\/\"]}]},{\"@type\":\"ImageObject\",\"inLanguage\":\"es\",\"@id\":\"https:\\\/\\\/www.lenez.com\\\/coffret\\\/vin\\\/fut-chene-12\\\/#primaryimage\",\"url\":\"https:\\\/\\\/www.lenez.com\\\/wp-content\\\/uploads\\\/2025\\\/09\\\/LNDV_FDC_Coffret_ES.png\",\"contentUrl\":\"https:\\\/\\\/www.lenez.com\\\/wp-content\\\/uploads\\\/2025\\\/09\\\/LNDV_FDC_Coffret_ES.png\",\"width\":1000,\"height\":670},{\"@type\":\"BreadcrumbList\",\"@id\":\"https:\\\/\\\/www.lenez.com\\\/coffret\\\/vin\\\/fut-chene-12\\\/#breadcrumb\",\"itemListElement\":[{\"@type\":\"ListItem\",\"position\":1,\"name\":\"Accueil\",\"item\":\"https:\\\/\\\/www.lenez.com\\\/\"},{\"@type\":\"ListItem\",\"position\":2,\"name\":\"Olfactorium\",\"item\":\"https:\\\/\\\/www.lenez.com\\\/es\\\/olfactorium\\\/\"},{\"@type\":\"ListItem\",\"position\":3,\"name\":\"Cofre de aromas del vino\",\"item\":\"https:\\\/\\\/www.lenez.com\\\/es\\\/estuches\\\/vino\\\/\"},{\"@type\":\"ListItem\",\"position\":4,\"name\":\"La barrica de roble 12 aromas\"}]},{\"@type\":\"WebSite\",\"@id\":\"https:\\\/\\\/www.lenez.com\\\/en\\\/#website\",\"url\":\"https:\\\/\\\/www.lenez.com\\\/en\\\/\",\"name\":\"Le Nez du Vin\",\"description\":\"Site officiel des marques Le Nez du Vin, Le Nez du Caf\u00e9 et Le Nez du Whisky\",\"publisher\":{\"@id\":\"https:\\\/\\\/www.lenez.com\\\/en\\\/#organization\"},\"potentialAction\":[{\"@type\":\"SearchAction\",\"target\":{\"@type\":\"EntryPoint\",\"urlTemplate\":\"https:\\\/\\\/www.lenez.com\\\/en\\\/?s={search_term_string}\"},\"query-input\":{\"@type\":\"PropertyValueSpecification\",\"valueRequired\":true,\"valueName\":\"search_term_string\"}}],\"inLanguage\":\"es\"},{\"@type\":\"Organization\",\"@id\":\"https:\\\/\\\/www.lenez.com\\\/en\\\/#organization\",\"name\":\"Le Nez du Vin\",\"url\":\"https:\\\/\\\/www.lenez.com\\\/en\\\/\",\"logo\":{\"@type\":\"ImageObject\",\"inLanguage\":\"es\",\"@id\":\"https:\\\/\\\/www.lenez.com\\\/en\\\/#\\\/schema\\\/logo\\\/image\\\/\",\"url\":\"https:\\\/\\\/www.lenez.com\\\/wp-content\\\/uploads\\\/2025\\\/05\\\/EJL_LOGO_2019.jpg\",\"contentUrl\":\"https:\\\/\\\/www.lenez.com\\\/wp-content\\\/uploads\\\/2025\\\/05\\\/EJL_LOGO_2019.jpg\",\"width\":2362,\"height\":2362,\"caption\":\"Le Nez du Vin\"},\"image\":{\"@id\":\"https:\\\/\\\/www.lenez.com\\\/en\\\/#\\\/schema\\\/logo\\\/image\\\/\"}}]}<\/script>\n<!-- \/ Yoast SEO plugin. -->","yoast_head_json":{"title":"La barrica de roble 12 aromas - Le Nez du Vin","robots":{"index":"index","follow":"follow","max-snippet":"max-snippet:-1","max-image-preview":"max-image-preview:large","max-video-preview":"max-video-preview:-1"},"canonical":"https:\/\/www.lenez.com\/coffret\/vin\/fut-chene-12\/","og_locale":"es_ES","og_type":"article","og_title":"La barrica de roble 12 aromas - Le Nez du Vin","og_description":"12 aromas de alta calidad, realistas y duraderos.  Un libro ilustrado y educativo, de 56 p\u00e1ginas, explica c\u00f3mo la barrica de roble influye en la calidad sensorial del vino (56 p\u00e1ginas).  Un cuaderno describe la fabricaci\u00f3n y la terminolog\u00eda de la barrica (4 p\u00e1ginas).  Doce fichas explican el origen de las notas olfativas de la madera.","og_url":"https:\/\/www.lenez.com\/coffret\/vin\/fut-chene-12\/","og_site_name":"Le Nez du Vin","article_modified_time":"2025-09-22T10:13:51+00:00","og_image":[{"width":1000,"height":670,"url":"https:\/\/www.lenez.com\/wp-content\/uploads\/2025\/09\/LNDV_FDC_Coffret_ES.png","type":"image\/png"}],"twitter_card":"summary_large_image","twitter_misc":{"Tiempo de lectura":"1 minuto"},"schema":{"@context":"https:\/\/schema.org","@graph":[{"@type":"WebPage","@id":"https:\/\/www.lenez.com\/coffret\/vin\/fut-chene-12\/","url":"https:\/\/www.lenez.com\/coffret\/vin\/fut-chene-12\/","name":"La barrica de roble 12 aromas - Le Nez du Vin","isPartOf":{"@id":"https:\/\/www.lenez.com\/en\/#website"},"primaryImageOfPage":{"@id":"https:\/\/www.lenez.com\/coffret\/vin\/fut-chene-12\/#primaryimage"},"image":{"@id":"https:\/\/www.lenez.com\/coffret\/vin\/fut-chene-12\/#primaryimage"},"thumbnailUrl":"https:\/\/www.lenez.com\/wp-content\/uploads\/2025\/09\/LNDV_FDC_Coffret_ES.png","datePublished":"2024-11-14T14:33:32+00:00","dateModified":"2025-09-22T10:13:51+00:00","breadcrumb":{"@id":"https:\/\/www.lenez.com\/coffret\/vin\/fut-chene-12\/#breadcrumb"},"inLanguage":"es","potentialAction":[{"@type":"ReadAction","target":["https:\/\/www.lenez.com\/coffret\/vin\/fut-chene-12\/"]}]},{"@type":"ImageObject","inLanguage":"es","@id":"https:\/\/www.lenez.com\/coffret\/vin\/fut-chene-12\/#primaryimage","url":"https:\/\/www.lenez.com\/wp-content\/uploads\/2025\/09\/LNDV_FDC_Coffret_ES.png","contentUrl":"https:\/\/www.lenez.com\/wp-content\/uploads\/2025\/09\/LNDV_FDC_Coffret_ES.png","width":1000,"height":670},{"@type":"BreadcrumbList","@id":"https:\/\/www.lenez.com\/coffret\/vin\/fut-chene-12\/#breadcrumb","itemListElement":[{"@type":"ListItem","position":1,"name":"Accueil","item":"https:\/\/www.lenez.com\/"},{"@type":"ListItem","position":2,"name":"Olfactorium","item":"https:\/\/www.lenez.com\/es\/olfactorium\/"},{"@type":"ListItem","position":3,"name":"Cofre de aromas del vino","item":"https:\/\/www.lenez.com\/es\/estuches\/vino\/"},{"@type":"ListItem","position":4,"name":"La barrica de roble 12 aromas"}]},{"@type":"WebSite","@id":"https:\/\/www.lenez.com\/en\/#website","url":"https:\/\/www.lenez.com\/en\/","name":"Le Nez du Vin","description":"Site officiel des marques Le Nez du Vin, Le Nez du Caf\u00e9 et Le Nez du Whisky","publisher":{"@id":"https:\/\/www.lenez.com\/en\/#organization"},"potentialAction":[{"@type":"SearchAction","target":{"@type":"EntryPoint","urlTemplate":"https:\/\/www.lenez.com\/en\/?s={search_term_string}"},"query-input":{"@type":"PropertyValueSpecification","valueRequired":true,"valueName":"search_term_string"}}],"inLanguage":"es"},{"@type":"Organization","@id":"https:\/\/www.lenez.com\/en\/#organization","name":"Le Nez du Vin","url":"https:\/\/www.lenez.com\/en\/","logo":{"@type":"ImageObject","inLanguage":"es","@id":"https:\/\/www.lenez.com\/en\/#\/schema\/logo\/image\/","url":"https:\/\/www.lenez.com\/wp-content\/uploads\/2025\/05\/EJL_LOGO_2019.jpg","contentUrl":"https:\/\/www.lenez.com\/wp-content\/uploads\/2025\/05\/EJL_LOGO_2019.jpg","width":2362,"height":2362,"caption":"Le Nez du Vin"},"image":{"@id":"https:\/\/www.lenez.com\/en\/#\/schema\/logo\/image\/"}}]}},"_links":{"self":[{"href":"https:\/\/www.lenez.com\/es\/wp-json\/wp\/v2\/product\/4490","targetHints":{"allow":["GET"]}}],"collection":[{"href":"https:\/\/www.lenez.com\/es\/wp-json\/wp\/v2\/product"}],"about":[{"href":"https:\/\/www.lenez.com\/es\/wp-json\/wp\/v2\/types\/product"}],"replies":[{"embeddable":true,"href":"https:\/\/www.lenez.com\/es\/wp-json\/wp\/v2\/comments?post=4490"}],"wp:featuredmedia":[{"embeddable":true,"href":"https:\/\/www.lenez.com\/es\/wp-json\/wp\/v2\/media\/6686"}],"wp:attachment":[{"href":"https:\/\/www.lenez.com\/es\/wp-json\/wp\/v2\/media?parent=4490"}],"wp:term":[{"taxonomy":"product_brand","embeddable":true,"href":"https:\/\/www.lenez.com\/es\/wp-json\/wp\/v2\/product_brand?post=4490"},{"taxonomy":"product_cat","embeddable":true,"href":"https:\/\/www.lenez.com\/es\/wp-json\/wp\/v2\/product_cat?post=4490"},{"taxonomy":"product_tag","embeddable":true,"href":"https:\/\/www.lenez.com\/es\/wp-json\/wp\/v2\/product_tag?post=4490"}],"curies":[{"name":"wp","href":"https:\/\/api.w.org\/{rel}","templated":true}]}}