{"id":4494,"date":"2024-11-14T15:38:59","date_gmt":"2024-11-14T14:38:59","guid":{"rendered":"https:\/\/shop.lenez.com\/coffret\/sin%20categor\u00eda\/el-guino-de-nariz-6-aromas\/"},"modified":"2025-09-22T12:12:50","modified_gmt":"2025-09-22T10:12:50","slug":"el-guino-de-nariz-6-aromas","status":"publish","type":"product","link":"https:\/\/www.lenez.com\/es\/coffret\/vino\/el-guino-de-nariz-6-aromas\/","title":{"rendered":"El gui\u00f1o de nariz 6 aromas"},"content":{"rendered":"<h3 class=\"hyphenate\">Un complemento original y de calidad para regalar junto con una botella de vino.<\/h3>\n<hr \/>\n<div class=\"col-md-6\">\n<h3>Los aromas<\/h3>\n<p>6 aromas principales presentes en numerosos vinos:<\/p>\n<ul>\n<li><span style=\"text-decoration: underline;\">Notas frutales<\/span>: 2 pomelo, 10 pera, 13 frambuesa, 15 grosella negra.<\/li>\n<li><span style=\"text-decoration: underline;\">Nota floral<\/span>: 29 violeta.<\/li>\n<li><span style=\"text-decoration: underline;\">Nota tostada<\/span>: 48 pan tostado.<\/li>\n<\/ul>\n<p>Memorizar estos aromas le dar\u00e1 la oportunidad de poder identificarlos en los vinos. Su primera incursi\u00f3n hacia el arte de la cata. \u00a1An\u00edmese, progresar es as\u00ed de sencillo! Un regalo que deleita tanto el coraz\u00f3n como el paladar.<\/p>\n<\/div>\n","protected":false},"excerpt":{"rendered":"<ul>\n<li>6 aromas de alta calidad, realistas y duraderos.<\/li>\n<li>Un cuaderno sirve de gu\u00eda y establece la relaci\u00f3n entre los aromas y los vinos.<\/li>\n<\/ul>\n","protected":false},"featured_media":2413,"comment_status":"closed","ping_status":"closed","template":"","meta":{"_acf_changed":false},"product_brand":[],"product_cat":[110],"product_tag":[],"class_list":{"0":"post-4494","1":"product","2":"type-product","3":"status-publish","4":"has-post-thumbnail","6":"product_cat-vino","8":"first","9":"instock","10":"taxable","11":"shipping-taxable","12":"purchasable","13":"product-type-variable"},"acf":[],"yoast_head":"<!-- This site is optimized with the Yoast SEO plugin v27.4 - https:\/\/yoast.com\/product\/yoast-seo-wordpress\/ -->\n<title>El gui\u00f1o de nariz 6 aromas - Le Nez du Vin<\/title>\n<meta name=\"robots\" content=\"index, follow, max-snippet:-1, max-image-preview:large, max-video-preview:-1\" \/>\n<link rel=\"canonical\" href=\"https:\/\/www.lenez.com\/es\/coffret\/vino\/el-guino-de-nariz-6-aromas\/\" \/>\n<meta property=\"og:locale\" content=\"es_ES\" \/>\n<meta property=\"og:type\" content=\"article\" \/>\n<meta property=\"og:title\" content=\"El gui\u00f1o de nariz 6 aromas - Le Nez du Vin\" \/>\n<meta property=\"og:description\" content=\"6 aromas de alta calidad, realistas y duraderos.  Un cuaderno sirve de gu\u00eda y establece la relaci\u00f3n entre los aromas y los vinos.\" \/>\n<meta property=\"og:url\" content=\"https:\/\/www.lenez.com\/es\/coffret\/vino\/el-guino-de-nariz-6-aromas\/\" \/>\n<meta property=\"og:site_name\" content=\"Le Nez du Vin\" \/>\n<meta property=\"article:modified_time\" content=\"2025-09-22T10:12:50+00:00\" \/>\n<meta property=\"og:image\" content=\"https:\/\/www.lenez.com\/wp-content\/uploads\/2024\/11\/RYBsaCXqMJ_img_id-scaled.jpg\" \/>\n\t<meta property=\"og:image:width\" content=\"2560\" \/>\n\t<meta property=\"og:image:height\" content=\"1704\" \/>\n\t<meta property=\"og:image:type\" content=\"image\/jpeg\" \/>\n<meta name=\"twitter:card\" content=\"summary_large_image\" \/>\n<script type=\"application\/ld+json\" class=\"yoast-schema-graph\">{\"@context\":\"https:\\\/\\\/schema.org\",\"@graph\":[{\"@type\":\"WebPage\",\"@id\":\"https:\\\/\\\/www.lenez.com\\\/es\\\/coffret\\\/vino\\\/el-guino-de-nariz-6-aromas\\\/\",\"url\":\"https:\\\/\\\/www.lenez.com\\\/es\\\/coffret\\\/vino\\\/el-guino-de-nariz-6-aromas\\\/\",\"name\":\"El gui\u00f1o de nariz 6 aromas - Le Nez du Vin\",\"isPartOf\":{\"@id\":\"https:\\\/\\\/www.lenez.com\\\/en\\\/#website\"},\"primaryImageOfPage\":{\"@id\":\"https:\\\/\\\/www.lenez.com\\\/es\\\/coffret\\\/vino\\\/el-guino-de-nariz-6-aromas\\\/#primaryimage\"},\"image\":{\"@id\":\"https:\\\/\\\/www.lenez.com\\\/es\\\/coffret\\\/vino\\\/el-guino-de-nariz-6-aromas\\\/#primaryimage\"},\"thumbnailUrl\":\"https:\\\/\\\/www.lenez.com\\\/wp-content\\\/uploads\\\/2024\\\/11\\\/RYBsaCXqMJ_img_id-scaled.jpg\",\"datePublished\":\"2024-11-14T14:38:59+00:00\",\"dateModified\":\"2025-09-22T10:12:50+00:00\",\"breadcrumb\":{\"@id\":\"https:\\\/\\\/www.lenez.com\\\/es\\\/coffret\\\/vino\\\/el-guino-de-nariz-6-aromas\\\/#breadcrumb\"},\"inLanguage\":\"es\",\"potentialAction\":[{\"@type\":\"ReadAction\",\"target\":[\"https:\\\/\\\/www.lenez.com\\\/es\\\/coffret\\\/vino\\\/el-guino-de-nariz-6-aromas\\\/\"]}]},{\"@type\":\"ImageObject\",\"inLanguage\":\"es\",\"@id\":\"https:\\\/\\\/www.lenez.com\\\/es\\\/coffret\\\/vino\\\/el-guino-de-nariz-6-aromas\\\/#primaryimage\",\"url\":\"https:\\\/\\\/www.lenez.com\\\/wp-content\\\/uploads\\\/2024\\\/11\\\/RYBsaCXqMJ_img_id-scaled.jpg\",\"contentUrl\":\"https:\\\/\\\/www.lenez.com\\\/wp-content\\\/uploads\\\/2024\\\/11\\\/RYBsaCXqMJ_img_id-scaled.jpg\",\"width\":2560,\"height\":1704,\"caption\":\"RYBsaCXqMJ img id scaled\"},{\"@type\":\"BreadcrumbList\",\"@id\":\"https:\\\/\\\/www.lenez.com\\\/es\\\/coffret\\\/vino\\\/el-guino-de-nariz-6-aromas\\\/#breadcrumb\",\"itemListElement\":[{\"@type\":\"ListItem\",\"position\":1,\"name\":\"Accueil\",\"item\":\"https:\\\/\\\/www.lenez.com\\\/\"},{\"@type\":\"ListItem\",\"position\":2,\"name\":\"Olfactorium\",\"item\":\"https:\\\/\\\/www.lenez.com\\\/es\\\/olfactorium\\\/\"},{\"@type\":\"ListItem\",\"position\":3,\"name\":\"Cofre de aromas del vino\",\"item\":\"https:\\\/\\\/www.lenez.com\\\/es\\\/estuches\\\/vino\\\/\"},{\"@type\":\"ListItem\",\"position\":4,\"name\":\"El gui\u00f1o de nariz 6 aromas\"}]},{\"@type\":\"WebSite\",\"@id\":\"https:\\\/\\\/www.lenez.com\\\/en\\\/#website\",\"url\":\"https:\\\/\\\/www.lenez.com\\\/en\\\/\",\"name\":\"Le Nez du Vin\",\"description\":\"Site officiel des marques Le Nez du Vin, Le Nez du Caf\u00e9 et Le Nez du Whisky\",\"publisher\":{\"@id\":\"https:\\\/\\\/www.lenez.com\\\/en\\\/#organization\"},\"potentialAction\":[{\"@type\":\"SearchAction\",\"target\":{\"@type\":\"EntryPoint\",\"urlTemplate\":\"https:\\\/\\\/www.lenez.com\\\/en\\\/?s={search_term_string}\"},\"query-input\":{\"@type\":\"PropertyValueSpecification\",\"valueRequired\":true,\"valueName\":\"search_term_string\"}}],\"inLanguage\":\"es\"},{\"@type\":\"Organization\",\"@id\":\"https:\\\/\\\/www.lenez.com\\\/en\\\/#organization\",\"name\":\"Le Nez du Vin\",\"url\":\"https:\\\/\\\/www.lenez.com\\\/en\\\/\",\"logo\":{\"@type\":\"ImageObject\",\"inLanguage\":\"es\",\"@id\":\"https:\\\/\\\/www.lenez.com\\\/en\\\/#\\\/schema\\\/logo\\\/image\\\/\",\"url\":\"https:\\\/\\\/www.lenez.com\\\/wp-content\\\/uploads\\\/2025\\\/05\\\/EJL_LOGO_2019.jpg\",\"contentUrl\":\"https:\\\/\\\/www.lenez.com\\\/wp-content\\\/uploads\\\/2025\\\/05\\\/EJL_LOGO_2019.jpg\",\"width\":2362,\"height\":2362,\"caption\":\"Le Nez du Vin\"},\"image\":{\"@id\":\"https:\\\/\\\/www.lenez.com\\\/en\\\/#\\\/schema\\\/logo\\\/image\\\/\"}}]}<\/script>\n<!-- \/ Yoast SEO plugin. -->","yoast_head_json":{"title":"El gui\u00f1o de nariz 6 aromas - Le Nez du Vin","robots":{"index":"index","follow":"follow","max-snippet":"max-snippet:-1","max-image-preview":"max-image-preview:large","max-video-preview":"max-video-preview:-1"},"canonical":"https:\/\/www.lenez.com\/es\/coffret\/vino\/el-guino-de-nariz-6-aromas\/","og_locale":"es_ES","og_type":"article","og_title":"El gui\u00f1o de nariz 6 aromas - Le Nez du Vin","og_description":"6 aromas de alta calidad, realistas y duraderos.  Un cuaderno sirve de gu\u00eda y establece la relaci\u00f3n entre los aromas y los vinos.","og_url":"https:\/\/www.lenez.com\/es\/coffret\/vino\/el-guino-de-nariz-6-aromas\/","og_site_name":"Le Nez du Vin","article_modified_time":"2025-09-22T10:12:50+00:00","og_image":[{"width":2560,"height":1704,"url":"https:\/\/www.lenez.com\/wp-content\/uploads\/2024\/11\/RYBsaCXqMJ_img_id-scaled.jpg","type":"image\/jpeg"}],"twitter_card":"summary_large_image","schema":{"@context":"https:\/\/schema.org","@graph":[{"@type":"WebPage","@id":"https:\/\/www.lenez.com\/es\/coffret\/vino\/el-guino-de-nariz-6-aromas\/","url":"https:\/\/www.lenez.com\/es\/coffret\/vino\/el-guino-de-nariz-6-aromas\/","name":"El gui\u00f1o de nariz 6 aromas - Le Nez du Vin","isPartOf":{"@id":"https:\/\/www.lenez.com\/en\/#website"},"primaryImageOfPage":{"@id":"https:\/\/www.lenez.com\/es\/coffret\/vino\/el-guino-de-nariz-6-aromas\/#primaryimage"},"image":{"@id":"https:\/\/www.lenez.com\/es\/coffret\/vino\/el-guino-de-nariz-6-aromas\/#primaryimage"},"thumbnailUrl":"https:\/\/www.lenez.com\/wp-content\/uploads\/2024\/11\/RYBsaCXqMJ_img_id-scaled.jpg","datePublished":"2024-11-14T14:38:59+00:00","dateModified":"2025-09-22T10:12:50+00:00","breadcrumb":{"@id":"https:\/\/www.lenez.com\/es\/coffret\/vino\/el-guino-de-nariz-6-aromas\/#breadcrumb"},"inLanguage":"es","potentialAction":[{"@type":"ReadAction","target":["https:\/\/www.lenez.com\/es\/coffret\/vino\/el-guino-de-nariz-6-aromas\/"]}]},{"@type":"ImageObject","inLanguage":"es","@id":"https:\/\/www.lenez.com\/es\/coffret\/vino\/el-guino-de-nariz-6-aromas\/#primaryimage","url":"https:\/\/www.lenez.com\/wp-content\/uploads\/2024\/11\/RYBsaCXqMJ_img_id-scaled.jpg","contentUrl":"https:\/\/www.lenez.com\/wp-content\/uploads\/2024\/11\/RYBsaCXqMJ_img_id-scaled.jpg","width":2560,"height":1704,"caption":"RYBsaCXqMJ img id scaled"},{"@type":"BreadcrumbList","@id":"https:\/\/www.lenez.com\/es\/coffret\/vino\/el-guino-de-nariz-6-aromas\/#breadcrumb","itemListElement":[{"@type":"ListItem","position":1,"name":"Accueil","item":"https:\/\/www.lenez.com\/"},{"@type":"ListItem","position":2,"name":"Olfactorium","item":"https:\/\/www.lenez.com\/es\/olfactorium\/"},{"@type":"ListItem","position":3,"name":"Cofre de aromas del vino","item":"https:\/\/www.lenez.com\/es\/estuches\/vino\/"},{"@type":"ListItem","position":4,"name":"El gui\u00f1o de nariz 6 aromas"}]},{"@type":"WebSite","@id":"https:\/\/www.lenez.com\/en\/#website","url":"https:\/\/www.lenez.com\/en\/","name":"Le Nez du Vin","description":"Site officiel des marques Le Nez du Vin, Le Nez du Caf\u00e9 et Le Nez du Whisky","publisher":{"@id":"https:\/\/www.lenez.com\/en\/#organization"},"potentialAction":[{"@type":"SearchAction","target":{"@type":"EntryPoint","urlTemplate":"https:\/\/www.lenez.com\/en\/?s={search_term_string}"},"query-input":{"@type":"PropertyValueSpecification","valueRequired":true,"valueName":"search_term_string"}}],"inLanguage":"es"},{"@type":"Organization","@id":"https:\/\/www.lenez.com\/en\/#organization","name":"Le Nez du Vin","url":"https:\/\/www.lenez.com\/en\/","logo":{"@type":"ImageObject","inLanguage":"es","@id":"https:\/\/www.lenez.com\/en\/#\/schema\/logo\/image\/","url":"https:\/\/www.lenez.com\/wp-content\/uploads\/2025\/05\/EJL_LOGO_2019.jpg","contentUrl":"https:\/\/www.lenez.com\/wp-content\/uploads\/2025\/05\/EJL_LOGO_2019.jpg","width":2362,"height":2362,"caption":"Le Nez du Vin"},"image":{"@id":"https:\/\/www.lenez.com\/en\/#\/schema\/logo\/image\/"}}]}},"_links":{"self":[{"href":"https:\/\/www.lenez.com\/es\/wp-json\/wp\/v2\/product\/4494","targetHints":{"allow":["GET"]}}],"collection":[{"href":"https:\/\/www.lenez.com\/es\/wp-json\/wp\/v2\/product"}],"about":[{"href":"https:\/\/www.lenez.com\/es\/wp-json\/wp\/v2\/types\/product"}],"replies":[{"embeddable":true,"href":"https:\/\/www.lenez.com\/es\/wp-json\/wp\/v2\/comments?post=4494"}],"wp:featuredmedia":[{"embeddable":true,"href":"https:\/\/www.lenez.com\/es\/wp-json\/wp\/v2\/media\/2413"}],"wp:attachment":[{"href":"https:\/\/www.lenez.com\/es\/wp-json\/wp\/v2\/media?parent=4494"}],"wp:term":[{"taxonomy":"product_brand","embeddable":true,"href":"https:\/\/www.lenez.com\/es\/wp-json\/wp\/v2\/product_brand?post=4494"},{"taxonomy":"product_cat","embeddable":true,"href":"https:\/\/www.lenez.com\/es\/wp-json\/wp\/v2\/product_cat?post=4494"},{"taxonomy":"product_tag","embeddable":true,"href":"https:\/\/www.lenez.com\/es\/wp-json\/wp\/v2\/product_tag?post=4494"}],"curies":[{"name":"wp","href":"https:\/\/api.w.org\/{rel}","templated":true}]}}