{"id":4500,"date":"2024-11-14T16:13:48","date_gmt":"2024-11-14T15:13:48","guid":{"rendered":"https:\/\/shop.lenez.com\/coffret\/sin%20categor\u00eda\/le-nez-du-bourbon-american-whiskey-12-aromas\/"},"modified":"2025-10-21T13:50:47","modified_gmt":"2025-10-21T11:50:47","slug":"le-nez-du-bourbon-american-whiskey-12-aromas","status":"publish","type":"product","link":"https:\/\/www.lenez.com\/es\/coffret\/espirituosos\/le-nez-du-bourbon-american-whiskey-12-aromas\/","title":{"rendered":"Le Nez du Bourbon &#038; American Whiskey \u2013\u00a012 aromas"},"content":{"rendered":"<h3>Un viaje olfativo para descubrir los whiskeys americanos, incluyendo el m\u00e1s famoso de ellos, el bourbon.<\/h3>\n<hr \/>\n<div class=\"col-md-6\">\n<h3>Los aromas<\/h3>\n<p>12 frascos de aromas describen el universo arom\u00e1tico de la bebida emblem\u00e1tica de Am\u00e9rica:<\/p>\n<ul>\n<li>1 miel<\/li>\n<li>2 rosa<\/li>\n<li>3 hoja de tabaco<\/li>\n<li>4 cereza<\/li>\n<li>5 naranja<\/li>\n<li>6 roble<\/li>\n<li>7 almendra tostada<\/li>\n<li>8 caramelo<\/li>\n<li>9 vainilla<\/li>\n<li>10 canela<\/li>\n<li>11 menta<\/li>\n<li>12 pimienta negra<\/li>\n<\/ul>\n<hr \/>\n<\/div>\n<div class=\"col-md-6\">\n<h3>El libro<\/h3>\n<p>El libro desvela las particularidades de los whiskeys americanos, a\u00fan en gran parte desconocidos fuera de su pa\u00eds de origen. \u00bfCu\u00e1les son sus secretos de fabricaci\u00f3n? \u00bfQu\u00e9 es un straight American whiskey o un sour mash? O incluso, \u00bfqu\u00e9 toque le confiere al sabor final el roble americano Quercus alba?<\/p>\n<p>El pr\u00f3logo ha sido escrito por Chris Morris, experto destilador de Woodford Reserve, figura de la industria del bourbon y creador de la rueda de aromas del American whiskey hace m\u00e1s de veinte a\u00f1os.<\/p>\n<p>Hans y Becky Offringa, a quienes se conoce como la pareja del whisky, son periodistas y autores de renombre. Nos narran la historia de los whiskeys americanos, desde la llegada de los primeros colonos europeos, pasando por los oscuros d\u00edas de la Prohibici\u00f3n, hasta el auge artesanal de hoy.<\/p>\n<p>Un magn\u00edfico mapa de Estados Unidos enumera 122 destiler\u00edas cuyos bourbons y whiskeys se clasifican por sabores en el \u00faltimo cap\u00edtulo del libro.<\/p>\n<\/div>\n","protected":false},"excerpt":{"rendered":"<ul>\n<li>12 aromas de alta calidad, realistas y duraderos.<\/li>\n<li>Una rueda de aromas del whiskey.<\/li>\n<li>Un libro educativo e ilustrado (72 p\u00e1ginas) sirve de gu\u00eda.<\/li>\n<\/ul>\n","protected":false},"featured_media":6672,"comment_status":"closed","ping_status":"closed","template":"","meta":{"_acf_changed":false},"product_brand":[],"product_cat":[111],"product_tag":[],"class_list":{"0":"post-4500","1":"product","2":"type-product","3":"status-publish","4":"has-post-thumbnail","6":"product_cat-espirituosos","8":"first","9":"instock","10":"taxable","11":"shipping-taxable","12":"purchasable","13":"product-type-variable"},"acf":[],"yoast_head":"<!-- This site is optimized with the Yoast SEO plugin v27.4 - https:\/\/yoast.com\/product\/yoast-seo-wordpress\/ -->\n<title>Le Nez du Bourbon &amp; American Whiskey \u2013\u00a012 aromas - Le Nez du Vin<\/title>\n<meta name=\"robots\" content=\"index, follow, max-snippet:-1, max-image-preview:large, max-video-preview:-1\" \/>\n<link rel=\"canonical\" href=\"https:\/\/www.lenez.com\/es\/coffret\/espirituosos\/le-nez-du-bourbon-american-whiskey-12-aromas\/\" \/>\n<meta property=\"og:locale\" content=\"es_ES\" \/>\n<meta property=\"og:type\" content=\"article\" \/>\n<meta property=\"og:title\" content=\"Le Nez du Bourbon &amp; American Whiskey \u2013\u00a012 aromas - Le Nez du Vin\" \/>\n<meta property=\"og:description\" content=\"12 aromas de alta calidad, realistas y duraderos.  Una rueda de aromas del whiskey.  Un libro educativo e ilustrado (72 p\u00e1ginas) sirve de gu\u00eda.\" \/>\n<meta property=\"og:url\" content=\"https:\/\/www.lenez.com\/es\/coffret\/espirituosos\/le-nez-du-bourbon-american-whiskey-12-aromas\/\" \/>\n<meta property=\"og:site_name\" content=\"Le Nez du Vin\" \/>\n<meta property=\"article:modified_time\" content=\"2025-10-21T11:50:47+00:00\" \/>\n<meta property=\"og:image\" content=\"https:\/\/www.lenez.com\/wp-content\/uploads\/2024\/11\/Boxset_LNDB_FR.png\" \/>\n\t<meta property=\"og:image:width\" content=\"1000\" \/>\n\t<meta property=\"og:image:height\" content=\"670\" \/>\n\t<meta property=\"og:image:type\" content=\"image\/png\" \/>\n<meta name=\"twitter:card\" content=\"summary_large_image\" \/>\n<meta name=\"twitter:label1\" content=\"Tiempo de lectura\" \/>\n\t<meta name=\"twitter:data1\" content=\"2 minuto\" \/>\n<script type=\"application\/ld+json\" class=\"yoast-schema-graph\">{\"@context\":\"https:\\\/\\\/schema.org\",\"@graph\":[{\"@type\":\"WebPage\",\"@id\":\"https:\\\/\\\/www.lenez.com\\\/es\\\/coffret\\\/espirituosos\\\/le-nez-du-bourbon-american-whiskey-12-aromas\\\/\",\"url\":\"https:\\\/\\\/www.lenez.com\\\/es\\\/coffret\\\/espirituosos\\\/le-nez-du-bourbon-american-whiskey-12-aromas\\\/\",\"name\":\"Le Nez du Bourbon & American Whiskey \u2013\u00a012 aromas - Le Nez du Vin\",\"isPartOf\":{\"@id\":\"https:\\\/\\\/www.lenez.com\\\/en\\\/#website\"},\"primaryImageOfPage\":{\"@id\":\"https:\\\/\\\/www.lenez.com\\\/es\\\/coffret\\\/espirituosos\\\/le-nez-du-bourbon-american-whiskey-12-aromas\\\/#primaryimage\"},\"image\":{\"@id\":\"https:\\\/\\\/www.lenez.com\\\/es\\\/coffret\\\/espirituosos\\\/le-nez-du-bourbon-american-whiskey-12-aromas\\\/#primaryimage\"},\"thumbnailUrl\":\"https:\\\/\\\/www.lenez.com\\\/wp-content\\\/uploads\\\/2024\\\/11\\\/Boxset_LNDB_FR.png\",\"datePublished\":\"2024-11-14T15:13:48+00:00\",\"dateModified\":\"2025-10-21T11:50:47+00:00\",\"breadcrumb\":{\"@id\":\"https:\\\/\\\/www.lenez.com\\\/es\\\/coffret\\\/espirituosos\\\/le-nez-du-bourbon-american-whiskey-12-aromas\\\/#breadcrumb\"},\"inLanguage\":\"es\",\"potentialAction\":[{\"@type\":\"ReadAction\",\"target\":[\"https:\\\/\\\/www.lenez.com\\\/es\\\/coffret\\\/espirituosos\\\/le-nez-du-bourbon-american-whiskey-12-aromas\\\/\"]}]},{\"@type\":\"ImageObject\",\"inLanguage\":\"es\",\"@id\":\"https:\\\/\\\/www.lenez.com\\\/es\\\/coffret\\\/espirituosos\\\/le-nez-du-bourbon-american-whiskey-12-aromas\\\/#primaryimage\",\"url\":\"https:\\\/\\\/www.lenez.com\\\/wp-content\\\/uploads\\\/2024\\\/11\\\/Boxset_LNDB_FR.png\",\"contentUrl\":\"https:\\\/\\\/www.lenez.com\\\/wp-content\\\/uploads\\\/2024\\\/11\\\/Boxset_LNDB_FR.png\",\"width\":1000,\"height\":670},{\"@type\":\"BreadcrumbList\",\"@id\":\"https:\\\/\\\/www.lenez.com\\\/es\\\/coffret\\\/espirituosos\\\/le-nez-du-bourbon-american-whiskey-12-aromas\\\/#breadcrumb\",\"itemListElement\":[{\"@type\":\"ListItem\",\"position\":1,\"name\":\"Accueil\",\"item\":\"https:\\\/\\\/www.lenez.com\\\/\"},{\"@type\":\"ListItem\",\"position\":2,\"name\":\"Olfactorium\",\"item\":\"https:\\\/\\\/www.lenez.com\\\/es\\\/olfactorium\\\/\"},{\"@type\":\"ListItem\",\"position\":3,\"name\":\"Cofre de aromas de los licores\",\"item\":\"https:\\\/\\\/www.lenez.com\\\/es\\\/estuches\\\/espirituosos\\\/\"},{\"@type\":\"ListItem\",\"position\":4,\"name\":\"Le Nez du Bourbon &#038; American Whiskey \u2013\u00a012 aromas\"}]},{\"@type\":\"WebSite\",\"@id\":\"https:\\\/\\\/www.lenez.com\\\/en\\\/#website\",\"url\":\"https:\\\/\\\/www.lenez.com\\\/en\\\/\",\"name\":\"Le Nez du Vin\",\"description\":\"Site officiel des marques Le Nez du Vin, Le Nez du Caf\u00e9 et Le Nez du Whisky\",\"publisher\":{\"@id\":\"https:\\\/\\\/www.lenez.com\\\/en\\\/#organization\"},\"potentialAction\":[{\"@type\":\"SearchAction\",\"target\":{\"@type\":\"EntryPoint\",\"urlTemplate\":\"https:\\\/\\\/www.lenez.com\\\/en\\\/?s={search_term_string}\"},\"query-input\":{\"@type\":\"PropertyValueSpecification\",\"valueRequired\":true,\"valueName\":\"search_term_string\"}}],\"inLanguage\":\"es\"},{\"@type\":\"Organization\",\"@id\":\"https:\\\/\\\/www.lenez.com\\\/en\\\/#organization\",\"name\":\"Le Nez du Vin\",\"url\":\"https:\\\/\\\/www.lenez.com\\\/en\\\/\",\"logo\":{\"@type\":\"ImageObject\",\"inLanguage\":\"es\",\"@id\":\"https:\\\/\\\/www.lenez.com\\\/en\\\/#\\\/schema\\\/logo\\\/image\\\/\",\"url\":\"https:\\\/\\\/www.lenez.com\\\/wp-content\\\/uploads\\\/2025\\\/05\\\/EJL_LOGO_2019.jpg\",\"contentUrl\":\"https:\\\/\\\/www.lenez.com\\\/wp-content\\\/uploads\\\/2025\\\/05\\\/EJL_LOGO_2019.jpg\",\"width\":2362,\"height\":2362,\"caption\":\"Le Nez du Vin\"},\"image\":{\"@id\":\"https:\\\/\\\/www.lenez.com\\\/en\\\/#\\\/schema\\\/logo\\\/image\\\/\"}}]}<\/script>\n<!-- \/ Yoast SEO plugin. -->","yoast_head_json":{"title":"Le Nez du Bourbon & American Whiskey \u2013\u00a012 aromas - Le Nez du Vin","robots":{"index":"index","follow":"follow","max-snippet":"max-snippet:-1","max-image-preview":"max-image-preview:large","max-video-preview":"max-video-preview:-1"},"canonical":"https:\/\/www.lenez.com\/es\/coffret\/espirituosos\/le-nez-du-bourbon-american-whiskey-12-aromas\/","og_locale":"es_ES","og_type":"article","og_title":"Le Nez du Bourbon & American Whiskey \u2013\u00a012 aromas - Le Nez du Vin","og_description":"12 aromas de alta calidad, realistas y duraderos.  Una rueda de aromas del whiskey.  Un libro educativo e ilustrado (72 p\u00e1ginas) sirve de gu\u00eda.","og_url":"https:\/\/www.lenez.com\/es\/coffret\/espirituosos\/le-nez-du-bourbon-american-whiskey-12-aromas\/","og_site_name":"Le Nez du Vin","article_modified_time":"2025-10-21T11:50:47+00:00","og_image":[{"width":1000,"height":670,"url":"https:\/\/www.lenez.com\/wp-content\/uploads\/2024\/11\/Boxset_LNDB_FR.png","type":"image\/png"}],"twitter_card":"summary_large_image","twitter_misc":{"Tiempo de lectura":"2 minuto"},"schema":{"@context":"https:\/\/schema.org","@graph":[{"@type":"WebPage","@id":"https:\/\/www.lenez.com\/es\/coffret\/espirituosos\/le-nez-du-bourbon-american-whiskey-12-aromas\/","url":"https:\/\/www.lenez.com\/es\/coffret\/espirituosos\/le-nez-du-bourbon-american-whiskey-12-aromas\/","name":"Le Nez du Bourbon & American Whiskey \u2013\u00a012 aromas - Le Nez du Vin","isPartOf":{"@id":"https:\/\/www.lenez.com\/en\/#website"},"primaryImageOfPage":{"@id":"https:\/\/www.lenez.com\/es\/coffret\/espirituosos\/le-nez-du-bourbon-american-whiskey-12-aromas\/#primaryimage"},"image":{"@id":"https:\/\/www.lenez.com\/es\/coffret\/espirituosos\/le-nez-du-bourbon-american-whiskey-12-aromas\/#primaryimage"},"thumbnailUrl":"https:\/\/www.lenez.com\/wp-content\/uploads\/2024\/11\/Boxset_LNDB_FR.png","datePublished":"2024-11-14T15:13:48+00:00","dateModified":"2025-10-21T11:50:47+00:00","breadcrumb":{"@id":"https:\/\/www.lenez.com\/es\/coffret\/espirituosos\/le-nez-du-bourbon-american-whiskey-12-aromas\/#breadcrumb"},"inLanguage":"es","potentialAction":[{"@type":"ReadAction","target":["https:\/\/www.lenez.com\/es\/coffret\/espirituosos\/le-nez-du-bourbon-american-whiskey-12-aromas\/"]}]},{"@type":"ImageObject","inLanguage":"es","@id":"https:\/\/www.lenez.com\/es\/coffret\/espirituosos\/le-nez-du-bourbon-american-whiskey-12-aromas\/#primaryimage","url":"https:\/\/www.lenez.com\/wp-content\/uploads\/2024\/11\/Boxset_LNDB_FR.png","contentUrl":"https:\/\/www.lenez.com\/wp-content\/uploads\/2024\/11\/Boxset_LNDB_FR.png","width":1000,"height":670},{"@type":"BreadcrumbList","@id":"https:\/\/www.lenez.com\/es\/coffret\/espirituosos\/le-nez-du-bourbon-american-whiskey-12-aromas\/#breadcrumb","itemListElement":[{"@type":"ListItem","position":1,"name":"Accueil","item":"https:\/\/www.lenez.com\/"},{"@type":"ListItem","position":2,"name":"Olfactorium","item":"https:\/\/www.lenez.com\/es\/olfactorium\/"},{"@type":"ListItem","position":3,"name":"Cofre de aromas de los licores","item":"https:\/\/www.lenez.com\/es\/estuches\/espirituosos\/"},{"@type":"ListItem","position":4,"name":"Le Nez du Bourbon &#038; American Whiskey \u2013\u00a012 aromas"}]},{"@type":"WebSite","@id":"https:\/\/www.lenez.com\/en\/#website","url":"https:\/\/www.lenez.com\/en\/","name":"Le Nez du Vin","description":"Site officiel des marques Le Nez du Vin, Le Nez du Caf\u00e9 et Le Nez du Whisky","publisher":{"@id":"https:\/\/www.lenez.com\/en\/#organization"},"potentialAction":[{"@type":"SearchAction","target":{"@type":"EntryPoint","urlTemplate":"https:\/\/www.lenez.com\/en\/?s={search_term_string}"},"query-input":{"@type":"PropertyValueSpecification","valueRequired":true,"valueName":"search_term_string"}}],"inLanguage":"es"},{"@type":"Organization","@id":"https:\/\/www.lenez.com\/en\/#organization","name":"Le Nez du Vin","url":"https:\/\/www.lenez.com\/en\/","logo":{"@type":"ImageObject","inLanguage":"es","@id":"https:\/\/www.lenez.com\/en\/#\/schema\/logo\/image\/","url":"https:\/\/www.lenez.com\/wp-content\/uploads\/2025\/05\/EJL_LOGO_2019.jpg","contentUrl":"https:\/\/www.lenez.com\/wp-content\/uploads\/2025\/05\/EJL_LOGO_2019.jpg","width":2362,"height":2362,"caption":"Le Nez du Vin"},"image":{"@id":"https:\/\/www.lenez.com\/en\/#\/schema\/logo\/image\/"}}]}},"_links":{"self":[{"href":"https:\/\/www.lenez.com\/es\/wp-json\/wp\/v2\/product\/4500","targetHints":{"allow":["GET"]}}],"collection":[{"href":"https:\/\/www.lenez.com\/es\/wp-json\/wp\/v2\/product"}],"about":[{"href":"https:\/\/www.lenez.com\/es\/wp-json\/wp\/v2\/types\/product"}],"replies":[{"embeddable":true,"href":"https:\/\/www.lenez.com\/es\/wp-json\/wp\/v2\/comments?post=4500"}],"wp:featuredmedia":[{"embeddable":true,"href":"https:\/\/www.lenez.com\/es\/wp-json\/wp\/v2\/media\/6672"}],"wp:attachment":[{"href":"https:\/\/www.lenez.com\/es\/wp-json\/wp\/v2\/media?parent=4500"}],"wp:term":[{"taxonomy":"product_brand","embeddable":true,"href":"https:\/\/www.lenez.com\/es\/wp-json\/wp\/v2\/product_brand?post=4500"},{"taxonomy":"product_cat","embeddable":true,"href":"https:\/\/www.lenez.com\/es\/wp-json\/wp\/v2\/product_cat?post=4500"},{"taxonomy":"product_tag","embeddable":true,"href":"https:\/\/www.lenez.com\/es\/wp-json\/wp\/v2\/product_tag?post=4500"}],"curies":[{"name":"wp","href":"https:\/\/api.w.org\/{rel}","templated":true}]}}