{"id":4503,"date":"2024-11-14T16:08:03","date_gmt":"2024-11-14T15:08:03","guid":{"rendered":"https:\/\/shop.lenez.com\/coffret\/sin%20categor\u00eda\/le-nez-de-larmagnac-12-aromas\/"},"modified":"2025-10-21T13:51:30","modified_gmt":"2025-10-21T11:51:30","slug":"le-nez-de-larmagnac-12-aromas","status":"publish","type":"product","link":"https:\/\/www.lenez.com\/es\/coffret\/espirituosos\/le-nez-de-larmagnac-12-aromas\/","title":{"rendered":"Le Nez de l&#8217;Armagnac \u2013\u00a012\u00a0aromas"},"content":{"rendered":"<h3>El universo m\u00e1s antiguo de los aguardientes de Francia, \u00a1con m\u00e1s de 700\u00a0a\u00f1os de tradici\u00f3n!<\/h3>\n<hr \/>\n<h3>Los aromas<\/h3>\n<p>Los 12\u00a0aromas de Le Nez de l&#8217;Armagnac:<\/p>\n<ul>\n<li>tila<\/li>\n<li>miel<\/li>\n<li>pera<\/li>\n<li>membrillo<\/li>\n<li>ciruela pasa<\/li>\n<li>naranja confitada<\/li>\n<li>nuez<\/li>\n<li>cuero<\/li>\n<li>roble<\/li>\n<li>vainilla<\/li>\n<li>pimienta<\/li>\n<li>cacao<\/li>\n<\/ul>\n<p>Despierte sus sentidos a los secretos del Arma\u00f1ac: del aroma sutil del tilo caracter\u00edstico de los aguardientes blancos que fluyen del alambique al despliegue arom\u00e1tico que aporta el largo envejecimiento en madera&#8230; 12 notas conducen y cuentan las fases de la evoluci\u00f3n, desde sus inicios hasta su plena madurez.<\/p>\n<p>Una invitaci\u00f3n para entrar en el universo m\u00e1s antiguo de los aguardientes de Francia, \u00a1con m\u00e1s de 700 a\u00f1os de tradici\u00f3n!<\/p>\n","protected":false},"excerpt":{"rendered":"<ul>\n<li>12 aromas de alta calidad, realistas y duraderos.<\/li>\n<li>Un libro educativo e ilustrado (51 p\u00e1ginas) sirve de gu\u00eda.<\/li>\n<\/ul>\n","protected":false},"featured_media":5531,"comment_status":"closed","ping_status":"closed","template":"","meta":{"_acf_changed":false},"product_brand":[],"product_cat":[111],"product_tag":[],"class_list":{"0":"post-4503","1":"product","2":"type-product","3":"status-publish","4":"has-post-thumbnail","6":"product_cat-espirituosos","8":"first","9":"instock","10":"taxable","11":"shipping-taxable","12":"purchasable","13":"product-type-variable"},"acf":[],"yoast_head":"<!-- This site is optimized with the Yoast SEO plugin v27.4 - https:\/\/yoast.com\/product\/yoast-seo-wordpress\/ -->\n<title>Le Nez de l&#039;Armagnac \u2013\u00a012\u00a0aromas - Le Nez du Vin<\/title>\n<meta name=\"robots\" content=\"index, follow, max-snippet:-1, max-image-preview:large, max-video-preview:-1\" \/>\n<link rel=\"canonical\" href=\"https:\/\/www.lenez.com\/es\/coffret\/espirituosos\/le-nez-de-larmagnac-12-aromas\/\" \/>\n<meta property=\"og:locale\" content=\"es_ES\" \/>\n<meta property=\"og:type\" content=\"article\" \/>\n<meta property=\"og:title\" content=\"Le Nez de l&#039;Armagnac \u2013\u00a012\u00a0aromas - Le Nez du Vin\" \/>\n<meta property=\"og:description\" content=\"12 aromas de alta calidad, realistas y duraderos.  Un libro educativo e ilustrado (51 p\u00e1ginas) sirve de gu\u00eda.\" \/>\n<meta property=\"og:url\" content=\"https:\/\/www.lenez.com\/es\/coffret\/espirituosos\/le-nez-de-larmagnac-12-aromas\/\" \/>\n<meta property=\"og:site_name\" content=\"Le Nez du Vin\" \/>\n<meta property=\"article:modified_time\" content=\"2025-10-21T11:51:30+00:00\" \/>\n<meta property=\"og:image\" content=\"https:\/\/www.lenez.com\/wp-content\/uploads\/2024\/11\/NEZARMA_DSC_4254.png\" \/>\n\t<meta property=\"og:image:width\" content=\"1181\" \/>\n\t<meta property=\"og:image:height\" content=\"720\" \/>\n\t<meta property=\"og:image:type\" content=\"image\/png\" \/>\n<meta name=\"twitter:card\" content=\"summary_large_image\" \/>\n<meta name=\"twitter:label1\" content=\"Tiempo de lectura\" \/>\n\t<meta name=\"twitter:data1\" content=\"1 minuto\" \/>\n<script type=\"application\/ld+json\" class=\"yoast-schema-graph\">{\"@context\":\"https:\\\/\\\/schema.org\",\"@graph\":[{\"@type\":\"WebPage\",\"@id\":\"https:\\\/\\\/www.lenez.com\\\/es\\\/coffret\\\/espirituosos\\\/le-nez-de-larmagnac-12-aromas\\\/\",\"url\":\"https:\\\/\\\/www.lenez.com\\\/es\\\/coffret\\\/espirituosos\\\/le-nez-de-larmagnac-12-aromas\\\/\",\"name\":\"Le Nez de l'Armagnac \u2013\u00a012\u00a0aromas - Le Nez du Vin\",\"isPartOf\":{\"@id\":\"https:\\\/\\\/www.lenez.com\\\/en\\\/#website\"},\"primaryImageOfPage\":{\"@id\":\"https:\\\/\\\/www.lenez.com\\\/es\\\/coffret\\\/espirituosos\\\/le-nez-de-larmagnac-12-aromas\\\/#primaryimage\"},\"image\":{\"@id\":\"https:\\\/\\\/www.lenez.com\\\/es\\\/coffret\\\/espirituosos\\\/le-nez-de-larmagnac-12-aromas\\\/#primaryimage\"},\"thumbnailUrl\":\"https:\\\/\\\/www.lenez.com\\\/wp-content\\\/uploads\\\/2024\\\/11\\\/NEZARMA_DSC_4254.png\",\"datePublished\":\"2024-11-14T15:08:03+00:00\",\"dateModified\":\"2025-10-21T11:51:30+00:00\",\"breadcrumb\":{\"@id\":\"https:\\\/\\\/www.lenez.com\\\/es\\\/coffret\\\/espirituosos\\\/le-nez-de-larmagnac-12-aromas\\\/#breadcrumb\"},\"inLanguage\":\"es\",\"potentialAction\":[{\"@type\":\"ReadAction\",\"target\":[\"https:\\\/\\\/www.lenez.com\\\/es\\\/coffret\\\/espirituosos\\\/le-nez-de-larmagnac-12-aromas\\\/\"]}]},{\"@type\":\"ImageObject\",\"inLanguage\":\"es\",\"@id\":\"https:\\\/\\\/www.lenez.com\\\/es\\\/coffret\\\/espirituosos\\\/le-nez-de-larmagnac-12-aromas\\\/#primaryimage\",\"url\":\"https:\\\/\\\/www.lenez.com\\\/wp-content\\\/uploads\\\/2024\\\/11\\\/NEZARMA_DSC_4254.png\",\"contentUrl\":\"https:\\\/\\\/www.lenez.com\\\/wp-content\\\/uploads\\\/2024\\\/11\\\/NEZARMA_DSC_4254.png\",\"width\":1181,\"height\":720},{\"@type\":\"BreadcrumbList\",\"@id\":\"https:\\\/\\\/www.lenez.com\\\/es\\\/coffret\\\/espirituosos\\\/le-nez-de-larmagnac-12-aromas\\\/#breadcrumb\",\"itemListElement\":[{\"@type\":\"ListItem\",\"position\":1,\"name\":\"Accueil\",\"item\":\"https:\\\/\\\/www.lenez.com\\\/\"},{\"@type\":\"ListItem\",\"position\":2,\"name\":\"Olfactorium\",\"item\":\"https:\\\/\\\/www.lenez.com\\\/es\\\/olfactorium\\\/\"},{\"@type\":\"ListItem\",\"position\":3,\"name\":\"Cofre de aromas de los licores\",\"item\":\"https:\\\/\\\/www.lenez.com\\\/es\\\/estuches\\\/espirituosos\\\/\"},{\"@type\":\"ListItem\",\"position\":4,\"name\":\"Le Nez de l&rsquo;Armagnac \u2013\u00a012\u00a0aromas\"}]},{\"@type\":\"WebSite\",\"@id\":\"https:\\\/\\\/www.lenez.com\\\/en\\\/#website\",\"url\":\"https:\\\/\\\/www.lenez.com\\\/en\\\/\",\"name\":\"Le Nez du Vin\",\"description\":\"Site officiel des marques Le Nez du Vin, Le Nez du Caf\u00e9 et Le Nez du Whisky\",\"publisher\":{\"@id\":\"https:\\\/\\\/www.lenez.com\\\/en\\\/#organization\"},\"potentialAction\":[{\"@type\":\"SearchAction\",\"target\":{\"@type\":\"EntryPoint\",\"urlTemplate\":\"https:\\\/\\\/www.lenez.com\\\/en\\\/?s={search_term_string}\"},\"query-input\":{\"@type\":\"PropertyValueSpecification\",\"valueRequired\":true,\"valueName\":\"search_term_string\"}}],\"inLanguage\":\"es\"},{\"@type\":\"Organization\",\"@id\":\"https:\\\/\\\/www.lenez.com\\\/en\\\/#organization\",\"name\":\"Le Nez du Vin\",\"url\":\"https:\\\/\\\/www.lenez.com\\\/en\\\/\",\"logo\":{\"@type\":\"ImageObject\",\"inLanguage\":\"es\",\"@id\":\"https:\\\/\\\/www.lenez.com\\\/en\\\/#\\\/schema\\\/logo\\\/image\\\/\",\"url\":\"https:\\\/\\\/www.lenez.com\\\/wp-content\\\/uploads\\\/2025\\\/05\\\/EJL_LOGO_2019.jpg\",\"contentUrl\":\"https:\\\/\\\/www.lenez.com\\\/wp-content\\\/uploads\\\/2025\\\/05\\\/EJL_LOGO_2019.jpg\",\"width\":2362,\"height\":2362,\"caption\":\"Le Nez du Vin\"},\"image\":{\"@id\":\"https:\\\/\\\/www.lenez.com\\\/en\\\/#\\\/schema\\\/logo\\\/image\\\/\"}}]}<\/script>\n<!-- \/ Yoast SEO plugin. -->","yoast_head_json":{"title":"Le Nez de l'Armagnac \u2013\u00a012\u00a0aromas - Le Nez du Vin","robots":{"index":"index","follow":"follow","max-snippet":"max-snippet:-1","max-image-preview":"max-image-preview:large","max-video-preview":"max-video-preview:-1"},"canonical":"https:\/\/www.lenez.com\/es\/coffret\/espirituosos\/le-nez-de-larmagnac-12-aromas\/","og_locale":"es_ES","og_type":"article","og_title":"Le Nez de l'Armagnac \u2013\u00a012\u00a0aromas - Le Nez du Vin","og_description":"12 aromas de alta calidad, realistas y duraderos.  Un libro educativo e ilustrado (51 p\u00e1ginas) sirve de gu\u00eda.","og_url":"https:\/\/www.lenez.com\/es\/coffret\/espirituosos\/le-nez-de-larmagnac-12-aromas\/","og_site_name":"Le Nez du Vin","article_modified_time":"2025-10-21T11:51:30+00:00","og_image":[{"width":1181,"height":720,"url":"https:\/\/www.lenez.com\/wp-content\/uploads\/2024\/11\/NEZARMA_DSC_4254.png","type":"image\/png"}],"twitter_card":"summary_large_image","twitter_misc":{"Tiempo de lectura":"1 minuto"},"schema":{"@context":"https:\/\/schema.org","@graph":[{"@type":"WebPage","@id":"https:\/\/www.lenez.com\/es\/coffret\/espirituosos\/le-nez-de-larmagnac-12-aromas\/","url":"https:\/\/www.lenez.com\/es\/coffret\/espirituosos\/le-nez-de-larmagnac-12-aromas\/","name":"Le Nez de l'Armagnac \u2013\u00a012\u00a0aromas - Le Nez du Vin","isPartOf":{"@id":"https:\/\/www.lenez.com\/en\/#website"},"primaryImageOfPage":{"@id":"https:\/\/www.lenez.com\/es\/coffret\/espirituosos\/le-nez-de-larmagnac-12-aromas\/#primaryimage"},"image":{"@id":"https:\/\/www.lenez.com\/es\/coffret\/espirituosos\/le-nez-de-larmagnac-12-aromas\/#primaryimage"},"thumbnailUrl":"https:\/\/www.lenez.com\/wp-content\/uploads\/2024\/11\/NEZARMA_DSC_4254.png","datePublished":"2024-11-14T15:08:03+00:00","dateModified":"2025-10-21T11:51:30+00:00","breadcrumb":{"@id":"https:\/\/www.lenez.com\/es\/coffret\/espirituosos\/le-nez-de-larmagnac-12-aromas\/#breadcrumb"},"inLanguage":"es","potentialAction":[{"@type":"ReadAction","target":["https:\/\/www.lenez.com\/es\/coffret\/espirituosos\/le-nez-de-larmagnac-12-aromas\/"]}]},{"@type":"ImageObject","inLanguage":"es","@id":"https:\/\/www.lenez.com\/es\/coffret\/espirituosos\/le-nez-de-larmagnac-12-aromas\/#primaryimage","url":"https:\/\/www.lenez.com\/wp-content\/uploads\/2024\/11\/NEZARMA_DSC_4254.png","contentUrl":"https:\/\/www.lenez.com\/wp-content\/uploads\/2024\/11\/NEZARMA_DSC_4254.png","width":1181,"height":720},{"@type":"BreadcrumbList","@id":"https:\/\/www.lenez.com\/es\/coffret\/espirituosos\/le-nez-de-larmagnac-12-aromas\/#breadcrumb","itemListElement":[{"@type":"ListItem","position":1,"name":"Accueil","item":"https:\/\/www.lenez.com\/"},{"@type":"ListItem","position":2,"name":"Olfactorium","item":"https:\/\/www.lenez.com\/es\/olfactorium\/"},{"@type":"ListItem","position":3,"name":"Cofre de aromas de los licores","item":"https:\/\/www.lenez.com\/es\/estuches\/espirituosos\/"},{"@type":"ListItem","position":4,"name":"Le Nez de l&rsquo;Armagnac \u2013\u00a012\u00a0aromas"}]},{"@type":"WebSite","@id":"https:\/\/www.lenez.com\/en\/#website","url":"https:\/\/www.lenez.com\/en\/","name":"Le Nez du Vin","description":"Site officiel des marques Le Nez du Vin, Le Nez du Caf\u00e9 et Le Nez du Whisky","publisher":{"@id":"https:\/\/www.lenez.com\/en\/#organization"},"potentialAction":[{"@type":"SearchAction","target":{"@type":"EntryPoint","urlTemplate":"https:\/\/www.lenez.com\/en\/?s={search_term_string}"},"query-input":{"@type":"PropertyValueSpecification","valueRequired":true,"valueName":"search_term_string"}}],"inLanguage":"es"},{"@type":"Organization","@id":"https:\/\/www.lenez.com\/en\/#organization","name":"Le Nez du Vin","url":"https:\/\/www.lenez.com\/en\/","logo":{"@type":"ImageObject","inLanguage":"es","@id":"https:\/\/www.lenez.com\/en\/#\/schema\/logo\/image\/","url":"https:\/\/www.lenez.com\/wp-content\/uploads\/2025\/05\/EJL_LOGO_2019.jpg","contentUrl":"https:\/\/www.lenez.com\/wp-content\/uploads\/2025\/05\/EJL_LOGO_2019.jpg","width":2362,"height":2362,"caption":"Le Nez du Vin"},"image":{"@id":"https:\/\/www.lenez.com\/en\/#\/schema\/logo\/image\/"}}]}},"_links":{"self":[{"href":"https:\/\/www.lenez.com\/es\/wp-json\/wp\/v2\/product\/4503","targetHints":{"allow":["GET"]}}],"collection":[{"href":"https:\/\/www.lenez.com\/es\/wp-json\/wp\/v2\/product"}],"about":[{"href":"https:\/\/www.lenez.com\/es\/wp-json\/wp\/v2\/types\/product"}],"replies":[{"embeddable":true,"href":"https:\/\/www.lenez.com\/es\/wp-json\/wp\/v2\/comments?post=4503"}],"wp:featuredmedia":[{"embeddable":true,"href":"https:\/\/www.lenez.com\/es\/wp-json\/wp\/v2\/media\/5531"}],"wp:attachment":[{"href":"https:\/\/www.lenez.com\/es\/wp-json\/wp\/v2\/media?parent=4503"}],"wp:term":[{"taxonomy":"product_brand","embeddable":true,"href":"https:\/\/www.lenez.com\/es\/wp-json\/wp\/v2\/product_brand?post=4503"},{"taxonomy":"product_cat","embeddable":true,"href":"https:\/\/www.lenez.com\/es\/wp-json\/wp\/v2\/product_cat?post=4503"},{"taxonomy":"product_tag","embeddable":true,"href":"https:\/\/www.lenez.com\/es\/wp-json\/wp\/v2\/product_tag?post=4503"}],"curies":[{"name":"wp","href":"https:\/\/api.w.org\/{rel}","templated":true}]}}