{"id":4506,"date":"2024-11-14T15:55:33","date_gmt":"2024-11-14T14:55:33","guid":{"rendered":"https:\/\/shop.lenez.com\/coffret\/sin%20categor\u00eda\/le-nez-du-cafe-tentacion-6-aromas\/"},"modified":"2025-09-09T09:59:12","modified_gmt":"2025-09-09T07:59:12","slug":"le-nez-du-cafe-tentacion-6-aromas","status":"publish","type":"product","link":"https:\/\/www.lenez.com\/es\/coffret\/cafe\/le-nez-du-cafe-tentacion-6-aromas\/","title":{"rendered":"Le Nez du Caf\u00e9 Tentaci\u00f3n 6\u00a0aromas"},"content":{"rendered":"<h3>Un complemento de calidad y original para regalar con un paquete de caf\u00e9.<\/h3>\n<hr \/>\n<div class=\"col-md-6\">\n<h3>Los aromas<\/h3>\n<p>Los 6 aromas principales y m\u00e1s caracter\u00edsticos de los caf\u00e9s:<\/p>\n<ul>\n<li><span style=\"text-decoration: underline;\">Nota especiada<\/span>: 8 pimienta.<\/li>\n<li><span style=\"text-decoration: underline;\">Nota floral<\/span>: 12 flor de cafeto.<\/li>\n<li><span style=\"text-decoration: underline;\">Notas frutales<\/span>: 17 manzana.<\/li>\n<li><span style=\"text-decoration: underline;\">Nota animal<\/span>: 18 mantequilla.<\/li>\n<li><span style=\"text-decoration: underline;\">Notas tostadas<\/span>: 25 caramelo, 29 avellana tostada.<\/li>\n<\/ul>\n<hr \/>\n<\/div>\n<div class=\"col-md-6\">\n<h3>El libro<\/h3>\n<p>El cuaderno presenta el arte de la olfacci\u00f3n, la obra del cultivador y la del torrefactor, y todo el conocimiento necesario para preparar un buen caf\u00e9. Detalla la familia arom\u00e1tica de los 6 aromas, sus rasgos olfativos y c\u00f3mo se manifiestan en los caf\u00e9s del mundo.<\/p>\n<p>Un camino de iniciaci\u00f3n para los aficionados, cada vez m\u00e1s numerosos. Su forma de beber caf\u00e9 cambiar\u00e1 para siempre.<\/p>\n<\/div>\n","protected":false},"excerpt":{"rendered":"<ul>\n<li>6 aromas de alta calidad, realistas y duraderos.<\/li>\n<li>Un cuaderno sirve de gu\u00eda y establece la relaci\u00f3n entre los aromas y los caf\u00e9s.<\/li>\n<\/ul>\n","protected":false},"featured_media":2450,"comment_status":"closed","ping_status":"closed","template":"","meta":{"_acf_changed":false},"product_brand":[],"product_cat":[99],"product_tag":[],"class_list":{"0":"post-4506","1":"product","2":"type-product","3":"status-publish","4":"has-post-thumbnail","6":"product_cat-cafe","8":"first","9":"instock","10":"taxable","11":"shipping-taxable","12":"purchasable","13":"product-type-variable"},"acf":[],"yoast_head":"<!-- This site is optimized with the Yoast SEO plugin v27.4 - https:\/\/yoast.com\/product\/yoast-seo-wordpress\/ -->\n<title>Le Nez du Caf\u00e9 Tentaci\u00f3n 6\u00a0aromas - Le Nez du Vin<\/title>\n<meta name=\"robots\" content=\"index, follow, max-snippet:-1, max-image-preview:large, max-video-preview:-1\" \/>\n<link rel=\"canonical\" href=\"https:\/\/www.lenez.com\/es\/coffret\/cafe\/le-nez-du-cafe-tentacion-6-aromas\/\" \/>\n<meta property=\"og:locale\" content=\"es_ES\" \/>\n<meta property=\"og:type\" content=\"article\" \/>\n<meta property=\"og:title\" content=\"Le Nez du Caf\u00e9 Tentaci\u00f3n 6\u00a0aromas - Le Nez du Vin\" \/>\n<meta property=\"og:description\" content=\"6 aromas de alta calidad, realistas y duraderos.  Un cuaderno sirve de gu\u00eda y establece la relaci\u00f3n entre los aromas y los caf\u00e9s.\" \/>\n<meta property=\"og:url\" content=\"https:\/\/www.lenez.com\/es\/coffret\/cafe\/le-nez-du-cafe-tentacion-6-aromas\/\" \/>\n<meta property=\"og:site_name\" content=\"Le Nez du Vin\" \/>\n<meta property=\"article:modified_time\" content=\"2025-09-09T07:59:12+00:00\" \/>\n<meta property=\"og:image\" content=\"https:\/\/www.lenez.com\/wp-content\/uploads\/2024\/11\/xAkunroAKx_img_id.jpg\" \/>\n\t<meta property=\"og:image:width\" content=\"1463\" \/>\n\t<meta property=\"og:image:height\" content=\"1000\" \/>\n\t<meta property=\"og:image:type\" content=\"image\/jpeg\" \/>\n<meta name=\"twitter:card\" content=\"summary_large_image\" \/>\n<meta name=\"twitter:label1\" content=\"Tiempo de lectura\" \/>\n\t<meta name=\"twitter:data1\" content=\"1 minuto\" \/>\n<script type=\"application\/ld+json\" class=\"yoast-schema-graph\">{\"@context\":\"https:\\\/\\\/schema.org\",\"@graph\":[{\"@type\":\"WebPage\",\"@id\":\"https:\\\/\\\/www.lenez.com\\\/es\\\/coffret\\\/cafe\\\/le-nez-du-cafe-tentacion-6-aromas\\\/\",\"url\":\"https:\\\/\\\/www.lenez.com\\\/es\\\/coffret\\\/cafe\\\/le-nez-du-cafe-tentacion-6-aromas\\\/\",\"name\":\"Le Nez du Caf\u00e9 Tentaci\u00f3n 6\u00a0aromas - Le Nez du Vin\",\"isPartOf\":{\"@id\":\"https:\\\/\\\/www.lenez.com\\\/en\\\/#website\"},\"primaryImageOfPage\":{\"@id\":\"https:\\\/\\\/www.lenez.com\\\/es\\\/coffret\\\/cafe\\\/le-nez-du-cafe-tentacion-6-aromas\\\/#primaryimage\"},\"image\":{\"@id\":\"https:\\\/\\\/www.lenez.com\\\/es\\\/coffret\\\/cafe\\\/le-nez-du-cafe-tentacion-6-aromas\\\/#primaryimage\"},\"thumbnailUrl\":\"https:\\\/\\\/www.lenez.com\\\/wp-content\\\/uploads\\\/2024\\\/11\\\/xAkunroAKx_img_id.jpg\",\"datePublished\":\"2024-11-14T14:55:33+00:00\",\"dateModified\":\"2025-09-09T07:59:12+00:00\",\"breadcrumb\":{\"@id\":\"https:\\\/\\\/www.lenez.com\\\/es\\\/coffret\\\/cafe\\\/le-nez-du-cafe-tentacion-6-aromas\\\/#breadcrumb\"},\"inLanguage\":\"es\",\"potentialAction\":[{\"@type\":\"ReadAction\",\"target\":[\"https:\\\/\\\/www.lenez.com\\\/es\\\/coffret\\\/cafe\\\/le-nez-du-cafe-tentacion-6-aromas\\\/\"]}]},{\"@type\":\"ImageObject\",\"inLanguage\":\"es\",\"@id\":\"https:\\\/\\\/www.lenez.com\\\/es\\\/coffret\\\/cafe\\\/le-nez-du-cafe-tentacion-6-aromas\\\/#primaryimage\",\"url\":\"https:\\\/\\\/www.lenez.com\\\/wp-content\\\/uploads\\\/2024\\\/11\\\/xAkunroAKx_img_id.jpg\",\"contentUrl\":\"https:\\\/\\\/www.lenez.com\\\/wp-content\\\/uploads\\\/2024\\\/11\\\/xAkunroAKx_img_id.jpg\",\"width\":1463,\"height\":1000,\"caption\":\"xAkunroAKx img id\"},{\"@type\":\"BreadcrumbList\",\"@id\":\"https:\\\/\\\/www.lenez.com\\\/es\\\/coffret\\\/cafe\\\/le-nez-du-cafe-tentacion-6-aromas\\\/#breadcrumb\",\"itemListElement\":[{\"@type\":\"ListItem\",\"position\":1,\"name\":\"Accueil\",\"item\":\"https:\\\/\\\/www.lenez.com\\\/\"},{\"@type\":\"ListItem\",\"position\":2,\"name\":\"Olfactorium\",\"item\":\"https:\\\/\\\/www.lenez.com\\\/es\\\/olfactorium\\\/\"},{\"@type\":\"ListItem\",\"position\":3,\"name\":\"Cofre de aromas del caf\u00e9\",\"item\":\"https:\\\/\\\/www.lenez.com\\\/es\\\/estuches\\\/cafe\\\/\"},{\"@type\":\"ListItem\",\"position\":4,\"name\":\"Le Nez du Caf\u00e9 Tentaci\u00f3n 6\u00a0aromas\"}]},{\"@type\":\"WebSite\",\"@id\":\"https:\\\/\\\/www.lenez.com\\\/en\\\/#website\",\"url\":\"https:\\\/\\\/www.lenez.com\\\/en\\\/\",\"name\":\"Le Nez du Vin\",\"description\":\"Site officiel des marques Le Nez du Vin, Le Nez du Caf\u00e9 et Le Nez du Whisky\",\"publisher\":{\"@id\":\"https:\\\/\\\/www.lenez.com\\\/en\\\/#organization\"},\"potentialAction\":[{\"@type\":\"SearchAction\",\"target\":{\"@type\":\"EntryPoint\",\"urlTemplate\":\"https:\\\/\\\/www.lenez.com\\\/en\\\/?s={search_term_string}\"},\"query-input\":{\"@type\":\"PropertyValueSpecification\",\"valueRequired\":true,\"valueName\":\"search_term_string\"}}],\"inLanguage\":\"es\"},{\"@type\":\"Organization\",\"@id\":\"https:\\\/\\\/www.lenez.com\\\/en\\\/#organization\",\"name\":\"Le Nez du Vin\",\"url\":\"https:\\\/\\\/www.lenez.com\\\/en\\\/\",\"logo\":{\"@type\":\"ImageObject\",\"inLanguage\":\"es\",\"@id\":\"https:\\\/\\\/www.lenez.com\\\/en\\\/#\\\/schema\\\/logo\\\/image\\\/\",\"url\":\"https:\\\/\\\/www.lenez.com\\\/wp-content\\\/uploads\\\/2025\\\/05\\\/EJL_LOGO_2019.jpg\",\"contentUrl\":\"https:\\\/\\\/www.lenez.com\\\/wp-content\\\/uploads\\\/2025\\\/05\\\/EJL_LOGO_2019.jpg\",\"width\":2362,\"height\":2362,\"caption\":\"Le Nez du Vin\"},\"image\":{\"@id\":\"https:\\\/\\\/www.lenez.com\\\/en\\\/#\\\/schema\\\/logo\\\/image\\\/\"}}]}<\/script>\n<!-- \/ Yoast SEO plugin. -->","yoast_head_json":{"title":"Le Nez du Caf\u00e9 Tentaci\u00f3n 6\u00a0aromas - Le Nez du Vin","robots":{"index":"index","follow":"follow","max-snippet":"max-snippet:-1","max-image-preview":"max-image-preview:large","max-video-preview":"max-video-preview:-1"},"canonical":"https:\/\/www.lenez.com\/es\/coffret\/cafe\/le-nez-du-cafe-tentacion-6-aromas\/","og_locale":"es_ES","og_type":"article","og_title":"Le Nez du Caf\u00e9 Tentaci\u00f3n 6\u00a0aromas - Le Nez du Vin","og_description":"6 aromas de alta calidad, realistas y duraderos.  Un cuaderno sirve de gu\u00eda y establece la relaci\u00f3n entre los aromas y los caf\u00e9s.","og_url":"https:\/\/www.lenez.com\/es\/coffret\/cafe\/le-nez-du-cafe-tentacion-6-aromas\/","og_site_name":"Le Nez du Vin","article_modified_time":"2025-09-09T07:59:12+00:00","og_image":[{"width":1463,"height":1000,"url":"https:\/\/www.lenez.com\/wp-content\/uploads\/2024\/11\/xAkunroAKx_img_id.jpg","type":"image\/jpeg"}],"twitter_card":"summary_large_image","twitter_misc":{"Tiempo de lectura":"1 minuto"},"schema":{"@context":"https:\/\/schema.org","@graph":[{"@type":"WebPage","@id":"https:\/\/www.lenez.com\/es\/coffret\/cafe\/le-nez-du-cafe-tentacion-6-aromas\/","url":"https:\/\/www.lenez.com\/es\/coffret\/cafe\/le-nez-du-cafe-tentacion-6-aromas\/","name":"Le Nez du Caf\u00e9 Tentaci\u00f3n 6\u00a0aromas - Le Nez du Vin","isPartOf":{"@id":"https:\/\/www.lenez.com\/en\/#website"},"primaryImageOfPage":{"@id":"https:\/\/www.lenez.com\/es\/coffret\/cafe\/le-nez-du-cafe-tentacion-6-aromas\/#primaryimage"},"image":{"@id":"https:\/\/www.lenez.com\/es\/coffret\/cafe\/le-nez-du-cafe-tentacion-6-aromas\/#primaryimage"},"thumbnailUrl":"https:\/\/www.lenez.com\/wp-content\/uploads\/2024\/11\/xAkunroAKx_img_id.jpg","datePublished":"2024-11-14T14:55:33+00:00","dateModified":"2025-09-09T07:59:12+00:00","breadcrumb":{"@id":"https:\/\/www.lenez.com\/es\/coffret\/cafe\/le-nez-du-cafe-tentacion-6-aromas\/#breadcrumb"},"inLanguage":"es","potentialAction":[{"@type":"ReadAction","target":["https:\/\/www.lenez.com\/es\/coffret\/cafe\/le-nez-du-cafe-tentacion-6-aromas\/"]}]},{"@type":"ImageObject","inLanguage":"es","@id":"https:\/\/www.lenez.com\/es\/coffret\/cafe\/le-nez-du-cafe-tentacion-6-aromas\/#primaryimage","url":"https:\/\/www.lenez.com\/wp-content\/uploads\/2024\/11\/xAkunroAKx_img_id.jpg","contentUrl":"https:\/\/www.lenez.com\/wp-content\/uploads\/2024\/11\/xAkunroAKx_img_id.jpg","width":1463,"height":1000,"caption":"xAkunroAKx img id"},{"@type":"BreadcrumbList","@id":"https:\/\/www.lenez.com\/es\/coffret\/cafe\/le-nez-du-cafe-tentacion-6-aromas\/#breadcrumb","itemListElement":[{"@type":"ListItem","position":1,"name":"Accueil","item":"https:\/\/www.lenez.com\/"},{"@type":"ListItem","position":2,"name":"Olfactorium","item":"https:\/\/www.lenez.com\/es\/olfactorium\/"},{"@type":"ListItem","position":3,"name":"Cofre de aromas del caf\u00e9","item":"https:\/\/www.lenez.com\/es\/estuches\/cafe\/"},{"@type":"ListItem","position":4,"name":"Le Nez du Caf\u00e9 Tentaci\u00f3n 6\u00a0aromas"}]},{"@type":"WebSite","@id":"https:\/\/www.lenez.com\/en\/#website","url":"https:\/\/www.lenez.com\/en\/","name":"Le Nez du Vin","description":"Site officiel des marques Le Nez du Vin, Le Nez du Caf\u00e9 et Le Nez du Whisky","publisher":{"@id":"https:\/\/www.lenez.com\/en\/#organization"},"potentialAction":[{"@type":"SearchAction","target":{"@type":"EntryPoint","urlTemplate":"https:\/\/www.lenez.com\/en\/?s={search_term_string}"},"query-input":{"@type":"PropertyValueSpecification","valueRequired":true,"valueName":"search_term_string"}}],"inLanguage":"es"},{"@type":"Organization","@id":"https:\/\/www.lenez.com\/en\/#organization","name":"Le Nez du Vin","url":"https:\/\/www.lenez.com\/en\/","logo":{"@type":"ImageObject","inLanguage":"es","@id":"https:\/\/www.lenez.com\/en\/#\/schema\/logo\/image\/","url":"https:\/\/www.lenez.com\/wp-content\/uploads\/2025\/05\/EJL_LOGO_2019.jpg","contentUrl":"https:\/\/www.lenez.com\/wp-content\/uploads\/2025\/05\/EJL_LOGO_2019.jpg","width":2362,"height":2362,"caption":"Le Nez du Vin"},"image":{"@id":"https:\/\/www.lenez.com\/en\/#\/schema\/logo\/image\/"}}]}},"_links":{"self":[{"href":"https:\/\/www.lenez.com\/es\/wp-json\/wp\/v2\/product\/4506","targetHints":{"allow":["GET"]}}],"collection":[{"href":"https:\/\/www.lenez.com\/es\/wp-json\/wp\/v2\/product"}],"about":[{"href":"https:\/\/www.lenez.com\/es\/wp-json\/wp\/v2\/types\/product"}],"replies":[{"embeddable":true,"href":"https:\/\/www.lenez.com\/es\/wp-json\/wp\/v2\/comments?post=4506"}],"wp:featuredmedia":[{"embeddable":true,"href":"https:\/\/www.lenez.com\/es\/wp-json\/wp\/v2\/media\/2450"}],"wp:attachment":[{"href":"https:\/\/www.lenez.com\/es\/wp-json\/wp\/v2\/media?parent=4506"}],"wp:term":[{"taxonomy":"product_brand","embeddable":true,"href":"https:\/\/www.lenez.com\/es\/wp-json\/wp\/v2\/product_brand?post=4506"},{"taxonomy":"product_cat","embeddable":true,"href":"https:\/\/www.lenez.com\/es\/wp-json\/wp\/v2\/product_cat?post=4506"},{"taxonomy":"product_tag","embeddable":true,"href":"https:\/\/www.lenez.com\/es\/wp-json\/wp\/v2\/product_tag?post=4506"}],"curies":[{"name":"wp","href":"https:\/\/api.w.org\/{rel}","templated":true}]}}