{"id":4512,"date":"2025-05-21T16:51:51","date_gmt":"2025-05-21T14:51:51","guid":{"rendered":"https:\/\/shop.lenez.com\/coffret\/sin%20categor\u00eda\/lecole-du-nez\/"},"modified":"2025-09-22T12:05:34","modified_gmt":"2025-09-22T10:05:34","slug":"lecole-du-nez","status":"publish","type":"product","link":"https:\/\/www.lenez.com\/es\/coffret\/lecole-du-nez-es\/lecole-du-nez\/","title":{"rendered":"L\u2019\u00c9cole du Nez"},"content":{"rendered":"<h3>La primera obra de reeducaci\u00f3n olfativa para todos<\/h3>\n<hr \/>\n<div class=\"col-md-6\">\n<h3>Los aromas<\/h3>\n<p>16\u00a0olores formulados espec\u00edficamente para ayudar a recuperar el olfato y mejorar la percepci\u00f3n olfativa: naranja, lim\u00f3n, pl\u00e1tano, melocot\u00f3n, miel, lavanda, canela, rosa, clavo, caf\u00e9, chocolate, vainilla, tomillo, menta, eucalipto, avellana tostada.<\/p>\n<hr \/>\n<\/div>\n<div class=\"col-md-6\">\n<h3>El libro<\/h3>\n<p>El sentido del olfato, hist\u00f3ricamente desatendido por la investigaci\u00f3n cient\u00edfica, ha vuelto a cobrar protagonismo a ra\u00edz de la pandemia de COVID-19.<\/p>\n<p>\u00bfC\u00f3mo olemos? \u00bfQu\u00e9 mecanismos f\u00edsicos explican la percepci\u00f3n de los olores? Y sobre todo, \u00bfc\u00f3mo mejorar nuestras capacidades olfativas?<\/p>\n<p>Este libro, fruto de las \u00faltimas investigaciones cient\u00edficas en percepci\u00f3n sensorial y redactado en colaboraci\u00f3n con Gabriel Lepousez y Cl\u00e9mence Lilti Molinier, desvela todas las facetas de este sentido tan desconocido.<\/p>\n<\/div>\n","protected":false},"excerpt":{"rendered":"<ul>\n<li>16 olores in\u00e9ditos formulados espec\u00edficamente para ayudar a recuperar el olfato y mejorar la percepci\u00f3n olfativa.<\/li>\n<li>Una obra pedag\u00f3gica de 96 p\u00e1ginas que ofrece una visi\u00f3n general de los mecanismos del sistema olfativo, as\u00ed como un protocolo de reeducaci\u00f3n completo para recuperar el olfato.<\/li>\n<li>un cuaderno con los protocolos de reeducaci\u00f3n olfativa.<\/li>\n<li>un diario de reeducaci\u00f3n olfativa para seguir la progresi\u00f3n.<\/li>\n<li>un juego de memoria olfativo con 16 cartas.<\/li>\n<\/ul>\n","protected":false},"featured_media":3123,"comment_status":"closed","ping_status":"closed","template":"","meta":{"_acf_changed":false},"product_brand":[],"product_cat":[138],"product_tag":[],"class_list":{"0":"post-4512","1":"product","2":"type-product","3":"status-publish","4":"has-post-thumbnail","6":"product_cat-lecole-du-nez-es","8":"first","9":"instock","10":"taxable","11":"shipping-taxable","12":"purchasable","13":"product-type-variable"},"acf":[],"yoast_head":"<!-- This site is optimized with the Yoast SEO plugin v27.4 - https:\/\/yoast.com\/product\/yoast-seo-wordpress\/ -->\n<title>L\u2019\u00c9cole du Nez - Le Nez du Vin<\/title>\n<meta name=\"robots\" content=\"index, follow, max-snippet:-1, max-image-preview:large, max-video-preview:-1\" \/>\n<link rel=\"canonical\" href=\"https:\/\/www.lenez.com\/es\/coffret\/lecole-du-nez-es\/lecole-du-nez\/\" \/>\n<meta property=\"og:locale\" content=\"es_ES\" \/>\n<meta property=\"og:type\" content=\"article\" \/>\n<meta property=\"og:title\" content=\"L\u2019\u00c9cole du Nez - Le Nez du Vin\" \/>\n<meta property=\"og:description\" content=\"16 olores in\u00e9ditos formulados espec\u00edficamente para ayudar a recuperar el olfato y mejorar la percepci\u00f3n olfativa.  Una obra pedag\u00f3gica de 96 p\u00e1ginas que ofrece una visi\u00f3n general de los mecanismos del sistema olfativo, as\u00ed como un protocolo de reeducaci\u00f3n completo para recuperar el olfato.  un cuaderno con los protocolos de reeducaci\u00f3n olfativa.  un diario de reeducaci\u00f3n olfativa para seguir la progresi\u00f3n.  un juego de memoria olfativo con 16 cartas.\" \/>\n<meta property=\"og:url\" content=\"https:\/\/www.lenez.com\/es\/coffret\/lecole-du-nez-es\/lecole-du-nez\/\" \/>\n<meta property=\"og:site_name\" content=\"Le Nez du Vin\" \/>\n<meta property=\"article:modified_time\" content=\"2025-09-22T10:05:34+00:00\" \/>\n<meta property=\"og:image\" content=\"https:\/\/www.lenez.com\/wp-content\/uploads\/2025\/05\/Visuel-ecole-du-nez-scaled.jpg\" \/>\n\t<meta property=\"og:image:width\" content=\"2560\" \/>\n\t<meta property=\"og:image:height\" content=\"1707\" \/>\n\t<meta property=\"og:image:type\" content=\"image\/jpeg\" \/>\n<meta name=\"twitter:card\" content=\"summary_large_image\" \/>\n<meta name=\"twitter:label1\" content=\"Tiempo de lectura\" \/>\n\t<meta name=\"twitter:data1\" content=\"1 minuto\" \/>\n<script type=\"application\/ld+json\" class=\"yoast-schema-graph\">{\"@context\":\"https:\\\/\\\/schema.org\",\"@graph\":[{\"@type\":\"WebPage\",\"@id\":\"https:\\\/\\\/www.lenez.com\\\/es\\\/coffret\\\/lecole-du-nez-es\\\/lecole-du-nez\\\/\",\"url\":\"https:\\\/\\\/www.lenez.com\\\/es\\\/coffret\\\/lecole-du-nez-es\\\/lecole-du-nez\\\/\",\"name\":\"L\u2019\u00c9cole du Nez - Le Nez du Vin\",\"isPartOf\":{\"@id\":\"https:\\\/\\\/www.lenez.com\\\/en\\\/#website\"},\"primaryImageOfPage\":{\"@id\":\"https:\\\/\\\/www.lenez.com\\\/es\\\/coffret\\\/lecole-du-nez-es\\\/lecole-du-nez\\\/#primaryimage\"},\"image\":{\"@id\":\"https:\\\/\\\/www.lenez.com\\\/es\\\/coffret\\\/lecole-du-nez-es\\\/lecole-du-nez\\\/#primaryimage\"},\"thumbnailUrl\":\"https:\\\/\\\/www.lenez.com\\\/wp-content\\\/uploads\\\/2025\\\/05\\\/Visuel-ecole-du-nez-scaled.jpg\",\"datePublished\":\"2025-05-21T14:51:51+00:00\",\"dateModified\":\"2025-09-22T10:05:34+00:00\",\"breadcrumb\":{\"@id\":\"https:\\\/\\\/www.lenez.com\\\/es\\\/coffret\\\/lecole-du-nez-es\\\/lecole-du-nez\\\/#breadcrumb\"},\"inLanguage\":\"es\",\"potentialAction\":[{\"@type\":\"ReadAction\",\"target\":[\"https:\\\/\\\/www.lenez.com\\\/es\\\/coffret\\\/lecole-du-nez-es\\\/lecole-du-nez\\\/\"]}]},{\"@type\":\"ImageObject\",\"inLanguage\":\"es\",\"@id\":\"https:\\\/\\\/www.lenez.com\\\/es\\\/coffret\\\/lecole-du-nez-es\\\/lecole-du-nez\\\/#primaryimage\",\"url\":\"https:\\\/\\\/www.lenez.com\\\/wp-content\\\/uploads\\\/2025\\\/05\\\/Visuel-ecole-du-nez-scaled.jpg\",\"contentUrl\":\"https:\\\/\\\/www.lenez.com\\\/wp-content\\\/uploads\\\/2025\\\/05\\\/Visuel-ecole-du-nez-scaled.jpg\",\"width\":2560,\"height\":1707},{\"@type\":\"BreadcrumbList\",\"@id\":\"https:\\\/\\\/www.lenez.com\\\/es\\\/coffret\\\/lecole-du-nez-es\\\/lecole-du-nez\\\/#breadcrumb\",\"itemListElement\":[{\"@type\":\"ListItem\",\"position\":1,\"name\":\"Accueil\",\"item\":\"https:\\\/\\\/www.lenez.com\\\/\"},{\"@type\":\"ListItem\",\"position\":2,\"name\":\"Olfactorium\",\"item\":\"https:\\\/\\\/www.lenez.com\\\/es\\\/olfactorium\\\/\"},{\"@type\":\"ListItem\",\"position\":3,\"name\":\"L'\u00c9cole du Nez\",\"item\":\"https:\\\/\\\/www.lenez.com\\\/coffrets\\\/lecole-du-nez\\\/\"},{\"@type\":\"ListItem\",\"position\":4,\"name\":\"L\u2019\u00c9cole du Nez\"}]},{\"@type\":\"WebSite\",\"@id\":\"https:\\\/\\\/www.lenez.com\\\/en\\\/#website\",\"url\":\"https:\\\/\\\/www.lenez.com\\\/en\\\/\",\"name\":\"Le Nez du Vin\",\"description\":\"Site officiel des marques Le Nez du Vin, Le Nez du Caf\u00e9 et Le Nez du Whisky\",\"publisher\":{\"@id\":\"https:\\\/\\\/www.lenez.com\\\/en\\\/#organization\"},\"potentialAction\":[{\"@type\":\"SearchAction\",\"target\":{\"@type\":\"EntryPoint\",\"urlTemplate\":\"https:\\\/\\\/www.lenez.com\\\/en\\\/?s={search_term_string}\"},\"query-input\":{\"@type\":\"PropertyValueSpecification\",\"valueRequired\":true,\"valueName\":\"search_term_string\"}}],\"inLanguage\":\"es\"},{\"@type\":\"Organization\",\"@id\":\"https:\\\/\\\/www.lenez.com\\\/en\\\/#organization\",\"name\":\"Le Nez du Vin\",\"url\":\"https:\\\/\\\/www.lenez.com\\\/en\\\/\",\"logo\":{\"@type\":\"ImageObject\",\"inLanguage\":\"es\",\"@id\":\"https:\\\/\\\/www.lenez.com\\\/en\\\/#\\\/schema\\\/logo\\\/image\\\/\",\"url\":\"https:\\\/\\\/www.lenez.com\\\/wp-content\\\/uploads\\\/2025\\\/05\\\/EJL_LOGO_2019.jpg\",\"contentUrl\":\"https:\\\/\\\/www.lenez.com\\\/wp-content\\\/uploads\\\/2025\\\/05\\\/EJL_LOGO_2019.jpg\",\"width\":2362,\"height\":2362,\"caption\":\"Le Nez du Vin\"},\"image\":{\"@id\":\"https:\\\/\\\/www.lenez.com\\\/en\\\/#\\\/schema\\\/logo\\\/image\\\/\"}}]}<\/script>\n<!-- \/ Yoast SEO plugin. -->","yoast_head_json":{"title":"L\u2019\u00c9cole du Nez - Le Nez du Vin","robots":{"index":"index","follow":"follow","max-snippet":"max-snippet:-1","max-image-preview":"max-image-preview:large","max-video-preview":"max-video-preview:-1"},"canonical":"https:\/\/www.lenez.com\/es\/coffret\/lecole-du-nez-es\/lecole-du-nez\/","og_locale":"es_ES","og_type":"article","og_title":"L\u2019\u00c9cole du Nez - Le Nez du Vin","og_description":"16 olores in\u00e9ditos formulados espec\u00edficamente para ayudar a recuperar el olfato y mejorar la percepci\u00f3n olfativa.  Una obra pedag\u00f3gica de 96 p\u00e1ginas que ofrece una visi\u00f3n general de los mecanismos del sistema olfativo, as\u00ed como un protocolo de reeducaci\u00f3n completo para recuperar el olfato.  un cuaderno con los protocolos de reeducaci\u00f3n olfativa.  un diario de reeducaci\u00f3n olfativa para seguir la progresi\u00f3n.  un juego de memoria olfativo con 16 cartas.","og_url":"https:\/\/www.lenez.com\/es\/coffret\/lecole-du-nez-es\/lecole-du-nez\/","og_site_name":"Le Nez du Vin","article_modified_time":"2025-09-22T10:05:34+00:00","og_image":[{"width":2560,"height":1707,"url":"https:\/\/www.lenez.com\/wp-content\/uploads\/2025\/05\/Visuel-ecole-du-nez-scaled.jpg","type":"image\/jpeg"}],"twitter_card":"summary_large_image","twitter_misc":{"Tiempo de lectura":"1 minuto"},"schema":{"@context":"https:\/\/schema.org","@graph":[{"@type":"WebPage","@id":"https:\/\/www.lenez.com\/es\/coffret\/lecole-du-nez-es\/lecole-du-nez\/","url":"https:\/\/www.lenez.com\/es\/coffret\/lecole-du-nez-es\/lecole-du-nez\/","name":"L\u2019\u00c9cole du Nez - Le Nez du Vin","isPartOf":{"@id":"https:\/\/www.lenez.com\/en\/#website"},"primaryImageOfPage":{"@id":"https:\/\/www.lenez.com\/es\/coffret\/lecole-du-nez-es\/lecole-du-nez\/#primaryimage"},"image":{"@id":"https:\/\/www.lenez.com\/es\/coffret\/lecole-du-nez-es\/lecole-du-nez\/#primaryimage"},"thumbnailUrl":"https:\/\/www.lenez.com\/wp-content\/uploads\/2025\/05\/Visuel-ecole-du-nez-scaled.jpg","datePublished":"2025-05-21T14:51:51+00:00","dateModified":"2025-09-22T10:05:34+00:00","breadcrumb":{"@id":"https:\/\/www.lenez.com\/es\/coffret\/lecole-du-nez-es\/lecole-du-nez\/#breadcrumb"},"inLanguage":"es","potentialAction":[{"@type":"ReadAction","target":["https:\/\/www.lenez.com\/es\/coffret\/lecole-du-nez-es\/lecole-du-nez\/"]}]},{"@type":"ImageObject","inLanguage":"es","@id":"https:\/\/www.lenez.com\/es\/coffret\/lecole-du-nez-es\/lecole-du-nez\/#primaryimage","url":"https:\/\/www.lenez.com\/wp-content\/uploads\/2025\/05\/Visuel-ecole-du-nez-scaled.jpg","contentUrl":"https:\/\/www.lenez.com\/wp-content\/uploads\/2025\/05\/Visuel-ecole-du-nez-scaled.jpg","width":2560,"height":1707},{"@type":"BreadcrumbList","@id":"https:\/\/www.lenez.com\/es\/coffret\/lecole-du-nez-es\/lecole-du-nez\/#breadcrumb","itemListElement":[{"@type":"ListItem","position":1,"name":"Accueil","item":"https:\/\/www.lenez.com\/"},{"@type":"ListItem","position":2,"name":"Olfactorium","item":"https:\/\/www.lenez.com\/es\/olfactorium\/"},{"@type":"ListItem","position":3,"name":"L'\u00c9cole du Nez","item":"https:\/\/www.lenez.com\/coffrets\/lecole-du-nez\/"},{"@type":"ListItem","position":4,"name":"L\u2019\u00c9cole du Nez"}]},{"@type":"WebSite","@id":"https:\/\/www.lenez.com\/en\/#website","url":"https:\/\/www.lenez.com\/en\/","name":"Le Nez du Vin","description":"Site officiel des marques Le Nez du Vin, Le Nez du Caf\u00e9 et Le Nez du Whisky","publisher":{"@id":"https:\/\/www.lenez.com\/en\/#organization"},"potentialAction":[{"@type":"SearchAction","target":{"@type":"EntryPoint","urlTemplate":"https:\/\/www.lenez.com\/en\/?s={search_term_string}"},"query-input":{"@type":"PropertyValueSpecification","valueRequired":true,"valueName":"search_term_string"}}],"inLanguage":"es"},{"@type":"Organization","@id":"https:\/\/www.lenez.com\/en\/#organization","name":"Le Nez du Vin","url":"https:\/\/www.lenez.com\/en\/","logo":{"@type":"ImageObject","inLanguage":"es","@id":"https:\/\/www.lenez.com\/en\/#\/schema\/logo\/image\/","url":"https:\/\/www.lenez.com\/wp-content\/uploads\/2025\/05\/EJL_LOGO_2019.jpg","contentUrl":"https:\/\/www.lenez.com\/wp-content\/uploads\/2025\/05\/EJL_LOGO_2019.jpg","width":2362,"height":2362,"caption":"Le Nez du Vin"},"image":{"@id":"https:\/\/www.lenez.com\/en\/#\/schema\/logo\/image\/"}}]}},"_links":{"self":[{"href":"https:\/\/www.lenez.com\/es\/wp-json\/wp\/v2\/product\/4512","targetHints":{"allow":["GET"]}}],"collection":[{"href":"https:\/\/www.lenez.com\/es\/wp-json\/wp\/v2\/product"}],"about":[{"href":"https:\/\/www.lenez.com\/es\/wp-json\/wp\/v2\/types\/product"}],"replies":[{"embeddable":true,"href":"https:\/\/www.lenez.com\/es\/wp-json\/wp\/v2\/comments?post=4512"}],"wp:featuredmedia":[{"embeddable":true,"href":"https:\/\/www.lenez.com\/es\/wp-json\/wp\/v2\/media\/3123"}],"wp:attachment":[{"href":"https:\/\/www.lenez.com\/es\/wp-json\/wp\/v2\/media?parent=4512"}],"wp:term":[{"taxonomy":"product_brand","embeddable":true,"href":"https:\/\/www.lenez.com\/es\/wp-json\/wp\/v2\/product_brand?post=4512"},{"taxonomy":"product_cat","embeddable":true,"href":"https:\/\/www.lenez.com\/es\/wp-json\/wp\/v2\/product_cat?post=4512"},{"taxonomy":"product_tag","embeddable":true,"href":"https:\/\/www.lenez.com\/es\/wp-json\/wp\/v2\/product_tag?post=4512"}],"curies":[{"name":"wp","href":"https:\/\/api.w.org\/{rel}","templated":true}]}}