{"id":6645,"date":"2024-11-14T15:48:48","date_gmt":"2024-11-14T14:48:48","guid":{"rendered":"https:\/\/shop.lenez.com\/coffret\/sin%20categor\u00eda\/revelacion-36-aromas\/"},"modified":"2025-09-22T12:11:59","modified_gmt":"2025-09-22T10:11:59","slug":"revelacion-36-aromas","status":"publish","type":"product","link":"https:\/\/www.lenez.com\/es\/coffret\/cafe\/revelacion-36-aromas\/","title":{"rendered":"Revelaci\u00f3n 36 aromas"},"content":{"rendered":"<div class=\"col-md-6\">\n<h3>Los aromas<\/h3>\n<p><strong>36 ar\u00f4mes \u00e0 m\u00e9moriser, les plus caract\u00e9ristiques rencontr\u00e9s dans les caf\u00e9s du monde<\/strong> :<\/p>\n<ul>\n<li><u>Nota terrosa<\/u>: 1 Tierra.<\/li>\n<li><u>Notas leguminosas<\/u>: 2 Papa (Patata), 3 Guisante (Arveja), 4 Pepino.<\/li>\n<li><u>Nota de vegetales secos<\/u>: 5 Paja.<\/li>\n<li><u>Nota de madera<\/u>: 6 Cedro.<\/li>\n<li><u>Notas de especias<\/u>: 7 Clavo de olor, 8 Pimienta, 9 Semilla de cilantro, 10 Vainilla.<\/li>\n<li><u>Notas florales<\/u>: 11 Rosa t\u00e9, 12 Flor de cafeto.<\/li>\n<li><u>Notas afrutadas<\/u>: 13 Cereza del cafeto, 14 Grosella negra, 15 Lim\u00f3n, 16 Albaricoque, 17 Manzana.<\/li>\n<li><u>Notas animales<\/u>: 18 Mantequilla fresca, 19 Nota melosa, 20 Cuero.<\/li>\n<li><u>Notas tostadas<\/u>: 21 Arroz Basmati, 22 Pan tostado, 23 Malta, 24 Nota de regaliz, 25 Caramelo, 26 Chocolate amargo, 27 Almendra tostada, 28 Cacahuete tostado, 29 Avellana tostada, 30 Nuez, 31 Aves asadas, 32<\/li>\n<li><u>Notas ahumadas<\/u>: 33 Tabaco, 34 Caf\u00e9 tostado.<\/li>\n<li><u>Notas qu\u00edmicas<\/u>: 35 Nota medicinal, 36 Caucho.<\/li>\n<\/ul>\n<\/div>\n<div class=\"col-md-6\">\n<h3>El libro<\/h3>\n<p><strong>Un libro ilustrados\u00a0<\/strong>describe la familia arom\u00e1tica de cada fragancia, sus caracter\u00edsticas olfativas y su presencia en los caf\u00e9s de diversas partes del mundo. Cuenta el arte del cultivador y del torrefactor, y todo el conocimiento necesario para preparar un buen caf\u00e9. Una obra que se dirige tanto a los profesionales como a los aficionados que desean profundizar sus conocimientos.<\/p>\n<\/div>\n","protected":false},"excerpt":{"rendered":"<ul>\n<li>36 aromas de alta calidad, realistas y duraderos.<\/li>\n<li>Un libro pedag\u00f3gico e ilustrado<\/li>\n<\/ul>\n","protected":false},"featured_media":2419,"comment_status":"closed","ping_status":"closed","template":"","meta":{"_acf_changed":false},"product_brand":[],"product_cat":[99],"product_tag":[],"class_list":{"0":"post-6645","1":"product","2":"type-product","3":"status-publish","4":"has-post-thumbnail","6":"product_cat-cafe","8":"first","9":"instock","10":"taxable","11":"shipping-taxable","12":"purchasable","13":"product-type-variable"},"acf":[],"yoast_head":"<!-- This site is optimized with the Yoast SEO plugin v27.4 - https:\/\/yoast.com\/product\/yoast-seo-wordpress\/ -->\n<title>Revelaci\u00f3n 36 aromas - Le Nez du Vin<\/title>\n<meta name=\"robots\" content=\"index, follow, max-snippet:-1, max-image-preview:large, max-video-preview:-1\" \/>\n<link rel=\"canonical\" href=\"https:\/\/www.lenez.com\/es\/coffret\/cafe\/revelacion-36-aromas\/\" \/>\n<meta property=\"og:locale\" content=\"es_ES\" \/>\n<meta property=\"og:type\" content=\"article\" \/>\n<meta property=\"og:title\" content=\"Revelaci\u00f3n 36 aromas - Le Nez du Vin\" \/>\n<meta property=\"og:description\" content=\"36 aromas de alta calidad, realistas y duraderos.  Un libro pedag\u00f3gico e ilustrado\" \/>\n<meta property=\"og:url\" content=\"https:\/\/www.lenez.com\/es\/coffret\/cafe\/revelacion-36-aromas\/\" \/>\n<meta property=\"og:site_name\" content=\"Le Nez du Vin\" \/>\n<meta property=\"article:modified_time\" content=\"2025-09-22T10:11:59+00:00\" \/>\n<meta property=\"og:image\" content=\"https:\/\/www.lenez.com\/wp-content\/uploads\/2024\/11\/MtuKgmXLYl_img_id.jpg\" \/>\n\t<meta property=\"og:image:width\" content=\"1503\" \/>\n\t<meta property=\"og:image:height\" content=\"1000\" \/>\n\t<meta property=\"og:image:type\" content=\"image\/jpeg\" \/>\n<meta name=\"twitter:card\" content=\"summary_large_image\" \/>\n<meta name=\"twitter:label1\" content=\"Tiempo de lectura\" \/>\n\t<meta name=\"twitter:data1\" content=\"1 minuto\" \/>\n<script type=\"application\/ld+json\" class=\"yoast-schema-graph\">{\"@context\":\"https:\\\/\\\/schema.org\",\"@graph\":[{\"@type\":\"WebPage\",\"@id\":\"https:\\\/\\\/www.lenez.com\\\/es\\\/coffret\\\/cafe\\\/revelacion-36-aromas\\\/\",\"url\":\"https:\\\/\\\/www.lenez.com\\\/es\\\/coffret\\\/cafe\\\/revelacion-36-aromas\\\/\",\"name\":\"Revelaci\u00f3n 36 aromas - Le Nez du Vin\",\"isPartOf\":{\"@id\":\"https:\\\/\\\/www.lenez.com\\\/en\\\/#website\"},\"primaryImageOfPage\":{\"@id\":\"https:\\\/\\\/www.lenez.com\\\/es\\\/coffret\\\/cafe\\\/revelacion-36-aromas\\\/#primaryimage\"},\"image\":{\"@id\":\"https:\\\/\\\/www.lenez.com\\\/es\\\/coffret\\\/cafe\\\/revelacion-36-aromas\\\/#primaryimage\"},\"thumbnailUrl\":\"https:\\\/\\\/www.lenez.com\\\/wp-content\\\/uploads\\\/2024\\\/11\\\/MtuKgmXLYl_img_id.jpg\",\"datePublished\":\"2024-11-14T14:48:48+00:00\",\"dateModified\":\"2025-09-22T10:11:59+00:00\",\"breadcrumb\":{\"@id\":\"https:\\\/\\\/www.lenez.com\\\/es\\\/coffret\\\/cafe\\\/revelacion-36-aromas\\\/#breadcrumb\"},\"inLanguage\":\"es\",\"potentialAction\":[{\"@type\":\"ReadAction\",\"target\":[\"https:\\\/\\\/www.lenez.com\\\/es\\\/coffret\\\/cafe\\\/revelacion-36-aromas\\\/\"]}]},{\"@type\":\"ImageObject\",\"inLanguage\":\"es\",\"@id\":\"https:\\\/\\\/www.lenez.com\\\/es\\\/coffret\\\/cafe\\\/revelacion-36-aromas\\\/#primaryimage\",\"url\":\"https:\\\/\\\/www.lenez.com\\\/wp-content\\\/uploads\\\/2024\\\/11\\\/MtuKgmXLYl_img_id.jpg\",\"contentUrl\":\"https:\\\/\\\/www.lenez.com\\\/wp-content\\\/uploads\\\/2024\\\/11\\\/MtuKgmXLYl_img_id.jpg\",\"width\":1503,\"height\":1000,\"caption\":\"MtuKgmXLYl img id\"},{\"@type\":\"BreadcrumbList\",\"@id\":\"https:\\\/\\\/www.lenez.com\\\/es\\\/coffret\\\/cafe\\\/revelacion-36-aromas\\\/#breadcrumb\",\"itemListElement\":[{\"@type\":\"ListItem\",\"position\":1,\"name\":\"Accueil\",\"item\":\"https:\\\/\\\/www.lenez.com\\\/\"},{\"@type\":\"ListItem\",\"position\":2,\"name\":\"Olfactorium\",\"item\":\"https:\\\/\\\/www.lenez.com\\\/es\\\/olfactorium\\\/\"},{\"@type\":\"ListItem\",\"position\":3,\"name\":\"Cofre de aromas del caf\u00e9\",\"item\":\"https:\\\/\\\/www.lenez.com\\\/es\\\/estuches\\\/cafe\\\/\"},{\"@type\":\"ListItem\",\"position\":4,\"name\":\"Revelaci\u00f3n 36 aromas\"}]},{\"@type\":\"WebSite\",\"@id\":\"https:\\\/\\\/www.lenez.com\\\/en\\\/#website\",\"url\":\"https:\\\/\\\/www.lenez.com\\\/en\\\/\",\"name\":\"Le Nez du Vin\",\"description\":\"Site officiel des marques Le Nez du Vin, Le Nez du Caf\u00e9 et Le Nez du Whisky\",\"publisher\":{\"@id\":\"https:\\\/\\\/www.lenez.com\\\/en\\\/#organization\"},\"potentialAction\":[{\"@type\":\"SearchAction\",\"target\":{\"@type\":\"EntryPoint\",\"urlTemplate\":\"https:\\\/\\\/www.lenez.com\\\/en\\\/?s={search_term_string}\"},\"query-input\":{\"@type\":\"PropertyValueSpecification\",\"valueRequired\":true,\"valueName\":\"search_term_string\"}}],\"inLanguage\":\"es\"},{\"@type\":\"Organization\",\"@id\":\"https:\\\/\\\/www.lenez.com\\\/en\\\/#organization\",\"name\":\"Le Nez du Vin\",\"url\":\"https:\\\/\\\/www.lenez.com\\\/en\\\/\",\"logo\":{\"@type\":\"ImageObject\",\"inLanguage\":\"es\",\"@id\":\"https:\\\/\\\/www.lenez.com\\\/en\\\/#\\\/schema\\\/logo\\\/image\\\/\",\"url\":\"https:\\\/\\\/www.lenez.com\\\/wp-content\\\/uploads\\\/2025\\\/05\\\/EJL_LOGO_2019.jpg\",\"contentUrl\":\"https:\\\/\\\/www.lenez.com\\\/wp-content\\\/uploads\\\/2025\\\/05\\\/EJL_LOGO_2019.jpg\",\"width\":2362,\"height\":2362,\"caption\":\"Le Nez du Vin\"},\"image\":{\"@id\":\"https:\\\/\\\/www.lenez.com\\\/en\\\/#\\\/schema\\\/logo\\\/image\\\/\"}}]}<\/script>\n<!-- \/ Yoast SEO plugin. -->","yoast_head_json":{"title":"Revelaci\u00f3n 36 aromas - Le Nez du Vin","robots":{"index":"index","follow":"follow","max-snippet":"max-snippet:-1","max-image-preview":"max-image-preview:large","max-video-preview":"max-video-preview:-1"},"canonical":"https:\/\/www.lenez.com\/es\/coffret\/cafe\/revelacion-36-aromas\/","og_locale":"es_ES","og_type":"article","og_title":"Revelaci\u00f3n 36 aromas - Le Nez du Vin","og_description":"36 aromas de alta calidad, realistas y duraderos.  Un libro pedag\u00f3gico e ilustrado","og_url":"https:\/\/www.lenez.com\/es\/coffret\/cafe\/revelacion-36-aromas\/","og_site_name":"Le Nez du Vin","article_modified_time":"2025-09-22T10:11:59+00:00","og_image":[{"width":1503,"height":1000,"url":"https:\/\/www.lenez.com\/wp-content\/uploads\/2024\/11\/MtuKgmXLYl_img_id.jpg","type":"image\/jpeg"}],"twitter_card":"summary_large_image","twitter_misc":{"Tiempo de lectura":"1 minuto"},"schema":{"@context":"https:\/\/schema.org","@graph":[{"@type":"WebPage","@id":"https:\/\/www.lenez.com\/es\/coffret\/cafe\/revelacion-36-aromas\/","url":"https:\/\/www.lenez.com\/es\/coffret\/cafe\/revelacion-36-aromas\/","name":"Revelaci\u00f3n 36 aromas - Le Nez du Vin","isPartOf":{"@id":"https:\/\/www.lenez.com\/en\/#website"},"primaryImageOfPage":{"@id":"https:\/\/www.lenez.com\/es\/coffret\/cafe\/revelacion-36-aromas\/#primaryimage"},"image":{"@id":"https:\/\/www.lenez.com\/es\/coffret\/cafe\/revelacion-36-aromas\/#primaryimage"},"thumbnailUrl":"https:\/\/www.lenez.com\/wp-content\/uploads\/2024\/11\/MtuKgmXLYl_img_id.jpg","datePublished":"2024-11-14T14:48:48+00:00","dateModified":"2025-09-22T10:11:59+00:00","breadcrumb":{"@id":"https:\/\/www.lenez.com\/es\/coffret\/cafe\/revelacion-36-aromas\/#breadcrumb"},"inLanguage":"es","potentialAction":[{"@type":"ReadAction","target":["https:\/\/www.lenez.com\/es\/coffret\/cafe\/revelacion-36-aromas\/"]}]},{"@type":"ImageObject","inLanguage":"es","@id":"https:\/\/www.lenez.com\/es\/coffret\/cafe\/revelacion-36-aromas\/#primaryimage","url":"https:\/\/www.lenez.com\/wp-content\/uploads\/2024\/11\/MtuKgmXLYl_img_id.jpg","contentUrl":"https:\/\/www.lenez.com\/wp-content\/uploads\/2024\/11\/MtuKgmXLYl_img_id.jpg","width":1503,"height":1000,"caption":"MtuKgmXLYl img id"},{"@type":"BreadcrumbList","@id":"https:\/\/www.lenez.com\/es\/coffret\/cafe\/revelacion-36-aromas\/#breadcrumb","itemListElement":[{"@type":"ListItem","position":1,"name":"Accueil","item":"https:\/\/www.lenez.com\/"},{"@type":"ListItem","position":2,"name":"Olfactorium","item":"https:\/\/www.lenez.com\/es\/olfactorium\/"},{"@type":"ListItem","position":3,"name":"Cofre de aromas del caf\u00e9","item":"https:\/\/www.lenez.com\/es\/estuches\/cafe\/"},{"@type":"ListItem","position":4,"name":"Revelaci\u00f3n 36 aromas"}]},{"@type":"WebSite","@id":"https:\/\/www.lenez.com\/en\/#website","url":"https:\/\/www.lenez.com\/en\/","name":"Le Nez du Vin","description":"Site officiel des marques Le Nez du Vin, Le Nez du Caf\u00e9 et Le Nez du Whisky","publisher":{"@id":"https:\/\/www.lenez.com\/en\/#organization"},"potentialAction":[{"@type":"SearchAction","target":{"@type":"EntryPoint","urlTemplate":"https:\/\/www.lenez.com\/en\/?s={search_term_string}"},"query-input":{"@type":"PropertyValueSpecification","valueRequired":true,"valueName":"search_term_string"}}],"inLanguage":"es"},{"@type":"Organization","@id":"https:\/\/www.lenez.com\/en\/#organization","name":"Le Nez du Vin","url":"https:\/\/www.lenez.com\/en\/","logo":{"@type":"ImageObject","inLanguage":"es","@id":"https:\/\/www.lenez.com\/en\/#\/schema\/logo\/image\/","url":"https:\/\/www.lenez.com\/wp-content\/uploads\/2025\/05\/EJL_LOGO_2019.jpg","contentUrl":"https:\/\/www.lenez.com\/wp-content\/uploads\/2025\/05\/EJL_LOGO_2019.jpg","width":2362,"height":2362,"caption":"Le Nez du Vin"},"image":{"@id":"https:\/\/www.lenez.com\/en\/#\/schema\/logo\/image\/"}}]}},"_links":{"self":[{"href":"https:\/\/www.lenez.com\/es\/wp-json\/wp\/v2\/product\/6645","targetHints":{"allow":["GET"]}}],"collection":[{"href":"https:\/\/www.lenez.com\/es\/wp-json\/wp\/v2\/product"}],"about":[{"href":"https:\/\/www.lenez.com\/es\/wp-json\/wp\/v2\/types\/product"}],"replies":[{"embeddable":true,"href":"https:\/\/www.lenez.com\/es\/wp-json\/wp\/v2\/comments?post=6645"}],"wp:featuredmedia":[{"embeddable":true,"href":"https:\/\/www.lenez.com\/es\/wp-json\/wp\/v2\/media\/2419"}],"wp:attachment":[{"href":"https:\/\/www.lenez.com\/es\/wp-json\/wp\/v2\/media?parent=6645"}],"wp:term":[{"taxonomy":"product_brand","embeddable":true,"href":"https:\/\/www.lenez.com\/es\/wp-json\/wp\/v2\/product_brand?post=6645"},{"taxonomy":"product_cat","embeddable":true,"href":"https:\/\/www.lenez.com\/es\/wp-json\/wp\/v2\/product_cat?post=6645"},{"taxonomy":"product_tag","embeddable":true,"href":"https:\/\/www.lenez.com\/es\/wp-json\/wp\/v2\/product_tag?post=6645"}],"curies":[{"name":"wp","href":"https:\/\/api.w.org\/{rel}","templated":true}]}}